{"id":366,"date":"2016-05-22T20:25:26","date_gmt":"2016-05-22T20:25:26","guid":{"rendered":"http:\/\/moverdb.com\/?page_id=366"},"modified":"2026-01-08T14:47:18","modified_gmt":"2026-01-08T14:47:18","slug":"organisatsioonid-uhendused","status":"publish","type":"page","link":"https:\/\/moverdb.com\/et\/organizations-associations\/","title":{"rendered":"28 Rahvusvahelised kolimis- ja veoorganisatsioonid ja -\u00fchendused"},"content":{"rendered":"<p><img loading=\"lazy\" decoding=\"async\" width=\"720\" height=\"486\" src=\"https:\/\/moverdb.com\/wp-content\/uploads\/number-buttons.jpg\" alt=\"Rahvusvahelised kolimis- ja veoorganisatsioonid ja -\u00fchendused\" class=\"aligncenter size-full wp-image-367\" srcset=\"https:\/\/moverdb.com\/wp-content\/uploads\/number-buttons.jpg 720w, https:\/\/moverdb.com\/wp-content\/uploads\/number-buttons-300x203.jpg 300w, https:\/\/moverdb.com\/wp-content\/uploads\/number-buttons-600x405.jpg 600w\" sizes=\"auto, (max-width: 720px) 100vw, 720px\" \/><\/p>\n<p>Allpool on esitatud mittet\u00e4ielik loetelu k\u00f5ige olulisematest rahvusvahelistest kolimis- ja veondusorganisatsioonidest, \u00fchendustest, skeemidest, kildadest, n\u00f5ukogudest jne.   <\/p>\n<ol>\n<li> <a href=\"https:\/\/moverdb.com\/et\/olen\/\">Rahvusvaheline kolijate assotsiatsioon<\/a> (IAM) - The <a href=\"https:\/\/moverdb.com\/et\/iam\/\" data-internallinksmanager029f6b8e52c=\"23\" title=\"Rahvusvaheline kolijate assotsiatsioon (IAM) Selgitatud\">Rahvusvaheline kolijate assotsiatsioon<\/a> (IAM) on \u00fclemaailmne kaubandusorganisatsioon, mille liikmed pakuvad kolimis-, ekspedeerimis-, veo-, logistika- ja sellega seotud teenuseid.<\/li>\n<li> <a href=\"https:\/\/moverdb.com\/et\/fidi-faim\/\">FIDI &amp; FIDI akrediteeritud rahvusvaheline kolija<\/a> (<a href=\"https:\/\/moverdb.com\/et\/fidi-faim\/\" data-internallinksmanager029f6b8e52c=\"16\" title=\"FIDI &amp; FAIM (FIDI akrediteeritud rahvusvaheline kolija) selgitatud\">FAIM<\/a>) - FIDI (F\u00e9d\u00e9ration Internationale des D\u00e9m\u00e9nageurs Internationaux; The Federation of International Movers) on rahvusvaheliste kolimis- ja \u00fcmberpaigutamisettev\u00f5tete \u00fclemaailmne katusorganisatsioon.<\/li>\n<li> <a href=\"https:\/\/moverdb.com\/et\/amsa\/\">Ameerika kolimise ja ladustamise assotsiatsioon<\/a> (AMSA) - The <a href=\"https:\/\/moverdb.com\/et\/amsa\/\" data-internallinksmanager029f6b8e52c=\"5\" title=\"Ameerika Kolimis- ja Ladustamisseltsi (AMSA) selgitused\">Ameerika kolimise ja ladustamise assotsiatsioon<\/a> (AMSA) on Ameerika kolimist\u00f6\u00f6stuse riiklik kutse\u00fching.<\/li>\n<li> <a href=\"https:\/\/moverdb.com\/et\/rim-promover\/\">Registreeritud rahvusvaheline kolija (RIM) \/ International ProMover<\/a> - Rahvusvaheline <a href=\"https:\/\/moverdb.com\/et\/rim-promover\/\" data-internallinksmanager029f6b8e52c=\"76\" title=\"RIM International ProMoveri sertifitseerimise selgitused\">ProMover<\/a> Sertifitseerimine on osa Ameerika kolimis- ja ladustamissektori assotsiatsiooni (AMSA) loodud programmi Registered International Mover (RIM) raames.<\/li>\n<li> <a href=\"https:\/\/moverdb.com\/et\/british-association-of-removers\/\">Briti kolijate \u00fchendus<\/a> (BAR) - The <a href=\"https:\/\/moverdb.com\/et\/british-association-of-removers\/\" data-internallinksmanager029f6b8e52c=\"9\" title=\"Briti kolijate assotsiatsioon (BAR) Selgitatud\">Briti kolijate \u00fchendus<\/a> (BAR) kirjeldab end kui \"professionaalse kolimist\u00f6\u00f6stuse tunnustatud h\u00e4\u00e4lt\" ja on peamine organ <a href=\"https:\/\/moverdb.com\/et\/moving-to-the-uk\/\" data-internallinksmanager029f6b8e52c=\"93\" title=\"Kolimine \u00dchendkuningriiki? 2022 Elamiskulud ja kolimisn\u00f5uanded\">UK<\/a> liikuvas t\u00f6\u00f6stuses.<\/li>\n<li> <a href=\"https:\/\/moverdb.com\/et\/bar-overseas\/\">BAR Overseas Group<\/a> - <a href=\"https:\/\/moverdb.com\/et\/bar-overseas\/\" data-internallinksmanager029f6b8e52c=\"10\" title=\"Briti kolijate assotsiatsiooni (BAR) v\u00e4lismaine grupp selgitab\">BAR Overseas<\/a> Group on osa Briti kolijate assotsiatsioonist (BAR), mis on p\u00fchendunud professionaalse tipptaseme edendamisele kolimist\u00f6\u00f6stuses.<\/li>\n<li> <a href=\"https:\/\/moverdb.com\/et\/mtc\/\">Movers Trading Club<\/a> (<a href=\"https:\/\/moverdb.com\/et\/mtc\/\" data-internallinksmanager029f6b8e52c=\"30\" title=\"Movers Trading Club (MTC) Selgitused\">MTC<\/a>) - BAR Overseas Groupi liikmesettev\u00f5tetele, et aidata v\u00e4hendada <a href=\"https:\/\/moverdb.com\/et\/kolimiskulud\/\">kolimiskulud<\/a> et <a href=\"https:\/\/moverdb.com\/et\/moving-to-the-united-states\/\" data-internallinksmanager029f6b8e52c=\"94\" title=\"Kolimine Ameerika \u00dchendriikidesse? 2022 Elamiskulud ja kolimisn\u00f5uanded\">USA<\/a> \u00dchendkuningriigist.<\/li>\n<li> <a href=\"https:\/\/moverdb.com\/et\/kanada-association-of-movers\/\">Kanada kolijate \u00fchendus<\/a> (CAM) - The <a href=\"https:\/\/moverdb.com\/et\/canadian-association-of-movers\/\" data-internallinksmanager029f6b8e52c=\"11\" title=\"Kanada kolijate assotsiatsioon (CAM) Selgitatud\">Kanada kolijate \u00fchendus<\/a> on <a href=\"https:\/\/moverdb.com\/et\/moving-to-canada\/\" data-internallinksmanager029f6b8e52c=\"265\" title=\"Kanadasse kolimine? 2023 elamiskulud ja kolimisn\u00f5uanded\">Kanada<\/a>kolimis- ja ladustamisettev\u00f5tteid esindav kutse\u00fching. <\/li>\n<li> <a href=\"https:\/\/moverdb.com\/et\/aima\/\">Austraalia rahvusvaheliste kolijate assotsiatsioon<\/a> (AIMA) - The <a href=\"https:\/\/moverdb.com\/et\/aima\/\" data-internallinksmanager029f6b8e52c=\"8\" title=\"Austraalia Rahvusvaheliste Kolijate Assotsiatsiooni (AIMA) selgitused\">Austraalia rahvusvaheliste kolijate assotsiatsioon<\/a> (AIMA) kirjeldab end kui professionaalset foorumit, mis on m\u00f5eldud <a href=\"https:\/\/moverdb.com\/et\/international-removals\/\" data-internallinksmanager029f6b8e52c=\"27\" title=\"36 Parimad rahvusvahelised kolimisfirmad \u00dchendkuningriigis\">rahvusvahelised kolimised<\/a> t\u00f6\u00f6stus.<\/li>\n<li> <a href=\"https:\/\/moverdb.com\/et\/afra\/\">Austraalia m\u00f6\u00f6bli kolijate \u00fchendus<\/a> (AFRA) - AFRA <a href=\"https:\/\/moverdb.com\/et\/afra\/\" data-internallinksmanager029f6b8e52c=\"7\" title=\"Austraalia M\u00f6\u00f6blirekonstrueerijate Assotsiatsioon (AFRA) selgitatud\">Austraalia m\u00f6\u00f6bli kolijate \u00fchendus<\/a> (AFRA) kirjeldab end nii kolimist\u00f6\u00f6stuse esindajana kui ka reguleerijana. <a href=\"https:\/\/moverdb.com\/et\/moving-to-australia\/living-in-australia\/\" data-internallinksmanager029f6b8e52c=\"240\" title=\"21 saladusi Austraalias elamise kohta, mida enne kolimist teada tuleb\">Austraalia<\/a>.<\/li>\n<li> <a href=\"https:\/\/moverdb.com\/et\/hgfaa\/\">Household Goods Forwarders Association of America (Ameerika Ekspediitorite Assotsiatsioon)<\/a> (HGFAA) - The <a href=\"https:\/\/moverdb.com\/et\/hgfaa\/\" data-internallinksmanager029f6b8e52c=\"21\" title=\"Ameerika kodutarbekaupade ekspediitorite assotsiatsioon (HGFAA) Selgitatud\">Household Goods Forwarders Association of America (Ameerika Ekspediitorite Assotsiatsioon)<\/a> (HGFAA) kirjeldab end kui \u00fclemaailmset kolijate \u00fchendust, kes on p\u00fchendunud sellele, et kliendid saaksid kolimise ajal parimat v\u00f5imalikku teenust.<\/li>\n<li> <a href=\"https:\/\/moverdb.com\/et\/ncbfaa\/\">National Customs Brokers &amp; Forwarders Association of America (Ameerika tollimaaklerite ja ekspediitorite assotsiatsioon)<\/a> (NCBFAA) - The <a href=\"https:\/\/moverdb.com\/et\/ncbfaa\/\" data-internallinksmanager029f6b8e52c=\"73\" title=\"Ameerika Riiklik tollimaaklerite ja ekspediitorite assotsiatsioon (NCBFAA)\">National Customs Brokers &amp; Forwarders Association of America (Ameerika tollimaaklerite ja ekspediitorite assotsiatsioon)<\/a> (NCBFAA) peetakse Ameerika transpordilogistika t\u00f6\u00f6stuse h\u00e4\u00e4lekandjaks.<\/li>\n<li> <a href=\"https:\/\/moverdb.com\/et\/lacma\/\">Ladina-Ameerika ja Kariibi mere piirkonna rahvusvaheliste kolijate assotsiatsioon<\/a> (LACMA) - The <a href=\"https:\/\/moverdb.com\/et\/lacma\/\" data-internallinksmanager029f6b8e52c=\"28\" title=\"Ladina-Ameerika ja Kariibi mere piirkonna rahvusvaheliste kolijate assotsiatsioon (LACMA)\">Ladina-Ameerika ja Kariibi mere piirkonna rahvusvaheliste kolijate assotsiatsioon<\/a> (LACIMA) esindab kolimis- ja \u00fcmberpaigutamisettev\u00f5tete kogumit, mille eesm\u00e4rk on soodustada nii kohalike kui ka teiste ettev\u00f5tete integreerimist kogu maailmas.<\/li>\n<li> <a href=\"https:\/\/moverdb.com\/et\/iata\/\">Rahvusvaheline Lennutranspordi Assotsiatsioon<\/a> (IATA) - IATA <a href=\"https:\/\/moverdb.com\/et\/iata\/\" data-internallinksmanager029f6b8e52c=\"22\" title=\"Rahvusvahelise Lennutranspordi Assotsiatsiooni (IATA) selgitused\">Rahvusvaheline Lennutranspordi Assotsiatsioon<\/a> (IATA) on maailma lennuettev\u00f5tjate \u00fclemaailmne kaubandusorganisatsioon. Selle \u00fclesanne on juhtida ja teenida oma liikmeid ning esindada nende huve nii, et see edendaks lennujaamatranspordi t\u00f6\u00f6stust.<\/li>\n<li> <a href=\"https:\/\/moverdb.com\/et\/euromovers\/\">Euroopa liiklejate partnerlus (EUROMOVERS International)<\/a> - <a href=\"https:\/\/moverdb.com\/et\/euromovers\/\" data-internallinksmanager029f6b8e52c=\"12\" title=\"Euroopa liikumispartnerluse (EUROMOVERS International) selgitused\">Euromovers<\/a> asub <a href=\"https:\/\/moverdb.com\/et\/moving-to-luxembourg\/\" data-internallinksmanager029f6b8e52c=\"349\" title=\"Luksemburgi kolimine? 2023 elamiskulud ja kolimisn\u00f5uanded\">Luksemburg<\/a> ja koosneb mitmetest juhtivatest <a href=\"https:\/\/moverdb.com\/et\/moving-companies\/\" data-internallinksmanager029f6b8e52c=\"79\" title=\"Top 25 rahvusvahelist kolimisfirmat Internetis\">rahvusvahelised kolimisfirmad<\/a> kes on moodustanud v\u00f5rgustiku \u00fchiste standardite, visiooni ja suuna alusel.<\/li>\n<li> <a href=\"https:\/\/moverdb.com\/et\/tootajate-umberpaigutamise-noukogu\/\">\u00dclemaailmne ERC<\/a> (T\u00f6\u00f6tajate \u00fcmberpaigutamise n\u00f5ukogu) - The <a href=\"https:\/\/moverdb.com\/et\/employee-relocation-council\/\" data-internallinksmanager029f6b8e52c=\"83\" title=\"\u00dclemaailmne t\u00f6\u00f6tajate \u00fcmberpaigutamise n\u00f5ukogu (ERC) selgitused\">\u00dclemaailmne t\u00f6\u00f6tajate \u00fcmberpaigutamise n\u00f5ukogu<\/a> (ERC) kirjeldab end kui t\u00f6\u00f6j\u00f5u liikuvuse assotsiatsiooni spetsialistidele, kes j\u00e4lgivad, haldavad v\u00f5i toetavad USA-siseseid ja rahvusvahelisi t\u00f6\u00f6tajate \u00fcleviimisi.<\/li>\n<li> <a href=\"https:\/\/moverdb.com\/et\/harmony-relocation-network\/\">Harmony \u00fcmberpaigutamise v\u00f5rgustik<\/a> - The... <a href=\"https:\/\/moverdb.com\/et\/harmony-relocation-network\/\" data-internallinksmanager029f6b8e52c=\"20\" title=\"Harmony Relocation Network (HRN) selgitused\">Harmony \u00fcmberpaigutamise v\u00f5rgustik<\/a> (HRN) on partnerettev\u00f5tete r\u00fchm, mis loodi selleks, et luua \u00fcleeuroopaline v\u00f5rgustik \u00fclemaailmseks \u00fcmberpaigutamiseks.<\/li>\n<li> <a href=\"https:\/\/moverdb.com\/et\/eura\/\">Euroopa \u00dcmberpaigutamise Assotsiatsioon<\/a> (EuRA) - The <a href=\"https:\/\/moverdb.com\/et\/eura\/\" data-internallinksmanager029f6b8e52c=\"13\" title=\"Euroopa \u00dcmberpaigutamise Assotsiatsiooni (EuRA) selgitused\">Euroopa \u00dcmberpaigutamise Assotsiatsioon<\/a> (EuRA) edendab professionaalselt juhitud kolimis- ja liikuvusteenuste eeliseid \u00fclemaailmselt liikuvate t\u00f6\u00f6tajatega ettev\u00f5tetele.<\/li>\n<li> <a href=\"https:\/\/moverdb.com\/et\/association-relocation-professionals\/\">\u00dcmberpaigutamise spetsialistide \u00fchendus<\/a> (ARP) - The <a href=\"https:\/\/moverdb.com\/et\/association-relocation-professionals\/\" data-internallinksmanager029f6b8e52c=\"6\" title=\"\u00dcmberpaigutamise spetsialistide assotsiatsioon (ARP) Selgitused\">\u00dcmberpaigutamise spetsialistide \u00fchendus<\/a> (ARP) on \u00dchendkuningriigi \u00fcmberpaigutamise valdkonna kutseorganisatsioon.<\/li>\n<li> <a href=\"https:\/\/moverdb.com\/et\/rios\/\">Kolimist\u00f6\u00f6stuse ombudsmani skeem (The Removals Industry Ombudsman Scheme)<\/a> (<a href=\"https:\/\/moverdb.com\/et\/rios\/\" data-internallinksmanager029f6b8e52c=\"75\" title=\"\u00dcmberpaigutussektori ombudsmani skeem (RIOS) selgitatud\">RIOS<\/a>) - kolimist\u00f6\u00f6stuse ombudsmani skeem (RIOS) tegeleb \u00dchendkuningriigi kolimist\u00f6\u00f6stuse ettev\u00f5tete kohta esitatud kaebustega.<\/li>\n<li> <a href=\"https:\/\/moverdb.com\/et\/fedemac\/\">Euroopa Kolijate F\u00f6deratsioon<\/a> (FEDEMAC) - FEDEMAC <a href=\"https:\/\/moverdb.com\/et\/fedemac\/\" data-internallinksmanager029f6b8e52c=\"15\" title=\"Euroopa Kolijate F\u00f6deratsiooni (FEDEMAC) selgitused\">Euroopa Kolijate F\u00f6deratsioon<\/a> (FEDEMAC) on Euroopa asutus, mis on loodud kolimist\u00f6\u00f6stuse edendamiseks Euroopa tasandil.<\/li>\n<li> <a href=\"https:\/\/moverdb.com\/et\/kaubaveo-transpordiuhing\/\">Kaubaveo Assotsiatsioon<\/a> (FTA) - The <a href=\"https:\/\/moverdb.com\/et\/freight-transport-association\/\" data-internallinksmanager029f6b8e52c=\"18\" title=\"Kaubaveo Assotsiatsiooni (FTA) selgitused\">Kaubaveo Assotsiatsioon<\/a> (FTA) loodi selleks, et esindada logistikaettev\u00f5tete huve, olenemata sellest, kas nad veavad kaupu mere-, \u00f5hu-, maantee- v\u00f5i raudteetranspordiga.<\/li>\n<li> <a href=\"https:\/\/moverdb.com\/et\/eurovan-movers\/\">Eurovan International Movers Network<\/a> - <a href=\"https:\/\/moverdb.com\/et\/eurovan-movers\/\" data-internallinksmanager029f6b8e52c=\"14\" title=\"Eurovan International Movers Network (EM) Selgitatud\">Eurovan International Movers Network<\/a> (EM) on s\u00f5ltumatute kohalike kolijate v\u00f5rgustik, mille asukoht on <a href=\"https:\/\/moverdb.com\/et\/moving-to-germany\/\" data-internallinksmanager029f6b8e52c=\"321\" title=\"Kolimine Saksamaale? 2023 elamiskulud ja kolimisn\u00f5uanded\">Saksamaa<\/a>. V\u00f5rgustik on loodud selleks, et vastata vajadusele pakkuda \u00fchtlast teenust rahvusvahelistel vedudel, mis v\u00f5ivad l\u00e4bida mitmeid riike.<\/li>\n<li> <a href=\"https:\/\/moverdb.com\/et\/ngrs\/\">Riiklik kolijate ja ladustajate gildi (National Guild of Removers and Storers)<\/a> (NGRS) - The <a href=\"https:\/\/moverdb.com\/et\/ngrs\/\" data-internallinksmanager029f6b8e52c=\"74\" title=\"Riiklik kolijate ja laopidajate liit (NGRS) selgitatud\">Riiklik kolijate ja ladustajate gildi (National Guild of Removers and Storers)<\/a> (NGRS) on loodud selleks, et reguleerida \u00dchendkuningriigi kolimis- ja ladustamissektorit.<\/li>\n<li> <a href=\"https:\/\/moverdb.com\/et\/rahvusvaheline-maritime-organisatsioon\/\">Rahvusvaheline Mereorganisatsioon<\/a> (IMO) - The <a href=\"https:\/\/moverdb.com\/et\/international-maritime-organisation\/\" data-internallinksmanager029f6b8e52c=\"24\" title=\"Rahvusvahelise Mereorganisatsiooni (IMO) selgitused\">Rahvusvaheline Mereorganisatsioon<\/a> (IMO) on \u00dchendkuningriigis asuv \u00dcRO agentuur, mis vastutab laevanduse reguleerimise eest.<\/li>\n<li> <a href=\"https:\/\/moverdb.com\/et\/world-shipping-council\/\">Maailma Laevandusn\u00f5ukogu<\/a> (WSC) - The <a href=\"https:\/\/moverdb.com\/et\/world-shipping-council\/\" data-internallinksmanager029f6b8e52c=\"82\" title=\"Maailma Laevandusn\u00f5ukogu (WSC) selgitused\">Maailma Laevandusn\u00f5ukogu<\/a> (WSC) on liinilaevanduse h\u00e4\u00e4lekandja.<\/li>\n<li> <a href=\"https:\/\/moverdb.com\/et\/maailmatellimusorganisatsioon\/\">Maailma Tolliorganisatsioon<\/a> (<a href=\"https:\/\/moverdb.com\/et\/world-customs-organization\/\" data-internallinksmanager029f6b8e52c=\"81\" title=\"Maailma Tolliorganisatsiooni (WCO) selgitused\">WCO<\/a>) - Maailma Tolliorganisatsioon (WCO) on s\u00f5ltumatu valitsustevaheline organ, mis on tollivaldkonna h\u00e4\u00e4lekandja. <\/li>\n<li> <a href=\"https:\/\/moverdb.com\/et\/international-chamber-shipping\/\">Rahvusvaheline Merenduskoda<\/a> (ICS) -  <a href=\"https:\/\/moverdb.com\/et\/international-chamber-shipping\/\" data-internallinksmanager029f6b8e52c=\"78\" title=\"Rahvusvahelise Merenduskoja (ICS) selgitused\">Rahvusvaheline Merenduskoda<\/a> (ICS) on ameti\u00fching, mis esindab laevaomanikke ja laevaoperaatoreid riiklike laevaomanike \u00fchenduste kaudu. <\/li>\n<\/ol>","protected":false},"excerpt":{"rendered":"<p>Below is a non-exhaustive list of the most important international moving &#038; shipping organizations, associations, schemes, guilds, councils etc. International Association of Movers (IAM) &#8211; The International Association of Movers (IAM) is a global trade body with members who provide moving, forwarding, shipping, logistics, and related services. FIDI &#038; FIDI Accredited International Mover (FAIM) &#8211; [&hellip;]<\/p>\n","protected":false},"author":1,"featured_media":367,"parent":0,"menu_order":0,"comment_status":"closed","ping_status":"closed","template":"","meta":{"_genesis_hide_title":false,"_genesis_hide_breadcrumbs":false,"_genesis_hide_singular_image":false,"_genesis_hide_footer_widgets":false,"_genesis_custom_body_class":"","_genesis_custom_post_class":"","_genesis_layout":"","footnotes":""},"class_list":{"0":"post-366","1":"page","2":"type-page","3":"status-publish","4":"has-post-thumbnail","6":"entry"},"_links":{"self":[{"href":"https:\/\/moverdb.com\/et\/wp-json\/wp\/v2\/pages\/366","targetHints":{"allow":["GET"]}}],"collection":[{"href":"https:\/\/moverdb.com\/et\/wp-json\/wp\/v2\/pages"}],"about":[{"href":"https:\/\/moverdb.com\/et\/wp-json\/wp\/v2\/types\/page"}],"author":[{"embeddable":true,"href":"https:\/\/moverdb.com\/et\/wp-json\/wp\/v2\/users\/1"}],"replies":[{"embeddable":true,"href":"https:\/\/moverdb.com\/et\/wp-json\/wp\/v2\/comments?post=366"}],"version-history":[{"count":29,"href":"https:\/\/moverdb.com\/et\/wp-json\/wp\/v2\/pages\/366\/revisions"}],"predecessor-version":[{"id":1342,"href":"https:\/\/moverdb.com\/et\/wp-json\/wp\/v2\/pages\/366\/revisions\/1342"}],"wp:featuredmedia":[{"embeddable":true,"href":"https:\/\/moverdb.com\/et\/wp-json\/wp\/v2\/media\/367"}],"wp:attachment":[{"href":"https:\/\/moverdb.com\/et\/wp-json\/wp\/v2\/media?parent=366"}],"curies":[{"name":"wp","href":"https:\/\/api.w.org\/{rel}","templated":true}]}}