{"id":353,"date":"2016-05-22T20:42:36","date_gmt":"2016-05-22T20:42:36","guid":{"rendered":"http:\/\/moverdb.com\/?page_id=353"},"modified":"2026-01-08T15:20:35","modified_gmt":"2026-01-08T15:20:35","slug":"rim-promover","status":"publish","type":"page","link":"https:\/\/moverdb.com\/et\/rim-promover\/","title":{"rendered":"RIM International ProMoveri sertifitseerimise selgitused"},"content":{"rendered":"<p>Rahvusvaheline ProMoveri sertifikaat on osa programmi Registered International Mover (RIM), mille on loonud <a href=\"https:\/\/moverdb.com\/et\/amsa\/\">Ameerika kolimise ja ladustamise assotsiatsioon<\/a> (<a href=\"https:\/\/moverdb.com\/et\/amsa\/\" data-internallinksmanager029f6b8e52c=\"5\" title=\"Ameerika Kolimis- ja Ladustamisseltsi (AMSA) selgitused\">AMSA<\/a>). <\/p>\n<p>Selle eesm\u00e4rk on aidata rahvusvahelisi majapidamiskaupade kolimisteenuseid kasutavaid kliente ning h\u00f5lbustada valikute tegemist, muutes valikuv\u00f5imaluste eristamise ja \u00f5ige kolija leidmise lihtsamaks.<\/p>\n<p><strong>Olulisemad faktid organisatsiooni kohta:<\/strong><\/p>\n<ol>\n<li> Rohkem kui 200 ettev\u00f5tet ja \u00fcle 1000 \u00fcksikisiku omavad praegu kas ettev\u00f5tte v\u00f5i \u00fcksikisiku RIM-sertifikaati.<\/li>\n<li> Registreeritud rahvusvaheline kolija on \u00fcks AMSA poolt hallatavatest spetsialistide kutsetunnistustest.<\/li>\n<li> AMSA on Ameerika kolimis- ja ladustamist\u00f6\u00f6stuse riiklik kutse\u00fching. Sertifitseerimine on siiski \u00fclemaailmne ja seda saavad taotleda ettev\u00f5tted \u00fcle kogu maailma.<\/li>\n<li> Registreeritud rahvusvahelise liikleja programmi eesm\u00e4rk on kehtestada universaalsed standardid, mis k\u00e4sitlevad <a href=\"https:\/\/moverdb.com\/et\/moving-companies\/\" data-internallinksmanager029f6b8e52c=\"79\" title=\"Top 25 rahvusvahelist kolimisfirmat Internetis\">rahvusvahelised kolimisfirmad<\/a> ja nende t\u00f6\u00f6tajad.<\/li>\n<li> RIMi sertifitseeritud ettev\u00f5tetest, mis vastavad ProMoveri n\u00f5uetele, saavad \"rahvusvahelised ProMoverid\".<\/li>\n<li> RIM on \u00fcsna ainulaadne selles m\u00f5ttes, et see loodi 1994. aastal esindajate poolt alates <a href=\"https:\/\/moverdb.com\/et\/hgfaa\/\">HHGFAA<\/a>, NMSA (AMSA), <a href=\"https:\/\/moverdb.com\/et\/employee-relocation-council\/\" data-internallinksmanager029f6b8e52c=\"83\" title=\"\u00dclemaailmne t\u00f6\u00f6tajate \u00fcmberpaigutamise n\u00f5ukogu (ERC) selgitused\">ERC<\/a>, OMNI, <a href=\"https:\/\/moverdb.com\/et\/fidi-faim\/\">FIDI<\/a> ja 10 parimat kaubaveoettev\u00f5tet, mis on segu ostjatest ja konkurentsiv\u00f5imelistest m\u00fc\u00fcjatest.<\/li>\n<p><strong>RIM organisatsiooni profiil<\/strong><\/p>\n<p>RIMi liikmeks saamise protsess h\u00f5lmab ranget koolitust, kontrollimist ja testimist, mis keskendub sellele, kas seadmete k\u00e4itlemise standardid on paigas ja kas ettev\u00f5ttel on ressursid rahvusvahelise kolimise korraldamiseks k\u00f5rgetasemeliselt. <\/p>\n<p>ProMoveri sertifikaadi idee seisneb selles, et see antakse ainult neile ettev\u00f5tetele, kes suudavad t\u00f5estada, et nad j\u00e4rgivad kolimis- ja ladustamissektori k\u00f5rgeimaid eetilisi p\u00f5him\u00f5tteid ja tavasid. <\/p>\n<p>ProMoveri sertifitseerimine erineb sellest, et see pakub klientidele standardiseeritud ja s\u00f5ltumatut v\u00f5imalust teha vahet eri v\u00f5imaluste vahel ja valida kvalifitseeritud ettev\u00f5te rahvusvaheliseks kolimiseks, olenemata sellest, kus see ettev\u00f5te asub.<\/p>\n<p><strong>Liikmeks saamise kriteeriumid <\/strong><\/p>\n<ul>\n<li> V\u00e4hemalt aastane kogemus rahvusvaheliste majapidamiskaupade \u00fcmberpaigutamisteenuste osutamisel<\/li>\n<li> AMSA laitmatu liikmelisus v\u00e4hemalt 18 kuud.<\/li>\n<li> omab seaduslikuks \u00e4ritegevuseks vajalikku tegevusluba, kas v\u00f5i <a href=\"https:\/\/moverdb.com\/et\/moving-to-the-united-states\/\" data-internallinksmanager029f6b8e52c=\"94\" title=\"Kolimine Ameerika \u00dchendriikidesse? 2022 Elamiskulud ja kolimisn\u00f5uanded\">USA<\/a> v\u00f5i mujal.<\/li>\n<li> Kirjaliku eksami sooritamine (ettev\u00f5tte nimel \u00fcksikisik)<\/li>\n<li> Vastavad RIMi standarditele seadmete, rajatiste ja turvadokumentide osas - neid kontrollitakse \u00fcllatuslikult kohapealsete kontrollk\u00e4ikude k\u00e4igus.<\/li>\n<li> Tellige rahvusvaheline ProMoveri eetikakoodeks<\/li>\n<li> Re-sertifitseerimiseks peab v\u00e4hemalt kolm t\u00f6\u00f6tajat olema sertifitseeritud (kontorit\u00f6\u00f6tajad, pakendajad v\u00f5i meeskonnaliikmed).<\/li>\n<li> BBB reiting \"C\" v\u00f5i parem, BBB poolt hinnatud ettev\u00f5tete puhul riikides, kus BBB reitingud on k\u00e4ttesaadavad.<\/li>\n<li> AMSA t\u00f6\u00f6tajad vaatavad l\u00e4bi k\u00f5ik kaebused<\/li>\n<li> \u00c4ripartnerite soovitused on olulised<\/li>\n<\/ul>\n<p><strong>Top 10 liikmesettev\u00f5tet<\/strong> (suuruse j\u00e4rgi)<\/p>\n<ol>\n<li> <a href=\"https:\/\/moverdb.com\/et\/united-van-lines\/\">United Van Lines<\/a><\/li>\n<li> <a href=\"https:\/\/moverdb.com\/et\/atlas-van-lines-international\/\">Atlas Van Lines International<\/a><\/li>\n<li> <a href=\"https:\/\/moverdb.com\/et\/mayflower-transit\/\">Mayflower Transit<\/a><\/li>\n<li> <a href=\"https:\/\/moverdb.com\/et\/north-american-van-lines\/\">North American Van Lines<\/a><\/li>\n<li> <a href=\"https:\/\/moverdb.com\/et\/wheaton\/\">Wheaton World Wide Moving<\/a><\/li>\n<li> <a href=\"https:\/\/moverdb.com\/et\/bekins-van-lines\/\">Bekins Van Lines<\/a><\/li>\n<li> <a href=\"https:\/\/moverdb.com\/et\/graebel-van-lines\/\">Graebel Van Lines<\/a><\/li>\n<li> <a href=\"https:\/\/moverdb.com\/et\/arpin-van-lines\/\">Arpin Van Lines<\/a><\/li>\n<li> <a href=\"https:\/\/moverdb.com\/et\/stevens-worldwide-van-lines\/\">Stevens Worldwide Van Lines<\/a><\/li>\n<li> <a href=\"https:\/\/moverdb.com\/et\/suddath\/\">Suddath<\/a><\/li>\n<li> <a href=\"https:\/\/moverdb.com\/et\/vip-transport\/\">VIP transport<\/a><\/li>\n<li> <a href=\"https:\/\/moverdb.com\/et\/royal-hawaiian-movers\/\">Royal Hawaii kolijad<\/a><\/li>\n<\/ol>\n<p><strong>Arvamused organisatsiooni kohta<\/strong><\/p>\n<p>Mitmed kolijad on oma veebisaitidel RIM-sertifikaadiga ja mitmed n\u00f5uandesaitid viitavad sellele kui professionaalse kolimisorganisatsiooni m\u00e4rgile. Iga veebileht, mis seda sisaldab, viitab rangele koolitusele ja kontrollile, mis on vajalik sertifikaadi saamiseks - ja selle s\u00e4ilitamiseks. <\/p>\n<p>Finantssuutlikkus ja kvaliteetse teenuse osutamise maine on kaks muud omadust, mida RIM-sertifikaadiga seostavad kolijad, kes seda oma veebisaitidel mainivad. Enamik neist r\u00f5hutab, et sertifitseerimine eeldab pidevat tegevust - pidevat koolitust ja koolitust ning suutlikkust l\u00e4bida juhuslikke kohapealseid kontrollk\u00e4ike. <\/p>\n<p>Mainitakse ka asjaolu, et n\u00f5utakse range tegevusjuhendi j\u00e4rgimist.<\/p>\n<p>Mitmed kolijad tsiteerivad ka ProMoveri kvalifikatsiooni - see on oluline, sest \"see saavutus annab meie klientidele kindlustunde, et nad on tegemist seadusliku, professionaalse kolijaga, mitte aga petturitega, kes neid maha rabavad. ProMoveri sertifikaadiks saamine on koosk\u00f5las meie ettev\u00f5tte pika ajalooga, mille kohaselt kohtleme oma kliente ausalt ja ausalt.\" <\/p>\n<p>Juhitakse t\u00e4helepanu sellele, et kvalifikatsioon v\u00f5imaldab kolimisettev\u00f5tjal kasutada oma reklaami- ja turundusmaterjalides ning veebisaidil ProMoveri kaubam\u00e4rgiks olevat suurt \"M\" logo.<\/p>\n<p>Kuidas seda kujutatakse kolijate poolt:<\/p>\n<blockquote><p>Asutuse sertifitseerimine kinnitab, et asutusel on RIM\u00ae miinimumstandardite t\u00e4itmiseks piisavalt seadmeid, rajatisi ja RIM\u00ae sertifitseeritud t\u00f6\u00f6tajaid. Lisaks n\u00f5uab see, et juht v\u00f5i juhtivt\u00f6\u00f6taja peab sooritama RIM\u00ae k\u00e4siraamatul p\u00f5hineva eksami ja et tal on rahvusvaheliseks \u00e4ritegevuseks vajalikud teadmised. Lisaks peab RIM\u00ae sertifitseeritud agent kolme aasta jooksul p\u00e4rast esmast sertifitseerimist v\u00f5tma t\u00f6\u00f6le RIM\u00ae sertifitseeritud \u00fclevaataja, koordinaatori ja v\u00e4hemalt kolm sertifitseeritud rahvusvahelist pakendajat.<\/p><\/blockquote>\n<p> - <a href=\"http:\/\/www.castinemovers.com\/category\/RIM\/c70\" target=\"_blank\" rel=\"noopener\">Castine kolijad<\/a><\/p>\n<blockquote><p>Registreeritud rahvusvahelise kolija (RIM) sertifitseerimine on vabatahtlik. Sertifikaadi saamiseks peab kolimisfirma l\u00e4bima range koolituse ja testimise. Sertifitseerimine tagab, et sertifikaadi omanik tunneb k\u00f5iki rahvusvahelise kolimise aspekte.<\/p><\/blockquote>\n<p> - <a href=\"http:\/\/www.newworldvanlines.com\/international.html\" target=\"_blank\" rel=\"noopener\">New World Van Lines<\/a><\/p>\n<blockquote><p>Sertifikaadi s\u00e4ilitamiseks peavad juhtkond ja t\u00f6\u00f6tajad kolme aasta jooksul l\u00e4bima v\u00e4hemalt 15 tundi RIMi poolt heakskiidetud t\u00e4iendkoolitust ja koolitust ning ettev\u00f5tte rajatisi ja seadmeid tuleb iga kolme aasta tagant uuesti kontrollida. Praeguseks on \u00fcle 142 kolimis- ja ladustamisettev\u00f5tte l\u00e4binud RIM-programmi esialgse etapi.<\/p><\/blockquote>\n<p> - <a href=\"http:\/\/www.movingscam.com\/articles\/planning-an-international-move\" target=\"_blank\" rel=\"noopener\">Liikuv kelmuse<\/a><\/p>\n<blockquote><p>RIM (Registered International Mover) programmi raames sertifitseerimiseks peab kolija olema rahaliselt usaldusv\u00e4\u00e4rne, omama kvaliteetsete teenuste mainet ja n\u00f5ustuma rangete tegevusjuhenditega, mille eesm\u00e4rk on tagada teie t\u00e4ielik rahulolu.<\/p><\/blockquote>\n<p> - <a href=\"http:\/\/taylorinternational.ca\/international-moving-relocation\" target=\"_blank\" rel=\"noopener\">Taylor International Movers<\/a><\/p>","protected":false},"excerpt":{"rendered":"<p>The International ProMover certification is part of the Registered International Mover (RIM) program created by the American Moving &#038; Storage Association (AMSA). It is aimed to assist customers using international household goods relocation services and is intended to facilitate easier choices, making it simpler to differentiate between the options and find the right mover. Key [&hellip;]<\/p>\n","protected":false},"author":1,"featured_media":0,"parent":0,"menu_order":0,"comment_status":"closed","ping_status":"closed","template":"","meta":{"_genesis_hide_title":false,"_genesis_hide_breadcrumbs":false,"_genesis_hide_singular_image":false,"_genesis_hide_footer_widgets":false,"_genesis_custom_body_class":"","_genesis_custom_post_class":"","_genesis_layout":"","footnotes":""},"class_list":{"0":"post-353","1":"page","2":"type-page","3":"status-publish","5":"entry"},"_links":{"self":[{"href":"https:\/\/moverdb.com\/et\/wp-json\/wp\/v2\/pages\/353","targetHints":{"allow":["GET"]}}],"collection":[{"href":"https:\/\/moverdb.com\/et\/wp-json\/wp\/v2\/pages"}],"about":[{"href":"https:\/\/moverdb.com\/et\/wp-json\/wp\/v2\/types\/page"}],"author":[{"embeddable":true,"href":"https:\/\/moverdb.com\/et\/wp-json\/wp\/v2\/users\/1"}],"replies":[{"embeddable":true,"href":"https:\/\/moverdb.com\/et\/wp-json\/wp\/v2\/comments?post=353"}],"version-history":[{"count":22,"href":"https:\/\/moverdb.com\/et\/wp-json\/wp\/v2\/pages\/353\/revisions"}],"predecessor-version":[{"id":6232,"href":"https:\/\/moverdb.com\/et\/wp-json\/wp\/v2\/pages\/353\/revisions\/6232"}],"wp:attachment":[{"href":"https:\/\/moverdb.com\/et\/wp-json\/wp\/v2\/media?parent=353"}],"curies":[{"name":"wp","href":"https:\/\/api.w.org\/{rel}","templated":true}]}}