{"id":351,"date":"2016-05-22T21:04:36","date_gmt":"2016-05-22T21:04:36","guid":{"rendered":"http:\/\/moverdb.com\/?page_id=351"},"modified":"2026-01-08T14:40:12","modified_gmt":"2026-01-08T14:40:12","slug":"mcgimpsey-brothers-removals","status":"publish","type":"page","link":"https:\/\/moverdb.com\/et\/mcgimpsey-brothers-removals\/","title":{"rendered":"McGimpsey Brothers Removals: McGseysey McBemysey: International Moving Reviews: International Moving Reviews"},"content":{"rendered":"<p>McGimpsey Brothers Removals pakub klientidele nii eraisikute kui ka ettev\u00f5tete kolimisel v\u00e4lismaale ja kohapeal j\u00e4rgmisi teenuseid. Ettev\u00f5tte profiil ja \u00fclevaated j\u00e4rgnevad teenuste osas.<\/p>\n<p><strong>\u00dclemeremaale kolimine<\/strong><\/p>\n<ul>\n<li> Igap\u00e4evane \u00f5hu- ja meretransport<\/li>\n<li> Spetsialistlik ekspordipakendamine, m\u00e4rgistamine ja laadimine<\/li>\n<li> Laevandus ja tollivormistus<\/li>\n<li> Kohaletoimetamine, lahtipakkimine ja \u00fclespanek, pr\u00fcgi \u00e4ravedu<\/li>\n<li> Kindlustuskaitse<\/li>\n<li> Isiklik p\u00fchendunud konsultant<\/li>\n<\/ul>\n<p><strong>Liikumine Euroopas<\/strong><\/p>\n<ul>\n<li> Ukselt uksele<\/li>\n<li> Tipptasemel, sihtotstarbelised kolimisautod<\/li>\n<li> K\u00f5rge turvalisusega j\u00e4lgimisseadmed ja satelliitnavigatsioonis\u00fcsteemid<\/li>\n<li> Pakkimine ja lahtipakkimine<\/li>\n<li> Kindlustuskaitse<\/li>\n<li> Isiklik p\u00fchendunud konsultant<\/li>\n<\/ul>\n<p><strong>Ettev\u00f5tete ja ettev\u00f5tete kolimine<\/strong><\/p>\n<ul>\n<li> Ettev\u00f5tete \u00fcmberpaigutamine kogu maailmas<\/li>\n<li> T\u00f6\u00f6tajate \u00fcmberpaigutamine kogu maailmas<\/li>\n<li> Isiklik p\u00fchendunud konsultant<\/li>\n<\/ul>\n<p><strong>Liikumine seesmiselt <a href=\"https:\/\/moverdb.com\/et\/moving-to-ireland\/\" data-internallinksmanager029f6b8e52c=\"320\" title=\"Kolimine Iirimaale? 2023 elamiskulud ja kolimisn\u00f5uanded\">Iirimaa<\/a><\/strong><\/p>\n<ul>\n<li> Ukselt uksele<\/li>\n<li> Pakkimine ja lahtipakkimine<\/li>\n<li> Kindlustus<\/li>\n<li> Isiklik p\u00fchendunud konsultant<\/li>\n<\/ul>\n<p><strong>Liikumine <a href=\"https:\/\/moverdb.com\/et\/moving-to-isle-of-man\/\" data-internallinksmanager029f6b8e52c=\"339\" title=\"Kolimine Mani saarele? 2023 elamiskulud ja kolimisn\u00f5uanded\">Mani saar<\/a> ja Kanalisaared<\/strong><\/p>\n<ul>\n<li> Ukselt uksele<\/li>\n<li> Pakkimine ja lahtipakkimine<\/li>\n<li> Tollivormistus<\/li>\n<li> Kindlustus<\/li>\n<li> Isiklik p\u00fchendunud konsultant<\/li>\n<\/ul>\n<p><strong>Ladustamine<\/strong><\/p>\n<ul>\n<li> Dokumentide ja arhiivide s\u00e4ilitamine<\/li>\n<li> Self-storage<\/li>\n<li> Ettev\u00f5tte ladustamine<\/li>\n<li> Lao ladustamine<\/li>\n<\/ul>\n<h2>McGimpsey Removals Ettev\u00f5tte profiil<\/h2>\n<p>McGimpsey Removals kirjeldab end kui viie t\u00e4rni boutique'i. <a href=\"https:\/\/moverdb.com\/et\/moving-companies\/\" data-internallinksmanager029f6b8e52c=\"79\" title=\"Top 25 rahvusvahelist kolimisfirmat Internetis\">kolimisfirma<\/a> mis pakub oma klientidele tipptasemel teenust. Nad on tegutsenud juba 30 aastat ja usuvad, et nad kasutavad suurep\u00e4rast transporti, pakendamist ja h\u00e4sti koolitatud, hoolivat personali.<\/p>\n<p>McGimpsey Removals \u00fctleb, et nad ei ole mitte ainult p\u00fchendunud parima v\u00f5imaliku teenuse pakkumisele v\u00e4lismaal ja kohapeal kolivatele \u00fcksikisikutele ja ettev\u00f5tetele, vaid j\u00e4lgivad ka hoolikalt oma s\u00fcsinikujalaj\u00e4lge.<\/p>\n<p>McGimpsey Removals liitumised ja akrediteeringud:<\/p>\n<ul>\n<li> <a href=\"https:\/\/moverdb.com\/et\/british-association-of-removers\/\">Briti kolijate \u00fchendus<\/a> (<a href=\"https:\/\/moverdb.com\/et\/british-association-of-removers\/\" data-internallinksmanager029f6b8e52c=\"9\" title=\"Briti kolijate assotsiatsioon (BAR) Selgitatud\">BAR<\/a>)<\/li>\n<li> <a href=\"https:\/\/moverdb.com\/et\/fidi-faim\/\">FIDI<\/a><\/li>\n<li> <a href=\"https:\/\/moverdb.com\/et\/olen\/\">Rahvusvaheline kolijate \u00fchendus (IAM)<\/a><\/li>\n<li> <a href=\"https:\/\/moverdb.com\/et\/mtc\/\">Movers Trading Club<\/a> (<a href=\"https:\/\/moverdb.com\/et\/mtc\/\" data-internallinksmanager029f6b8e52c=\"30\" title=\"Movers Trading Club (MTC) Selgitused\">MTC<\/a>)<\/li>\n<li> T\u00f6\u00f6j\u00f5u liikuvuse assotsiatsioon <\/li>\n<\/ul>\n<h2>McGimpsey Brothers Removals Arvamused<\/h2>\n<p><strong>Positiivne<\/strong><\/p>\n<p><em>\"See ettev\u00f5te oli hiilgav algusest l\u00f5puni. Kolimisn\u00f5ustaja oli abivalmis, asjatundlik ja vastas alati kiiresti ja hoidis mind kursis, isegi p\u00e4rast seda, kui k\u00f5ik oli kohale toimetatud, saatis ta e-kirja, et kontrollida, kas ma olen rahul.\"<\/em> - Elizabeth Heib kaudu <a href=\"https:\/\/plus.google.com\/111359327014801398449\/reviews\" target=\"_blank\" rel=\"noopener\">Google Arvamused<\/a><\/p>\n<p><strong>Negatiivne<\/strong><\/p>\n<p><em>\"Mul oli selle ettev\u00f5ttega kohutav kogemus! Nad on v\u00e4ga abivalmis, kui nad tahavad teie broneeringut ja lubavad k\u00f5rget, kuid kahjuks t\u00e4idavad nad madalat. Ma kasutasin neid, et vedada m\u00f5ned rasked kaubanduslikud treeningseadmed Iirimaalt Iirimaale <a href=\"https:\/\/moverdb.com\/et\/moving-to-the-uk\/\" data-internallinksmanager029f6b8e52c=\"93\" title=\"Kolimine \u00dchendkuningriiki? 2022 Elamiskulud ja kolimisn\u00f5uanded\">UK<\/a> ja ...\"<\/em> - Chantelle Smith kaudu <a href=\"https:\/\/plus.google.com\/100947701157660629611\/reviews\" target=\"_blank\" rel=\"noopener\">Google Arvamused<\/a><\/p>\n<div itemprop=\"review\" itemscope itemtype=\"http:\/\/schema.org\/Review\">\n<span itemprop=\"author\" itemscope=\"\" itemtype=\"http:\/\/schema.org\/Organization\"><span itemprop=\"name\">MoverDB.com<\/span><\/span> Veebilehe \u00fclevaatus veebisaidi jaoks <span itemprop=\"itemreviewed\" itemscope=\"\" itemtype=\"http:\/\/schema.org\/Brand\"><span itemprop=\"name\">McGimpsey Brothers Removals<\/span><\/span>:<\/p>\n<ol>\n<li> Selged kontaktandmed veebisaidil (sh telefoninumber): <strong>Jah<\/strong><\/li>\n<li> Lihtne saada <a href=\"https:\/\/moverdb.com\/et\/tsitaadid\/\">rahvusvaheliste kolimiste hinnapakkumised<\/a>? (veebip\u00f5hine hinnangu taotluse vorm): <strong>Jah<\/strong><\/li>\n<li> Selge teave veebilehel: <strong>Osaline<\/strong>. Teave on l\u00fcnklik, kuid taotluse korral antakse rohkem teavet.<\/li>\n<li> Liikmelisus rahvusvahelistes tunnustatud liikumisorganisatsioonides: <strong>Jah<\/strong>, vt eespool.<\/li>\n<li> Klientide ja\/v\u00f5i varasemate klientide soovitused: <strong>Jah<\/strong> Klientide nimekiri puudub, kuid on olemas varasemad klientide iseloomustused.<\/li>\n<\/ol>\n<div itemprop=\"reviewRating\" itemscope itemtype=\"http:\/\/schema.org\/Rating\"><meta itemprop=\"worstRating\" content = \"0\" \/><meta itemprop=\"bestRating\" content=\"5\" \/><meta itemprop=\"ratingValue\" content=\"4\"><\/div>\n<p><strong>\u00dcldine hinne: 4\/5<\/strong><br \/>\n<strong>L\u00e4bivaatamise kuup\u00e4ev:<\/strong> <span itemprop=\"datePublished\" content=\"2016-05-22\">22\/05\/2016<\/span><\/p>\n<\/div>\n<p>Rohkem infot <a href=\"https:\/\/moverdb.com\/et\/rahvusvahelised-kolimised\/\">\u00dchendkuningriigi kolimisfirmad<\/a> ja meie <a href=\"https:\/\/moverdb.com\/et\/arvustused\/\">l\u00e4bivaatamisprotsessi selgitamine<\/a>.<\/p>\n<p><strong>Veebileht:<\/strong> <a href=\"https:\/\/www.mcgimpseys.com\/\" target=\"_blank\" rel=\"noopener\">https:\/\/www.mcgimpseys.com\/<\/a><\/p>","protected":false},"excerpt":{"rendered":"<p>McGimpsey Brothers Removals offers clients the following services when relocating abroad and locally, for both individuals and businesses. A company profile and reviews follow the services section. Moving Overseas Daily air and sea freight Specialist export packing, labelling and loading Shipping and customs clearance Delivery, unpacking and setting up, removal of rubbish Insurance cover Personal [&hellip;]<\/p>\n","protected":false},"author":1,"featured_media":0,"parent":0,"menu_order":0,"comment_status":"closed","ping_status":"closed","template":"","meta":{"_genesis_hide_title":false,"_genesis_hide_breadcrumbs":false,"_genesis_hide_singular_image":false,"_genesis_hide_footer_widgets":false,"_genesis_custom_body_class":"","_genesis_custom_post_class":"","_genesis_layout":"","footnotes":""},"class_list":{"0":"post-351","1":"page","2":"type-page","3":"status-publish","5":"entry"},"_links":{"self":[{"href":"https:\/\/moverdb.com\/et\/wp-json\/wp\/v2\/pages\/351","targetHints":{"allow":["GET"]}}],"collection":[{"href":"https:\/\/moverdb.com\/et\/wp-json\/wp\/v2\/pages"}],"about":[{"href":"https:\/\/moverdb.com\/et\/wp-json\/wp\/v2\/types\/page"}],"author":[{"embeddable":true,"href":"https:\/\/moverdb.com\/et\/wp-json\/wp\/v2\/users\/1"}],"replies":[{"embeddable":true,"href":"https:\/\/moverdb.com\/et\/wp-json\/wp\/v2\/comments?post=351"}],"version-history":[{"count":10,"href":"https:\/\/moverdb.com\/et\/wp-json\/wp\/v2\/pages\/351\/revisions"}],"predecessor-version":[{"id":13176,"href":"https:\/\/moverdb.com\/et\/wp-json\/wp\/v2\/pages\/351\/revisions\/13176"}],"wp:attachment":[{"href":"https:\/\/moverdb.com\/et\/wp-json\/wp\/v2\/media?parent=351"}],"curies":[{"name":"wp","href":"https:\/\/api.w.org\/{rel}","templated":true}]}}