{"id":350,"date":"2016-05-22T20:57:46","date_gmt":"2016-05-22T20:57:46","guid":{"rendered":"http:\/\/moverdb.com\/?page_id=350"},"modified":"2026-01-08T15:20:55","modified_gmt":"2026-01-08T15:20:55","slug":"shore-porters-society","status":"publish","type":"page","link":"https:\/\/moverdb.com\/et\/shore-porters-society\/","title":{"rendered":"The Shore Porters Society Rahvusvaheline kolimine ja kolimine Arvamused"},"content":{"rendered":"<p>Shore Porters Society pakub j\u00e4rgmisi teenuseid inimestele, kes kolivad v\u00e4lismaale, piirkondlikult ja kohalikul tasandil. Tutvuda saab ka ettev\u00f5tte profiiliga ja teenuste \u00fclevaatega.<\/p>\n<p><strong>Ettev\u00f5tte ja isiklikud kolimised v\u00e4lismaale<\/strong><\/p>\n<ul>\n<li> Kolimiseelne k\u00fcsitlus<\/li>\n<li> Teenus ukselt uksele<\/li>\n<li> Ookeani- v\u00f5i \u00f5huvedu<\/li>\n<li> Erinevad pakkimisv\u00f5imalused<\/li>\n<li> Ladustamise v\u00f5imalused<\/li>\n<li> Abi dokumentide esitamisel sihtriigi jaoks<\/li>\n<li> sihtriigi eeskirjade ja m\u00e4\u00e4ruste p\u00f5hjalik tundmine<\/li>\n<li> IT-seadmed, mis on sihtkohas lahti \u00fchendatud ja uuesti \u00fchendatud<\/li>\n<li> Kindlustus<\/li>\n<\/ul>\n<p><strong>Kunst ja antiik<\/strong><\/p>\n<ul>\n<li> Pakkimise ja laevanduse eriteadmised<\/li>\n<li> Klientide saatmine ostureisidel, et tagada korrektne pakendamine.<\/li>\n<li> N\u00f5uanded dokumentatsiooni kohta<\/li>\n<li> Tollivormistus sihtriigis<\/li>\n<\/ul>\n<p><strong>Ladustamine<\/strong><\/p>\n<ul>\n<li> Konteinerite ladustamine<\/li>\n<li> Tavap\u00e4rane ladustamine<\/li>\n<li> Kaubanduslik ladustamine<\/li>\n<li> Arhiivi ladustamine<\/li>\n<li> Lock 'n' Leave - vaba juurdep\u00e4\u00e4s t\u00f6\u00f6ajal<\/li>\n<li> Kastide rentimine<\/li>\n<li> Kaubaaluste ladustamine<\/li>\n<\/ul>\n<p><strong>Kohalikud kolimised<\/strong><\/p>\n<ul>\n<li> Teenus ukselt uksele<\/li>\n<li> Erinevad pakkimisv\u00f5imalused<\/li>\n<li> Korraldatud kindlustus<\/li>\n<\/ul>\n<h2>The Shore Porters Society Ettev\u00f5tte profiil<\/h2>\n<p>Rannaport\u00f6\u00f6ride selts asutati 1498. aastal, \u00fcle 500 aasta tagasi. Nad uhkeldavad uhkusega, et nad on maailma vanim transpordiettev\u00f5te, sest nende algup\u00e4ra on Aberdeeni sadamas oma t\u00f6\u00f6d tegevate sadamat\u00f6\u00f6tajate \u00fchistu. <\/p>\n<p>Kuni XIX sajandi keskpaigani oli ettev\u00f5te Aberdeeni linnavolikogu egiidi all. Praegu on see era\u00f5iguslik \u00fching, mille teenuste hulka kuuluvad vedu, kolimine, kinnisvara ja ladustamine.<\/p>\n<p>Ettev\u00f5ttel on 30 veoautot ja kaubikut, mis tegutsevad Aberdeenis ja Richmond on Thamesis ning 11 laoruumi \u00fcle kogu maailma. <a href=\"https:\/\/moverdb.com\/et\/moving-to-the-uk\/\" data-internallinksmanager029f6b8e52c=\"93\" title=\"Kolimine \u00dchendkuningriiki? 2022 Elamiskulud ja kolimisn\u00f5uanded\">UK<\/a>. <\/p>\n<p>Ettev\u00f5ttel on head suhted suurte oksjonimajadega \u00fcle kogu maailma ja ta on uhke oma kogemuste \u00fcle, kui tegemist on kunsti ja antiikm\u00f6\u00f6bli saatmisega.<\/p>\n<p>Allpool on esitatud loetelu The Shore Porters Society akrediteeringutest ja sidemetest:<\/p>\n<ul>\n<li> <a href=\"https:\/\/moverdb.com\/et\/british-association-of-removers\/\">Briti kolijate \u00fchendus (BAR)<\/a><\/li>\n<li> Rahaliselt seotud <a href=\"https:\/\/moverdb.com\/et\/bar-overseas\/\">BAR Overseas Group<\/a><\/li>\n<li> <a href=\"https:\/\/moverdb.com\/et\/fidi-faim\/\">FIDI<\/a><\/li>\n<li> <a href=\"https:\/\/moverdb.com\/et\/olen\/\">Rahvusvaheline kolijate liit (IAM)<\/a><\/li>\n<li> Kvaliteedis\u00fcsteemi sertifitseerimine ISO9001<\/li>\n<li> <a href=\"https:\/\/moverdb.com\/et\/kaubaveo-transpordiuhing\/\">FTA liige<\/a><\/li>\n<\/ul>\n<h2>The Shore Porters Society Arvamused<\/h2>\n<p>Pange t\u00e4hele, et viimase 12 kuu jooksul ei ole veebis avaldatud uusi kommentaare ettev\u00f5ttele The Shore Porters Society.<\/p>\n<div itemprop=\"review\" itemscope itemtype=\"http:\/\/schema.org\/Review\">\n<span itemprop=\"author\" itemscope=\"\" itemtype=\"http:\/\/schema.org\/Organization\"><span itemprop=\"name\">MoverDB.com<\/span><\/span> Veebilehe \u00fclevaatus veebisaidi jaoks <span itemprop=\"itemreviewed\" itemscope=\"\" itemtype=\"http:\/\/schema.org\/Brand\"><span itemprop=\"name\">Rannaport\u00f6\u00f6ride selts<\/span><\/span>:<\/p>\n<ol>\n<li> Selged kontaktandmed veebisaidil (sh telefoninumber): <strong>Jah<\/strong><\/li>\n<li> Lihtne saada <a href=\"https:\/\/moverdb.com\/et\/tsitaadid\/\">rahvusvaheliste kolimiste hinnapakkumised<\/a>? (veebip\u00f5hine hinnangu taotluse vorm): <strong>Jah<\/strong><\/li>\n<li> Selge teave veebilehel: <strong>Osaline<\/strong>. Kodulehel on ebam\u00e4\u00e4rane teave, mille kohta on palve v\u00f5tta \u00fchendust ettev\u00f5ttega, et saada rohkem \u00fcksikasju.<\/li>\n<li> Liikmelisus rahvusvahelistes tunnustatud liikumisorganisatsioonides: <strong>Jah<\/strong>, vt eespool.<\/li>\n<li> Klientide ja\/v\u00f5i varasemate klientide soovitused: <strong>Ei.<\/strong><\/li>\n<\/ol>\n<div itemprop=\"reviewRating\" itemscope itemtype=\"http:\/\/schema.org\/Rating\"><meta itemprop=\"worstRating\" content = \"0\" \/><meta itemprop=\"bestRating\" content=\"5\" \/><meta itemprop=\"ratingValue\" content=\"4\"><\/div>\n<p><strong>\u00dcldine hinne: 4\/5<\/strong><br \/>\n<strong>L\u00e4bivaatamise kuup\u00e4ev:<\/strong> <span itemprop=\"datePublished\" content=\"2016-05-22\">22\/05\/2016<\/span><\/p>\n<\/div>\n<p>Rohkem infot <a href=\"https:\/\/moverdb.com\/et\/rahvusvahelised-kolimised\/\">\u00dchendkuningriigi kolimisfirmad<\/a> ja meie <a href=\"https:\/\/moverdb.com\/et\/arvustused\/\">l\u00e4bivaatamisprotsessi selgitamine<\/a>.<\/p>\n<p><strong>Veebileht:<\/strong> <a href=\"https:\/\/www.shoreporters.com\/\" target=\"_blank\" rel=\"noopener\">https:\/\/www.shoreporters.com<\/a><\/p>","protected":false},"excerpt":{"rendered":"<p>The Shore Porters Society offers the following services for people moving abroad, regionally and locally. There is also a company profile and service reviews to peruse. Corporate and Personal Moves Abroad Pre-Move survey Door to door service Ocean or Air Freight Various packing options Storage options Assistance with documentation for destination country In depth knowledge [&hellip;]<\/p>\n","protected":false},"author":1,"featured_media":0,"parent":0,"menu_order":0,"comment_status":"closed","ping_status":"closed","template":"","meta":{"_genesis_hide_title":false,"_genesis_hide_breadcrumbs":false,"_genesis_hide_singular_image":false,"_genesis_hide_footer_widgets":false,"_genesis_custom_body_class":"","_genesis_custom_post_class":"","_genesis_layout":"","footnotes":""},"class_list":{"0":"post-350","1":"page","2":"type-page","3":"status-publish","5":"entry"},"_links":{"self":[{"href":"https:\/\/moverdb.com\/et\/wp-json\/wp\/v2\/pages\/350","targetHints":{"allow":["GET"]}}],"collection":[{"href":"https:\/\/moverdb.com\/et\/wp-json\/wp\/v2\/pages"}],"about":[{"href":"https:\/\/moverdb.com\/et\/wp-json\/wp\/v2\/types\/page"}],"author":[{"embeddable":true,"href":"https:\/\/moverdb.com\/et\/wp-json\/wp\/v2\/users\/1"}],"replies":[{"embeddable":true,"href":"https:\/\/moverdb.com\/et\/wp-json\/wp\/v2\/comments?post=350"}],"version-history":[{"count":12,"href":"https:\/\/moverdb.com\/et\/wp-json\/wp\/v2\/pages\/350\/revisions"}],"predecessor-version":[{"id":6246,"href":"https:\/\/moverdb.com\/et\/wp-json\/wp\/v2\/pages\/350\/revisions\/6246"}],"wp:attachment":[{"href":"https:\/\/moverdb.com\/et\/wp-json\/wp\/v2\/media?parent=350"}],"curies":[{"name":"wp","href":"https:\/\/api.w.org\/{rel}","templated":true}]}}