{"id":349,"date":"2016-05-22T20:51:02","date_gmt":"2016-05-22T20:51:02","guid":{"rendered":"http:\/\/moverdb.com\/?page_id=349"},"modified":"2026-01-08T15:20:48","modified_gmt":"2026-01-08T15:20:48","slug":"team-relocations","status":"publish","type":"page","link":"https:\/\/moverdb.com\/et\/team-relocations\/","title":{"rendered":"Team Relocations Rahvusvaheline kolimine ja kolimine Arvamused"},"content":{"rendered":"<p>Team Relocations pakub j\u00e4rgmisi kolimisteenuseid eraisikutele ja ettev\u00f5tetele, kes kolivad t\u00f6\u00f6tajaid v\u00f5i terveid kontoreid v\u00e4lismaale. Lugege Team Locationsi ettev\u00f5tte profiili ja kommentaare allpool.<\/p>\n<p><strong>Isiklikud ja ettev\u00f5tte liikumised<\/strong><\/p>\n<ul>\n<li> Konsultatsiooniteenus, mis pakub individuaalseid lahendusi kolimiseks<\/li>\n<li> Strateegiline \u00fcmberpaigutamise juhtimine<\/li>\n<li> T\u00e4iustatud webZone tehnoloogia<\/li>\n<li> Pakkimine ja saatmine<\/li>\n<li> Korraldatud kindlustus<\/li>\n<\/ul>\n<p><strong>Kinnisvarateenused<\/strong><\/p>\n<ul>\n<li> Kodu otsing<\/li>\n<li> \u00dc\u00fcrilepingu l\u00e4bir\u00e4\u00e4kimised ja uuendamine<\/li>\n<li> Inventari sisse\/v\u00e4lja registreerimine<\/li>\n<li> M\u00f6\u00f6bli ja seadmete rentimine<\/li>\n<li> Ajutine majutus<\/li>\n<li> V\u00e4ljumiskavad<\/li>\n<li> Kodu m\u00fc\u00fcgi juhtimine<\/li>\n<li> Kinnisvara haldamine <\/li>\n<li> Garanteeritud kodum\u00fc\u00fcgi programm<\/li>\n<\/ul>\n<p><strong>Asumine<\/strong><\/p>\n<ul>\n<li> Orienteerumine<\/li>\n<li> Teave sihtkoha kohta<\/li>\n<li> Kultuurilised briifingud<\/li>\n<li> Keelekoolitus<\/li>\n<li> Liikumise juhtimine<\/li>\n<li> K\u00e4sit\u00f6\u00f6liste\/teenindajate teenused<\/li>\n<\/ul>\n<p><strong>Perekondlikud programmid<\/strong><\/p>\n<ul>\n<li> Haridusuuringud ja registreerimine<\/li>\n<li> Lemmikloomade \u00fcmberpaigutamine<\/li>\n<li> Partneri toetus<\/li>\n<\/ul>\n<p><strong>Ladustamisteenused<\/strong><\/p>\n<ul>\n<li> Spetsiaalne ladustamine<\/li>\n<li> Arhiiv ja dokumentide s\u00e4ilitamine<\/li>\n<li> Traditsiooniline ladustamine<\/li>\n<\/ul>\n<p><strong>Spetsialistide teenused<\/strong><\/p>\n<ul>\n<li> \u00dclemaailmne kolimine eraisikutele<\/li>\n<li> \u00c4ri- ja kontori kolimine ja \u00fcmberpaigutamine<\/li>\n<li> Haigla kolimine<\/li>\n<li> Kodune ladustamine<\/li>\n<li> Dokumentide ja arhiivide s\u00e4ilitamine<\/li>\n<\/ul>\n<p><strong>T\u00e4iendavad teenused<\/strong><\/p>\n<ul>\n<li> Redelit\u00f5stukid raskesti ligip\u00e4\u00e4setavaks<\/li>\n<li> Kaunite kunstiteoste ja antiikesemete pakkimine<\/li>\n<li> Elektriku teenused, sealhulgas<\/li>\n<li> Pistikute vahetamine kohalike pistikupesade jaoks<\/li>\n<li> Lampide ja seadmete \u00fcmberjuhtimine<\/li>\n<li> Trafode tarnimine<\/li>\n<li> K\u00e4sit\u00f6\u00f6line<\/li>\n<li> Teenindusteenus<\/li>\n<li> Klaveri h\u00e4\u00e4lestamine<\/li>\n<li> Satelliitantenni paigaldamine\/eemaldamine<\/li>\n<li> Puhastusmeeskonnad<\/li>\n<li> Kogumine kontorist<\/li>\n<li> Heategevuskarbid<\/li>\n<li> <a href=\"https:\/\/moverdb.com\/et\/autoveo-laevandus\/\">S\u00f5iduki saatmine<\/a> ja ladustamine<\/li>\n<\/ul>\n<h2>Team Relocation Ettev\u00f5tte profiil<\/h2>\n<p>Team Relocation asutati 1977. aastal ja on n\u00fc\u00fcd \u00fcks suurimaid \u00fcmberpaigutamise ja <a href=\"https:\/\/moverdb.com\/et\/international-removals\/\" data-internallinksmanager029f6b8e52c=\"27\" title=\"36 Parimad rahvusvahelised kolimisfirmad \u00dchendkuningriigis\">kolimisfirmad<\/a> maailmas. Team Locationil on kontorid 13 riigis ning paljud tuntud isikud, rahvusvahelised ettev\u00f5tted ja valitsusasutused kasutavad ettev\u00f5tet t\u00f6\u00f6tajate ja ettev\u00f5tete \u00fcmberpaigutamiseks v\u00e4lismaale ja piirkondlikult. <\/p>\n<p>Team Relocation teeb koost\u00f6\u00f6d ainult selliste partneritega, kes jagavad nendega samu p\u00f5hiv\u00e4\u00e4rtusi, mille hulka kuuluvad tipptase, ausus, vastutustundlikkus ja turvalisus. Ettev\u00f5te keskendub \u00fcmberpaigutamisele, kolimistele ja eriteenustele. <\/p>\n<p>Ettev\u00f5te usub kindlalt ka rahvusvahelistesse inim\u00f5igustesse ja toetab paljusid heategevusorganisatsioone \u00fcle maailma.<\/p>\n<p>Allpool on loetletud meeskonna asukoha akrediteeringud ja sidemed:<\/p>\n<ul>\n<li> <a href=\"https:\/\/moverdb.com\/et\/british-association-of-removers\/\">Briti kolijate \u00fchendus (BAR)<\/a><\/li>\n<li> DBA<\/li>\n<li> The <a href=\"https:\/\/moverdb.com\/et\/mtc\/\">Movers Trading Club<\/a> (<a href=\"https:\/\/moverdb.com\/et\/mtc\/\" data-internallinksmanager029f6b8e52c=\"30\" title=\"Movers Trading Club (MTC) Selgitused\">MTC<\/a>)<\/li>\n<li> <a href=\"https:\/\/moverdb.com\/et\/fidi-faim\/\">FAIM<\/a><\/li>\n<li> <a href=\"https:\/\/moverdb.com\/et\/fidi-faim\/\">FIDI<\/a><\/li>\n<li> \u00dclemaailmne mobiilsusassotsiatsioon <\/li>\n<li> <a href=\"https:\/\/moverdb.com\/et\/olen\/\">Rahvusvaheline kolijate \u00fchendus (IAM)<\/a><\/li>\n<li> OMNI<\/li>\n<\/ul>\n<h2>Meeskonna \u00fcmberpaigutused Arvamused<\/h2>\n<p><em>Me ei leidnud hetkel \u00fchtegi kommentaari Team Relocations kohta, mis oleks avaldatud kuskil mujal internetis.<\/em><\/p>\n<div itemprop=\"review\" itemscope itemtype=\"http:\/\/schema.org\/Review\">\n<span itemprop=\"author\" itemscope=\"\" itemtype=\"http:\/\/schema.org\/Organization\"><span itemprop=\"name\">MoverDB.com<\/span><\/span> Veebilehe \u00fclevaatus veebisaidi jaoks <span itemprop=\"itemreviewed\" itemscope=\"\" itemtype=\"http:\/\/schema.org\/Brand\"><span itemprop=\"name\">Meeskonna \u00fcmberpaigutused<\/span><\/span>:<\/p>\n<ol>\n<li> Selged kontaktandmed veebisaidil (sh telefoninumber): <strong>Jah<\/strong><\/li>\n<li> Lihtne saada <a href=\"https:\/\/moverdb.com\/et\/tsitaadid\/\">rahvusvaheliste kolimiste hinnapakkumised<\/a>? (veebip\u00f5hine hinnangu taotluse vorm): <strong>Jah<\/strong><\/li>\n<li> Selge teave veebilehel: <strong>Jah<\/strong>. Informatiivne veebileht, kuid \u00fcksikasjalikku teavet tuleb k\u00fcsida otse ettev\u00f5ttelt.<\/li>\n<li> Liikmelisus rahvusvahelistes tunnustatud liikumisorganisatsioonides: <strong>Jah<\/strong>, vt eespool.<\/li>\n<li> Klientide ja\/v\u00f5i varasemate klientide soovitused: <strong>Ei.<\/strong><\/li>\n<\/ol>\n<div itemprop=\"reviewRating\" itemscope itemtype=\"http:\/\/schema.org\/Rating\"><meta itemprop=\"worstRating\" content = \"0\" \/><meta itemprop=\"bestRating\" content=\"5\" \/><meta itemprop=\"ratingValue\" content=\"4\"><\/div>\n<p><strong>\u00dcldine hinne: 4\/5<\/strong><br \/>\n<strong>L\u00e4bivaatamise kuup\u00e4ev:<\/strong> <span itemprop=\"datePublished\" content=\"2016-05-22\">22\/05\/2016<\/span><\/p>\n<\/div>\n<p>Rohkem infot <a href=\"https:\/\/moverdb.com\/et\/kolimisfirmad\/\">rahvusvahelised kolimisfirmad<\/a> ja meie <a href=\"https:\/\/moverdb.com\/et\/arvustused\/\">l\u00e4bivaatamisprotsessi selgitamine<\/a>.<\/p>\n<p><strong>Veebileht:<\/strong> <a href=\"http:\/\/www.teamrelocations.com\/\" target=\"_blank\" rel=\"noopener\">http:\/\/www.teamrelocations.com<\/a><\/p>","protected":false},"excerpt":{"rendered":"<p>Team Relocations offers the following moving services for individuals and corporates moving personnel or whole offices abroad. Read Team Locations&#8217; company profile and reviews below. Personal and Corporate Moves Consultancy service offering individual solutions to moving Strategic relocation management Advanced webZone technology Packing and shipping Insurance arranged Property Services Home Search Tenancy Negotiations &#038; Renewals [&hellip;]<\/p>\n","protected":false},"author":1,"featured_media":0,"parent":0,"menu_order":0,"comment_status":"closed","ping_status":"closed","template":"","meta":{"_genesis_hide_title":false,"_genesis_hide_breadcrumbs":false,"_genesis_hide_singular_image":false,"_genesis_hide_footer_widgets":false,"_genesis_custom_body_class":"","_genesis_custom_post_class":"","_genesis_layout":"","footnotes":""},"class_list":{"0":"post-349","1":"page","2":"type-page","3":"status-publish","5":"entry"},"_links":{"self":[{"href":"https:\/\/moverdb.com\/et\/wp-json\/wp\/v2\/pages\/349","targetHints":{"allow":["GET"]}}],"collection":[{"href":"https:\/\/moverdb.com\/et\/wp-json\/wp\/v2\/pages"}],"about":[{"href":"https:\/\/moverdb.com\/et\/wp-json\/wp\/v2\/types\/page"}],"author":[{"embeddable":true,"href":"https:\/\/moverdb.com\/et\/wp-json\/wp\/v2\/users\/1"}],"replies":[{"embeddable":true,"href":"https:\/\/moverdb.com\/et\/wp-json\/wp\/v2\/comments?post=349"}],"version-history":[{"count":12,"href":"https:\/\/moverdb.com\/et\/wp-json\/wp\/v2\/pages\/349\/revisions"}],"predecessor-version":[{"id":6243,"href":"https:\/\/moverdb.com\/et\/wp-json\/wp\/v2\/pages\/349\/revisions\/6243"}],"wp:attachment":[{"href":"https:\/\/moverdb.com\/et\/wp-json\/wp\/v2\/media?parent=349"}],"curies":[{"name":"wp","href":"https:\/\/api.w.org\/{rel}","templated":true}]}}