{"id":348,"date":"2016-05-22T19:54:24","date_gmt":"2016-05-22T19:54:24","guid":{"rendered":"http:\/\/moverdb.com\/?page_id=348"},"modified":"2026-01-08T15:20:45","modified_gmt":"2026-01-08T15:20:45","slug":"sterling-relokatsioon","status":"publish","type":"page","link":"https:\/\/moverdb.com\/et\/sterling-relocation\/","title":{"rendered":"Sterling Relocation International Moving &amp; Removals Arvamused"},"content":{"rendered":"<p>Sterling pakub rahvusvahelistele t\u00f6\u00f6andjatele lihtsat v\u00f5imalust oma t\u00f6\u00f6tajate \u00fcmberpaigutamiseks kogu maailmas. Allpool on loetletud nende teenused koos klientide hinnangute ja ettev\u00f5tte profiiliga.<\/p>\n<p><strong>\u00dcmberpaigutamise teenused<\/strong><\/p>\n<ul>\n<li> \u00dclesannete haldamine<\/li>\n<li> Kultuuridevaheline koolitus<\/li>\n<li> V\u00e4ljumine Teenused<\/li>\n<li> Haridusabi<\/li>\n<li> Kulude haldamine<\/li>\n<li> M\u00f6\u00f6bli rentimine<\/li>\n<li> Garanteeritud kodu m\u00fc\u00fck<\/li>\n<li> Kodu leidmise teenus<\/li>\n<li> Immigratsioon, viisad ja t\u00f6\u00f6luba<\/li>\n<li> Keelekoolitus<\/li>\n<li> Liikumise juhtimine<\/li>\n<li> Kolimisteenused<\/li>\n<li> Orienteerumine<\/li>\n<li> Partneri abi<\/li>\n<li> Poliitikakonsultatsioon<\/li>\n<li> Kinnisvara haldamine<\/li>\n<li> Sisseseadmisteenused<\/li>\n<li> L\u00fchiajaline majutus<\/li>\n<li> Ladustamine<\/li>\n<li> \u00dc\u00fcrilepingu haldamine<\/li>\n<li> Transiidi kate<\/li>\n<\/ul>\n<h2>Sterling Relocation Ettev\u00f5tte profiil<\/h2>\n<p>Sterling Relocation asutati 1991. aastal eesm\u00e4rgiga olla parim \u00fclemaailmse kolimisteenuse pakkuja \u00e4rimaailmale. See kuulub UniGroupile, $1,7 miljardi euro suurusele ettev\u00f5ttele, mis on inimesi \u00fcmber paigutanud juba \u00fcle 80 aasta. <\/p>\n<p>UniGroup Relocation Network tegutseb enam kui 180 riigis 1200 teeninduskeskuse kaudu.<\/p>\n<p>Paljud Sterling Relocationi t\u00f6\u00f6tajad on elanud v\u00e4lismaal ja m\u00f5istavad seega probleeme, millega t\u00f6\u00f6tajad ja nende perekonnad v\u00e4lismaale kolimisel silmitsi seisavad. Iga klient suhtleb otse \u00fche t\u00f6\u00f6tajaga, kes tagab, et k\u00f5ik kolimise aspektid kulgeksid sujuvalt. <\/p>\n<p>2015. aastal olid 99,63% Sterling Relocationi klientidest oma kolimisega rahul.<\/p>\n<p>Sterling Relocation \u00fctleb, et nende v\u00e4\u00e4rtuste, missiooni ja visiooni hulka kuuluvad kirg oma valdkonna vastu, ausus igal rindel, klientide ja t\u00f6\u00f6tajate eest hoolitsemine ning parima v\u00f5imaliku teenuse osutamine.<\/p>\n<p>Sterling Relocation'i akrediteeringute ja sidemete nimekiri:<\/p>\n<ul>\n<li> <a href=\"https:\/\/moverdb.com\/et\/fidi-faim\/\">Rahvusvaheliste kolijate f\u00f6deratsioon<\/a> (<a href=\"https:\/\/moverdb.com\/et\/fidi-faim\/\" data-internallinksmanager029f6b8e52c=\"16\" title=\"FIDI &amp; FAIM (FIDI akrediteeritud rahvusvaheline kolija) selgitatud\">FIDI<\/a>)<\/li>\n<li> <a href=\"https:\/\/moverdb.com\/et\/association-relocation-professionals\/\">\u00dcmberpaigutamise spetsialistide \u00fchendus<\/a> (<a href=\"https:\/\/moverdb.com\/et\/association-relocation-professionals\/\" data-internallinksmanager029f6b8e52c=\"6\" title=\"\u00dcmberpaigutamise spetsialistide assotsiatsioon (ARP) Selgitused\">ARP<\/a>)<\/li>\n<li> <a href=\"https:\/\/moverdb.com\/et\/tootajate-umberpaigutamise-noukogu\/\">T\u00f6\u00f6tajate \u00fcmberpaigutamise n\u00f5ukogu - \u00fclemaailmne ERC<\/a><\/li>\n<li> <a href=\"https:\/\/moverdb.com\/et\/eura\/\">Euroopa \u00fcmberpaigutamise assotsiatsioon<\/a> (<a href=\"https:\/\/moverdb.com\/et\/eura\/\" data-internallinksmanager029f6b8e52c=\"13\" title=\"Euroopa \u00dcmberpaigutamise Assotsiatsiooni (EuRA) selgitused\">EuRA<\/a>)<\/li>\n<li> Overseas Moving Network International (OMNI)<\/li>\n<li> <a href=\"https:\/\/moverdb.com\/et\/olen\/\">Rahvusvaheline kolijate \u00fchendus (IAM)<\/a><\/li>\n<li> <a href=\"https:\/\/moverdb.com\/et\/lacma\/\">Ladina-Ameerika ja Kariibi mere piirkonna kolijate \u00fchendus<\/a> (<a href=\"https:\/\/moverdb.com\/et\/lacma\/\" data-internallinksmanager029f6b8e52c=\"28\" title=\"Ladina-Ameerika ja Kariibi mere piirkonna rahvusvaheliste kolijate assotsiatsioon (LACMA)\">LACMA<\/a>)<\/li>\n<li> <a href=\"https:\/\/moverdb.com\/et\/british-association-of-removers\/\">Briti kolijate \u00fchendus (BAR)<\/a><\/li>\n<\/ul>\n<h2>Sterlingi \u00fcmberpaigutamise hinnangud<\/h2>\n<p><strong>Positiivne<\/strong><\/p>\n<p><em>\"Sterlin on mind liigutanud alates <a href=\"https:\/\/moverdb.com\/et\/moving-to-london\/\">London<\/a> aadressile <a href=\"https:\/\/moverdb.com\/et\/moving-to-switzerland\/\" data-internallinksmanager029f6b8e52c=\"327\" title=\"Kolimine \u0160veitsi? 2023 elamiskulud ja kolimisn\u00f5uanded\">\u0160veits<\/a> ettev\u00f5tte \u00fcmberpaigutamisel m\u00f5ned aastad tagasi. Kuna ma olen p\u00e4rast seda paar kolimist \u00fcle elanud, tunnen n\u00fc\u00fcd, et v\u00f5in nende \u00fcle kohut m\u00f5ista. Ja pean \u00fctlema, et nad korraldasid lihtsalt parima kolimise, mis mul oli.\"<\/em> - l\u00e4bivaatamine <a href=\"http:\/\/www.yelp.co.uk\/biz\/sterling-corporate-relocation-london\" target=\"_blank\" rel=\"noopener\">Yelp kaudu<\/a><\/p>\n<p><strong>Negatiivne<\/strong><\/p>\n<p><em>Me ei leidnud Sterling Relocation'ile \u00fchtegi negatiivset hinnangut internetis.<\/em><\/p>\n<div itemprop=\"review\" itemscope itemtype=\"http:\/\/schema.org\/Review\">\n<span itemprop=\"author\" itemscope=\"\" itemtype=\"http:\/\/schema.org\/Organization\"><span itemprop=\"name\">MoverDB.com<\/span><\/span> Veebilehe \u00fclevaatus veebisaidi jaoks <span itemprop=\"itemreviewed\" itemscope=\"\" itemtype=\"http:\/\/schema.org\/Brand\"><span itemprop=\"name\">Sterling \u00fcmberpaigutamine<\/span><\/span>:<\/p>\n<ol>\n<li> Selged kontaktandmed veebisaidil (sh telefoninumber): <strong>Jah<\/strong><\/li>\n<li> Lihtne saada <a href=\"https:\/\/moverdb.com\/et\/tsitaadid\/\">rahvusvaheliste kolimiste hinnapakkumised<\/a>? (veebip\u00f5hine hinnangu taotluse vorm): <strong>Jah<\/strong><\/li>\n<li> Selge teave veebilehel: <strong>Jah<\/strong> Sterling Relocation'i veebisaidil on p\u00f5hjalik teave nende tegevuse k\u00f5igi aspektide kohta. Veebilehel on ka kasulik uudiste rubriik, kus on ajakohastatud teavet viisavajaduste ja erinevates maailma riikides elamise kohta.<\/li>\n<li> Liikmelisus rahvusvahelistes tunnustatud liikumisorganisatsioonides: <strong>Jah<\/strong>, vt eespool.<\/li>\n<li> Klientide ja\/v\u00f5i varasemate klientide soovitused: <strong>Osaline<\/strong> Klientide nimekiri puudub, kuid veebilehel on mitmeid klientide iseloomustusi.<\/li>\n<\/ol>\n<div itemprop=\"reviewRating\" itemscope itemtype=\"http:\/\/schema.org\/Rating\"><meta itemprop=\"worstRating\" content = \"0\" \/><meta itemprop=\"bestRating\" content=\"5\" \/><meta itemprop=\"ratingValue\" content=\"4.5\"><\/div>\n<p><strong>\u00dcldine hinne: 4.5\/5<\/strong><br \/>\n<strong>L\u00e4bivaatamise kuup\u00e4ev:<\/strong> <span itemprop=\"datePublished\" content=\"2016-05-22\">22\/05\/2016<\/span>\n<\/div>\n<p>Rohkem infot <a href=\"https:\/\/moverdb.com\/et\/rahvusvahelised-kolimised\/\">\u00dchendkuningriigi kolimisfirmad<\/a> ja meie <a href=\"https:\/\/moverdb.com\/et\/arvustused\/\">l\u00e4bivaatamisprotsessi selgitamine<\/a>.<\/p>\n<p><strong>Veebileht:<\/strong> <a href=\"http:\/\/www.sterling.com\/\" target=\"_blank\" rel=\"noopener\">http:\/\/www.sterling.com\/<\/a><\/p>","protected":false},"excerpt":{"rendered":"<p>Sterling offers international employers an easy way to relocate their staff worldwide. Their services are listed below, together with customer reviews and a company profile. Relocation Services Assignment Management Cross Culture Training Departure Services Education Assistance Expense Management Furniture Rental Guaranteed Home Sale Home Finding Service Immigration, Visa and Work Permits Language Training Move Management [&hellip;]<\/p>\n","protected":false},"author":1,"featured_media":0,"parent":0,"menu_order":0,"comment_status":"closed","ping_status":"closed","template":"","meta":{"_genesis_hide_title":false,"_genesis_hide_breadcrumbs":false,"_genesis_hide_singular_image":false,"_genesis_hide_footer_widgets":false,"_genesis_custom_body_class":"","_genesis_custom_post_class":"","_genesis_layout":"","footnotes":""},"class_list":{"0":"post-348","1":"page","2":"type-page","3":"status-publish","5":"entry"},"_links":{"self":[{"href":"https:\/\/moverdb.com\/et\/wp-json\/wp\/v2\/pages\/348","targetHints":{"allow":["GET"]}}],"collection":[{"href":"https:\/\/moverdb.com\/et\/wp-json\/wp\/v2\/pages"}],"about":[{"href":"https:\/\/moverdb.com\/et\/wp-json\/wp\/v2\/types\/page"}],"author":[{"embeddable":true,"href":"https:\/\/moverdb.com\/et\/wp-json\/wp\/v2\/users\/1"}],"replies":[{"embeddable":true,"href":"https:\/\/moverdb.com\/et\/wp-json\/wp\/v2\/comments?post=348"}],"version-history":[{"count":15,"href":"https:\/\/moverdb.com\/et\/wp-json\/wp\/v2\/pages\/348\/revisions"}],"predecessor-version":[{"id":6240,"href":"https:\/\/moverdb.com\/et\/wp-json\/wp\/v2\/pages\/348\/revisions\/6240"}],"wp:attachment":[{"href":"https:\/\/moverdb.com\/et\/wp-json\/wp\/v2\/media?parent=348"}],"curies":[{"name":"wp","href":"https:\/\/api.w.org\/{rel}","templated":true}]}}