{"id":347,"date":"2016-05-22T19:43:53","date_gmt":"2016-05-22T19:43:53","guid":{"rendered":"http:\/\/moverdb.com\/?page_id=347"},"modified":"2026-01-08T15:20:38","modified_gmt":"2026-01-08T15:20:38","slug":"santa-fe-relokatsioon","status":"publish","type":"page","link":"https:\/\/moverdb.com\/et\/santa-fe-relocation\/","title":{"rendered":"Santa Fe Relocation Services Rahvusvaheline kolimine ja kolimine Arvamused"},"content":{"rendered":"<p>Santa Fe Relocation Services on k\u00f5rgetasemeline kolimisfirma. Selle paljud kolimisteenused on loetletud allpool koos ettev\u00f5tte profiili ja klientide hinnangutega.<\/p>\n<p><strong>\u00dclemaailmsed liikuvusteenused<\/strong><\/p>\n<ul>\n<li> \u00dclemaailmne \u00fcmberpaigutamine ja DSP haldamine kogu maailmas<\/li>\n<li> Viisa ja sisser\u00e4nde haldamine<\/li>\n<li> Liikumise juhtimine eraisikutele ja ettev\u00f5tte t\u00f6\u00f6tajatele<\/li>\n<\/ul>\n<p><strong>Kolimis- ja ladustamisteenused<\/strong><\/p>\n<ul>\n<li> Rahvusvaheline kolimine<\/li>\n<li> Siseriiklik ja kohalik kolimine<\/li>\n<li> Ladustamine<\/li>\n<li> Lemmikloomade \u00fcmberpaigutamine<\/li>\n<li> <a href=\"https:\/\/moverdb.com\/et\/autoveo-laevandus\/\">S\u00f5iduki vedu<\/a><\/li>\n<li> Lingid kaitsekatte kohta<\/li>\n<li> K\u00e4sit\u00f6\u00f6line ja valvuriteenused<\/li>\n<li> M\u00f6\u00f6bli rentimine<\/li>\n<li> Tipptasemel kolimis- ja ladustamisteenused<\/li>\n<\/ul>\n<p><strong>\u00dcmberpaigutamise teenused<\/strong><\/p>\n<ul>\n<li> \u00dchekordne m\u00e4\u00e4ramine<\/li>\n<li> L\u00fchiajalised \u00fclesanded<\/li>\n<li> Kodu otsing<\/li>\n<li> Kooli otsing<\/li>\n<li> Teenuste sisseseadmine<\/li>\n<li> Kontrollnimekiri ja \u00fcmberpaigutamine l\u00fchidalt<\/li>\n<li> Viisa ja sisser\u00e4nne<\/li>\n<li> Sihtkoha juhendid<\/li>\n<\/ul>\n<p><strong>Kaubanduslikud teenused<\/strong><\/p>\n<ul>\n<li> Kontori kolimine<\/li>\n<li> Hotelli sisseseade<\/li>\n<li> N\u00e4itused kogu maailmas<\/li>\n<li> Kunsti ja antiigi kolimine<\/li>\n<li> Eriprojektid, n\u00e4iteks haiglate, s\u00f5jav\u00e4easutuste ja haridusasutuste kolimine.<\/li>\n<\/ul>\n<h2>Santa Fe Relocation Services Ettev\u00f5tte profiil<\/h2>\n<p>Santa Fe pakub \u00fclemaailmsete t\u00f6\u00f6tajate liikuvusteenuseid v\u00e4lismaale l\u00e4hetatud t\u00f6\u00f6tajatele. Ettev\u00f5te on uhke selle \u00fcle, et v\u00f5tab t\u00f6\u00f6tajate \u00fcmberpaigutamisest stressi maha ja uhkustab oma Fortune 500 kliendiga. Ettev\u00f5te teostab aastas umbes 60 000 rahvusvahelist kolimist ja 15 000 riigisisest kolimist. <\/p>\n<p>Santa Fe alustas oma elu aastal <a href=\"https:\/\/moverdb.com\/et\/moving-to-hong-kong\/\" data-internallinksmanager029f6b8e52c=\"350\" title=\"Kolimine Hongkongi? 2023 elamiskulud ja kolimisn\u00f5uanded\">Hongkong<\/a> 1980. aastal. Santa Fe Group on omandanud ettev\u00f5tteid \u00fcle kogu maailma, millest vanim on Wridgways of <a href=\"https:\/\/moverdb.com\/et\/moving-to-australia\/living-in-australia\/\" data-internallinksmanager029f6b8e52c=\"240\" title=\"21 saladusi Austraalias elamise kohta, mida enne kolimist teada tuleb\">Austraalia<\/a> mis asutati 1892. aastal. Santa Fe'l on kontorid kuuel kontinendil, peakontor asub aadressil <a href=\"https:\/\/moverdb.com\/et\/moving-to-london\/\">London<\/a> ning pakub oma klientidele \u00fclemaailmset, piirkondlikku ja kohalikku \u00fcmberpaigutamist. <\/p>\n<p>Santa Fe \u00fcmberpaigutamisteenuste \u00fchendused ja akrediteeringud:<\/p>\n<ul>\n<li> <a href=\"https:\/\/moverdb.com\/et\/tootajate-umberpaigutamise-noukogu\/\">\u00dclemaailmne ERC<\/a><\/li>\n<li> <a href=\"https:\/\/moverdb.com\/et\/eura\/\">Euroopa \u00dcmberpaigutamise Assotsiatsioon<\/a> (<a href=\"https:\/\/moverdb.com\/et\/eura\/\" data-internallinksmanager029f6b8e52c=\"13\" title=\"Euroopa \u00dcmberpaigutamise Assotsiatsiooni (EuRA) selgitused\">EuRA<\/a>)<\/li>\n<li> <a href=\"https:\/\/moverdb.com\/et\/fidi-faim\/\">Rahvusvaheliste kolimisfirmade \u00fclemaailmne f\u00f6deratsioon<\/a> (<a href=\"https:\/\/moverdb.com\/et\/fidi-faim\/\" data-internallinksmanager029f6b8e52c=\"16\" title=\"FIDI &amp; FAIM (FIDI akrediteeritud rahvusvaheline kolija) selgitatud\">FIDI<\/a>)<\/li>\n<li> <a href=\"https:\/\/moverdb.com\/et\/fidi-faim\/\">FIDI-FAIM ja FAIM Plus akrediteeritud<\/a><\/li>\n<li> <a href=\"https:\/\/moverdb.com\/et\/olen\/\">Rahvusvaheline kolijate liit (IAM)<\/a><\/li>\n<li> <a href=\"https:\/\/moverdb.com\/et\/lacma\/\">LACMA<\/a><\/li>\n<li> ISO9001 kvaliteedijuhtimine<\/li>\n<li> ISO14001 keskkonnajuhtimine<\/li>\n<li> OHSAS18001 T\u00f6\u00f6tervishoiu ja t\u00f6\u00f6ohutuse juhtimine<\/li>\n<li> ISO27001 andmeturve<\/li>\n<\/ul>\n<h2>Santa Fe \u00fcmberpaigutamisteenused Arvamused<\/h2>\n<p><strong>Positiivne<\/strong><\/p>\n<p><em>\"Santa Fe'l on Berliini meeskond (<a href=\"https:\/\/moverdb.com\/et\/moving-to-germany\/\" data-internallinksmanager029f6b8e52c=\"321\" title=\"Kolimine Saksamaale? 2023 elamiskulud ja kolimisn\u00f5uanded\">Saksamaa<\/a>) ja nad t\u00f5mbasid mind oma teenusega t\u00f5esti \u00f5hku. H\u00e4rra H. Schulz ja proua A. Hoenow viisid minu kolimise sujuvalt, t\u00f5husalt ja alati s\u00f5braliku suhtumisega l\u00e4bi.\"<\/em> Dot Stein kaudu <a href=\"http:\/\/www.mymovingreviews.com\/movingreviews\/simply-the-best-51520\" target=\"_blank\" rel=\"noopener\">MyMovingReviews<\/a><\/p>\n<p><em>\"Protsessi algusest l\u00f5puni oli pakutav teenus professionaalne ja abivalmis ning meeskond tegi k\u00f5ik endast oleneva, et kolimine toimuks kvaliteetselt.\"<\/em> Linda, Melbourne kaudu <a href=\"http:\/\/www.productreview.com.au\/p\/santa-fe-wridgways.html\" target=\"_blank\" rel=\"noopener\">Toote \u00fclevaade<\/a><\/p>\n<p><strong>Negatiivne<\/strong><\/p>\n<p><em>\"\u00c4RGE KASUTAGE. Firma, kellega nad s\u00f5lmisid lepingu (Roy Trevor Removals), h\u00e4vitas t\u00e4ielikult minu uhiuusid puitp\u00f5randad ja tegelikult p\u00fc\u00fcdis s\u00fc\u00fcdistada <a href=\"https:\/\/moverdb.com\/et\/moving-to-the-united-states\/\" data-internallinksmanager029f6b8e52c=\"94\" title=\"Kolimine Ameerika \u00dchendriikidesse? 2022 Elamiskulud ja kolimisn\u00f5uanded\">us<\/a> kahju eest.\"<\/em> Pamela Rollins kaudu <a href=\"http:\/\/www.mymovingreviews.com\/movingreviews\/horrible-damage-to-floors-51782\" target=\"_blank\" rel=\"noopener\">MyMovingReviews<\/a><\/p>\n<p><em>\"Tegemist oli rahvusvahelise kolimisega Paapua Uus-Guinea ja Perthi vahel. Me olime 2015. aasta oktoobriks kokku pakitud, \u00fcle 5 kuu on m\u00f6\u00f6das ja meil pole ikka veel k\u00f5iki meie asju.\" <\/em>Liz kaudu <a href=\"http:\/\/www.productreview.com.au\/p\/santa-fe-wridgways.html\" target=\"_blank\" rel=\"noopener\">Toote \u00fclevaade<\/a><\/p>\n<div itemprop=\"review\" itemscope itemtype=\"http:\/\/schema.org\/Review\">\n<span itemprop=\"author\" itemscope=\"\" itemtype=\"http:\/\/schema.org\/Organization\"><span itemprop=\"name\">MoverDB.com<\/span><\/span> Veebilehe \u00fclevaatus veebisaidi jaoks <span itemprop=\"itemreviewed\" itemscope=\"\" itemtype=\"http:\/\/schema.org\/Brand\"><span itemprop=\"name\">Santa Fe \u00fcmberpaigutamise teenused<\/span><\/span>:<\/p>\n<ol>\n<li> Selged kontaktandmed veebisaidil (sh telefoninumber): <strong>Jah<\/strong><\/li>\n<li> Lihtne saada <a href=\"https:\/\/moverdb.com\/et\/tsitaadid\/\">rahvusvaheliste kolimiste hinnapakkumised<\/a>? (veebip\u00f5hine hinnangu taotluse vorm): <strong>Jah<\/strong><\/li>\n<li> Selge teave veebilehel: <strong>Jah<\/strong>. \u00c4\u00e4rmiselt informatiivne veebisait.<\/li>\n<li> Liikmelisus rahvusvahelistes tunnustatud liikumisorganisatsioonides: <strong>Jah<\/strong>, vt eespool.<\/li>\n<li> Klientide ja\/v\u00f5i varasemate klientide soovitused: <strong>Jah<\/strong>, kuigi klientide nimekirja ei ole, on palju positiivseid klienditunnistusi.<\/li>\n<\/ol>\n<div itemprop=\"reviewRating\" itemscope itemtype=\"http:\/\/schema.org\/Rating\"><meta itemprop=\"worstRating\" content = \"0\" \/><meta itemprop=\"bestRating\" content=\"5\" \/><meta itemprop=\"ratingValue\" content=\"5\"><\/div>\n<p><strong>\u00dcldine hinne: 5\/5<\/strong><br \/>\n<strong>L\u00e4bivaatamise kuup\u00e4ev:<\/strong> <span itemprop=\"datePublished\" content=\"2016-05-22\">22\/05\/2016<\/span>\n<\/div>\n<p>Rohkem infot <a href=\"https:\/\/moverdb.com\/et\/rahvusvahelised-kolimised\/\">\u00dchendkuningriigi kolimisfirmad<\/a> ja meie <a href=\"https:\/\/moverdb.com\/et\/arvustused\/\">l\u00e4bivaatamisprotsessi selgitamine<\/a>.<\/p>\n<p><strong>Veebileht:<\/strong> <a href=\"http:\/\/www.santaferelo.com\/\" target=\"_blank\" rel=\"noopener\">http:\/\/www.santaferelo.com\/<\/a><\/p>","protected":false},"excerpt":{"rendered":"<p>Santa Fe Relocation Services is a high-end relocation company. It&#8217;s many removal services are listed below, together with a company profile and customer reviews. Global Mobility Services Global relocation and DSP management worldwide Visa and immigration management Move management for individuals and corporate employees Moving and Storage Services International Moving Domestic and Local Moving Storage [&hellip;]<\/p>\n","protected":false},"author":1,"featured_media":0,"parent":0,"menu_order":0,"comment_status":"closed","ping_status":"closed","template":"","meta":{"_genesis_hide_title":false,"_genesis_hide_breadcrumbs":false,"_genesis_hide_singular_image":false,"_genesis_hide_footer_widgets":false,"_genesis_custom_body_class":"","_genesis_custom_post_class":"","_genesis_layout":"","footnotes":""},"class_list":{"0":"post-347","1":"page","2":"type-page","3":"status-publish","5":"entry"},"_links":{"self":[{"href":"https:\/\/moverdb.com\/et\/wp-json\/wp\/v2\/pages\/347","targetHints":{"allow":["GET"]}}],"collection":[{"href":"https:\/\/moverdb.com\/et\/wp-json\/wp\/v2\/pages"}],"about":[{"href":"https:\/\/moverdb.com\/et\/wp-json\/wp\/v2\/types\/page"}],"author":[{"embeddable":true,"href":"https:\/\/moverdb.com\/et\/wp-json\/wp\/v2\/users\/1"}],"replies":[{"embeddable":true,"href":"https:\/\/moverdb.com\/et\/wp-json\/wp\/v2\/comments?post=347"}],"version-history":[{"count":14,"href":"https:\/\/moverdb.com\/et\/wp-json\/wp\/v2\/pages\/347\/revisions"}],"predecessor-version":[{"id":6235,"href":"https:\/\/moverdb.com\/et\/wp-json\/wp\/v2\/pages\/347\/revisions\/6235"}],"wp:attachment":[{"href":"https:\/\/moverdb.com\/et\/wp-json\/wp\/v2\/media?parent=347"}],"curies":[{"name":"wp","href":"https:\/\/api.w.org\/{rel}","templated":true}]}}