{"id":3392,"date":"2019-09-20T11:37:54","date_gmt":"2019-09-20T11:37:54","guid":{"rendered":"https:\/\/moverdb.com\/?page_id=3392"},"modified":"2026-01-08T14:39:59","modified_gmt":"2026-01-08T14:39:59","slug":"international-van-lines","status":"publish","type":"page","link":"https:\/\/moverdb.com\/et\/international-van-lines\/","title":{"rendered":"International Van Lines (IVL): Relocation &amp; Moving Reviews"},"content":{"rendered":"<p><img loading=\"lazy\" decoding=\"async\" width=\"700\" height=\"158\" src=\"https:\/\/moverdb.com\/wp-content\/uploads\/International-Van-Lines-Logo.png\" alt=\"International Van Lines Logo\" class=\"aligncenter size-full wp-image-3389\" data-wp-pid=\"3389\" srcset=\"https:\/\/moverdb.com\/wp-content\/uploads\/International-Van-Lines-Logo.png 700w, https:\/\/moverdb.com\/wp-content\/uploads\/International-Van-Lines-Logo-300x68.png 300w, https:\/\/moverdb.com\/wp-content\/uploads\/International-Van-Lines-Logo-600x135.png 600w\" sizes=\"auto, (max-width: 700px) 100vw, 700px\" \/><\/p>\n<p>International Van Lines on 2000. aastal asutatud ameerika p\u00e4ritolu kolija, mis on n\u00fc\u00fcdseks \u00fcks suurimaid <a href=\"https:\/\/moverdb.com\/et\/moving-companies\/\" data-internallinksmanager029f6b8e52c=\"79\" title=\"Top 25 rahvusvahelist kolimisfirmat Internetis\">rahvusvahelised kolimisfirmad<\/a> maailmas. Consumer Advocate on hinnanud neid 2017., 2018. ja 2019. aastal parimaks kolimisfirmaks.<\/p>\n<p>Siin on m\u00f5ned teenused, mida nad pakuvad:<\/p>\n<p><a href=\"https:\/\/moverdb.com\/et\/konteiner-laevandus\/\"><strong>T\u00e4ieliku konteineri laadimise (FCL) laevandus<\/strong><\/a><\/p>\n<ul>\n<li> Kuivad konteinerid<\/li>\n<li> Saadaval on 20\u2032 ja 40\u2032 valikud<\/li>\n<li> Ukselt-uksele teenus v\u00f5i elav koormus (DIY)<\/li>\n<li> Federal Maritime Commission'i poolt litsentseeritud kui <a href=\"https:\/\/moverdb.com\/et\/freight-forwarder\/\" data-internallinksmanager029f6b8e52c=\"17\" title=\"Ekspedeerija ja NVOCC rahvusvaheliste kulude ja ettev\u00f5tete juhend\">ekspediitor<\/a>.<\/li>\n<\/ul>\n<p><strong>Ookeani kaubavedu<\/strong><\/p>\n<ul>\n<li> Ukselt uksele<\/li>\n<li> Uksele <a href=\"https:\/\/moverdb.com\/et\/top-49-container-ports\/\" data-internallinksmanager029f6b8e52c=\"80\" title=\"Top 49 suurimat ja tihedaima liiklusega konteinersadamat 2025. aastal\">Sadam<\/a><\/li>\n<li> Sadamast ukseni<\/li>\n<li> Sadamast sadamasse<\/li>\n<\/ul>\n<p><strong>Lennutransporditeenused<\/strong><\/p>\n<ul>\n<li> K\u00e4sitleda nii lennutransporti kui ka ekspressvedu<\/li>\n<li> Kas m\u00f5ned laevakastid v\u00f5i terve majapidamine<\/li>\n<li> Pakkuda ukselt uksele, ukselt terminalile, terminalilt uksele v\u00f5i terminalilt terminalile teenuseid.<\/li>\n<li> K\u00f5ik majapidamistarbed pakitakse kokku ja pannakse enne laadimist kaubaalustele.<\/li>\n<li> Hoolitsege k\u00f5igi tollivormistamiseks vajalike dokumentide eest.<\/li>\n<\/ul>\n<p><a href=\"https:\/\/moverdb.com\/et\/autoveo-laevandus\/\"><strong>Autolaevandus<\/strong><\/a><\/p>\n<ul>\n<li> <a href=\"https:\/\/moverdb.com\/et\/container-shipping\/\" data-internallinksmanager029f6b8e52c=\"3\" title=\"Rahvusvaheliste konteinerite veohindade graafik: aprill 2026\">Konteinerveod<\/a><\/li>\n<li> Konsolideerimisteenus<\/li>\n<li> Rullimine ja mahalaadimine (RO\/RO)<\/li>\n<li> Tollivormistusdokumentatsioon<\/li>\n<li> Kindlustusv\u00f5imalused<\/li>\n<\/ul>\n<p><strong>Kaugliini kolimisteenused<\/strong><\/p>\n<ul>\n<li> Liigutuste puhul, mis toimuvad <a href=\"https:\/\/moverdb.com\/et\/moving-to-the-united-states\/\" data-internallinksmanager029f6b8e52c=\"94\" title=\"Kolimine Ameerika \u00dchendriikidesse? 2022 Elamiskulud ja kolimisn\u00f5uanded\">Ameerika \u00dchendriigid<\/a><\/li>\n<li> Pakkimine<\/li>\n<li> Ladustamine<\/li>\n<li> Crating<\/li>\n<li> Eriala teenused<\/li>\n<\/ul>\n<p><strong>Muud teenused<\/strong><\/p>\n<ul>\n<li> Ettev\u00f5tte \u00fcmberpaigutamine<\/li>\n<li> B\u00fcroo kolib<\/li>\n<li> Valitsuse ja s\u00f5jav\u00e4e liikumised<\/li>\n<li> Vedaja ja maakleri teenused<\/li>\n<\/ul>\n<h2>International Van Lines Ettev\u00f5tte profiil<\/h2>\n<p>International Van Lines v\u00e4idab, et tegeleb \u00fcle 10 000 kolimisega aastas, kusjuures kaebuste arv on alla 1%. Nad katavad kogu Ameerika \u00dchendriike ja \u00fcle 180 riigi. Nad on tegutsenud rahvusvahelises kolimistegevuses alates 2000. aastast ja laiendasid 2004. aastal riigisiseste pikamaakolimiste pakkumist. Praegu t\u00f6\u00f6tab neil \u00fcle 200 inimese ja nad olid 2012. aastal INC 5000 k\u00f5ige kiiremini kasvavate ettev\u00f5tete nimekirjas USAs. <\/p>\n<p>International Van Linesil on ka suurep\u00e4rased hinnangud <a href=\"https:\/\/uk.trustpilot.com\/review\/www.internationalvanlines.com\" rel=\"noopener noreferrer\" target=\"_blank\">Trustpilot<\/a> (4,3 punkti 5-st), <a href=\"https:\/\/www.move.org\/international-van-lines-review\/\" rel=\"noopener noreferrer\" target=\"_blank\">Move.org<\/a> (4,7 punkti 5-st) ja <a href=\"https:\/\/www.consumeraffairs.com\/homeowners\/international-van-lines.html\" rel=\"noopener noreferrer\" target=\"_blank\">Tarbijakaitse<\/a> (4 punkti 5-st). Seega, kui te liigute USAsse v\u00f5i USAst, siis tasub neilt k\u00fcsida hinnapakkumist.<\/p>\n<p>Nad on akrediteeritud j\u00e4rgmiselt:<\/p>\n<ul>\n<li> Litsentseeritud <a href=\"https:\/\/safer.fmcsa.dot.gov\/query.asp?searchtype=ANY&#038;query_type=queryCarrierSnapshot&#038;query_param=USDOT&#038;query_string=2293832\" rel=\"noopener noreferrer\" target=\"_blank\">DOT Carrier<\/a><\/li>\n<li> <a href=\"https:\/\/moverdb.com\/et\/ekspediitor\/\">NVOCC<\/a> (laevaga mitteseotud tavavedaja) litsents<\/li>\n<li> FMC (F\u00f6deraalne merenduskomisjon) <\/li>\n<li> <a href=\"https:\/\/moverdb.com\/et\/rim-promover\/\">ProMover<\/a><\/li>\n<\/ul>\n<h2>International Van Lines Arvamused<\/h2>\n<p><strong>Positiivne:<\/strong><\/p>\n<ul>\n<li> <em>\"IVL tegi minu kaugkolimisega suurep\u00e4rast t\u00f6\u00f6d. Meeskond oli \u00f5igeaegne, pakkis h\u00e4sti ja tegi seda, mida lubas. Kasutaksin neid vajadusel uuesti.\"<\/em> - Martha B. ettev\u00f5tte veebilehe kaudu<\/li>\n<li> <em>\"International Van Lines toimetas hiljuti minu asjad kohale. P\u00e4rast kontrollimist ei olnud mul mingeid kahjustusi ega kadusid, mis on suurep\u00e4rane.\"<\/em> - IVY Powers kaudu Move.org <\/li>\n<li> <em>\"J\u00e4in IVL-i kogemusega rahule ja kaaluksin neid, kui peaksin v\u00e4lismaale vedama v\u00f5i kolima.\"<\/em> - Jeff l\u00e4bi tarbijak\u00fcsimuste<\/li>\n<li> <em>\"Kokkuv\u00f5ttes oli minu kogemus suurep\u00e4rane! T\u00f6\u00f6taksin nendega vajadusel uuesti.\"<\/em> - Sade kaudu Trustpliot<\/li>\n<\/ul>\n<p><strong>Negatiivne:<\/strong><\/p>\n<ul>\n<li> <em>\"Ma olen enam kui pettunud ja ei soovita kunagi International Van Lines'i kellelegi.\"<\/em> - Ezeibe kaudu Trustpilot<\/li>\n<li> <em>\"Nad kaotasid vaiba ja muid asju.\"<\/em> - Maritini Dog via Move.org<\/li>\n<li> <em>\"Paha valesuhtlus eesotsas selle kohta, millal nad tegelikult meie asju meie uude majja kolivad\"<\/em> - Erin tarbijakaitse kaudu<\/li>\n<\/ul>\n<div itemprop=\"review\" itemscope itemtype=\"http:\/\/schema.org\/Review\">\n<span itemprop=\"author\" itemscope=\"\" itemtype=\"http:\/\/schema.org\/Organization\"><span itemprop=\"name\">MoverDB.com<\/span><\/span> Veebilehe \u00fclevaatus veebisaidi jaoks <span itemprop=\"itemreviewed\" itemscope=\"\" itemtype=\"http:\/\/schema.org\/Brand\"><span itemprop=\"name\">Rahvusvahelised kaubaveoettev\u00f5tjad<\/span><\/span>:<\/p>\n<ol>\n<li> Selged kontaktandmed veebisaidil (sh telefoninumber): <strong>Jah<\/strong><\/li>\n<li> Lihtne saada <a href=\"https:\/\/moverdb.com\/et\/tsitaadid\/\">rahvusvahelised liikuvad hinnapakkumised<\/a>? (veebip\u00f5hine hinnangu taotluse vorm): <strong>Jah<\/strong><\/li>\n<li> Selge teave veebilehel: <strong>Jah.<\/strong> Kodulehel on selgelt esitatud k\u00f5ik ettev\u00f5tte pakutavad teenused.<\/li>\n<li> Liikmelisus rahvusvahelistes tunnustatud liikumisorganisatsioonides: <strong>Jah<\/strong>, (vt eespool)<\/li>\n<li> Klientide ja\/v\u00f5i varasemate klientide soovitused. <strong>Jah,<\/strong> On veebi\u00fclevaateid oma veebilehel ja neil on ka palju positiivseid kommentaare internetis.<\/li>\n<\/ol>\n<div itemprop=\"reviewRating\" itemscope itemtype=\"http:\/\/schema.org\/Rating\"><meta itemprop=\"worstRating\" content = \"0\" \/><meta itemprop=\"bestRating\" content=\"5\" \/><meta itemprop=\"ratingValue\" content=\"5\"><\/div>\n<p><strong>\u00dcldine hinne: 5\/5<\/strong><br \/>\n<strong>L\u00e4bivaatamise kuup\u00e4ev:<\/strong> <span itemprop=\"datePublished\" content=\"2019-09-20\">20\/09\/2019<\/span>\n<\/div>\n<p>Loe l\u00e4hemalt <a href=\"https:\/\/moverdb.com\/et\/kolimisfirmad\/\">rahvusvahelised kolimisfirmad<\/a>, <a href=\"https:\/\/moverdb.com\/et\/us-canada-movers\/\">kodumaised kolimisfirmad<\/a> ja meie <a href=\"https:\/\/moverdb.com\/et\/arvustused\/\">l\u00e4bivaatamisprotsessi selgitamine<\/a>.<\/p>\n<p><strong>Veebileht:<\/strong> <a href=\"https:\/\/internationalvanlines.com\/\" target=\"_blank\" rel=\"noopener noreferrer\">https:\/\/internationalvanlines.com\/<\/a><\/p>","protected":false},"excerpt":{"rendered":"<p>International Van Lines is an American based mover founded in 2000 and is now one the largest international moving companies in the world. They have been rated as The Best Moving Company by Consumer Advocate in 2017, 2018 and 2019. Here are some of the services they provide: Full Container Load (FCL) Shipping Dry Containers [&hellip;]<\/p>\n","protected":false},"author":1,"featured_media":0,"parent":0,"menu_order":0,"comment_status":"closed","ping_status":"closed","template":"","meta":{"_genesis_hide_title":false,"_genesis_hide_breadcrumbs":false,"_genesis_hide_singular_image":false,"_genesis_hide_footer_widgets":false,"_genesis_custom_body_class":"","_genesis_custom_post_class":"","_genesis_layout":"","footnotes":""},"class_list":{"0":"post-3392","1":"page","2":"type-page","3":"status-publish","5":"entry","6":"has-post-thumbnail"},"_links":{"self":[{"href":"https:\/\/moverdb.com\/et\/wp-json\/wp\/v2\/pages\/3392","targetHints":{"allow":["GET"]}}],"collection":[{"href":"https:\/\/moverdb.com\/et\/wp-json\/wp\/v2\/pages"}],"about":[{"href":"https:\/\/moverdb.com\/et\/wp-json\/wp\/v2\/types\/page"}],"author":[{"embeddable":true,"href":"https:\/\/moverdb.com\/et\/wp-json\/wp\/v2\/users\/1"}],"replies":[{"embeddable":true,"href":"https:\/\/moverdb.com\/et\/wp-json\/wp\/v2\/comments?post=3392"}],"version-history":[{"count":3,"href":"https:\/\/moverdb.com\/et\/wp-json\/wp\/v2\/pages\/3392\/revisions"}],"predecessor-version":[{"id":3396,"href":"https:\/\/moverdb.com\/et\/wp-json\/wp\/v2\/pages\/3392\/revisions\/3396"}],"wp:attachment":[{"href":"https:\/\/moverdb.com\/et\/wp-json\/wp\/v2\/media?parent=3392"}],"curies":[{"name":"wp","href":"https:\/\/api.w.org\/{rel}","templated":true}]}}