{"id":320,"date":"2016-05-17T21:20:57","date_gmt":"2016-05-17T21:20:57","guid":{"rendered":"http:\/\/moverdb.com\/?page_id=320"},"modified":"2026-01-08T14:40:08","modified_gmt":"2026-01-08T14:40:08","slug":"matthew-james","status":"publish","type":"page","link":"https:\/\/moverdb.com\/et\/matthew-james\/","title":{"rendered":"Matthew James globaalsed \u00fcmberpaigutused"},"content":{"rendered":"<p>Matthew James Global Relocations on eraomanduses olev ettev\u00f5te, mis pakub mitmeid teenuseid v\u00e4lismaal ja kohapeal kolivatele eraisikutele ja ettev\u00f5tetele. Selle teenused on loetletud allpool koos ettev\u00f5tte profiili ja \u00fclevaadetega.<\/p>\n<p><strong>Rahvusvahelised \u00fcmberpaigutused<\/strong><\/p>\n<ul>\n<li> T\u00e4ielik ukselt-uksele teenus<\/li>\n<li> Ekspordi pakkimis- ja pakkimisteenused<\/li>\n<li> Pakkimis- ja kokkupanekuteenused<\/li>\n<li> <a href=\"https:\/\/moverdb.com\/et\/container-shipping\/\" data-internallinksmanager029f6b8e52c=\"3\" title=\"Rahvusvaheliste konteinerite veohindade graafik: aprill 2026\">Rahvusvaheline laevandus<\/a> inventuur<\/li>\n<li> Eraldiseisvad ja grupisaadetised<\/li>\n<li> Abi tollivormistamisel<\/li>\n<li> Tellimuslik pakkimine habrastele ja \u00f5rnadele esemetele<\/li>\n<li> Rahvusvaheline s\u00fcvamere kindlustuskaitse<\/li>\n<li> \u00dcldine kindlustuskaitse<\/li>\n<\/ul>\n<p><strong>Euroopa \u00fcmberpaigutused<\/strong><\/p>\n<ul>\n<li> T\u00e4ielik ukselt-uksele teenus<\/li>\n<li> Pakkimine, pakkimine ja lahtipakkimine<\/li>\n<li> <a href=\"https:\/\/moverdb.com\/et\/autoveo-laevandus\/\">S\u00f5iduk<\/a>, paadi- ja jalgrattatransport<\/li>\n<li> Korraldatud kindlustus<\/li>\n<\/ul>\n<p><strong>Kodused kolimised<\/strong><\/p>\n<ul>\n<li> T\u00e4ielik ukselt-uksele teenus<\/li>\n<li> Pakkimine, pakkimine ja lahtipakkimine<\/li>\n<li> Automaatselt kindlustatud kuni 50 000 naelsterlingi ulatuses.<\/li>\n<\/ul>\n<p><strong>Ladustamine Londonis ja <a href=\"https:\/\/moverdb.com\/et\/moving-to-spain\/\" data-internallinksmanager029f6b8e52c=\"266\" title=\"Kolimine Hispaaniasse? 2023 elamiskulud ja kolimisn\u00f5uanded\">Hispaania<\/a><\/strong><\/p>\n<ul>\n<li> Konteinerladustamine<\/li>\n<li> Self-storage<\/li>\n<li> Arhiivi ladustamine<\/li>\n<\/ul>\n<h2>Matthew James Ettev\u00f5tte profiil<\/h2>\n<p>Matthew James Global Relocations on kolinud inimesi \u00fcle maailma juba kolm p\u00f5lvkonda. Nad katavad usaldusv\u00e4\u00e4rsete \u00fclemaailmsete partnerlussuhete kaudu \u00fcle 25 000 sihtkoha enam kui 300 riigis. Ettev\u00f5te on spetsialiseerunud kolimistele Hispaaniasse ja tal on seal kolm kontorit.<\/p>\n<p>T\u00e4nane tegevdirektor Matthew De-Machen on juba poisikesest saadik olnud veoautode vastu kirglik ja see on ka ettev\u00f5ttesse integreeritud. <\/p>\n<p>Ettev\u00f5te on saanud kuulsaks oma kvaliteetsete kohandatud s\u00f5idukite poolest ja seal on isegi mudelautosid v\u00f5imalik osta. Matthew De-Macheni kirg veoautode t\u00e4iuslikkuse vastu on kandunud \u00fcle Matthew Jamesi ettev\u00f5ttesse, kus ettev\u00f5te v\u00e4idab, et ainult t\u00e4iuslikkus on piisav.<\/p>\n<p>Matthew James Relocation Services liitumised ja akrediteeringud:<\/p>\n<ul>\n<li> <a href=\"https:\/\/moverdb.com\/et\/british-association-of-removers\/\">Briti kolijate \u00fchendus (BAR)<\/a><\/li>\n<li> <a href=\"https:\/\/moverdb.com\/et\/olen\/\">Rahvusvaheline kolijate \u00fchendus (IAM)<\/a><\/li>\n<li> <a href=\"https:\/\/moverdb.com\/et\/bar-overseas\/\">Briti kolijate assotsiatsioon - rahvusvaheline assotsiatsioon<\/a><\/li>\n<li> QAS International<\/li>\n<li> <a href=\"https:\/\/moverdb.com\/et\/fedemac\/\">Fedemac Euroopa kolijad<\/a><\/li>\n<li> Fleet Operators Recognition Scheme (FORS) - Gold<\/li>\n<li> Kvaliteeditagatud teenuse standard - M\u00f6\u00f6bli kolimistoimingud ja \u00fclemeremaade kolimisteenused<\/li>\n<li> Kauplemisstandardite Instituut (KTK)<\/li>\n<\/ul>\n<h2>Matthew James \u00fcmberpaigutamine Arvamused<\/h2>\n<p><strong>Positiivne<\/strong><\/p>\n<ul>\n<li> <em>\"V\u00e4ga viisakas m\u00f5lemas otsas. K\u00f5ik meie asjad n\u00e4ivad olevat reisi \u00fcle elanud\"<\/em> - kaudu. <a href=\"http:\/\/www.referenceline.com\/removers_removals-in-dartford-matthewjamesremovalsstorageltd-14758\" target=\"_blank\" rel=\"noopener\">Viidetee<\/a>.<\/li>\n<li> <em>\"professionaalne, viisakas, t\u00f5hus, r\u00f5\u00f5msameelne\"<\/em> - kaudu. <a href=\"https:\/\/www.trustedmover.org\/questionnaire\/7167\" target=\"_blank\" rel=\"noopener\">Usaldusv\u00e4\u00e4rne kolija<\/a><\/li>\n<li> <em>\"Mul on ainult kiidus\u00f5nu selle eest, kuidas Mathew Jamesi t\u00f6\u00f6tajad minu kolimist korraldasid, alates esialgsest konsultatsioonist, hinnapakkumisest ja pakkimisest kuni kohaletoimetamiseni.\"<\/em> - kaudu. <a href=\"http:\/\/www.reviews.co.uk\/company-reviews\/store\/matthew-james-removals\" target=\"_blank\" rel=\"noopener\">Reviews.co.uk<\/a><\/li>\n<\/ul>\n<p><strong>Negatiivne<\/strong><\/p>\n<ul>\n<li> <em>\"T\u00e4ielik hoolimatus klientide suhtes ja absoluutne hoolimatus.\"<\/em> - kaudu. <a href=\"https:\/\/www.yell.com\/biz\/matthew-james-removals-and-storage-dartford-8459632\/\" target=\"_blank\" rel=\"noopener\">Yell<\/a><\/li>\n<\/ul>\n<div itemprop=\"review\" itemscope itemtype=\"http:\/\/schema.org\/Review\">\n<span itemprop=\"author\" itemscope=\"\" itemtype=\"http:\/\/schema.org\/Organization\"><span itemprop=\"name\">MoverDB.com<\/span><\/span> Veebilehe \u00fclevaatus veebisaidi jaoks <span itemprop=\"itemreviewed\" itemscope=\"\" itemtype=\"http:\/\/schema.org\/Brand\"><span itemprop=\"name\">Matthew James kolimised<\/span><\/span>:<\/p>\n<ol>\n<li> Selged kontaktandmed veebisaidil (sh telefoninumber): <strong>Jah<\/strong><\/li>\n<li> Lihtne saada <a href=\"https:\/\/moverdb.com\/et\/tsitaadid\/\">rahvusvaheliste kolimiste hinnapakkumised<\/a>? (veebip\u00f5hine hinnangu taotluse vorm): <strong>Jah<\/strong><\/li>\n<li> Selge teave veebilehel: <strong>Osaliselt.<\/strong> Veebisait ei sisalda palju kasulikku teavet ja soovitab \u00fcksikasjade saamiseks v\u00f5tta \u00fchendust ettev\u00f5ttega.<\/li>\n<li> Liikmelisus rahvusvahelistes tunnustatud liikumisorganisatsioonides: <strong>Jah<\/strong>, vt eespool.<\/li>\n<li> Klientide ja\/v\u00f5i varasemate klientide soovitused: <strong>Osaliselt.<\/strong> Veebisaidil ei ole klientide nimekirja, kuid teid suunatakse ReferenceLine'ile, et vaadata iseloomustusi.<\/li>\n<\/ol>\n<div itemprop=\"reviewRating\" itemscope itemtype=\"http:\/\/schema.org\/Rating\"><meta itemprop=\"worstRating\" content = \"0\" \/><meta itemprop=\"bestRating\" content=\"5\" \/><meta itemprop=\"ratingValue\" content=\"4.5\"><\/div>\n<p><strong>\u00dcldine hinne: 4.5\/5<\/strong><br \/>\n<strong>L\u00e4bivaatamise kuup\u00e4ev:<\/strong> <span itemprop=\"datePublished\" content=\"2016-05-017\">17\/05\/2016<\/span><\/p>\n<\/div>\n<p>Rohkem infot <a href=\"https:\/\/moverdb.com\/et\/rahvusvahelised-kolimised\/\">\u00dchendkuningriigi kolimisfirmad<\/a> ja meie <a href=\"https:\/\/moverdb.com\/et\/arvustused\/\">l\u00e4bivaatamisprotsessi selgitamine<\/a>.<\/p>\n<p><strong>Veebileht:<\/strong> <a href=\"http:\/\/www.matthewjamesremovals.com\/\" target=\"_blank\" rel=\"noopener\">http:\/\/www.matthewjamesremovals.com\/<\/a><\/p>","protected":false},"excerpt":{"rendered":"<p>Matthew James Global Relocations is a privately owned company which offers many services for individuals and companies moving abroad and locally. Its services are listed below, together with a company profile and reviews. International Relocations Complete door to door service Export packing and wrapping services Unpacking and reassembly services International shipping inventory Dedicated and Groupage [&hellip;]<\/p>\n","protected":false},"author":1,"featured_media":0,"parent":0,"menu_order":0,"comment_status":"closed","ping_status":"closed","template":"","meta":{"_genesis_hide_title":false,"_genesis_hide_breadcrumbs":false,"_genesis_hide_singular_image":false,"_genesis_hide_footer_widgets":false,"_genesis_custom_body_class":"","_genesis_custom_post_class":"","_genesis_layout":"","footnotes":""},"class_list":{"0":"post-320","1":"page","2":"type-page","3":"status-publish","5":"entry"},"_links":{"self":[{"href":"https:\/\/moverdb.com\/et\/wp-json\/wp\/v2\/pages\/320","targetHints":{"allow":["GET"]}}],"collection":[{"href":"https:\/\/moverdb.com\/et\/wp-json\/wp\/v2\/pages"}],"about":[{"href":"https:\/\/moverdb.com\/et\/wp-json\/wp\/v2\/types\/page"}],"author":[{"embeddable":true,"href":"https:\/\/moverdb.com\/et\/wp-json\/wp\/v2\/users\/1"}],"replies":[{"embeddable":true,"href":"https:\/\/moverdb.com\/et\/wp-json\/wp\/v2\/comments?post=320"}],"version-history":[{"count":12,"href":"https:\/\/moverdb.com\/et\/wp-json\/wp\/v2\/pages\/320\/revisions"}],"predecessor-version":[{"id":13173,"href":"https:\/\/moverdb.com\/et\/wp-json\/wp\/v2\/pages\/320\/revisions\/13173"}],"wp:attachment":[{"href":"https:\/\/moverdb.com\/et\/wp-json\/wp\/v2\/media?parent=320"}],"curies":[{"name":"wp","href":"https:\/\/api.w.org\/{rel}","templated":true}]}}