{"id":303,"date":"2016-05-03T20:16:23","date_gmt":"2016-05-03T20:16:23","guid":{"rendered":"http:\/\/moverdb.com\/?page_id=303"},"modified":"2026-01-08T13:18:30","modified_gmt":"2026-01-08T13:18:30","slug":"harrow-green","status":"publish","type":"page","link":"https:\/\/moverdb.com\/et\/harrow-green\/","title":{"rendered":"Harrow Green International Moving &amp; Removals Arvamused"},"content":{"rendered":"<p>Harrow Green on spetsialiseerunud peamiselt ettev\u00f5tete kolimistele, nii siseriiklikele kui ka rahvusvahelistele kolimistele. Allpool on esitatud nende p\u00f5hiteenused koos ettev\u00f5tte kohta k\u00e4ivate arvustustega.<\/p>\n<h2>Harrow Green kolimisteenused<\/h2>\n<p><strong>Rahvusvaheline kolimine<\/strong><\/p>\n<ul>\n<li> Pakkimisteenused<\/li>\n<li> Transport<\/li>\n<li> Ladustamisteenused<\/li>\n<li> Sihtkoha pakett<\/li>\n<li> Kindlustus<\/li>\n<li> Sihtkohateenused, nagu k\u00e4sit\u00f6\u00f6line, kodu otsimine ja lemmikloomade \u00fcmberpaigutamine<\/li>\n<\/ul>\n<p><strong>\u00c4ri\u00fchingute kolimine<\/strong><\/p>\n<ul>\n<li> Ruumide planeerimine<\/li>\n<li> Uue m\u00f6\u00f6bli tarnimine<\/li>\n<li> Olemasoleva m\u00f6\u00f6bli demonteerimine ja kokkupanek<\/li>\n<li> Soovimatute seadmete keskkonnas\u00f5bralik k\u00f5rvaldamine<\/li>\n<li> Ringlussev\u00f5tu ja korduvkasutuse programmid<\/li>\n<li> Off-site ladustamislahendused<\/li>\n<li> Kastide rentimine<\/li>\n<\/ul>\n<p><strong>Tehnoloogia \u00fcmberpaigutamine<\/strong><\/p>\n<ul>\n<li> P\u00f5hiteenus h\u00f5lmab arvutid, t\u00f6\u00f6jaamad ja k\u00f5ik perifeerseadmed (nt printerid ja skannerid), samuti lauaarvutite k\u00f5ne- ja andmesideseadmed.<\/li>\n<li> \u00dcksikasjalik kolimiseelne audit<\/li>\n<li> S\u00fcsteemi uuendamine<\/li>\n<\/ul>\n<p><strong>Ringlussev\u00f5tt ja korduvkasutamine<\/strong><\/p>\n<ul>\n<li> Heategevuslik annetus<\/li>\n<li> Edasim\u00fc\u00fck<\/li>\n<li> \u00dcmberehitus<\/li>\n<li> Taaskasutamine<\/li>\n<li> Kontori vabastamine<\/li>\n<\/ul>\n<p><strong>Ladustamisteenused<\/strong><\/p>\n<ul>\n<li> M\u00f6\u00f6bli ladustamine<\/li>\n<li> Varude kontroll ja haldamine<\/li>\n<li> Muinsuskaitse ja spetsiaalne ladustamine<\/li>\n<\/ul>\n<p><strong>Dokumentide haldamine<\/strong><\/p>\n<ul>\n<li> Dokumentide s\u00e4ilitamine<\/li>\n<li> Online dokumendij\u00e4lgimine<\/li>\n<li> Skaneerimine n\u00f5udmisel<\/li>\n<li> Dokumentide s\u00e4ilitamise turvalisus<\/li>\n<li> P\u00e4randi turvalisus<\/li>\n<li> Pilvem\u00e4lu<\/li>\n<li> Lindi ladustamine<\/li>\n<li> Kodukontor ja isiklik<\/li>\n<\/ul>\n<h2>Harrow Green Ettev\u00f5tte profiil<\/h2>\n<p>Harrow Greenil on kolm aastak\u00fcmmet kogemust ettev\u00f5tete \u00fcmberpaigutamise alal ning ta on aastate jooksul laiendanud oma teenuseid, et vastata klientide ja nende kasvavate organisatsioonide vajadustele. <\/p>\n<p>Nad kirjeldavad end kui kaubandusliku liikumissektori esirinda. Harrow Green on juba 20 aastat olnud UBSi t\u00e4ielikult integreeritud teenuste osutamise partner.<\/p>\n<p>Ettev\u00f5te alustas 1980. aastatel IT-kolimiste korraldamisega, lisades 1990. aastatel dokumendihalduse ja rahvusvahelise kolimise osakonna. Harrow Green keskendub peamiselt ettev\u00f5tete, peamiselt ettev\u00f5tete, avaliku sektori ja VKEde kolimistele. <\/p>\n<p>Siiski pakub ta piiratud ulatuses isiklikke teenuseid. <\/p>\n<p>Harrow Green on alates 2012. aasta veebruarist osa Restore plc-st, mille eesm\u00e4rk on olla turuliidriks. <a href=\"https:\/\/moverdb.com\/et\/moving-to-the-uk\/\" data-internallinksmanager029f6b8e52c=\"93\" title=\"Kolimine \u00dchendkuningriiki? 2022 Elamiskulud ja kolimisn\u00f5uanded\">UK<\/a> kontoriteenuste r\u00fchm. Restore plc on AIMil noteeritud tugiteenuste ettev\u00f5te, mis viidi b\u00f6rsile 2004. aastal.<\/p>\n<p><strong>Auhinnad<\/strong><\/p>\n<ul>\n<li> PFM Partnership Awards finalist<\/li>\n<li> Aasta kommertsliikleja 2014<\/li>\n<li> Parima innovatsiooni auhind FM-teenuste valdkonnas<\/li>\n<li> BIFMi parima ettev\u00f5tte toetaja auhind<\/li>\n<li> Best Companies nimetas meid \"\u00fcheks, keda tuleb j\u00e4lgida\".<\/li>\n<li> EMMA kandidaatide nimekirjas <a href=\"https:\/\/moverdb.com\/et\/moving-companies\/\" data-internallinksmanager029f6b8e52c=\"79\" title=\"Top 25 rahvusvahelist kolimisfirmat Internetis\">Rahvusvaheline kolimisfirma<\/a> aasta kategooria<\/li>\n<li> BIFM Awards 2015 \u00f5ppe- ja karj\u00e4\u00e4riarengu kategooria finalist<\/li>\n<li> East London Chamber of Commerce\/Docklands Business Awards finaalis osalemine<\/li>\n<li> UBSi aasta m\u00fc\u00fcja<\/li>\n<li> Klienditeeninduse tipptaseme finalistid aadressil <a href=\"\" data-internallinksmanager029f6b8e52c=\"34\" title=\"Birmingham\">Birmingham<\/a> Kaubanduskoja ettev\u00f5tlusauhinnad.<\/li>\n<\/ul>\n<p><strong>Liikmelisus ja sertifikaadid<\/strong> <\/p>\n<ul>\n<li> SGS klienditeeninduse tipptaseme standard<\/li>\n<li> BS 8522 sertifitseeritud<\/li>\n<li> ISO 9001 kvaliteedijuhtimiss\u00fcsteemid - Sertifikaat FS 34113<\/li>\n<li> <a href=\"https:\/\/moverdb.com\/et\/fidi-faim\/\">FIDI FAIMPlus sertifitseeritud<\/a><\/li>\n<li> JAUPT poolt koolituse l\u00e4biviimiseks heaks kiidetud<\/li>\n<li> Achilles\/UVDB (B2-kategooria) sertifitseeritud<\/li>\n<li> Sertifitseeritud vastavus Safe contractor sector vastavusskeemile.<\/li>\n<li> Sertifitseeritud CHAS-sektori n\u00f5uetele vastavuse s\u00fcsteemile vastavaks.<\/li>\n<li> Sertifitseeritud vastavus ehitusliinide sektori n\u00f5uetele vastavuse kavale<\/li>\n<li> Briti rajatiste haldamise instituudi korporatiivne liige<\/li>\n<li> O'Neil strateegiline partner arhiivihalduss\u00fcsteemide jaoks<\/li>\n<li> Liikme <a href=\"https:\/\/moverdb.com\/et\/british-association-of-removers\/\">BAR, Briti kolijate \u00fchendus<\/a><\/li>\n<li> <a href=\"https:\/\/moverdb.com\/et\/bar-overseas\/\">BAR Overseas Group<\/a><\/li>\n<li> <a href=\"https:\/\/moverdb.com\/et\/fidi-faim\/\">FIDI liige<\/a>, organisatsioon, mis esindab \u00fclemaailmseid liikujaid<\/li>\n<li> RoSPA - Kuningliku \u00d5nnetuste Ennetamise \u00dchingu liige.<\/li>\n<li> <a href=\"https:\/\/moverdb.com\/et\/olen\/\">IAM - Rahvusvahelise kolijate liidu liige<\/a><\/li>\n<li> Volitatud liige ja esindaja The <a href=\"https:\/\/moverdb.com\/et\/british-association-of-removers\/\" data-internallinksmanager029f6b8e52c=\"9\" title=\"Briti kolijate assotsiatsioon (BAR) Selgitatud\">Briti kolijate \u00fchendus<\/a> DBA <a href=\"https:\/\/moverdb.com\/et\/mtc\/\">Movers Trading Club<\/a> (<a href=\"https:\/\/moverdb.com\/et\/mtc\/\" data-internallinksmanager029f6b8e52c=\"30\" title=\"Movers Trading Club (MTC) Selgitused\">MTC<\/a>)<\/li>\n<\/ul>\n<h2>Harrow Green kolimiste arvustused<\/h2>\n<div itemprop=\"review\" itemscope itemtype=\"http:\/\/schema.org\/Review\">\n<span itemprop=\"author\" itemscope=\"\" itemtype=\"http:\/\/schema.org\/Organization\"><span itemprop=\"name\">MoverDB.com<\/span><\/span> Veebilehe \u00fclevaatus veebisaidi jaoks <span itemprop=\"itemreviewed\" itemscope=\"\" itemtype=\"http:\/\/schema.org\/Brand\"><span itemprop=\"name\">Harrow Green<\/span><\/span>:<\/p>\n<ol>\n<li> Selged kontaktandmed veebisaidil (sh telefoninumber)? <strong>Jah<\/strong><\/li>\n<li> Lihtne saada <a href=\"https:\/\/moverdb.com\/et\/tsitaadid\/\">rahvusvaheliste kolimiste hinnapakkumised<\/a>? (veebip\u00f5hine hinnangu taotluse vorm): <strong>Osaline<\/strong>, on olemas e-posti vorm, kuid mitte korralik hinnapakkumise vorm.<\/li>\n<li> Selge teave veebilehel: <strong>Jah<\/strong>, Veebileht on h\u00e4sti koostatud ning seda on lihtne m\u00f5ista ja kasutada. K\u00f5ik, mis puudub, on hinnakujundus \/ hinnapakkumise vorm.<\/li>\n<li> Liikmelisus rahvusvahelistes tunnustatud liikumisorganisatsioonides: <strong>Jah<\/strong><\/li>\n<li> Klientide ja\/v\u00f5i varasemate klientide soovitused: <strong>Jah<\/strong><\/li>\n<\/ol>\n<div itemprop=\"reviewRating\" itemscope itemtype=\"http:\/\/schema.org\/Rating\"><meta itemprop=\"worstRating\" content = \"0\" \/><meta itemprop=\"bestRating\" content=\"5\" \/><meta itemprop=\"ratingValue\" content=\"4.5\"><\/div>\n<p><strong>\u00dcldine hinne: 4.5\/5<\/strong><br \/>\n<strong>L\u00e4bivaatamise kuup\u00e4ev:<\/strong> <span itemprop=\"datePublished\" content=\"2018-01-15\">15\/01\/2018<\/span>\n<\/div>\n<p>Rohkem infot <a href=\"https:\/\/moverdb.com\/et\/rahvusvahelised-kolimised\/\">\u00dchendkuningriigi kolimisfirmad<\/a> ja meie <a href=\"https:\/\/moverdb.com\/et\/arvustused\/\">l\u00e4bivaatamisprotsessi selgitamine<\/a>.<\/p>\n<p><strong>Veebileht:<\/strong> <a href=\"https:\/\/www.harrowgreeninternational.com\/\" target=\"_blank\" rel=\"noopener noreferrer\">https:\/\/www.harrowgreeninternational.com\/<\/a><\/p>","protected":false},"excerpt":{"rendered":"<p>Harrow Green specialise primarily in business removals, both domestic and international. Below are their core services along with reviews about the company. Harrow Green Removals Services International moving Packing services Transportation Storage services Destination package Insurance Destination services, such as handyman, home search and pet relocation Business removals Space planning New furniture supply Dismantling and [&hellip;]<\/p>\n","protected":false},"author":1,"featured_media":0,"parent":0,"menu_order":0,"comment_status":"closed","ping_status":"closed","template":"","meta":{"_genesis_hide_title":false,"_genesis_hide_breadcrumbs":false,"_genesis_hide_singular_image":false,"_genesis_hide_footer_widgets":false,"_genesis_custom_body_class":"","_genesis_custom_post_class":"","_genesis_layout":"","footnotes":""},"class_list":{"0":"post-303","1":"page","2":"type-page","3":"status-publish","5":"entry"},"_links":{"self":[{"href":"https:\/\/moverdb.com\/et\/wp-json\/wp\/v2\/pages\/303","targetHints":{"allow":["GET"]}}],"collection":[{"href":"https:\/\/moverdb.com\/et\/wp-json\/wp\/v2\/pages"}],"about":[{"href":"https:\/\/moverdb.com\/et\/wp-json\/wp\/v2\/types\/page"}],"author":[{"embeddable":true,"href":"https:\/\/moverdb.com\/et\/wp-json\/wp\/v2\/users\/1"}],"replies":[{"embeddable":true,"href":"https:\/\/moverdb.com\/et\/wp-json\/wp\/v2\/comments?post=303"}],"version-history":[{"count":13,"href":"https:\/\/moverdb.com\/et\/wp-json\/wp\/v2\/pages\/303\/revisions"}],"predecessor-version":[{"id":3300,"href":"https:\/\/moverdb.com\/et\/wp-json\/wp\/v2\/pages\/303\/revisions\/3300"}],"wp:attachment":[{"href":"https:\/\/moverdb.com\/et\/wp-json\/wp\/v2\/media?parent=303"}],"curies":[{"name":"wp","href":"https:\/\/api.w.org\/{rel}","templated":true}]}}