{"id":2804,"date":"2018-05-18T20:05:25","date_gmt":"2018-05-18T20:05:25","guid":{"rendered":"https:\/\/moverdb.com\/?page_id=2804"},"modified":"2026-01-08T14:48:10","modified_gmt":"2026-01-08T14:48:10","slug":"data-processing-policy","status":"publish","type":"page","link":"https:\/\/moverdb.com\/et\/data-processing-policy\/","title":{"rendered":"Andmet\u00f6\u00f6tluspoliitika"},"content":{"rendered":"<p>K\u00e4esolev andmet\u00f6\u00f6tluspoliitika selgitab lihtsas inglise keeles, kuidas MoverDB.com andmeid t\u00f6\u00f6tleb, et te saaksite teha teadliku valiku selle kohta, kas soovite meie teenuseid kasutada v\u00f5i mitte. Oleme selle koostanud vastusena GDPR-le. See on lihtsas inglise keeles esitatud \u00fcksikasjalik lisa meie <a href=\"https:\/\/moverdb.com\/et\/privaatsuspoliitika\/\">Privaatsuspoliitika<\/a> ja <a href=\"https:\/\/moverdb.com\/et\/kasutustingimused\/\">Tingimused<\/a>.<\/p>\n<p>MoverDB.com on tasuta kasutatav veebisait ja selle kasutamiseks ei ole vaja registreeruda ja\/v\u00f5i sisestada mingeid isikuandmeid. Kogu teave on k\u00f5igile tasuta k\u00e4ttesaadav.<\/p>\n<p>Siiski kogume ja t\u00f6\u00f6tleme aktiivselt ja passiivselt andmeid, millest me arvame, et peaksite olema teadlikud. K\u00f5ik veebisaidi lehek\u00fcljed ja andmed saadetakse turvalise SSL-tehnoloogia abil.<\/p>\n<p>K\u00f5ik meie aktiivsed andmet\u00f6\u00f6tlustoimingud (vt allpool) toimuvad <strong>n\u00f5usoleku alus<\/strong> ja meie passiivse andmet\u00f6\u00f6tluse (vt allpool) toimingud toimuvad <strong>\u00f5igustatud huvi alus<\/strong>. <\/p>\n<p>MoverDB.com t\u00f6\u00f6tleb mitut liiki andmeid mitmel erineval eesm\u00e4rgil, kasutades selleks mitmeid kolmanda osapoole partnereid ja platvorme.<\/p>\n<p><strong>Aktiivsed andmet\u00f6\u00f6tlustoimingud <\/strong><\/p>\n<p>Meie peamine andmet\u00f6\u00f6tlustegevus on aidata inimestel saada hinnapakkumisi rahvusvaheliseks kolimiseks tasuta ja kohustusteta hinnapakkumiste teenuse kaudu. See on m\u00f5eldud kasutamiseks \u00fcksikisikutele nii ELis kui ka v\u00e4ljaspool ELi.<\/p>\n<p>Palun arvestage ka sellega, et MoverDB.com ei paku ise hinnapakkumisi, vaid on selle asemel teinud koost\u00f6\u00f6d <a href=\"https:\/\/moverdb.com\/et\/international-removals\/\" data-internallinksmanager029f6b8e52c=\"27\" title=\"36 Parimad rahvusvahelised kolimisfirmad \u00dchendkuningriigis\">Rahvusvaheline kolimine<\/a> Direct, TriGlobal B.V. ja MyMovingLoads pakkumiste esitamiseks. Iga\u00fcks neist omakorda t\u00f6\u00f6tab otse oma komplektiga. <a href=\"https:\/\/moverdb.com\/et\/moving-companies\/\" data-internallinksmanager029f6b8e52c=\"79\" title=\"Top 25 rahvusvahelist kolimisfirmat Internetis\">kolimisfirmad<\/a>. <\/p>\n<p>Seega tegutseme nii vastutava t\u00f6\u00f6tlejana (kuna me saadame neile andmeid) kui ka volitatud t\u00f6\u00f6tlejana (kuna nad teavitavad, milliseid andmeid nad vajavad, ja otsustavad, kuidas neid t\u00f6\u00f6delda). K\u00f5ik andmed, mida me nende nimel kogume, on vajalikud selleks, et aidata filtreerida teile sobivaid tarnijaid. Kui te eelistate teatud andmeid mitte jagada, v\u00f5ite seda vabalt teha ja leiate ikkagi \u00fcldised <a href=\"https:\/\/moverdb.com\/et\/konteiner-laevandus\/\">hinnakujundusteave siin<\/a>.<\/p>\n<p>See, millise ettev\u00f5ttega teie andmete t\u00f6\u00f6tlemisega tegelete, s\u00f5ltub nii sellest, millist vormi kasutate kui ka sellest, kust te liigute.  <\/p>\n<p><strong>P\u00f5hivorm (lehek\u00fclje \u00fclaosas)<\/strong><\/p>\n<p>Meie peamine vorm n\u00e4eb v\u00e4lja selline:<\/p>\n<p><img loading=\"lazy\" decoding=\"async\" width=\"833\" height=\"365\" src=\"https:\/\/moverdb.com\/wp-content\/uploads\/Top-page-form.png\" alt=\"\" class=\"aligncenter size-full wp-image-3236\" srcset=\"https:\/\/moverdb.com\/wp-content\/uploads\/Top-page-form.png 833w, https:\/\/moverdb.com\/wp-content\/uploads\/Top-page-form-300x131.png 300w\" sizes=\"auto, (max-width: 833px) 100vw, 833px\" \/><\/p>\n<p>Me kogume selle vormi andmed ise ja otsustame seej\u00e4rel, kuhu need saadetakse.  <\/p>\n<p>Siin on andmed, mida kogutakse, ja nende kogumise p\u00f5hjus:<\/p>\n<ul>\n<li> Kuhu te kolite: See aitab saada t\u00e4pseid hinnapakkumisi ja filtreerib v\u00f5imalikke kolimisfirmasid.<\/li>\n<li> Praegune aadress\/postiindeks\/suunanumber\/linn\/riik: See aitab saada t\u00e4pseid hinnapakkumisi ja filtreerib v\u00f5imalikke kolimisfirmasid.<\/li>\n<li> Millisesse linna te kolite: See aitab saada t\u00e4pseid hinnapakkumisi ja filtreerib v\u00f5imalikke kolimisfirmasid.<\/li>\n<li> Kolimise hinnanguline suurus: See aitab saada t\u00e4pseid hinnapakkumisi ja filtreerib v\u00f5imalikke kolimisfirmasid.<\/li>\n<li> Saadetavad esemed: See aitab saada t\u00e4pseid hinnapakkumisi, filtreerib v\u00f5imalikke kolimisfirmasid ja tagab, et te ei p\u00fc\u00fca transportida midagi ebaseaduslikku.<\/li>\n<li> Eeldatav kolimise kuup\u00e4ev: Samuti tuleb arvestada, et enamik ettev\u00f5tteid ei saa anda hinnapakkumisi rohkem kui 3 kuud ette.<\/li>\n<li> Teie nimi: Et ettev\u00f5tted teaksid, kellega nad on tegu.<\/li>\n<li> Teie e-posti aadress: kuhu saab saata hinnapakkumisi ja kuidas teiega seoses teie taotlusega \u00fchendust v\u00f5tta.<\/li>\n<li> Teie telefoninumber: N\u00f5utav, et ettev\u00f5tted saaksid teiega hinnapakkumise kohta \u00fchendust v\u00f5tta.<\/li>\n<\/ul>\n<p>Kui k\u00f5ik andmed on sisestatud ja te esitate vormi, toimuvad j\u00e4rgmised toimingud:<\/p>\n<ul>\n<li> Te n\u00e4ete meie t\u00e4nus\u00f5numit, mis sisaldab ka t\u00f6\u00f6riista alates <a href=\"https:\/\/moverdb.com\/et\/international-money-transfer-services\/currencies-direct-review\/\" data-internallinksmanager029f6b8e52c=\"237\" title=\"Currencies Direct rahvusvaheline raha\u00fclekanne Review 2026\">Valuutad otse<\/a> mis aitab v\u00e4lja selgitada, kuidas v\u00e4lisvaluutat vahetada.<\/li>\n<li> Seej\u00e4rel saadetakse vormi andmed turvalise SSL-veebikonksu kaudu Zapier.com-i, mis aitab <a href=\"https:\/\/moverdb.com\/et\/moving-to-the-united-states\/\" data-internallinksmanager029f6b8e52c=\"94\" title=\"Kolimine Ameerika \u00dchendriikidesse? 2022 Elamiskulud ja kolimisn\u00f5uanded\">us<\/a> andmete t\u00f6\u00f6tlemiseks nn Zap'i abil.<\/li>\n<li> Kui Zapier.com on andmed k\u00e4tte saanud, filtreerib Zap k\u00f5ik kogutud andmed kas International Removals Directi (liigub alates <a href=\"https:\/\/moverdb.com\/et\/moving-to-the-uk\/\" data-internallinksmanager029f6b8e52c=\"93\" title=\"Kolimine \u00dchendkuningriiki? 2022 Elamiskulud ja kolimisn\u00f5uanded\">UK<\/a>) v\u00f5i TriGlobal B.V. (liikumine mujalt maailmast) turvalise SSL-veebikonksu kaudu. Seej\u00e4rel kontrollivad nad teie andmeid ja saadavad teie taotluse kuni 6 asjakohasele kolimisfirmale, kes v\u00f5ivad omakorda teiega telefoni ja\/v\u00f5i e-posti teel \u00fchendust v\u00f5tta. Te ei ole kohustatud midagi ostma ja v\u00f5ite neile teatada, et te ei soovi j\u00e4tkata. Lisaks v\u00f5ite paluda meil oma taotluse t\u00fchistada, kasutades selleks meie <a href=\"https:\/\/moverdb.com\/et\/contact-us\/\">kontaktvorm<\/a>.<\/li>\n<li> P\u00e4rast andmete saatmist saadab Zap vormile sisestatud e-posti aadressi Zapier-integratsiooni kaudu Mailchimpile. See k\u00e4ivitab seej\u00e4rel automaatse e-kirja, mis kinnitab teie soovi ja selgitab veel kord, mida oodata. Seej\u00e4rel saadab see umbes 5 p\u00e4eva p\u00e4rast teie taotluse esitamist 1 j\u00e4relmeetme e-kirja, milles antakse teile lisateavet raha v\u00e4lismaale viimise kohta koos teie kaupadega. See saadetakse, kuna oleme leidnud, et paljud inimesed on raha v\u00e4lismaale saatmisel erinevate v\u00f5imaluste osas segaduses. Saate h\u00f5lpsasti loobuda k\u00f5igist e-kirjadest, kl\u00f5psates iga e-kirja \u00fcla- v\u00f5i allosas oleval loobumislingil, mis t\u00fchistab k\u00f5ik tulevased e-kirjad. Samuti kustutame me regulaarselt v\u00e4hemalt kord aastas e-kirju.<\/li>\n<li> Selles etapis on Zap valmis ja Zapier kustutab k\u00f5ik andmed automaatselt 90 p\u00e4eva jooksul. See annab meile aega, et aidata meil lahendada k\u00f5ik probleemid, kuid see t\u00e4hendab, et andmeid ei s\u00e4ilitata kauem kui vaja.<\/li>\n<li> Me s\u00e4ilitame teie e-posti aadressi (ja mitte midagi muud) kuni 1 aasta jooksul Mailchimpi kaudu.<\/li>\n<li> International Removals Direct ja TriGlobal B.V. s\u00e4ilitavad teavet nii kaua, kui nende sise-eeskirjad seda \u00f5igustavad. Kui teil on muresid nende poolt s\u00e4ilitatavate andmete p\u00e4rast, v\u00f5tke meiega \u00fchendust ja me anname endast parima, et aidata.<\/li>\n<\/ul>\n<p><strong>Teisene vorm #1 (lehek\u00fclje keskel)<\/strong><\/p>\n<p>Meie sekundaarne vorm #1 n\u00e4eb v\u00e4lja selline.<\/p>\n<p><img loading=\"lazy\" decoding=\"async\" width=\"907\" height=\"512\" src=\"https:\/\/moverdb.com\/wp-content\/uploads\/bottom-page-form.png\" alt=\"\" class=\"aligncenter size-full wp-image-3235\" srcset=\"https:\/\/moverdb.com\/wp-content\/uploads\/bottom-page-form.png 907w, https:\/\/moverdb.com\/wp-content\/uploads\/bottom-page-form-300x169.png 300w\" sizes=\"auto, (max-width: 907px) 100vw, 907px\" \/><\/p>\n<p>See vorm on MyMovingLoads'i poolt pakutud ja me ei kontrolli, kuidas seda saadetakse v\u00f5i t\u00f6\u00f6deldakse. <\/p>\n<p>Siin on andmed, mida nad koguvad:<\/p>\n<ul>\n<li> P\u00e4ritoluriik\/linn ja kohaletoimetamise riik ja kohaletoimetamise linn: See aitab saada t\u00e4pseid hinnapakkumisi ja filtreerib v\u00f5imalikke kolimisfirmasid.<\/li>\n<li> Kolimise kuup\u00e4ev: Olge ka teadlik, et enamik ettev\u00f5tteid ei saa anda hinnapakkumisi kolimiste kohta rohkem kui 3 kuud ette.<\/li>\n<li> Valige kodu suurus: See aitab saada t\u00e4pseid hinnapakkumisi ja filtreerib v\u00f5imalikke kolimisfirmasid.<<\/li>\n<li> Ees- ja perekonnanimi: Et ettev\u00f5tted teaksid, kellega nad on tegemist.<\/li>\n<li> Teie telefon: Selleks, et ettev\u00f5tted saaksid teiega hinnapakkumise kohta \u00fchendust v\u00f5tta.<\/li>\n<li> Teie e-posti aadress: kus saab saata hinnapakkumisi ja kuidas teiega \u00fchendust v\u00f5tta seoses teie taotlusega.<\/li>\n<\/ul>\n<p>Kui k\u00f5ik andmed on sisestatud ja te esitate vormi, toimuvad j\u00e4rgmised toimingud:<\/p>\n<ul>\n<li> Saate n\u00e4ha t\u00e4nus\u00f5numit.<\/li>\n<li> Andmed saadetakse MyMovingLoads'ile, kes t\u00f6\u00f6tleb neid vastavalt nende teenusetingimustele, millega peate vormi esitamisel n\u00f5ustuma.<\/li>\n<\/ul>\n<p><strong>Teisene vorm #2 (lehek\u00fclje allosas)<\/strong><\/p>\n<p>Meie sekundaarne vorm #2 n\u00e4eb v\u00e4lja selline:<\/p>\n<p><img loading=\"lazy\" decoding=\"async\" src=\"https:\/\/moverdb.com\/wp-content\/uploads\/Triglobal-form.png\" alt=\"\" width=\"597\" height=\"795\" class=\"aligncenter size-full wp-image-3269\" srcset=\"https:\/\/moverdb.com\/wp-content\/uploads\/Triglobal-form.png 597w, https:\/\/moverdb.com\/wp-content\/uploads\/Triglobal-form-225x300.png 225w\" sizes=\"auto, (max-width: 597px) 100vw, 597px\" \/><\/p>\n<p>Selle vormi esitab TriGlobal B.V. ja me ei kontrolli, kuidas seda saadetakse v\u00f5i t\u00f6\u00f6deldakse.<\/p>\n<p>Siin on andmed, mida nad koguvad:<\/p>\n<ul>\n<li> Praeguse aadressi ja tarneaadressiga seotud andmed (t\u00e4nav, postiindeks, linn ja riik): See aitab saada t\u00e4pseid hinnapakkumisi ja filtreerib v\u00f5imalikke kolimisfirmasid.<\/li>\n<li> Liikuv suurus: Aitab luua t\u00e4pseid hinnapakkumisi<\/li>\n<li> Kolimise kuup\u00e4ev: Olge ka teadlik, et enamik ettev\u00f5tteid ei saa anda hinnapakkumisi kolimiste kohta rohkem kui 3 kuud ette.<\/li>\n<li> Hinnanguline maht ft3 (valikuline): aitab koostada t\u00e4psema hinnapakkumise.<\/li>\n<li> Pakkimine \/ kokkupanek (vabatahtlik): aitab anda teile t\u00e4psema hinnapakkumise.<\/li>\n<li> M\u00e4rkused (vabatahtlik): Siia saate lisada erisoovid, k\u00fcsimused jne.<\/li>\n<li> Liikumise t\u00fc\u00fcp: See aitab saata teie hinnapakkumise kolimisfirmade \u00f5igesse osakonda.<\/li>\n<li> Ees- ja perekonnanimed: Et ettev\u00f5tted teaksid, kellega nad on tegemist.<\/li>\n<li> Telefon #1: Selleks, et ettev\u00f5tted saaksid teiega hinnapakkumise kohta \u00fchendust v\u00f5tta.<\/li>\n<li> E-post: kus saab saata hinnapakkumisi ja kuidas teiega \u00fchendust v\u00f5tta teie sooviga seoses.<\/li>\n<\/ul>\n<p>Kui k\u00f5ik andmed on sisestatud ja te esitate vormi, toimuvad j\u00e4rgmised toimingud:<\/p>\n<ul>\n<li> Saate n\u00e4ha t\u00e4nus\u00f5numit.<\/li>\n<li> Andmed saadetakse TriGlobal B.V.-le, kes t\u00f6\u00f6tleb neid vastavalt oma teenusetingimustele.<\/li>\n<\/ul>\n<p><strong>Passiivne andmet\u00f6\u00f6tlus <\/strong><\/p>\n<p>Kasutame j\u00e4rgmisi kolmanda osapoole vahendeid, mis aitavad meil kasutada kasutatavat veebisaiti. Need ei jaga meiega teie kohta mingeid isikuandmeid, kuid v\u00f5ivad siiski koguda teie ja\/v\u00f5i teie arvuti kohta teavet, mida v\u00f5ib pidada isikuandmeteks.<\/p>\n<p>Allpool kirjeldame, milleks me neid kasutame ja kust saate rohkem teavet selle kohta, kuidas nad v\u00f5ivad isikuandmeid koguda ja kasutada:<\/p>\n<p><strong>Google Analytics:<\/strong> Me kasutame seda selleks, et j\u00e4lgida, kuidas inimesed meie veebisaiti kokkuv\u00f5tlikult kasutavad. Me ei kasuta seda \u00fcksikute kasutajate j\u00e4lgimiseks. Siin on peamised seaded, mida me praegu kasutame:<\/p>\n<ul>\n<li>Remarketing: OFF<\/li>\n<li>Reklaamiaruandluse funktsioonid: OFF<\/li>\n<li>Kasutajate ja s\u00fcndmuste andmete s\u00e4ilitamine: (l\u00fchim pakutav variant): aegub 14 kuu p\u00e4rast (l\u00fchim pakutav variant).<\/li>\n<li>Nullida uue tegevuse puhul: ON<\/li>\n<li>Kasutajatunnus: OFF<\/li>\n<li>Vastuv\u00f5etud GDPRi andmet\u00f6\u00f6tluse muudatus<\/li>\n<\/ul>\n<p>Google pakub praegu Analyticsist loobumist <a href=\"https:\/\/support.google.com\/analytics\/answer\/181881?hl=en\" rel=\"noopener\" target=\"_blank\">siin<\/a> v\u00f5i v\u00f5ite kasutada kolmanda osapoole t\u00f6\u00f6riista, n\u00e4iteks <a href=\"https:\/\/www.ghostery.com\/\" rel=\"noopener\" target=\"_blank\">Ghostery<\/a>.<\/p>\n<p><strong>Facebooki sotsiaalne graafik:<\/strong> Seda kasutatakse selleks, et lihtsustada meie veebisaidi ja blogi sisu jagamist Facebookis ja et inimesed n\u00e4eksid, kui sageli sisu on hakitud. Me ei kasuta seda remarketingi v\u00f5i retargetingi jaoks. Vt Facebooki <a href=\"https:\/\/www.facebook.com\/help\/1701730696756992\/?helpref=hc_fnav\" rel=\"noopener\" target=\"_blank\">Andmete lehek\u00fclg<\/a> rohkem teavet selle kohta, kuidas nad teie andmeid kasutavad.<\/p>\n<p><strong>Sotsiaalmeedia jagamine:<\/strong> Lisaks Facebooki Social Graphile on meie saidil ka G+, Twitteri ja LinkedIni jagamisnupud, et lihtsustada meie sisu jagamist nendel platvormidel. Saate n\u00e4ha <a href=\"https:\/\/policies.google.com\/privacy\" rel=\"noopener\" target=\"_blank\">G+ privaatsuspoliitika siin<\/a>, Twitteri <a href=\"https:\/\/twitter.com\/en\/privacy\" rel=\"noopener\" target=\"_blank\">Privaatsuspoliitika<\/a> siin ja <a href=\"https:\/\/www.linkedin.com\/legal\/privacy-policy\" rel=\"noopener\" target=\"_blank\">LinkedIni privaatsuspoliitika siin<\/a>.<\/p>\n<p><strong>V\u00e4lised \/ sidusettev\u00f5tete lingid:<\/strong> M\u00f5nikord j\u00e4lgime v\u00e4liseid linke kas Google Analyticsi ja\/v\u00f5i kolmandate osapoolte partnerite j\u00e4lgimisplatvormide kaudu. Igasugune j\u00e4lgimine toimub ainult siis, kui kl\u00f5psate v\u00e4lisel lingil. Iga lehek\u00fclje allosas, kus see toimub, avalikustame, millised lingid on affiliate lingid, kuid kui olete selle p\u00e4rast mures, on lihtsaim v\u00f5imalus mitte kl\u00f5psata meie veebilehe v\u00e4listel linkidel.<\/p>\n<p><strong>Veebimajutus:<\/strong> Me kasutame StudioPress Sites'i meie veebisaidi majutamiseks. Nagu enamik veebimajutusfirmasid, haldavad nad veebilehe logisid, kuigi meil ei ole neile otsest juurdep\u00e4\u00e4su. Lisateavet nende v\u00f5imalike andmete kohta leiate nende <a href=\"https:\/\/www.studiopress.com\/privacy-policy\/\" rel=\"noopener\" target=\"_blank\">privaatsuspoliitika<\/a>.<\/p>","protected":false},"excerpt":{"rendered":"<p>This Data Processing Policy explains in plain English how MoverDB.com processes data so you can make an informed choice about whether or not you&#8217;d like to use our services. We&#8217;ve created it as a response to GDPR. It is a plain English, detailed, addition to our Privacy Policy and Terms and Conditions. MoverDB.com is a [&hellip;]<\/p>\n","protected":false},"author":1,"featured_media":0,"parent":0,"menu_order":0,"comment_status":"closed","ping_status":"closed","template":"","meta":{"_genesis_hide_title":false,"_genesis_hide_breadcrumbs":false,"_genesis_hide_singular_image":false,"_genesis_hide_footer_widgets":false,"_genesis_custom_body_class":"","_genesis_custom_post_class":"","_genesis_layout":"","footnotes":""},"class_list":{"0":"post-2804","1":"page","2":"type-page","3":"status-publish","5":"entry","6":"has-post-thumbnail"},"_links":{"self":[{"href":"https:\/\/moverdb.com\/et\/wp-json\/wp\/v2\/pages\/2804","targetHints":{"allow":["GET"]}}],"collection":[{"href":"https:\/\/moverdb.com\/et\/wp-json\/wp\/v2\/pages"}],"about":[{"href":"https:\/\/moverdb.com\/et\/wp-json\/wp\/v2\/types\/page"}],"author":[{"embeddable":true,"href":"https:\/\/moverdb.com\/et\/wp-json\/wp\/v2\/users\/1"}],"replies":[{"embeddable":true,"href":"https:\/\/moverdb.com\/et\/wp-json\/wp\/v2\/comments?post=2804"}],"version-history":[{"count":16,"href":"https:\/\/moverdb.com\/et\/wp-json\/wp\/v2\/pages\/2804\/revisions"}],"predecessor-version":[{"id":3270,"href":"https:\/\/moverdb.com\/et\/wp-json\/wp\/v2\/pages\/2804\/revisions\/3270"}],"wp:attachment":[{"href":"https:\/\/moverdb.com\/et\/wp-json\/wp\/v2\/media?parent=2804"}],"curies":[{"name":"wp","href":"https:\/\/api.w.org\/{rel}","templated":true}]}}