{"id":2752,"date":"2017-05-09T16:25:21","date_gmt":"2017-05-09T16:25:21","guid":{"rendered":"https:\/\/moverdb.com\/?page_id=2752"},"modified":"2026-01-08T14:47:12","modified_gmt":"2026-01-08T14:47:12","slug":"autoveo-laevandus","status":"publish","type":"page","link":"https:\/\/moverdb.com\/et\/car-transport-shipping\/","title":{"rendered":"2026 Rahvusvaheline autoveo ja s\u00f5idukite veo hinnapakkumised"},"content":{"rendered":"<p>Otsite rahvusvahelist autotransporti v\u00f5i s\u00f5idukite vedu, kuid ei tea, kust alustada? Me saame teid aidata k\u00f5igega alates ettev\u00f5tetest kuni kulude ja hinnapakkumisteni. <\/p>\n<p>V\u00f5ite kohe alustada, kasutades meie \u00fclaltoodud hinnapakkumise vormi, v\u00f5i lugege meie juhendit allpool, et saada rohkem teavet.<\/p>\n<p><img loading=\"lazy\" decoding=\"async\" width=\"720\" height=\"480\" src=\"https:\/\/moverdb.com\/wp-content\/uploads\/car-transport-shipping.jpg\" alt=\"2019 Rahvusvaheline autoveo ja s\u00f5idukite veo hinnapakkumised\" class=\"aligncenter size-full wp-image-2753\" srcset=\"https:\/\/moverdb.com\/wp-content\/uploads\/car-transport-shipping.jpg 720w, https:\/\/moverdb.com\/wp-content\/uploads\/car-transport-shipping-300x200.jpg 300w, https:\/\/moverdb.com\/wp-content\/uploads\/car-transport-shipping-600x400.jpg 600w\" sizes=\"auto, (max-width: 720px) 100vw, 720px\" \/><\/p>\n<div id=\"ez-toc-container\" class=\"ez-toc-v2_0_82_2 ez-toc-wrap-left counter-hierarchy ez-toc-counter ez-toc-transparent ez-toc-container-direction\">\n<div class=\"ez-toc-title-container\">\n<p class=\"ez-toc-title\" style=\"cursor:inherit\">Jaotised<\/p>\n<span class=\"ez-toc-title-toggle\"><a href=\"#\" class=\"ez-toc-pull-right ez-toc-btn ez-toc-btn-xs ez-toc-btn-default ez-toc-toggle\" aria-label=\"Sisukorra vaheldumine\"><span class=\"ez-toc-js-icon-con\"><span class=\"\"><span class=\"eztoc-hide\" style=\"display:none;\">Toggle<\/span><span class=\"ez-toc-icon-toggle-span\"><svg style=\"fill: #999;color:#999\" xmlns=\"http:\/\/www.w3.org\/2000\/svg\" class=\"list-377408\" width=\"20px\" height=\"20px\" viewbox=\"0 0 24 24\" fill=\"none\"><path d=\"M6 6H4v2h2V6zm14 0H8v2h12V6zM4 11h2v2H4v-2zm16 0H8v2h12v-2zM4 16h2v2H4v-2zm16 0H8v2h12v-2z\" fill=\"currentColor\"><\/path><\/svg><svg style=\"fill: #999;color:#999\" class=\"arrow-unsorted-368013\" xmlns=\"http:\/\/www.w3.org\/2000\/svg\" width=\"10px\" height=\"10px\" viewbox=\"0 0 24 24\" version=\"1.2\" baseprofile=\"tiny\"><path d=\"M18.2 9.3l-6.2-6.3-6.2 6.3c-.2.2-.3.4-.3.7s.1.5.3.7c.2.2.4.3.7.3h11c.3 0 .5-.1.7-.3.2-.2.3-.5.3-.7s-.1-.5-.3-.7zM5.8 14.7l6.2 6.3 6.2-6.3c.2-.2.3-.5.3-.7s-.1-.5-.3-.7c-.2-.2-.4-.3-.7-.3h-11c-.3 0-.5.1-.7.3-.2.2-.3.5-.3.7s.1.5.3.7z\"\/><\/svg><\/span><\/span><\/span><\/a><\/span><\/div>\n<nav><ul class='ez-toc-list ez-toc-list-level-1 eztoc-toggle-hide-by-default' ><li class='ez-toc-page-1 ez-toc-heading-level-2'><a class=\"ez-toc-link ez-toc-heading-1\" href=\"https:\/\/moverdb.com\/et\/car-transport-shipping\/#Auto_Transport_Companies\" >Autotranspordiettev\u00f5tted<\/a><ul class='ez-toc-list-level-3' ><li class='ez-toc-heading-level-3'><a class=\"ez-toc-link ez-toc-heading-2\" href=\"https:\/\/moverdb.com\/et\/car-transport-shipping\/#US_Canadian_Auto_Transport_Companies\" >USA ja Kanada autoveoettev\u00f5tted<\/a><\/li><li class='ez-toc-page-1 ez-toc-heading-level-3'><a class=\"ez-toc-link ez-toc-heading-3\" href=\"https:\/\/moverdb.com\/et\/car-transport-shipping\/#UK_Car_Transport_Companies\" >\u00dchendkuningriigi autotranspordiettev\u00f5tted<\/a><\/li><li class='ez-toc-page-1 ez-toc-heading-level-3'><a class=\"ez-toc-link ez-toc-heading-4\" href=\"https:\/\/moverdb.com\/et\/car-transport-shipping\/#Australian_Car_Transport_Companies\" >Austraalia Autotranspordiettev\u00f5tted<\/a><\/li><\/ul><\/li><li class='ez-toc-page-1 ez-toc-heading-level-2'><a class=\"ez-toc-link ez-toc-heading-5\" href=\"https:\/\/moverdb.com\/et\/car-transport-shipping\/#International_Car_Transport_Costs\" >Rahvusvahelise autoveo kulud<\/a><ul class='ez-toc-list-level-3' ><li class='ez-toc-heading-level-3'><a class=\"ez-toc-link ez-toc-heading-6\" href=\"https:\/\/moverdb.com\/et\/car-transport-shipping\/#Car_Transport_Taxes\" >Autoveo maksud<\/a><\/li><\/ul><\/li><li class='ez-toc-page-1 ez-toc-heading-level-2'><a class=\"ez-toc-link ez-toc-heading-7\" href=\"https:\/\/moverdb.com\/et\/car-transport-shipping\/#International_Vehicle_Shipping_Documentation\" >Rahvusvaheline s\u00f5idukite veodokumentatsioon<\/a><\/li><li class='ez-toc-page-1 ez-toc-heading-level-2'><a class=\"ez-toc-link ez-toc-heading-8\" href=\"https:\/\/moverdb.com\/et\/car-transport-shipping\/#Other_Car_Transport_Tips\" >Muud autoveo n\u00f5uanded<\/a><\/li><li class='ez-toc-page-1 ez-toc-heading-level-2'><a class=\"ez-toc-link ez-toc-heading-9\" href=\"https:\/\/moverdb.com\/et\/car-transport-shipping\/#Car_Transport_Quotes\" >Autotranspordi hinnapakkumised<\/a><\/li><\/ul><\/nav><\/div>\n<h2><span class=\"ez-toc-section\" id=\"Auto_Transport_Companies\"><\/span>Autotranspordiettev\u00f5tted<span class=\"ez-toc-section-end\"><\/span><\/h2>\n<p>Rahvusvaheline auto- ja autoveoturg on \u00e4\u00e4rmiselt killustunud, kus tegutseb sadu v\u00f5i isegi tuhandeid v\u00e4ikesi ettev\u00f5tteid kogu maailmas. J\u00e4rgnevalt oleme loetlenud m\u00f5ned populaarsemad autovedudele spetsialiseerunud ettev\u00f5tted. <\/p>\n<p>Siiski peaksite kindlasti saama hinnapakkumisi ka j\u00e4rgmistelt isikutelt <a href=\"https:\/\/moverdb.com\/et\/kolimisfirmad\/\">parimad rahvusvahelised kolimisfirmad<\/a> ja <a href=\"https:\/\/moverdb.com\/et\/ekspediitor\/\">ekspediitorid<\/a> et veenduda, et saate \u00f5iglase pakkumise.<\/p>\n<p>Te v\u00f5ite ka lihtsalt minna lehek\u00fclje \u00fclaossa ja t\u00e4ita meie hinnapakkumise vormi, et leida kiiresti ettev\u00f5tteid. <\/p>\n<h3><span class=\"ez-toc-section\" id=\"US_Canadian_Auto_Transport_Companies\"><\/span>USA ja Kanada autoveoettev\u00f5tted<span class=\"ez-toc-section-end\"><\/span><\/h3>\n<ul>\n<li> A-1 Autotransport<\/li>\n<li> Ameerika Autolaevandus<\/li>\n<li> AmeriFreight<\/li>\n<li> C.A.R. Transport<\/li>\n<li> Usaldusv\u00e4\u00e4rsed autoveoettev\u00f5tjad (DAS)<\/li>\n<li> eShip<\/li>\n<li> Executive Auto Shippers<\/li>\n<li> Fisher Shipping<\/li>\n<li> Maanteetranspordi kuningas<\/li>\n<li> Montway Autotransport<\/li>\n<li> Prostar Autotransport<\/li>\n<li> Ship a Car Direct<\/li>\n<li> Laeva oma auto n\u00fc\u00fcd<\/li>\n<li> Stateway Autotransport<\/li>\n<li> S\u00e4\u00e4stlik autolaevandus<\/li>\n<li> Me transpordime seda<\/li>\n<\/ul>\n<h3><span class=\"ez-toc-section\" id=\"UK_Car_Transport_Companies\"><\/span>\u00dchendkuningriigi autotranspordiettev\u00f5tted<span class=\"ez-toc-section-end\"><\/span><\/h3>\n<ul>\n<li> Acumen Automotive Logistics<\/li>\n<li> AutoShippers<\/li>\n<li> Autotransport Quoter<\/li>\n<li> Klassikalised autode \u00fcmberpaigutamise teenused<\/li>\n<li> Quinns Autotransport<\/li>\n<li> Autovahetus<\/li>\n<li> Valge s\u00f5idukite transport<\/li>\n<li> Woodside Motorfreight<\/li>\n<\/ul>\n<p>Vaadake ka meie <a href=\"https:\/\/moverdb.com\/et\/rahvusvahelised-kolimised\/\">rahvusvahelised kolimised<\/a> lehek\u00fclg.<\/p>\n<h3><span class=\"ez-toc-section\" id=\"Australian_Car_Transport_Companies\"><\/span>Austraalia Autotranspordiettev\u00f5tted<span class=\"ez-toc-section-end\"><\/span><\/h3>\n<ul>\n<li> ACR <a href=\"https:\/\/moverdb.com\/et\/moving-to-australia\/living-in-australia\/\" data-internallinksmanager029f6b8e52c=\"240\" title=\"21 saladusi Austraalias elamise kohta, mida enne kolimist teada tuleb\">Austraalia<\/a><\/li>\n<li> Austraalia autotransport<\/li>\n<li> Autologistika<\/li>\n<li> Autotransport Express<\/li>\n<li> Ukselt uksele vedamine<\/li>\n<li> CEVA Carrying<\/li>\n<li> Liikuvad autod<\/li>\n<li> PrixCar Transport<\/li>\n<li> SMB Austraalia Autotransport<\/li>\n<li> Toll<\/li>\n<\/ul>\n<h2><span class=\"ez-toc-section\" id=\"International_Car_Transport_Costs\"><\/span>Rahvusvahelise autoveo kulud<span class=\"ez-toc-section-end\"><\/span><\/h2>\n<p>Autotranspordi ja laevanduse kulud varieeruvad suuresti s\u00f5ltuvalt sellest, kui kiiresti te oma s\u00f5idukit vajate ja milline on teie transpordimeetod. Meretranspordi puhul konteineri kaudu v\u00f5ivad teie kulud olla vaid m\u00f5nisada dollarit, kuid see v\u00f5ib v\u00f5tta aega \u00fcle 1 kuu. <\/p>\n<p>Veelgi rohkem raha saate s\u00e4\u00e4sta, kui te ei vaja ukselt-uksele teenust, vaid valite hoopis auto k\u00e4ttesaamise l\u00e4himast kohast. <a href=\"https:\/\/moverdb.com\/et\/top-49-container-ports\/\" data-internallinksmanager029f6b8e52c=\"80\" title=\"Top 49 suurimat ja tihedaima liiklusega konteinersadamat 2025. aastal\">sadam<\/a> kui laevandus toimub meritsi RoRo (Roll on Roll off) saadetisena.<\/p>\n<p>Lisateavet saate meie juhendit lugedes: <a href=\"https:\/\/moverdb.com\/et\/konteiner-laevandus\/\">Rahvusvahelised konteinervedude hinnad ja kulud<\/a><\/p>\n<p>Kontinendi piires toimuvate liikumiste puhul (nt. <a href=\"https:\/\/moverdb.com\/et\/moving-to-the-united-states\/\" data-internallinksmanager029f6b8e52c=\"94\" title=\"Kolimine Ameerika \u00dchendriikidesse? 2022 Elamiskulud ja kolimisn\u00f5uanded\">USA<\/a> aadressile <a href=\"https:\/\/moverdb.com\/et\/moving-to-canada\/\" data-internallinksmanager029f6b8e52c=\"265\" title=\"Kanadasse kolimine? 2023 elamiskulud ja kolimisn\u00f5uanded\">Kanada<\/a>, <a href=\"https:\/\/moverdb.com\/et\/moving-to-the-uk\/\" data-internallinksmanager029f6b8e52c=\"93\" title=\"Kolimine \u00dchendkuningriiki? 2022 Elamiskulud ja kolimisn\u00f5uanded\">UK<\/a> aadressile <a href=\"https:\/\/moverdb.com\/et\/moving-to-spain\/\" data-internallinksmanager029f6b8e52c=\"266\" title=\"Kolimine Hispaaniasse? 2023 elamiskulud ja kolimisn\u00f5uanded\">Hispaania<\/a>jne), v\u00f5ite palgata autoveoettev\u00f5tja, kes s\u00f5idutab teie autot teie eest, eeldusel, et teie auto on t\u00f6\u00f6korras. See maksab sageli oluliselt rohkem (kuni paar tuhat dollarit, naela v\u00f5i eurot), kuid see t\u00e4hendab, et saate oma auto k\u00e4tte m\u00f5ne p\u00e4eva, mitte n\u00e4dala jooksul. <\/p>\n<p>Kui teie auto ei ole t\u00f6\u00f6korras, siis peate transportima haagise v\u00f5i muu spetsiaalse kolimisauto abil. <\/p>\n<p>K\u00f5ige kallim v\u00f5imalus on saata kaupa \u00f5hutranspordiga, kuid seda ei soovitata \u00fcldiselt, sest kulud on liiga suured.<\/p>\n<p><strong>Muud kuludesse puutuvad asjad:<\/strong><\/p>\n<ul>\n<li> <strong>Kaugus:<\/strong> Mida kaugemale te saadate, seda kallim on t\u00f5en\u00e4oliselt kogusumma, kuigi te peaksite maksma oluliselt v\u00e4hem \u00fche kilomeetri kohta.<\/li>\n<li> <strong>Aasta aeg:<\/strong> Teatud aastaajad on teatud marsruutidel kallimad kui teised.<\/li>\n<li> <strong>Tarneaeg:<\/strong> Mida varem saate alustada hinnapakkumiste hankimist, seda parem, sest kiirema valmimise korral t\u00f5usevad hinnad oluliselt.<\/li>\n<li> <strong>Avatud vs. suletud veoauto:<\/strong> Avatud veoautod on odavamad, kuid neil on \u00fcldiselt suurem kahjustuste oht v\u00f5rreldes suletud veoautodega. <\/li>\n<\/ul>\n<h3><span class=\"ez-toc-section\" id=\"Car_Transport_Taxes\"><\/span>Autoveo maksud<span class=\"ez-toc-section-end\"><\/span><\/h3>\n<p>S\u00f5ltuvalt sellest, kuhu te oma autot toimetate, peate v\u00f5ib-olla maksma m\u00e4rkimisv\u00e4\u00e4rseid makse. N\u00e4iteks autod <a href=\"https:\/\/moverdb.com\/et\/shipping-to-singapore\/\">l\u00e4hetatud Singapuri<\/a> maksustatakse auto tolliv\u00e4\u00e4rtus 20% impordimaksuga. <\/p>\n<p>Paljud Euroopa riigid n\u00f5uavad imporditollimaksu umbes 10%, kuid v\u00f5ivad lisaks n\u00f5uda k\u00e4ibemaksu, mis v\u00f5ib lisada veel 20%, s\u00f5ltuvalt sellest, kuidas autot kasutatakse. <\/p>\n<p>Seega veenduge, et te arvestate sellega eelarves, kui saate hinnapakkumisi ja enne auto tegelikku l\u00e4hetamist. M\u00f5nel juhul v\u00f5ib olla odavam ja lihtsam lihtsalt osta uus auto, mitte saata oma vana.  <\/p>\n<h2><span class=\"ez-toc-section\" id=\"International_Vehicle_Shipping_Documentation\"><\/span>Rahvusvaheline s\u00f5idukite veodokumentatsioon<span class=\"ez-toc-section-end\"><\/span><\/h2>\n<p>Oma auto v\u00f5i muude s\u00f5idukite rahvusvaheliseks vedamiseks on vaja korralikku dokumentatsiooni. Reuqiremnts on riigiti erinev, seega kontrollige seda alati enne saatmist. \u00dcldiselt n\u00f5utavad dokumendid on j\u00e4rgmised:<\/p>\n<ul>\n<li> S\u00f5iduki originaalpealkiri<\/li>\n<li> P\u00e4ritolusertifikaat<\/li>\n<li> Veokiri<\/li>\n<li> Kindlustusdokumendid<\/li>\n<\/ul>\n<h2><span class=\"ez-toc-section\" id=\"Other_Car_Transport_Tips\"><\/span>Muud autoveo n\u00f5uanded<span class=\"ez-toc-section-end\"><\/span><\/h2>\n<ul>\n<li> <strong>Tehke fotosid:<\/strong> Veenduge, et te teete oma s\u00f5idukist enne saatmist ajatempliga varustatud fotod, juhul kui see on kahjustatud. Kui on mingeid kahjustusi, siis tehke kindlasti kohe fotod, et v\u00e4hendada vaidlusi.<\/li>\n<li> <strong>Kindlustus:<\/strong> Veenduge, et teie kindlustus katab kogu teie auto ja iga\u00fche, kes seda v\u00f5ib juhtida, reisi.<\/li>\n<li> <strong>Eemaldage isiklikud asjad:<\/strong> Veenduge, et k\u00f5ik teie isiklikud asjad on enne vedu autost eemaldatud, et need ei l\u00e4heks kaduma (v\u00f5i ei varastataks!).<\/li>\n<li> <strong>Otsige spetsialiste:<\/strong> Kui teil on klassikaline v\u00f5i veidi ebatavaline auto, mida soovite transportida, veenduge, et valitud ettev\u00f5ttel on kogemusi nende autode vedamisel ja\/v\u00f5i transportimisel.<\/li>\n<li> <strong>Ajagraafikud:<\/strong> Veenduge, et te teate, kui kaua kulub aega, et auto punktist A punkti B viia.<\/li>\n<li> <strong>Jooksev seisund:<\/strong> Veenduge, et enne veo alustamist kontrollite oma transpordifirmaga selliseid asju nagu gaasi (bensiini) tase, vedelikud, rehvir\u00f5hk, aku jne. N\u00e4iteks rahvusvahelisel veokonteineriga vedamisel v\u00f5ite gaasipaagi t\u00e4ielikult t\u00fchjendada. Teisest k\u00fcljest, kui te lasete kellelgi oma autot juhtida, tahate veenduda, et bensiinipaak on t\u00e4is.<\/li>\n<\/ul>\n<h2><span class=\"ez-toc-section\" id=\"Car_Transport_Quotes\"><\/span>Autotranspordi hinnapakkumised<span class=\"ez-toc-section-end\"><\/span><\/h2>\n<p>Rahvusvahelise autoveo hinnapakkumiste saamiseks saate kasutada meie hinnapakkumise vormi lehek\u00fclje \u00fclaosas. Enne kui v\u00f5tate pakkumise vastu, veenduge siiski, et saate t\u00e4ielikult aru, kes teie autot s\u00f5idutab v\u00f5i veab (igal teekonna etapil), kuidas teie s\u00f5iduk on kindlustatud ja lugege kommentaare ettev\u00f5tte kohta. <\/p>","protected":false},"excerpt":{"rendered":"<p>Looking for international car transport or vehicle shipping, but don&#8217;t know where to start? We can help you with everything from companies to costs to quotes. You can get started right away using our quote form above, or keep reading our guide below for more information. Auto Transport Companies The international car and auto transport [&hellip;]<\/p>\n","protected":false},"author":1,"featured_media":2753,"parent":0,"menu_order":0,"comment_status":"closed","ping_status":"closed","template":"","meta":{"_genesis_hide_title":false,"_genesis_hide_breadcrumbs":false,"_genesis_hide_singular_image":false,"_genesis_hide_footer_widgets":false,"_genesis_custom_body_class":"","_genesis_custom_post_class":"","_genesis_layout":"","footnotes":""},"class_list":{"0":"post-2752","1":"page","2":"type-page","3":"status-publish","4":"has-post-thumbnail","6":"entry"},"_links":{"self":[{"href":"https:\/\/moverdb.com\/et\/wp-json\/wp\/v2\/pages\/2752","targetHints":{"allow":["GET"]}}],"collection":[{"href":"https:\/\/moverdb.com\/et\/wp-json\/wp\/v2\/pages"}],"about":[{"href":"https:\/\/moverdb.com\/et\/wp-json\/wp\/v2\/types\/page"}],"author":[{"embeddable":true,"href":"https:\/\/moverdb.com\/et\/wp-json\/wp\/v2\/users\/1"}],"replies":[{"embeddable":true,"href":"https:\/\/moverdb.com\/et\/wp-json\/wp\/v2\/comments?post=2752"}],"version-history":[{"count":18,"href":"https:\/\/moverdb.com\/et\/wp-json\/wp\/v2\/pages\/2752\/revisions"}],"predecessor-version":[{"id":18593,"href":"https:\/\/moverdb.com\/et\/wp-json\/wp\/v2\/pages\/2752\/revisions\/18593"}],"wp:featuredmedia":[{"embeddable":true,"href":"https:\/\/moverdb.com\/et\/wp-json\/wp\/v2\/media\/2753"}],"wp:attachment":[{"href":"https:\/\/moverdb.com\/et\/wp-json\/wp\/v2\/media?parent=2752"}],"curies":[{"name":"wp","href":"https:\/\/api.w.org\/{rel}","templated":true}]}}