{"id":270,"date":"2016-05-01T17:06:39","date_gmt":"2016-05-01T17:06:39","guid":{"rendered":"http:\/\/moverdb.com\/?page_id=270"},"modified":"2026-01-08T14:47:32","modified_gmt":"2026-01-08T14:47:32","slug":"anglo-vaikse-ookeani-piirkonna","status":"publish","type":"page","link":"https:\/\/moverdb.com\/et\/anglo-pacific\/","title":{"rendered":"Anglo Pacific: Rahvusvaheline kolimine ja kolimine Arvamused"},"content":{"rendered":"<p>Anglo Pacific pakub erinevaid kolimisteenuseid, et aidata inimestel kolida v\u00e4lismaale. Siin on nende p\u00f5hiteenuste pakkumised koos ettev\u00f5tte profiili ja \u00fclevaadetega.<\/p>\n<p><strong>Teenused<\/strong> <\/p>\n<p><strong>Eemaldamise teenused<\/strong> <\/p>\n<ul>\n<li> Import<\/li>\n<li> Rahvusvaheline \u00fcmberpaigutamine<\/li>\n<li> Pakkumine <a href=\"https:\/\/moverdb.com\/et\/konteiner-laevandus\/\">laevakonteinerid<\/a><\/li>\n<li> Teatrilised kolimised<\/li>\n<li> <a href=\"https:\/\/moverdb.com\/et\/uk-removals\/man-and-van-cost\/\" data-internallinksmanager029f6b8e52c=\"380\" title=\"Kui palju maksab Man &amp; Van \u00dchendkuningriigis? 2026 juhend\">Mees ja kaubik<\/a> rentida sisse <a href=\"https:\/\/moverdb.com\/et\/moving-to-london\/\">London<\/a><\/li>\n<\/ul>\n<p><strong>Veoteenused<\/strong><\/p>\n<ul>\n<li> Pagas<\/li>\n<li> <a href=\"https:\/\/moverdb.com\/et\/autoveo-laevandus\/\">Autod<\/a><\/li>\n<li> Fine Art<\/li>\n<li> Kaubavedu<\/li>\n<li> Import<\/li>\n<li> Mootorratas<\/li>\n<li> Pagas<\/li>\n<li> Kaubandus<\/li>\n<li> \u00d5pilane<\/li>\n<\/ul>\n<h2>Anglo Pacific Ettev\u00f5tte profiil<\/h2>\n<p>Enam kui 30 aastat tagasi asutatud Anglo Pacific on suurim laevandus- ja kolimisfirma kogu maailmas. <a href=\"https:\/\/moverdb.com\/et\/moving-to-the-uk\/\" data-internallinksmanager029f6b8e52c=\"93\" title=\"Kolimine \u00dchendkuningriiki? 2022 Elamiskulud ja kolimisn\u00f5uanded\">UK<\/a>, t\u00f6\u00f6deldes \u00fcle 20 000 \u00fcksiku pagasisaadetise ja lugematul hulgal pagasisaadetisi <a href=\"https:\/\/moverdb.com\/et\/international-removals\/\" data-internallinksmanager029f6b8e52c=\"27\" title=\"36 Parimad rahvusvahelised kolimisfirmad \u00dchendkuningriigis\">rahvusvahelised kolimised<\/a> igal aastal. <\/p>\n<p>Ettev\u00f5te on uhke, et pakub esmaklassilist, s\u00f5bralikku ja professionaalset kolimisteenust, olenemata sellest, kas tegemist on terve kinnisvara sisuga v\u00f5i \u00f5rnade esemetega, nagu n\u00e4iteks kunsti. <\/p>\n<p>Anglo Pacific valib oma meeskonda v\u00e4ga hoolikalt k\u00f5ige k\u00f5rgema kvalifikatsiooniga spetsialiste, nimetades ametisse ainult selliseid t\u00f6\u00f6tajaid, kes l\u00e4hevad klientide heaks ekstra miili ja t\u00f6\u00f6tajaid, kes oskavad oskuslikult juhtida isiklike asjade ohutut ja t\u00f5husat liikumist. <\/p>\n<p>Lisaks v\u00f5imaldab k\u00f5ikide saadetiste j\u00e4lgimisteenus t\u00f6\u00f6tajatel t\u00e4pselt kindlaks teha kolimise t\u00e4pse asukoha ja staatuse, nii et kliendid saavad olla kindlad, et nende kaubad on teel sihtkohta.<\/p>\n<p>Anglo Pacific kehtestab ja s\u00e4ilitab erakordselt k\u00f5rged standardid ning on liikmetena <a href=\"https:\/\/moverdb.com\/et\/bar-overseas\/\">Overseas Group<\/a> kohta <a href=\"https:\/\/moverdb.com\/et\/british-association-of-removers\/\">Briti kolijate \u00fchendus<\/a> (<a href=\"https:\/\/moverdb.com\/et\/british-association-of-removers\/\" data-internallinksmanager029f6b8e52c=\"9\" title=\"Briti kolijate assotsiatsioon (BAR) Selgitatud\">BAR<\/a>) on nende eesm\u00e4rk pakkuda ainult parimat. <\/p>\n<p>Lisaks sellele j\u00e4rgivad nad International Movers Mutual Insurance Company Ltd'i t\u00e4iustatud maksegarantiid, mis pakuvad klientidele suuremat kindlustunnet. <\/p>\n<h2>Anglo Pacific Arvamused<\/h2>\n<p><strong>Positiivne<\/strong><\/p>\n<ul>\n<li> <em>\"Suur t\u00e4nu k\u00f5igile Anglo Pacifici ja Keys Brothersi t\u00f6\u00f6tajatele. Tegid meie kolimise Londonist Perthi nii sujuvaks, me hindame v\u00e4ga teie abi. V\u00e4ga professionaalne ja t\u00f5hus ja k\u00f5ik tehtud suurep\u00e4rase hinnaga!!!\"<\/em> - Via <a href=\"http:\/\/www.reviewcentre.com\/reviews252735.html?ratingfilter=5#refineYourSearch\" target=\"_blank\" rel=\"noopener\">L\u00e4bivaatamise keskus<\/a><\/li>\n<li> <em>\"Mul oli vaja saata \u00fcleliigset pagasit <a href=\"https:\/\/moverdb.com\/et\/moving-to-australia\/living-in-australia\/\" data-internallinksmanager029f6b8e52c=\"240\" title=\"21 saladusi Austraalias elamise kohta, mida enne kolimist teada tuleb\">Austraalia<\/a>. V\u00f5tsin internetis \u00fchendust paljude inimestega ja l\u00f5puks sattusin Anglo Pacifici peale. Minu pagas koguti \u00f5igel ajal ja mulle anti teavet kogu tee jooksul.\"<\/em> - Via <a href=\"http:\/\/www.reviewcentre.com\/Removal-Companies\/Anglo-Pacific-Removals-Company-www-anglopacific-co-uk-review_1596555\" target=\"_blank\" rel=\"noopener\">L\u00e4bivaatamise keskus<\/a><\/li>\n<li> <em>\"Soovitan Anglo Pacificut k\u00f5igile, kes soovivad oma asju turvaliselt ja t\u00f5husalt transportida.\"<\/em> - kaudu. <a href=\"https:\/\/uk.trustpilot.com\/review\/anglopacific.co.uk\" target=\"_blank\" rel=\"noopener\">TrustPilot<\/a><\/li>\n<\/ul>\n<p><strong>Negatiivne<\/strong><\/p>\n<ul>\n<li> <em>\"Ma palun teid, et te ei kaaluks Anglo Pacific'it enam!!! Minu saadetis j\u00f5udis kohale, kus k\u00f5ik minu n\u00f5ud olid t\u00e4iesti purunenud ja elektriliste esemete kast toimetati tagurpidi!\"<\/em> - kaudu. <a href=\"http:\/\/www.reviewcentre.com\/Removal-Companies\/Anglo-Pacific-Removals-Company-www-anglopacific-co-uk-review_3741459\" target=\"_blank\" rel=\"noopener\">L\u00e4bivaatamise keskus<\/a><\/li>\n<li> <em>\"Ma vaevalt suudan v\u00e4ljendada oma ehmatust, kui ma avasin viimased oma kastid sisse <a href=\"https:\/\/moverdb.com\/et\/moving-to-nyc\/\" data-internallinksmanager029f6b8e52c=\"57\" title=\"Kolimine New Yorki? 2026 NYC elamiskulud ja kolimisn\u00f5uanded\">NYC<\/a> ainult selleks, et aru saada, et mu k\u00f5ige v\u00e4\u00e4rtuslikumad esemed ja enamik mu kallist k\u00f6\u00f6gitarbeid on kadunud.\"<\/em> - kaudu. <a href=\"http:\/\/www.mymovingreviews.com\/movers\/anglo-pacific-international-1790\" target=\"_blank\" rel=\"noopener\">Minu kolimise \u00fclevaated<\/a><\/li>\n<li> <em>\"V\u00e4ltige - kohutav kogemus t\u00e4ieliku hoolduse puudumise ja halvima teeninduse p\u00e4rast\"<\/em> - kaudu. <a href=\"https:\/\/uk.trustpilot.com\/reviews\/56d595280000ff000940e229\" target=\"_blank\" rel=\"noopener\">Trustpilot<\/a><\/li>\n<\/ul>\n<div itemprop=\"review\" itemscope itemtype=\"http:\/\/schema.org\/Review\">\n<span itemprop=\"author\" itemscope=\"\" itemtype=\"http:\/\/schema.org\/Organization\"><span itemprop=\"name\">MoverDB.com<\/span><\/span> Veebilehe \u00fclevaatus veebisaidi jaoks <span itemprop=\"itemreviewed\" itemscope=\"\" itemtype=\"http:\/\/schema.org\/Brand\"><span itemprop=\"name\">Anglo Pacific<\/span><\/span>:<\/p>\n<ol>\n<li> Selged kontaktandmed veebisaidil (sh telefoninumber)? <strong>Jah<\/strong><\/li>\n<li> Lihtne saada <a href=\"https:\/\/moverdb.com\/et\/tsitaadid\/\">rahvusvaheliste kolimiste hinnapakkumised<\/a>? (veebip\u00f5hine hinnangu taotluse vorm): <strong>Jah<\/strong><\/li>\n<li> Selge teave veebilehel: <strong>Jah<\/strong>, lehek\u00fclgedel on lihtne navigeerida ja on selge, milliseid teenuseid nad pakuvad.<\/li>\n<li> Liikmelisus rahvusvahelistes tunnustatud liikumisorganisatsioonides: <strong>Jah<\/strong><\/li>\n<li> Klientide ja\/v\u00f5i varasemate klientide soovitused: <strong>Jah <\/strong><\/li>\n<\/ol>\n<div itemprop=\"reviewRating\" itemscope itemtype=\"http:\/\/schema.org\/Rating\"><meta itemprop=\"worstRating\" content = \"0\" \/><meta itemprop=\"bestRating\" content=\"5\" \/><meta itemprop=\"ratingValue\" content=\"5\"><\/div>\n<p><strong>\u00dcldine hinne: 5\/5<\/strong><br \/>\n<strong>L\u00e4bivaatamise kuup\u00e4ev:<\/strong> <span itemprop=\"datePublished\" content=\"2016-05-01\">01\/05\/2016<\/span>\n<\/div>\n<p>Rohkem infot <a href=\"https:\/\/moverdb.com\/et\/rahvusvahelised-kolimised\/\">\u00dchendkuningriigi kolimisfirmad<\/a> ja meie <a href=\"https:\/\/moverdb.com\/et\/arvustused\/\">l\u00e4bivaatamisprotsessi selgitamine<\/a>.<\/p>\n<p><strong>Veebileht:<\/strong> <a href=\"http:\/\/www.anglopacific.co.uk\" target=\"_blank\" rel=\"noopener\">http:\/\/www.anglopacific.co.uk<\/a><\/p>","protected":false},"excerpt":{"rendered":"<p>Anglo Pacific offers a variety of removal services to help people move overseas. Here are their core service offerings along with company profile and reviews. Services Removal Services Imports International Relocation Provision of shipping containers Theatrical removals Man and Van hire in London Shipping Services Baggage Cars Fine Art Freight Imports Motorbike Luggage Trade Student [&hellip;]<\/p>\n","protected":false},"author":1,"featured_media":0,"parent":0,"menu_order":0,"comment_status":"closed","ping_status":"closed","template":"","meta":{"_genesis_hide_title":false,"_genesis_hide_breadcrumbs":false,"_genesis_hide_singular_image":false,"_genesis_hide_footer_widgets":false,"_genesis_custom_body_class":"","_genesis_custom_post_class":"","_genesis_layout":"","footnotes":""},"class_list":{"0":"post-270","1":"page","2":"type-page","3":"status-publish","5":"entry"},"_links":{"self":[{"href":"https:\/\/moverdb.com\/et\/wp-json\/wp\/v2\/pages\/270","targetHints":{"allow":["GET"]}}],"collection":[{"href":"https:\/\/moverdb.com\/et\/wp-json\/wp\/v2\/pages"}],"about":[{"href":"https:\/\/moverdb.com\/et\/wp-json\/wp\/v2\/types\/page"}],"author":[{"embeddable":true,"href":"https:\/\/moverdb.com\/et\/wp-json\/wp\/v2\/users\/1"}],"replies":[{"embeddable":true,"href":"https:\/\/moverdb.com\/et\/wp-json\/wp\/v2\/comments?post=270"}],"version-history":[{"count":12,"href":"https:\/\/moverdb.com\/et\/wp-json\/wp\/v2\/pages\/270\/revisions"}],"predecessor-version":[{"id":6173,"href":"https:\/\/moverdb.com\/et\/wp-json\/wp\/v2\/pages\/270\/revisions\/6173"}],"wp:attachment":[{"href":"https:\/\/moverdb.com\/et\/wp-json\/wp\/v2\/media?parent=270"}],"curies":[{"name":"wp","href":"https:\/\/api.w.org\/{rel}","templated":true}]}}