{"id":2675,"date":"2017-05-03T15:16:49","date_gmt":"2017-05-03T15:16:49","guid":{"rendered":"https:\/\/moverdb.com\/?page_id=2675"},"modified":"2026-01-08T15:20:41","modified_gmt":"2026-01-08T15:20:41","slug":"shipping-to-singapore","status":"publish","type":"page","link":"https:\/\/moverdb.com\/et\/shipping-to-singapore\/","title":{"rendered":"Laevandus Singapuri: Mida on vaja teada"},"content":{"rendered":"<p><img loading=\"lazy\" decoding=\"async\" width=\"720\" height=\"313\" src=\"https:\/\/moverdb.com\/wp-content\/uploads\/shipping-to-singapore.png\" alt=\"Laevandus Singapuri\" class=\"aligncenter size-full wp-image-2676\" srcset=\"https:\/\/moverdb.com\/wp-content\/uploads\/shipping-to-singapore.png 720w, https:\/\/moverdb.com\/wp-content\/uploads\/shipping-to-singapore-300x130.png 300w, https:\/\/moverdb.com\/wp-content\/uploads\/shipping-to-singapore-600x261.png 600w\" sizes=\"auto, (max-width: 720px) 100vw, 720px\" \/><\/p>\n<p>Kas te olete <a href=\"https:\/\/moverdb.com\/et\/singapuri-kolimine\/\">Singapuri kolimine<\/a> v\u00f5i soovite lihtsalt saata paar pakki, saame aidata teil leida parimad transpordipakkumised alates <a href=\"https:\/\/moverdb.com\/et\/moving-to-the-united-states\/\" data-internallinksmanager029f6b8e52c=\"94\" title=\"Kolimine Ameerika \u00dchendriikidesse? 2022 Elamiskulud ja kolimisn\u00f5uanded\">USA<\/a>, <a href=\"https:\/\/moverdb.com\/et\/moving-to-the-uk\/\" data-internallinksmanager029f6b8e52c=\"93\" title=\"Kolimine \u00dchendkuningriiki? 2022 Elamiskulud ja kolimisn\u00f5uanded\">UK<\/a>, <a href=\"https:\/\/moverdb.com\/et\/moving-to-australia\/living-in-australia\/\" data-internallinksmanager029f6b8e52c=\"240\" title=\"21 saladusi Austraalias elamise kohta, mida enne kolimist teada tuleb\">Austraalia<\/a>, <a href=\"https:\/\/moverdb.com\/et\/moving-to-canada\/\" data-internallinksmanager029f6b8e52c=\"265\" title=\"Kanadasse kolimine? 2023 elamiskulud ja kolimisn\u00f5uanded\">Kanada<\/a>, <a href=\"https:\/\/moverdb.com\/et\/moving-to-france\/\" data-internallinksmanager029f6b8e52c=\"315\" title=\"Kolimine Prantsusmaale? 2023 elamiskulud ja kolimisn\u00f5uanded\">Prantsusmaa<\/a>, <a href=\"https:\/\/moverdb.com\/et\/moving-to-hong-kong\/\" data-internallinksmanager029f6b8e52c=\"350\" title=\"Kolimine Hongkongi? 2023 elamiskulud ja kolimisn\u00f5uanded\">Hongkong<\/a>, <a href=\"https:\/\/moverdb.com\/et\/moving-to-new-zealand\/\" data-internallinksmanager029f6b8e52c=\"324\" title=\"Uus-Meremaale kolimine? 2023 elamiskulud ja kolimisn\u00f5uanded\">Uus-Meremaa<\/a>, <a href=\"https:\/\/moverdb.com\/et\/moving-to-the-philippines\/\" data-internallinksmanager029f6b8e52c=\"376\" title=\"Kolimine Filipiinidele? 2023 elamiskulud ja kolimisn\u00f5uanded\">Filipiinid<\/a> ja enamikus teistes riikides \u00fcle maailma. <\/p>\n<p>V\u00f5ite alustada, kasutades \u00fclaltoodud tasuta hinnapakkumise vormi. <\/p>\n<div id=\"ez-toc-container\" class=\"ez-toc-v2_0_82_2 ez-toc-wrap-left counter-hierarchy ez-toc-counter ez-toc-transparent ez-toc-container-direction\">\n<div class=\"ez-toc-title-container\">\n<p class=\"ez-toc-title\" style=\"cursor:inherit\">Jaotised<\/p>\n<span class=\"ez-toc-title-toggle\"><a href=\"#\" class=\"ez-toc-pull-right ez-toc-btn ez-toc-btn-xs ez-toc-btn-default ez-toc-toggle\" aria-label=\"Sisukorra vaheldumine\"><span class=\"ez-toc-js-icon-con\"><span class=\"\"><span class=\"eztoc-hide\" style=\"display:none;\">Toggle<\/span><span class=\"ez-toc-icon-toggle-span\"><svg style=\"fill: #999;color:#999\" xmlns=\"http:\/\/www.w3.org\/2000\/svg\" class=\"list-377408\" width=\"20px\" height=\"20px\" viewbox=\"0 0 24 24\" fill=\"none\"><path d=\"M6 6H4v2h2V6zm14 0H8v2h12V6zM4 11h2v2H4v-2zm16 0H8v2h12v-2zM4 16h2v2H4v-2zm16 0H8v2h12v-2z\" fill=\"currentColor\"><\/path><\/svg><svg style=\"fill: #999;color:#999\" class=\"arrow-unsorted-368013\" xmlns=\"http:\/\/www.w3.org\/2000\/svg\" width=\"10px\" height=\"10px\" viewbox=\"0 0 24 24\" version=\"1.2\" baseprofile=\"tiny\"><path d=\"M18.2 9.3l-6.2-6.3-6.2 6.3c-.2.2-.3.4-.3.7s.1.5.3.7c.2.2.4.3.7.3h11c.3 0 .5-.1.7-.3.2-.2.3-.5.3-.7s-.1-.5-.3-.7zM5.8 14.7l6.2 6.3 6.2-6.3c.2-.2.3-.5.3-.7s-.1-.5-.3-.7c-.2-.2-.4-.3-.7-.3h-11c-.3 0-.5.1-.7.3-.2.2-.3.5-.3.7s.1.5.3.7z\"\/><\/svg><\/span><\/span><\/span><\/a><\/span><\/div>\n<nav><ul class='ez-toc-list ez-toc-list-level-1 eztoc-toggle-hide-by-default' ><li class='ez-toc-page-1 ez-toc-heading-level-2'><a class=\"ez-toc-link ez-toc-heading-1\" href=\"https:\/\/moverdb.com\/et\/shipping-to-singapore\/#Shipping_to_Singapore_From_The_US\" >Laevandus Singapuri USA-st<\/a><\/li><li class='ez-toc-page-1 ez-toc-heading-level-2'><a class=\"ez-toc-link ez-toc-heading-2\" href=\"https:\/\/moverdb.com\/et\/shipping-to-singapore\/#Shipping_to_Singapore_From_The_UK\" >Laevandus Singapuri \u00dchendkuningriigist<\/a><\/li><li class='ez-toc-page-1 ez-toc-heading-level-2'><a class=\"ez-toc-link ez-toc-heading-3\" href=\"https:\/\/moverdb.com\/et\/shipping-to-singapore\/#Shipping_to_Singapore_From_Australia\" >Laevandus Singapuri Austraaliast<\/a><\/li><li class='ez-toc-page-1 ez-toc-heading-level-2'><a class=\"ez-toc-link ez-toc-heading-4\" href=\"https:\/\/moverdb.com\/et\/shipping-to-singapore\/#Shipping_to_Singapore_From_Canada\" >Kohaletoimetamine Kanadast Singapuri<\/a><\/li><li class='ez-toc-page-1 ez-toc-heading-level-2'><a class=\"ez-toc-link ez-toc-heading-5\" href=\"https:\/\/moverdb.com\/et\/shipping-to-singapore\/#Shipping_to_Singapore_From_France\" >Laevandus Singapuri Prantsusmaalt<\/a><\/li><li class='ez-toc-page-1 ez-toc-heading-level-2'><a class=\"ez-toc-link ez-toc-heading-6\" href=\"https:\/\/moverdb.com\/et\/shipping-to-singapore\/#Shipping_to_Singapore_From_Hong_Kong\" >Laevandus Singapuri Hongkongist<\/a><\/li><li class='ez-toc-page-1 ez-toc-heading-level-2'><a class=\"ez-toc-link ez-toc-heading-7\" href=\"https:\/\/moverdb.com\/et\/shipping-to-singapore\/#Shipping_to_Singapore_From_New_Zealand\" >Laevandus Singapuri Uus-Meremaalt<\/a><\/li><li class='ez-toc-page-1 ez-toc-heading-level-2'><a class=\"ez-toc-link ez-toc-heading-8\" href=\"https:\/\/moverdb.com\/et\/shipping-to-singapore\/#Shipping_to_Singapore_From_the_Philippines\" >Laevandus Singapuri Filipiinidelt<\/a><\/li><li class='ez-toc-page-1 ez-toc-heading-level-2'><a class=\"ez-toc-link ez-toc-heading-9\" href=\"https:\/\/moverdb.com\/et\/shipping-to-singapore\/#Singapore_Import_Duties_Taxes\" >Singapuri imporditollimaksud ja -maksud<\/a><\/li><li class='ez-toc-page-1 ez-toc-heading-level-2'><a class=\"ez-toc-link ez-toc-heading-10\" href=\"https:\/\/moverdb.com\/et\/shipping-to-singapore\/#Restricted_Items_in_Singapore\" >Piiratud esemed Singapuris<\/a><\/li><li class='ez-toc-page-1 ez-toc-heading-level-2'><a class=\"ez-toc-link ez-toc-heading-11\" href=\"https:\/\/moverdb.com\/et\/shipping-to-singapore\/#Other_Useful_Guides_to_Singapore\" >Muud kasulikud teejuhid Singapuri kohta<\/a><\/li><\/ul><\/nav><\/div>\n<h2><span class=\"ez-toc-section\" id=\"Shipping_to_Singapore_From_The_US\"><\/span>Laevandus Singapuri USA-st<span class=\"ez-toc-section-end\"><\/span><\/h2>\n<p><strong><a href=\"https:\/\/moverdb.com\/et\/container-shipping\/\" data-internallinksmanager029f6b8e52c=\"3\" title=\"Rahvusvaheliste konteinerite veohindade graafik: aprill 2026\">Konteineri veokulud<\/a> Alates <a href=\"https:\/\/moverdb.com\/et\/moving-to-los-angeles\/\">Los Angeles<\/a><\/strong><\/p>\n<ul>\n<li> 20ft konteiner: $750 - $830<\/li>\n<li> 40ft konteiner: $1,120 - $1,235<\/li>\n<\/ul>\n<p><strong>Konteinerite veokulud alates <a href=\"https:\/\/moverdb.com\/et\/moving-to-nyc\/\">New York<\/a><\/strong><\/p>\n<ul>\n<li> 20ft konteiner: $975 - $1,080<\/li>\n<li> 40ft konteiner: $1,460 - $1,610<\/li>\n<\/ul>\n<p><strong>Paki saatmiskulud<\/strong><\/p>\n<ul>\n<li> Esimesed 0,5 kg: $11.80+<\/li>\n<li> Iga t\u00e4iendav 0,5 kg: $3.25+<\/li>\n<\/ul>\n<p><em>Allikas:<\/em> <a href=\"http:\/\/comgateway.com\/ship-to-Singapore\/\" target=\"_blank\" rel=\"noopener noreferrer\">comGateway<\/a><\/p>\n<p><strong>Laevandusajadus<\/strong><\/p>\n<ul>\n<li> <strong>\u00d5hk:<\/strong> 1-3 p\u00e4eva<\/li>\n<li> <strong>Meri:<\/strong> Umbes 1 kuu<\/li>\n<\/ul>\n<h2><span class=\"ez-toc-section\" id=\"Shipping_to_Singapore_From_The_UK\"><\/span>Laevandus Singapuri \u00dchendkuningriigist<span class=\"ez-toc-section-end\"><\/span><\/h2>\n<p><strong>Konteinerite veokulud alates <a href=\"https:\/\/moverdb.com\/et\/moving-to-london\/\">London<\/a><\/strong><\/p>\n<ul>\n<li> 20ft konteiner: \u00a3 895 - \u00a3 1000<\/li>\n<li> 40ft konteiner: \u00a31,340 - \u00a31,480<\/li>\n<\/ul>\n<p><strong>Paki saatmiskulud<\/strong><\/p>\n<ul>\n<li> Kuni 1 kg: \u00a320.12+<\/li>\n<li> Kuni 20kg: \u00a387.31+<\/li>\n<\/ul>\n<p><em>Allikas:<\/em> <a href=\"https:\/\/www.transglobalexpress.co.uk\/parcel-to\/singapore\/\" target=\"_blank\" rel=\"noopener noreferrer\">Transglobal Express<\/a><\/p>\n<p><strong>Laevandusajadus<\/strong><\/p>\n<ul>\n<li> <strong>\u00d5hk:<\/strong> 1-3 p\u00e4eva<\/li>\n<li> <strong>Meri:<\/strong> Umbes 1 kuu<\/li>\n<\/ul>\n<h2><span class=\"ez-toc-section\" id=\"Shipping_to_Singapore_From_Australia\"><\/span>Laevandus Singapuri Austraaliast<span class=\"ez-toc-section-end\"><\/span><\/h2>\n<p><strong>Konteinerite veokulud alates <a href=\"https:\/\/moverdb.com\/et\/kolimine-sydneysse\/\">Sydney<\/a><\/strong><\/p>\n<ul>\n<li> 20ft konteiner: $980 - $1,080 AUD<\/li>\n<li> 40ft konteiner: $1,470 - $1,620 AUD<\/li>\n<\/ul>\n<p><strong>Paki saatmiskulud<\/strong><\/p>\n<ul>\n<li> V\u00e4ike kott (kuni 500g): $22.26+<\/li>\n<li> Kast (kuni 5kg): $81.73+<\/li>\n<\/ul>\n<p><em>Allikas:<\/em> <a href=\"https:\/\/auspost.com.au\/parcels-mail\/calculate-postage-delivery-times\/#\/\" target=\"_blank\" rel=\"noopener noreferrer\">Austraalia Post<\/a><\/p>\n<p><strong>Laevandusajadus<\/strong><\/p>\n<ul>\n<li> <strong>\u00d5hk:<\/strong> 1-3 p\u00e4eva<\/li>\n<li> <strong>Meri:<\/strong> Umbes 20 p\u00e4eva<\/li>\n<\/ul>\n<h2><span class=\"ez-toc-section\" id=\"Shipping_to_Singapore_From_Canada\"><\/span>Kohaletoimetamine Kanadast Singapuri<span class=\"ez-toc-section-end\"><\/span><\/h2>\n<p><strong>Konteinerite veokulud alates <a href=\"https:\/\/moverdb.com\/et\/moving-to-canada\/moving-to-montreal\/\" data-internallinksmanager029f6b8e52c=\"410\" title=\"Kolimine Montreali? 2023 elamiskulud ja kolimisn\u00f5uanded\">Montreal<\/a><\/strong><\/p>\n<ul>\n<li> 20ft konteiner: $1,640 - $1,800 CAD<\/li>\n<li> 40ft konteiner: $2,440 - $2,700 CAD<\/li>\n<\/ul>\n<p><strong>Konteinerite veokulud alates <a href=\"https:\/\/moverdb.com\/et\/moving-to-canada\/moving-to-vancouver\/\" data-internallinksmanager029f6b8e52c=\"438\" title=\"Kolimine Vancouverisse? 2023 elamiskulud ja kolimisn\u00f5uanded\">Vancouver<\/a><\/strong><\/p>\n<ul>\n<li> 20ft konteiner: $990 - $1,100 CAD<\/li>\n<li> 40ft konteiner: $1,480 - $1,630 CAD<\/li>\n<\/ul>\n<p><strong>Paki saatmiskulud<\/strong><\/p>\n<ul>\n<li> 1kg: $20.29 - $105.44+<\/li>\n<li> 10kg: $139.85 - $412.93+<\/li>\n<\/ul>\n<p><em>Allikas:<\/em> <a href=\"https:\/\/www.canadapost.ca\/cpotools\/apps\/far\/personal\/farInt\" target=\"_blank\" rel=\"noopener noreferrer\">Kanada Post<\/a><\/p>\n<p><strong>Laevandusajadus<\/strong><\/p>\n<ul>\n<li> <strong>\u00d5hk:<\/strong> 1-3 p\u00e4eva<\/li>\n<li> <strong>Meri:<\/strong> Umbes 1 kuu<\/li>\n<\/ul>\n<h2><span class=\"ez-toc-section\" id=\"Shipping_to_Singapore_From_France\"><\/span>Laevandus Singapuri Prantsusmaalt<span class=\"ez-toc-section-end\"><\/span><\/h2>\n<p><strong>Konteinerite veokulud Marseillest<\/strong><\/p>\n<ul>\n<li> 20ft konteiner: 740 \u20ac - 820 \u20ac<\/li>\n<li> 40 jalga konteiner: 1100 - 1220 eurot.<\/li>\n<\/ul>\n<p><strong>Laevandusajadus<\/strong><\/p>\n<ul>\n<li> <strong>\u00d5hk:<\/strong> 1-3 p\u00e4eva<\/li>\n<li> <strong>Meri:<\/strong> Umbes 1 kuu<\/li>\n<\/ul>\n<h2><span class=\"ez-toc-section\" id=\"Shipping_to_Singapore_From_Hong_Kong\"><\/span>Laevandus Singapuri Hongkongist<span class=\"ez-toc-section-end\"><\/span><\/h2>\n<p><strong>Konteineri veokulud<\/strong><\/p>\n<ul>\n<li> 20ft konteiner: $1,820 - $2,010 HKD<\/li>\n<li> 40ft konteiner: $1,860 - $2,060 HKD<\/li>\n<\/ul>\n<p><strong>Laevandusajadus<\/strong><\/p>\n<ul>\n<li> <strong>\u00d5hk:<\/strong> 1-2 p\u00e4eva<\/li>\n<li> <strong>Meri:<\/strong> Umbes 12 p\u00e4eva<\/li>\n<\/ul>\n<h2><span class=\"ez-toc-section\" id=\"Shipping_to_Singapore_From_New_Zealand\"><\/span>Laevandus Singapuri Uus-Meremaalt<span class=\"ez-toc-section-end\"><\/span><\/h2>\n<p><strong>Konteineri veokulud Aucklandist<\/strong><\/p>\n<ul>\n<li> 20ft konteiner: $1,860 - $2,050 NZD<\/li>\n<li> 40ft konteiner: $2,775 - $3,070 NZD<\/li>\n<\/ul>\n<p><strong>Laevandusajadus<\/strong><\/p>\n<ul>\n<li> <strong>\u00d5hk:<\/strong> 1-3 p\u00e4eva<\/li>\n<li> <strong>Meri:<\/strong> Umbes 23 p\u00e4eva<\/li>\n<\/ul>\n<h2><span class=\"ez-toc-section\" id=\"Shipping_to_Singapore_From_the_Philippines\"><\/span>Laevandus Singapuri Filipiinidelt<span class=\"ez-toc-section-end\"><\/span><\/h2>\n<p><strong>Konteinerite veokulud Manilast<\/strong><\/p>\n<ul>\n<li> 20ft konteiner: \u20b118,300 - \u20b120,255<\/li>\n<li> 40ft konteiner: \u20b127,350 - \u20b130,230<\/li>\n<\/ul>\n<p><strong>Laevandusajadus<\/strong><\/p>\n<ul>\n<li> <strong>\u00d5hk:<\/strong> 1-3 p\u00e4eva<\/li>\n<li> <strong>Meri:<\/strong> Umbes 12 p\u00e4eva<\/li>\n<\/ul>\n<p>Konteinerite saatmiskulude andmed p\u00f5hinevad teie kaupade meritsi saatmisel ja p\u00e4rinevad meie <a href=\"https:\/\/moverdb.com\/et\/konteiner-laevandus\/\">rahvusvaheliste konteinerite veohinnad<\/a> lehek\u00fclg ja <a href=\"http:\/\/worldfreightrates.com\" target=\"_blank\" rel=\"noopener noreferrer\">WorldFreightRates.com<\/a>, Air shipping times come from <a href=\"https:\/\/wwwapps.ups.com\/fctc\/timeandcost\" target=\"_blank\" rel=\"noopener noreferrer\">UPSi aja- ja kulukalkulaator<\/a>, ja Sea shipping times come from <a href=\"https:\/\/www.searates.com\" target=\"_blank\" rel=\"noopener noreferrer\">SeaRates.com<\/a>.<\/p>\n<h2><span class=\"ez-toc-section\" id=\"Singapore_Import_Duties_Taxes\"><\/span>Singapuri imporditollimaksud ja -maksud<span class=\"ez-toc-section-end\"><\/span><\/h2>\n<p>Kui majapidamistarbeid ja isiklikke asju veetakse <a href=\"https:\/\/moverdb.com\/et\/moving-to-singapore\/\" data-internallinksmanager029f6b8e52c=\"68\" title=\"Singapuri kolimine? 2022 elamiskulud ja kolimisn\u00f5uanded\">Singapur<\/a> peate maksma kaupade ja teenuste maksu (GST) 7% \u00fcle 400 SGD v\u00e4\u00e4rtusega kaupadelt. Te v\u00f5ite siiski taotleda maksuvabastust, kui kehtib j\u00e4rgmine:<\/p>\n<blockquote><p>GST vabastust v\u00f5ib anda kasutatud kodutarvete ja isiklike asjade impordile:<\/p>\n<p>Singapuri elanikud ja Singapuri alalised elanikud, kes elavad v\u00e4lismaal ja naasevad Singapuri elama.<br \/>\nV\u00e4lismaalased, kes vahetavad elukohta v\u00f5i r\u00e4ndavad Singapuri<\/p>\n<p>GST-v\u00e4hendust kohaldatakse j\u00e4rgmistel tingimustel:<\/p>\n<p>K\u00f5nealune isik kinnitab tollile, et:<\/p>\n<ul>\n<li> Ta muudab oma elukoha Singapuri;<\/li>\n<li> Ta on imporditud esemete, isiklike asjade ja isikliku lemmiklooma omanik;<\/li>\n<li> esemed ja isiklikud asjad on olnud tema valduses ja kasutusel v\u00e4hemalt 3 kuud ning<\/li>\n<li> Esemed ja isiklikud asjad tuuakse sisse \u00f5hu v\u00f5i mere kaudu.<\/li>\n<li> Esemed, isiklikud esemed ja isiklikud lemmikloomad imporditakse 6 kuu jooksul alates tema esimesest Singapuri saabumisest.<\/li>\n<li> Esitatakse kohustus mitte v\u00f5\u00f5randada esemeid ja isiklikke asju 3 kuu jooksul alates impordikuup\u00e4evast.<\/li>\n<\/ul>\n<p>Singapuri tagasip\u00f6\u00f6rdujad ja eraisikud peavad olema elanud v\u00e4lisriigis rohkem kui 6 kuud, et saada GST-erandit.<\/p><\/blockquote>\n<p><strong>Allikas:<\/strong> <a href=\"https:\/\/www.customs.gov.sg\/businesses\/importing-goods\/import-procedures\/importing-used-household-articles-and-personal-effects\" target=\"_blank\" rel=\"noopener noreferrer\">Singapuri toll<\/a><\/p>\n<p>Pange t\u00e4hele, et on olemas <a href=\"https:\/\/www.customs.gov.sg\/businesses\/valuation-duties-taxes--fees\/duties-and-dutiable-goods\" target=\"_blank\" rel=\"noopener noreferrer\">on 4 tollimaksuga maksustatava kauba kategooriat<\/a> (mille suhtes ei saa kohaldada GST soodustust):<\/p>\n<ul>\n<li> Uimastavad alkohoolsed joogid: P\u00f5hineb \u00fchel kahest valemist: <em>Tasumisele kuuluv tollimaks = Kogus liitrites x tolli- ja\/v\u00f5i aktsiisim\u00e4\u00e4r x alkoholisisaldusprotsent<\/em> <strong>v\u00f5i<\/strong><em> Maksmisele kuuluv tollimaks = tollimaksustatav kogus kilogrammides x tollimaksum\u00e4\u00e4r.<\/em>.<\/li>\n<li> Tubakatooted - <em>Sigaretid:<\/em> Tasumisele kuuluv tollimaks = pulkade koguarv x \u00fcksikute pulkade kaal (iga gramm v\u00f5i selle osa) x aktsiisim\u00e4\u00e4r -. <em>k\u00f5ik muud tubakatooted:<\/em> Maksmisele kuuluv tollimaks = kogukaal (kilogrammides) x aktsiisim\u00e4\u00e4r<\/li>\n<li> Autod ja mootors\u00f5idukid - <em>Tasumisele kuuluv tollimaks = tolliv\u00e4\u00e4rtus x aktsiisim\u00e4\u00e4r<\/em>; s\u00f5iduautode ja klassikaliste autode aktsiisim\u00e4\u00e4r on <strong>20%<\/strong> ning mootorrataste ja motorollerite aktsiisim\u00e4\u00e4r on <strong>12%<\/strong>.<\/li>\n<li> Naftatooted ja biodiislik\u00fctuse segud - Naftatooted: <em>Maksmisele kuuluv tollimaks = Kogumaht x aktsiisim\u00e4\u00e4r<\/em>, kokkusurutud maagaas (Cng): <em>Maksmisele kuuluv tollimaks = kogukaal x aktsiisim\u00e4\u00e4r<\/em>, Biodiislik\u00fctuse segu Maksmisele kuuluvad tollimaksud = <em>Diislik\u00fctuse kogus x aktsiisim\u00e4\u00e4r<\/em>.<\/li>\n<\/ul>\n<p>T\u00e4ielik teave on esitatud Singapuri tolliametis. <a href=\"https:\/\/www.customs.gov.sg\/businesses\/importing-goods\/import-procedures\" target=\"_blank\" rel=\"noopener noreferrer\">Impordiprotseduurid siin<\/a>.<\/p>\n<h2><span class=\"ez-toc-section\" id=\"Restricted_Items_in_Singapore\"><\/span>Piiratud esemed Singapuris<span class=\"ez-toc-section-end\"><\/span><\/h2>\n<p>Singapuri tolli poolt keelatud ja\/v\u00f5i kontrollitavate kaupadena on loetletud j\u00e4rgmised kaubad (<a href=\"https:\/\/www.customs.gov.sg\/individuals\/going-through-customs\/arrival\/prohibited-and-controlled-goods\" target=\"_blank\" rel=\"noopener noreferrer\">vt veebisait<\/a> t\u00e4psemate \u00fcksikasjade saamiseks):<\/p>\n<ul>\n<li> n\u00e4rimiskummid (v\u00e4lja arvatud Tervishoiuameti poolt heakskiidetud hambaravi- ja ravimikummid).<\/li>\n<li> n\u00e4rimistubakas ja tubakatoodete imitatsioonid (n\u00e4iteks elektroonilised sigaretid)<\/li>\n<li> Shisha<\/li>\n<li> Suitsuta sigarid, suitsuta sigarillod v\u00f5i suitsuta sigaretid<\/li>\n<li> Lahustuv tubakas v\u00f5i nikotiin<\/li>\n<li> K\u00f5ik nikotiini v\u00f5i tubakat sisaldavad tooted, mida v\u00f5ib kasutada paikselt manustamiseks, implantaadi abil v\u00f5i s\u00fcstida mis tahes kehaosadesse.<\/li>\n<li> K\u00f5ik lahused v\u00f5i ained, mille koostisosa on tubakas v\u00f5i nikotiin ja mis on m\u00f5eldud kasutamiseks koos elektroonilise nikotiini manustamiss\u00fcsteemi v\u00f5i aurustitega.<\/li>\n<li> Ninaspreid (alates 1. augustist 2016)<\/li>\n<li> Suukaudne nuusktubakas (alates 1. augustist 2016)<\/li>\n<li> Gutkha, khaini ja zarda (alates 1. augustist 2016)<\/li>\n<li> P\u00fcstoli- v\u00f5i revolvrikujulised sigaretis\u00fc\u00fctajad<\/li>\n<p>Contr<\/p>\n<li> narkootikumid ja ps\u00fchhotroopsed ained<\/li>\n<li> Ohustatud looduslikud loomaliigid ja nende k\u00f5rvalsaadused<\/li>\n<li> Ilutulestik<\/li>\n<li> Ebas\u00fcndsad artiklid, tr\u00fckised ja videolindid\/-kettad<\/li>\n<li> Autori\u00f5igusega kaitstud tr\u00fckiste, tarkvara, videolintide, videokompaktplaatide, laserplaatide, heliplaatide v\u00f5i kassettide reprodutseerimine.<\/li>\n<li> M\u00e4ssavad ja reeturlikud materjalid<\/li>\n<\/ul>\n<p>Kui te ei ole kindel m\u00f5ne muu eseme osas, k\u00fcsige seda enne kauba saatmist.<\/p>\n<h2><span class=\"ez-toc-section\" id=\"Other_Useful_Guides_to_Singapore\"><\/span>Muud kasulikud teejuhid Singapuri kohta<span class=\"ez-toc-section-end\"><\/span><\/h2>\n<ul>\n<li> <a href=\"https:\/\/moverdb.com\/et\/konteiner-laevandus\/singapuur\/\">2024 Mereveo konteinerite veohinnad Singapuri ja Singapurist<\/a><\/li>\n<li> <a href=\"https:\/\/moverdb.com\/et\/kolimisfirmad\/moving-companies-singapore\/\">22 Parimad rahvusvahelised kolimisfirmad Singapuris<\/a><\/li>\n<li> <a href=\"https:\/\/moverdb.com\/et\/shipping-to-singapore\/\">Laevandus Singapuri: Mida on vaja teada<\/a><\/li>\n<li> <a href=\"https:\/\/moverdb.com\/et\/singapuri-kolimine\/\">Kolimine Singapuri? 2024 elamiskulud ja kolimisn\u00f5uanded<\/a><\/li>\n<li> <a href=\"https:\/\/moverdb.com\/et\/singapuri-kolimine\/best-places-to-live-singapore\/\">12 Parimad kohad Singapuris elamiseks<\/a><\/li>\n<li> <a href=\"https:\/\/moverdb.com\/et\/singapuri-kolimine\/living-in-singapore\/\">21 saladusi Singapuris elamise kohta, mida enne kolimist teada tuleb<\/a><\/li>\n<li> <a href=\"https:\/\/moverdb.com\/et\/singapuri-kolimine\/moving-to-singapore-from-the-united-states\/\">Singapuri kolimine Ameerika \u00dchendriikidest<\/a><\/li>\n<\/ul>","protected":false},"excerpt":{"rendered":"<p>Whether you&#8217;re moving to Singapore or just looking to ship a few parcels, we can help you find the best shipping deals from the US, UK, Australia, Canada, France, Hong Kong, New Zealand, Philippines and most other countries around the world. You can get started by using the free quote form above. Shipping to Singapore [&hellip;]<\/p>\n","protected":false},"author":1,"featured_media":2676,"parent":0,"menu_order":0,"comment_status":"closed","ping_status":"closed","template":"","meta":{"_genesis_hide_title":false,"_genesis_hide_breadcrumbs":false,"_genesis_hide_singular_image":false,"_genesis_hide_footer_widgets":false,"_genesis_custom_body_class":"","_genesis_custom_post_class":"","_genesis_layout":"","footnotes":""},"class_list":{"0":"post-2675","1":"page","2":"type-page","3":"status-publish","4":"has-post-thumbnail","6":"entry"},"_links":{"self":[{"href":"https:\/\/moverdb.com\/et\/wp-json\/wp\/v2\/pages\/2675","targetHints":{"allow":["GET"]}}],"collection":[{"href":"https:\/\/moverdb.com\/et\/wp-json\/wp\/v2\/pages"}],"about":[{"href":"https:\/\/moverdb.com\/et\/wp-json\/wp\/v2\/types\/page"}],"author":[{"embeddable":true,"href":"https:\/\/moverdb.com\/et\/wp-json\/wp\/v2\/users\/1"}],"replies":[{"embeddable":true,"href":"https:\/\/moverdb.com\/et\/wp-json\/wp\/v2\/comments?post=2675"}],"version-history":[{"count":17,"href":"https:\/\/moverdb.com\/et\/wp-json\/wp\/v2\/pages\/2675\/revisions"}],"predecessor-version":[{"id":16941,"href":"https:\/\/moverdb.com\/et\/wp-json\/wp\/v2\/pages\/2675\/revisions\/16941"}],"wp:featuredmedia":[{"embeddable":true,"href":"https:\/\/moverdb.com\/et\/wp-json\/wp\/v2\/media\/2676"}],"wp:attachment":[{"href":"https:\/\/moverdb.com\/et\/wp-json\/wp\/v2\/media?parent=2675"}],"curies":[{"name":"wp","href":"https:\/\/api.w.org\/{rel}","templated":true}]}}