{"id":265,"date":"2016-05-01T06:12:45","date_gmt":"2016-05-01T06:12:45","guid":{"rendered":"http:\/\/moverdb.com\/?page_id=265"},"modified":"2026-01-08T14:47:55","modified_gmt":"2026-01-08T14:47:55","slug":"cadogan-tate","status":"publish","type":"page","link":"https:\/\/moverdb.com\/et\/cadogan-tate\/","title":{"rendered":"Cadogan Tate: Rahvusvaheline kolimine ja kolimine Arvamused"},"content":{"rendered":"<p>Cadogan Tate pakub oma klientidele v\u00e4lismaale kolimiseks j\u00e4rgmist. Sellele teabele j\u00e4rgneb ettev\u00f5tte profiil ja erinevate klientide arvustused.<\/p>\n<p><strong>Isiklikud ja ettev\u00f5tte liikumised<\/strong><\/p>\n<p>Liikumise juhtimise teenused<\/p>\n<ul>\n<li> \u00dcmberpaigutamise halduskava<\/li>\n<li> Pakkimine ja lahtipakkimine<\/li>\n<li> Transport ja laevandus<\/li>\n<li> Tollivormistus <\/li>\n<li> Ladustamine - \u00dclemaailmne katvus<\/li>\n<\/ul>\n<p><strong>Kunstiteenused ja messiteenused<\/strong><\/p>\n<ul>\n<li> Kunstiteoste ladustamine, saatmine ja kolimine<\/li>\n<li> N\u00e4ituse ja messiesemete liikumine \u00fcle maailma<\/li>\n<\/ul>\n<p><strong>Spetsialistide \u00fclesanded<\/strong><\/p>\n<ul>\n<li> Peenete veinide teisaldamine <\/li>\n<li> <a href=\"https:\/\/moverdb.com\/et\/autoveo-laevandus\/\">Autode vedu<\/a>, paadid ja \u00f5hus\u00f5idukid<\/li>\n<li> Lemmikloomade \u00fcmberpaigutamine<\/li>\n<\/ul>\n<p><strong>Sisekujundaja teenused<\/strong><\/p>\n<ul>\n<li> K\u00f5ikide disainerite esemete \u00fclemaailmne kogumine ja teisaldamine<\/li>\n<li> Asjatundlikult pakitud\/pakendatud ja teisaldatud v\u00e4ga kogenud t\u00f6\u00f6tajate poolt.<\/li>\n<li> Laevandus ja toll <\/li>\n<li> Ladustamine <\/li>\n<\/ul>\n<h2>Cadogan Tate Ettev\u00f5tte profiil<\/h2>\n<p>Cadogan Tate asutati 1977. aastal ja n\u00fc\u00fcd on meil kontorid j\u00e4rgmistes asukohtades <a href=\"https:\/\/moverdb.com\/et\/moving-to-london\/\">London<\/a>, <a href=\"https:\/\/moverdb.com\/et\/moving-to-france\/moving-to-paris\/\" data-internallinksmanager029f6b8e52c=\"407\" title=\"Kolimine Pariisi? 2023 elamiskulud ja kolimisn\u00f5uanded\">Pariis<\/a>, Cote d'Azure, <a href=\"https:\/\/moverdb.com\/et\/moving-to-nyc\/\">New York<\/a> ja <a href=\"https:\/\/moverdb.com\/et\/moving-to-los-angeles\/\">Los Angeles<\/a> Nad ei liiguta mitte ainult ettev\u00f5tteid ja eraisikuid \u00fcle kogu maailma, vaid on ka eksperdid kunstiteoste ning maailma juhtivate disainerite poolt kujundatud m\u00f6\u00f6bli ja dekoratiivsete esemete liigutamisel. <\/p>\n<p>Cadogan Tate on uhke oma kogemuste \u00fcle kunstimesside korraldamisel, v\u00f5ttes samal ajal arvesse messikorraldajate, ostjate ja eksponentide vajadusi. Cadogan Tate'i kirjalik logo on \"k\u00f5ik, mida k\u00e4ideldakse hoolikalt\".<br \/>\nEttev\u00f5ttel on pikk nimekiri sidemetest ja akrediteeringutest:<\/p>\n<ul>\n<li> <a href=\"https:\/\/moverdb.com\/et\/british-association-of-removers\/\">Briti kolijate \u00fchendus (BAR)<\/a><\/li>\n<li> <a href=\"https:\/\/moverdb.com\/et\/mtc\/\">Movers Trading Club<\/a> (<a href=\"https:\/\/moverdb.com\/et\/mtc\/\" data-internallinksmanager029f6b8e52c=\"30\" title=\"Movers Trading Club (MTC) Selgitused\">MTC<\/a>)<\/li>\n<li> Muuseumide Liit<\/li>\n<li> Siseministeerium - <a href=\"https:\/\/moverdb.com\/et\/moving-to-the-uk\/\" data-internallinksmanager029f6b8e52c=\"93\" title=\"Kolimine \u00dchendkuningriiki? 2022 Elamiskulud ja kolimisn\u00f5uanded\">UK<\/a> Piirivalveamet<\/li>\n<li> <a href=\"https:\/\/moverdb.com\/et\/harmony-relocation-network\/\">Harmony \u00fcmberpaigutamise v\u00f5rgustik<\/a><\/li>\n<li> <a href=\"https:\/\/moverdb.com\/et\/olen\/\">Rahvusvaheline kolijate \u00fchendus (IAM)<\/a><\/li>\n<li> <a href=\"https:\/\/moverdb.com\/et\/fidi-faim\/\">FAIM<\/a><\/li>\n<li> UK Registrars Group<\/li>\n<li> <a href=\"https:\/\/moverdb.com\/et\/fidi-faim\/\">FIDI \u00fclemaailmne liit<\/a><\/li>\n<li> Kunsti- ja antiigikaupmeeste \u00fchendus (LAPADA)<\/li>\n<li> Kvaliteeditagatud teenuse standard - \u00e4riline kolimine<\/li>\n<li> Kvaliteeditagatud teenuse standard - keskkonnajuhtimiss\u00fcsteemid<\/li>\n<li> Kvaliteeditagatud teenuse standard - \u00e4riline kolimine<\/li>\n<li> Kvaliteeditagatud teenuse standard - kodum\u00f6\u00f6bli kolimine<\/li>\n<li> Kvaliteeditagatud teenuse standard - t\u00f6\u00f6tervishoiu- ja juhtimiss\u00fcsteemid<\/li>\n<li> Quality Assured Service Standard - Kvaliteedijuhtimiss\u00fcsteemid<\/li>\n<\/ul>\n<h2>Cadogan Tate Arvamused<\/h2>\n<p><strong>Positiivne<\/strong><\/p>\n<ul>\n<li> \"<em>Me olime Cadogan Tate'ist vaimustuses. See ei olnud odav valik, kuid p\u00e4rast nendega koost\u00f6\u00f6d otsustasime, et nad olid iga senti v\u00e4\u00e4rt.\" <\/em> E. Perry kaudu <a href=\"http:\/\/www.reviewcentre.com\/Removal-Companies\/Cadogan-Tate-www-cadogantate-com-review_3591881\" target=\"_blank\" rel=\"noopener\">L\u00e4bivaatamise keskus<\/a>\n<\/li>\n<li> \"<em>Hiljuti tellisin Cadogan Tate'i kaudu saadetise oma kolimiseks South of <a href=\"https:\/\/moverdb.com\/et\/moving-to-france\/\" data-internallinksmanager029f6b8e52c=\"315\" title=\"Kolimine Prantsusmaale? 2023 elamiskulud ja kolimisn\u00f5uanded\">Prantsusmaa<\/a> Londonisse. See oli nii t\u00e4iuslikult lahendatud.\" <\/em>Rivsalov kaudu <a href=\"http:\/\/www.removalreviews.co.uk\/movingreviews\/smooth-and-efficient-with-a-professional-approach-5733\" target=\"_blank\" rel=\"noopener\">Eemaldamine Arvamused<\/a>\n<\/li>\n<\/ul>\n<p><strong>Negatiivne<\/strong><\/p>\n<ul>\n<li> \"<em>Vastumeelsus selle ettev\u00f5tte poolt tekitatud keskkonnaj\u00e4\u00e4tmete hulga suhtes. Karbid, mis sisaldavad hapnikuta esemeid, nagu padjad ja voodipesu, mis on t\u00e4is topitud uhiuue paberpakendiga.\" <\/em>Carl Lyon kaudu <a href=\"http:\/\/www.reviewcentre.com\/Removal-Companies\/Cadogan-Tate-www-cadogantate-com-review_3349791\" target=\"_blank\" rel=\"noopener\">L\u00e4bivaatamise keskus<\/a>\n<\/li>\n<li> \"<em>Me kasutasime Cadogan Tate'i Londonist tagasi kolimiseks. <a href=\"https:\/\/moverdb.com\/et\/moving-to-the-united-states\/\" data-internallinksmanager029f6b8e52c=\"94\" title=\"Kolimine Ameerika \u00dchendriikidesse? 2022 Elamiskulud ja kolimisn\u00f5uanded\">USA<\/a>. Kolijad olid v\u00e4ga professionaalsed ja s\u00f5bralikud. Kuid tagakontoris on t\u00f5siseid probleeme.\" <\/em> D J Skillman kaudu <a href=\"http:\/\/www.removalreviews.co.uk\/movers\/cadogan-tate-311\" target=\"_blank\" rel=\"noopener\">Eemaldamine Arvamused<\/a>\n<\/li>\n<\/ul>\n<div itemprop=\"review\" itemscope itemtype=\"http:\/\/schema.org\/Review\">\n<span itemprop=\"author\" itemscope=\"\" itemtype=\"http:\/\/schema.org\/Organization\"><span itemprop=\"name\">MoverDB.com<\/span><\/span> Veebilehe \u00fclevaatus veebisaidi jaoks <span itemprop=\"itemreviewed\" itemscope=\"\" itemtype=\"http:\/\/schema.org\/Brand\"><span itemprop=\"name\">Cadogan Tate<\/span><\/span>:<\/p>\n<ol>\n<li> Selged kontaktandmed veebisaidil (sh telefoninumber): <strong>Jah<\/strong><\/li>\n<li> Lihtne saada <a href=\"https:\/\/moverdb.com\/et\/tsitaadid\/\">rahvusvaheliste kolimiste hinnapakkumised<\/a>? (veebip\u00f5hine hinnangu taotluse vorm): <strong>Jah<\/strong><\/li>\n<li> Selge teave veebilehel: <strong>Osaliselt.<\/strong> Veebisait ei sisalda palju \u00fcksikasjalikku teavet. See on esitatud planeerimisetapis.<\/li>\n<li> Liikmelisus rahvusvahelistes tunnustatud liikumisorganisatsioonides: <strong>Jah<\/strong>, vt eespool.<\/li>\n<li> Klientide ja\/v\u00f5i varasemate klientide soovitused: <strong>Osaliselt.<\/strong> Veebisaidil on juhtumiuuringud, milles kirjeldatakse erinevaid k\u00e4ike, kuid seal puuduvad klientide nimed v\u00f5i klientide iseloomustused.<\/li>\n<\/ol>\n<div itemprop=\"reviewRating\" itemscope itemtype=\"http:\/\/schema.org\/Rating\"><meta itemprop=\"worstRating\" content = \"0\" \/><meta itemprop=\"bestRating\" content=\"5\" \/><meta itemprop=\"ratingValue\" content=\"4\"><\/div>\n<p><strong>\u00dcldine hinne: 4\/5<\/strong><br \/>\n<strong>L\u00e4bivaatamise kuup\u00e4ev:<\/strong> <span itemprop=\"datePublished\" content=\"2016-05-01\">01\/05\/2016<\/span>\n<\/div>\n<p>Rohkem infot <a href=\"https:\/\/moverdb.com\/et\/rahvusvahelised-kolimised\/\">\u00dchendkuningriigi kolimisfirmad<\/a> ja meie <a href=\"https:\/\/moverdb.com\/et\/arvustused\/\">l\u00e4bivaatamisprotsessi selgitamine<\/a>.<\/p>\n<p><strong>Veebileht:<\/strong> <a href=\"https:\/\/www.cadogantate.com\/en\" target=\"_blank\" rel=\"noopener\">https:\/\/www.cadogantate.com\/en<\/a><\/p>","protected":false},"excerpt":{"rendered":"<p>Cadogan Tate offer their clients the following for their move abroad. This information is followed by a company profile and reviews from various clients. Personal and Corporate Moves Move Management Services Move management plan Packing and unpacking Transportation and shipping Customs clearance Storage &#8211; Global coverage Art Services and Fair Services Fine art storage, shipping [&hellip;]<\/p>\n","protected":false},"author":1,"featured_media":0,"parent":0,"menu_order":0,"comment_status":"closed","ping_status":"closed","template":"","meta":{"_genesis_hide_title":false,"_genesis_hide_breadcrumbs":false,"_genesis_hide_singular_image":false,"_genesis_hide_footer_widgets":false,"_genesis_custom_body_class":"","_genesis_custom_post_class":"","_genesis_layout":"","footnotes":""},"class_list":{"0":"post-265","1":"page","2":"type-page","3":"status-publish","5":"entry"},"_links":{"self":[{"href":"https:\/\/moverdb.com\/et\/wp-json\/wp\/v2\/pages\/265","targetHints":{"allow":["GET"]}}],"collection":[{"href":"https:\/\/moverdb.com\/et\/wp-json\/wp\/v2\/pages"}],"about":[{"href":"https:\/\/moverdb.com\/et\/wp-json\/wp\/v2\/types\/page"}],"author":[{"embeddable":true,"href":"https:\/\/moverdb.com\/et\/wp-json\/wp\/v2\/users\/1"}],"replies":[{"embeddable":true,"href":"https:\/\/moverdb.com\/et\/wp-json\/wp\/v2\/comments?post=265"}],"version-history":[{"count":17,"href":"https:\/\/moverdb.com\/et\/wp-json\/wp\/v2\/pages\/265\/revisions"}],"predecessor-version":[{"id":6190,"href":"https:\/\/moverdb.com\/et\/wp-json\/wp\/v2\/pages\/265\/revisions\/6190"}],"wp:attachment":[{"href":"https:\/\/moverdb.com\/et\/wp-json\/wp\/v2\/media?parent=265"}],"curies":[{"name":"wp","href":"https:\/\/api.w.org\/{rel}","templated":true}]}}