{"id":246,"date":"2016-04-21T14:54:42","date_gmt":"2016-04-21T14:54:42","guid":{"rendered":"http:\/\/moverdb.com\/?page_id=246"},"modified":"2026-01-08T14:47:37","modified_gmt":"2026-01-08T14:47:37","slug":"atlas-van-lines-international","status":"publish","type":"page","link":"https:\/\/moverdb.com\/et\/atlas-van-lines-international\/","title":{"rendered":"Atlas Van Lines International: Kolimisteenused ja \u00fclevaated"},"content":{"rendered":"<p>Atlas Van Lines International pakub v\u00e4lismaale kolijatele j\u00e4rgmisi teenuseid. Allpool saate vaadata ka ettev\u00f5tte profiili ja lugeda kommentaare:<\/p>\n<p><strong>Isiklikud ja ettev\u00f5tte liikumised:<\/strong><\/p>\n<p>Transporditeenused<\/p>\n<ul>\n<li> \u00dclemaailmne kodutarbekaupade vedu ukselt-uksele<\/li>\n<li> <a href=\"https:\/\/moverdb.com\/et\/ekspediitor\/\">Mere- ja \u00f5huvedu<\/a><\/li>\n<li> Autod ja paadid<\/li>\n<li> Projekti kaubavedu (eksponaadid ja v\u00e4ljapanekud)<\/li>\n<\/ul>\n<p>\u00dcmberpaigutamise teenused<\/p>\n<ul>\n<li> Programmi haldamine ja toetus<\/li>\n<li> Poliitika arendamine<\/li>\n<li> Konsultatsioon<\/li>\n<li> \u00dclekantav eluase<\/li>\n<li> Sihtkoha teenused<\/li>\n<li> V\u00e4\u00e4rtuse kaitsmise teenus<\/li>\n<\/ul>\n<p>Reisiteenused<\/p>\n<ul>\n<li> T\u00e4isteenust pakkuv ettev\u00f5tte reisib\u00fcroo<\/li>\n<li> Programmi juhtimine ja aruandlus<\/li>\n<\/ul>\n<p>Pikaajaline ladustamise haldamine<\/p>\n<p><strong>Valitsuse ja s\u00f5jav\u00e4e liikumised:<\/strong><\/p>\n<ul>\n<li> Toetada kaitsev\u00e4e isikliku vara programmi (DP3)<\/li>\n<li> Rahvusvaheline kodutarbekaupade \u00fcmberpaigutamise korraldus (koodid 4, 5 ja T)<\/li>\n<li> Kodumajapidamises kasutatavate kaupade kolimise haldamine (koodid 1 ja 2)<\/li>\n<li> Rahvusvahelised pagasisaadetised (kood J)<\/li>\n<li> OTO saadetised<\/li>\n<li> p\u00fchendunud klienditeenindusmeeskond, mis pakub teenistujatele VIP-personalhooldust.<\/li>\n<li> GSA kontorimeeskond, mis tegeleb ainult rahvusvaheliste kolimiste haldamisega. <a href=\"https:\/\/moverdb.com\/et\/moving-to-the-united-states\/\" data-internallinksmanager029f6b8e52c=\"94\" title=\"Kolimine Ameerika \u00dchendriikidesse? 2022 Elamiskulud ja kolimisn\u00f5uanded\">USA<\/a> valitsusasutused<\/li>\n<li> I-CHAMPi osaleja<\/li>\n<\/ul>\n<p><strong>Eksponaadid ja kaubavedu:<\/strong><\/p>\n<ul>\n<li> Eksponaadid<\/li>\n<li> Messedisainid<\/li>\n<li> Kaupluse sisseseade<\/li>\n<li> Eriprojektid v\u00e4lismaal<\/li>\n<\/ul>\n<h2>Atlas Van Lines International Ettev\u00f5tte profiil<\/h2>\n<p>Atlas International on eraomanduses oleva Atlas Van Lines'i t\u00fctarettev\u00f5te ja kuulub Atlas World Group'i koosseisu. Nad on \u00fcle 50 aasta tegelenud inimeste kolimisega v\u00e4lismaale. Nad keskenduvad peamiselt ettev\u00f5tete kolimistele, mis moodustavad 85% nende 7000 kolimisest aastas. <\/p>\n<p>Siiski liigutavad nad ka \u00fcksikuid spetsialiste, valitsusametnikke ja USA s\u00f5jav\u00e4elasi (ja nende perekondi).<\/p>\n<p>Ettev\u00f5te v\u00e4idab, et on p\u00fchendunud terviklikkusele, kvaliteedile ja lahendustele. Nad on j\u00e4rgmiste organisatsioonide liikmed:<\/p>\n<ul>\n<li> C-TPAT sertifikaat USA tolli- ja piirivalveametis<\/li>\n<li> ISO 9001 registreeritud<\/li>\n<li> <a href=\"https:\/\/moverdb.com\/et\/rim-promover\/\">RIM\u00ae - Registreeritud rahvusvaheline kolija<\/a><\/li>\n<li> <a href=\"https:\/\/moverdb.com\/et\/amsa\/\">Ameerika kolimise ja ladustamise assotsiatsioon<\/a> (<a href=\"https:\/\/moverdb.com\/et\/amsa\/\" data-internallinksmanager029f6b8e52c=\"5\" title=\"Ameerika Kolimis- ja Ladustamisseltsi (AMSA) selgitused\">AMSA<\/a>)<\/li>\n<li> <a href=\"https:\/\/moverdb.com\/et\/hgfaa\/\">HHG Forwarders Association of America<\/a> (HHGFAA)<\/li>\n<li> <a href=\"https:\/\/moverdb.com\/et\/lacma\/\">Ladina-Ameerika ja Kariibi mere piirkonna liikumis\u00fching<\/a> (<a href=\"https:\/\/moverdb.com\/et\/lacma\/\" data-internallinksmanager029f6b8e52c=\"28\" title=\"Ladina-Ameerika ja Kariibi mere piirkonna rahvusvaheliste kolijate assotsiatsioon (LACMA)\">LACMA<\/a>)<\/li>\n<li> <a href=\"https:\/\/moverdb.com\/et\/iata\/\">Rahvusvaheline Lennutranspordi Assotsiatsioon<\/a> (<a href=\"https:\/\/moverdb.com\/et\/iata\/\" data-internallinksmanager029f6b8e52c=\"22\" title=\"Rahvusvahelise Lennutranspordi Assotsiatsiooni (IATA) selgitused\">IATA<\/a>)<\/li>\n<li> <a href=\"https:\/\/moverdb.com\/et\/euromovers\/\">Euroopa liikumispartnerlus<\/a><\/li>\n<li> <a href=\"https:\/\/moverdb.com\/et\/tootajate-umberpaigutamise-noukogu\/\">T\u00f6\u00f6tajate \u00fcmberpaigutamise n\u00f5ukogu<\/a> (\u00dclemaailmselt <a href=\"https:\/\/moverdb.com\/et\/employee-relocation-council\/\" data-internallinksmanager029f6b8e52c=\"83\" title=\"\u00dclemaailmne t\u00f6\u00f6tajate \u00fcmberpaigutamise n\u00f5ukogu (ERC) selgitused\">ERC<\/a>)<\/li>\n<li> Federal Maritime Commission'i poolt litsentseeritud kui <a href=\"https:\/\/moverdb.com\/et\/freight-forwarder\/\" data-internallinksmanager029f6b8e52c=\"17\" title=\"Ekspedeerija ja NVOCC rahvusvaheliste kulude ja ettev\u00f5tete juhend\">NVOCC<\/a>, litsents # 79NF<\/li>\n<li> USA valitsusasutuste jaoks m\u00f5eldud CHAMP programmis osalev ITGBL vedaja<\/li>\n<li> USA kaitseministeeriumi osalev ITGBL vedaja <\/li>\n<\/ul>\n<p>Neil on j\u00e4rgmised \u00fclemaailmsed agentuurid:<\/p>\n<ul>\n<li> K\u00f5rge kvalifikatsiooniga Atlase agentuurid k\u00f5igis 50 USA osariigis.<\/li>\n<li> \u00dcle 130 agendi \u00fcle kogu <a href=\"https:\/\/moverdb.com\/et\/moving-to-canada\/\" data-internallinksmanager029f6b8e52c=\"265\" title=\"Kanadasse kolimine? 2023 elamiskulud ja kolimisn\u00f5uanded\">Kanada<\/a>.<\/li>\n<li> Rohkem kui 300 Atlase eelistatud esindajat, kes t\u00f6\u00f6tavad igas riigis \u00fcle maailma.<\/li>\n<\/ul>\n<p>Samuti v\u00e4idavad nad, et \u00fcmberpaigutamise spetsialistid, keda te n\u00e4ete ja kellega suhtlete - teie kolimise m\u00f5lemas otsas - on eelnevalt kvalifitseeritud.<\/p>\n<h2>Atlas Van Lines International Arvamused<\/h2>\n<p><em><strong>Palun v\u00f5tke arvesse:<\/strong> sisaldab kommentaare nii Atlas Van Lines kui ka Atlas Internationali kohta<\/em><\/p>\n<p><strong>Positiivne<\/strong><\/p>\n<ul>\n<li> <em>\"Mulle avaldas suurt muljet mitte ainult see, kui k\u00f5vasti nad t\u00f6\u00f6tasid, vaid ka see, kui hoolikalt nad minu asjadega \u00fcmber k\u00e4isid.\"<\/em> - Laurie kaudu <a href=\"http:\/\/www.atlasvanlines.com\/moving-company-reviews\/\" target=\"_blank\" rel=\"noopener\">Atlas Van Lines'i \u00fclevaatuseleht<\/a><\/li>\n<li> <em>\"Atlas oli suurep\u00e4rane valik. Soovitan neid v\u00e4ga k\u00f5igile, kellel on kaugkolimine ja kes on mures, et v\u00f5\u00f5rad inimesed v\u00f5tavad nende asjad.\"<\/em> - Kate kaudu <a href=\"http:\/\/www.mymovingreviews.com\/movingreviews\/great-movers-9968\" target=\"_blank\" rel=\"noopener\">MyMovingReviews<\/a><\/li>\n<li> <em>\"BBB on kindlaks teinud, et Atlas Van Lines International vastab BBB akrediteerimisstandarditele, mis h\u00f5lmavad kohustust teha heas usus j\u00f5upingutusi tarbijate kaebuste lahendamiseks.\"<\/em> <a href=\"http:\/\/www.bbb.org\/western-washington\/business-reviews\/movers\/atlas-van-lines-international-in-seattle-wa-27030248\" target=\"_blank\" rel=\"noopener\">Better Business Bureau<\/a><\/li>\n<li> <em>\"Mul oli lihtsalt vaja kirjutada p\u00e4rast seda, kui meil oli suurep\u00e4rane kogemus Atlas Van Linesiga.\"<\/em> - Shahram kaudu <a href=\"https:\/\/www.consumeraffairs.com\/movers\/atlas.html\" target=\"_blank\" rel=\"noopener\">Tarbijakaitse<\/a><\/li>\n<li> <em>\"Ma ei v\u00f5iks olla rahul Atlase Van Lines'i pakutavate teenustega minu kolimise ajal. <a href=\"https:\/\/moverdb.com\/et\/kolivad-houston\/\">Houston<\/a>. Isegi kohutava ilmaga j\u00f5udis mu m\u00f6\u00f6bel \u00f5igel ajal kohale.\"<\/em> Katelyn kaudu <a href=\"http:\/\/www.yelp.co.uk\/biz\/atlas-van-lines-evansville-2?hrid=zrPxDQ8O1DE0pKFgOYoQzA&#038;utm_campaign=www_review_share_popup&#038;utm_medium=copy_link&#038;utm_source=(direct)\" target=\"_blank\" rel=\"noopener\">Yelp<\/a><\/li>\n<\/ul>\n<p><strong>Negatiivne<\/strong><\/p>\n<ul>\n<li> <em>\"Meie v\u00e4ikeste t\u00fcdrukute beebiraamat on kadunud, asendamatu.\"<\/em> - Ruth kaudu <a href=\"http:\/\/www.atlasvanlines.com\/moving-company-reviews\/\" target=\"_blank\" rel=\"noopener\">Atlas Van Lines'i \u00fclevaatuseleht<\/a><\/li>\n<li> <em>\"Atlas on k\u00f5ige hullem. Meil on nendega praegu s\u00f5jaline kolimine pooleli, nii et me ei saanud valida. P\u00e4rast seda, kui olin lugenud kohutavaid kommentaare ettev\u00f5tte kohta, olin mures, kuid arvasin, et s\u00f5jav\u00e4elaste perena teevad nad oma parima, et hoolitseda nende eest, kes on ohverdanud ja teeninud oma riiki. See ei olnud nii.\"<\/em> - Chrstine kaudu <a href=\"http:\/\/moving-companies.credio.com\/l\/6\/Atlas-Van-Lines-Inc#review\/532419\" target=\"_blank\" rel=\"noopener\">Credio<\/a><\/li>\n<li> <em>\"Ma tahtsin v\u00e4ga meeldida Atlasele ja nende Kanada agendile AMJ Campbellile.  Nad olid mulle antud hinnapakkumiste keskel, mitte liiga k\u00f5rged, mitte liiga madalad. Neid soovitas s\u00f5ber, kes tegi aasta tagasi sarnase rahvusvahelise kolimise. Kuid nad on mitmel korral \u00f5nnetult l\u00e4bi kukkunud.\"<\/em>- Irene A. kaudu <a href=\"http:\/\/www.yelp.co.uk\/biz\/atlas-van-lines-evansville-2?hrid=bDSbnk9dU-dvtTPUKtGOyA&#038;utm_campaign=www_review_share_popup&#038;utm_medium=copy_link&#038;utm_source=(direct)\" target=\"_blank\" rel=\"noopener\">Yelp<\/a><\/li>\n<li> <em>\"Kolijad hilinevad 21 p\u00e4eva minu esemete kohaletoimetamisega.\"<\/em> - James kaudu <a href=\"http:\/\/www.mymovingreviews.com\/movingreviews\/another-victim-49405\" target=\"_blank\" rel=\"noopener\">MyMovingReviews<\/a><\/li>\n<li> <em>\"Me kasutasime hiljuti ATLAS van lines ja ei soovita seda ettev\u00f5tet kellelegi. Meile pakuti meie v\u00e4ikese kolimise ja kohaletoimetamise teenuse eest v\u00e4hem kui $7000. L\u00f5puks maksime \u00fcle $12,000 ja siis saime DROP-OFF teenuse.\"<\/em> Noreen kaudu <a href=\"https:\/\/www.consumeraffairs.com\/movers\/atlas.html\" target=\"_blank\" rel=\"noopener\">Tarbijakaitse<\/a><\/li>\n<\/ul>\n<div itemprop=\"review\" itemscope itemtype=\"http:\/\/schema.org\/Review\">\n<span itemprop=\"author\" itemscope=\"\" itemtype=\"http:\/\/schema.org\/Organization\"><span itemprop=\"name\">MoverDB.com<\/span><\/span> Veebilehe \u00fclevaatus veebisaidi jaoks <span itemprop=\"itemreviewed\" itemscope=\"\" itemtype=\"http:\/\/schema.org\/Brand\"><span itemprop=\"name\">Atlas International<\/span><\/span>:<\/p>\n<ol>\n<li> Selged kontaktandmed veebisaidil (sh telefoninumber): <strong>Jah<\/strong><\/li>\n<li> Lihtne saada <a href=\"https:\/\/moverdb.com\/et\/tsitaadid\/\">rahvusvahelised liikuvad hinnapakkumised<\/a>? (veebip\u00f5hine hinnangu taotluse vorm): <strong>Jah<\/strong><\/li>\n<li> Selge teave veebilehel: <strong>Osaliselt.<\/strong> Kuigi veebisait sisaldab palju kasulikku teavet, ei ole see eriti h\u00e4sti koostatud. Lisaks sellele ei ole see mobiilis t\u00e4ielikult reageeriv.<\/li>\n<li> Liikmelisus rahvusvahelistes tunnustatud liikumisorganisatsioonides: <strong>Jah<\/strong>, 12 (vt eespool)<\/li>\n<li> Klientide ja\/v\u00f5i varasemate klientide soovitused: <strong>Osaliselt.<\/strong> Kuigi m\u00f5ned iseloomustused on \u00fcle kogu veebisaidi laiali, ei ole \u00fchte kohta, kus neid k\u00f5iki vaadata. Peale selle, kuigi neil on klientide rubriik ettev\u00f5tete \u00fcmberpaigutamise all, ei ole kliente nimeliselt mainitud.<\/li>\n<\/ol>\n<div itemprop=\"reviewRating\" itemscope itemtype=\"http:\/\/schema.org\/Rating\"><meta itemprop=\"worstRating\" content = \"0\" \/><meta itemprop=\"bestRating\" content=\"5\" \/><meta itemprop=\"ratingValue\" content=\"4\"><\/div>\n<p><strong>\u00dcldine hinne: 4\/5<\/strong><br \/>\n<strong>L\u00e4bivaatamise kuup\u00e4ev:<\/strong> <span itemprop=\"datePublished\" content=\"2016-04-21\">21\/04\/2016<\/span>\n<\/div>\n<p>Loe l\u00e4hemalt <a href=\"https:\/\/moverdb.com\/et\/kolimisfirmad\/\">rahvusvahelised kolimisfirmad<\/a>, <a href=\"https:\/\/moverdb.com\/et\/us-canada-movers\/\">USA-s asuvad kolimisfirmad<\/a> ja meie <a href=\"https:\/\/moverdb.com\/et\/arvustused\/\">l\u00e4bivaatamisprotsessi selgitamine<\/a>.<\/p>\n<p><strong>Veebileht:<\/strong> <a href=\"https:\/\/www.atlasvanlines.com\/international-movers\" target=\"_blank\" rel=\"noopener\">https:\/\/www.atlasvanlines.com\/international-movers<\/a><\/p>","protected":false},"excerpt":{"rendered":"<p>Atlas Van Lines International offers the following services for people moving abroad. You can also view a company profile and read reviews below: Personal and Corporate moves: Transportation Services Global door-to-door household goods transportation Ocean &#038; air freight Automobiles and boats Project freight (exhibits and displays) Relocation Services Program administration &#038; support Policy development Consulting [&hellip;]<\/p>\n","protected":false},"author":1,"featured_media":0,"parent":0,"menu_order":0,"comment_status":"closed","ping_status":"closed","template":"","meta":{"_genesis_hide_title":false,"_genesis_hide_breadcrumbs":false,"_genesis_hide_singular_image":false,"_genesis_hide_footer_widgets":false,"_genesis_custom_body_class":"","_genesis_custom_post_class":"","_genesis_layout":"","footnotes":""},"class_list":{"0":"post-246","1":"page","2":"type-page","3":"status-publish","5":"entry"},"_links":{"self":[{"href":"https:\/\/moverdb.com\/et\/wp-json\/wp\/v2\/pages\/246","targetHints":{"allow":["GET"]}}],"collection":[{"href":"https:\/\/moverdb.com\/et\/wp-json\/wp\/v2\/pages"}],"about":[{"href":"https:\/\/moverdb.com\/et\/wp-json\/wp\/v2\/types\/page"}],"author":[{"embeddable":true,"href":"https:\/\/moverdb.com\/et\/wp-json\/wp\/v2\/users\/1"}],"replies":[{"embeddable":true,"href":"https:\/\/moverdb.com\/et\/wp-json\/wp\/v2\/comments?post=246"}],"version-history":[{"count":29,"href":"https:\/\/moverdb.com\/et\/wp-json\/wp\/v2\/pages\/246\/revisions"}],"predecessor-version":[{"id":6178,"href":"https:\/\/moverdb.com\/et\/wp-json\/wp\/v2\/pages\/246\/revisions\/6178"}],"wp:attachment":[{"href":"https:\/\/moverdb.com\/et\/wp-json\/wp\/v2\/media?parent=246"}],"curies":[{"name":"wp","href":"https:\/\/api.w.org\/{rel}","templated":true}]}}