{"id":225,"date":"2016-03-28T16:58:52","date_gmt":"2016-03-28T16:58:52","guid":{"rendered":"http:\/\/moverdb.com\/?page_id=225"},"modified":"2026-01-08T14:47:25","modified_gmt":"2026-01-08T14:47:25","slug":"kohta","status":"publish","type":"page","link":"https:\/\/moverdb.com\/et\/about\/","title":{"rendered":"kohta"},"content":{"rendered":"<p>MoverDB.com loodi selleks, et anda teile erapooletut teavet j\u00e4rgmise kohta <a href=\"https:\/\/moverdb.com\/et\/moving-companies\/\" data-internallinksmanager029f6b8e52c=\"79\" title=\"Top 25 rahvusvahelist kolimisfirmat Internetis\">rahvusvahelised kolimisfirmad<\/a> ja v\u00e4lismaale kolimisega seotud kulud. <\/p>\n<p>Selleks oleme koostanud m\u00f5ned praktilised juhendid, mis aitavad teil alustada. Saate teada j\u00e4rgmist:<\/p>\n<ul>\n<li> <a href=\"https:\/\/moverdb.com\/et\/konteiner-laevandus\/\">Rahvusvaheliste konteinerite veohinnad<\/a><\/li>\n<li> <a href=\"https:\/\/moverdb.com\/et\/kolimisfirmad\/\">Top 25 rahvusvahelist kolimisfirmat Internetis<\/a><\/li>\n<li> <a href=\"https:\/\/moverdb.com\/et\/laevandusfirmad\/\">Top 20 rahvusvahelist laevandusettev\u00f5tet<\/a><\/li>\n<li> <a href=\"https:\/\/moverdb.com\/et\/rahvusvahelised-kolimised\/\">Rahvusvaheline kolimine: \u00dchendkuningriigi 12 parimat ettev\u00f5tet: Top 12 ettev\u00f5tet \u00dchendkuningriigis<\/a><\/li>\n<li> <a href=\"https:\/\/moverdb.com\/et\/kolimiskulud\/\">Rahvusvahelised kolimiskulud: 9 asja, mida ei saa eirata<\/a><\/li>\n<li> <a href=\"https:\/\/moverdb.com\/et\/ekspediitor\/\">Ekspedeerija ja NVOCC rahvusvaheliste kulude ja ettev\u00f5tete juhend<\/a><\/li>\n<li> <a href=\"https:\/\/moverdb.com\/et\/tsitaadid\/\">Rahvusvaheliste kolimiste hinnapakkumised: 12 viisi, kuidas v\u00f5rrelda oma kolijat: 12 viisi, kuidas v\u00f5rrelda oma kolijat<\/a><\/li>\n<\/ul>\n<p>Samuti tasub m\u00e4rkida, et saate kasutada lehek\u00fclje \u00fclaosas olevat vormi, et k\u00fcsida hinnapakkumist kuni 6 rahvusvaheliselt kolimisfirmalt. Oleme teinud koost\u00f6\u00f6d <a href=\"https:\/\/moverdb.com\/et\/international-removals\/\" data-internallinksmanager029f6b8e52c=\"27\" title=\"36 Parimad rahvusvahelised kolimisfirmad \u00dchendkuningriigis\">Rahvusvaheline kolimine<\/a> Direct, mis aitab tagada, et sa leiaksid endale sobivaimad ettev\u00f5tted maailmas. <\/p>\n<p>Kui on midagi, mida soovite meie saidil n\u00e4ha, siis palun kirjutage julgelt aadressil <a href=\"https:\/\/moverdb.com\/et\/contact-us\/\">v\u00f5tke meiega \u00fchendust<\/a>.<\/p>","protected":false},"excerpt":{"rendered":"<p>MoverDB.com was set-up to give you unbiased information about international moving companies and the costs associated with moving overseas. To help you we&#8217;ve created some handy guides to get you started. You can find out about: International Container Shipping Rates Top 25 International Moving Companies Online Top 20 International Shipping Companies International Removals: Top 12 [&hellip;]<\/p>\n","protected":false},"author":1,"featured_media":0,"parent":0,"menu_order":0,"comment_status":"closed","ping_status":"closed","template":"","meta":{"_genesis_hide_title":false,"_genesis_hide_breadcrumbs":false,"_genesis_hide_singular_image":false,"_genesis_hide_footer_widgets":false,"_genesis_custom_body_class":"","_genesis_custom_post_class":"","_genesis_layout":"","footnotes":""},"class_list":{"0":"post-225","1":"page","2":"type-page","3":"status-publish","5":"entry"},"_links":{"self":[{"href":"https:\/\/moverdb.com\/et\/wp-json\/wp\/v2\/pages\/225","targetHints":{"allow":["GET"]}}],"collection":[{"href":"https:\/\/moverdb.com\/et\/wp-json\/wp\/v2\/pages"}],"about":[{"href":"https:\/\/moverdb.com\/et\/wp-json\/wp\/v2\/types\/page"}],"author":[{"embeddable":true,"href":"https:\/\/moverdb.com\/et\/wp-json\/wp\/v2\/users\/1"}],"replies":[{"embeddable":true,"href":"https:\/\/moverdb.com\/et\/wp-json\/wp\/v2\/comments?post=225"}],"version-history":[{"count":4,"href":"https:\/\/moverdb.com\/et\/wp-json\/wp\/v2\/pages\/225\/revisions"}],"predecessor-version":[{"id":5337,"href":"https:\/\/moverdb.com\/et\/wp-json\/wp\/v2\/pages\/225\/revisions\/5337"}],"wp:attachment":[{"href":"https:\/\/moverdb.com\/et\/wp-json\/wp\/v2\/media?parent=225"}],"curies":[{"name":"wp","href":"https:\/\/api.w.org\/{rel}","templated":true}]}}