{"id":17400,"date":"2024-07-03T09:12:02","date_gmt":"2024-07-03T09:12:02","guid":{"rendered":"https:\/\/moverdb.com\/?page_id=17400"},"modified":"2026-05-15T14:59:06","modified_gmt":"2026-05-15T14:59:06","slug":"ubox-cost","status":"publish","type":"page","link":"https:\/\/moverdb.com\/et\/ubox-cost\/","title":{"rendered":"Kui palju maksab Ubox? 2024 S\u00e4\u00e4stujuhend"},"content":{"rendered":"<figure class=\"wp-block-image size-full\"><img loading=\"lazy\" decoding=\"async\" width=\"1000\" height=\"667\" class=\"wp-image-11037\" src=\"https:\/\/moverdb.com\/wp-content\/uploads\/u-box-moving-1.jpg\" alt=\"\" srcset=\"https:\/\/moverdb.com\/wp-content\/uploads\/u-box-moving-1.jpg 1000w, https:\/\/moverdb.com\/wp-content\/uploads\/u-box-moving-1-300x200.jpg 300w, https:\/\/moverdb.com\/wp-content\/uploads\/u-box-moving-1-18x12.jpg 18w, https:\/\/moverdb.com\/wp-content\/uploads\/u-box-moving-1-600x400.jpg 600w\" sizes=\"auto, (max-width: 1000px) 100vw, 1000px\" \/><\/figure>\r\n\r\n\r\n\r\n<p>U-Box on U-Haul'i mitmek\u00fclgne ja mugav ladustamislahendus, mis on m\u00f5eldud teie kolimis- ja ladustamisvajaduste lihtsustamiseks. U-Boxi abil saate oma asju paindlikult hoiustada aadressil <em>teie<\/em> tingimused, olenemata sellest, kas olete kolimas, korrastamas v\u00f5i lihtsalt vajate ajutist ladustamist.\u00a0<\/p>\r\n\r\n\r\n\r\n\r\n\r\n<p>Meie juhend h\u00f5lmab j\u00e4rgmist:<\/p>\r\n\r\n\r\n\r\n<ul class=\"wp-block-list\">\r\n<li>Kui palju U-Box maksab<\/li>\r\n\r\n\r\n\r\n<li>Mis m\u00f5jutab U-Boxi maksumust<\/li>\r\n\r\n\r\n\r\n<li>Kuidas s\u00e4\u00e4sta raha U-Boxi pealt<\/li>\r\n\r\n\r\n\r\n<li>Mis on U-Boxi kasutamisega seotud<\/li>\r\n\r\n\r\n\r\n<li>Kuidas teada saada, kas U-Box on teie jaoks parim valik<\/li>\r\n\r\n\r\n\r\n<li>Kuidas leida ja palgata U-Boxi<\/li>\r\n<\/ul>\r\n\r\n\r\n\r\n<p>U-Boxi konteinerid on teisaldatavad, turvalised ja toimetatakse otse teie koduuksele, muutes kolimise ja ladustamise protsessi muretuteks. Kui te arvate, et U-Box v\u00f5ib pakkuda teile vajalikke lahendusi, lugege edasi, et teada saada meie parimad n\u00f5uanded, mis aitavad teil kolimise ajal raha s\u00e4\u00e4sta.<\/p>\r\n\r\n\r\n\r\n<div id=\"ez-toc-container\" class=\"ez-toc-v2_0_83 ez-toc-wrap-left counter-hierarchy ez-toc-counter ez-toc-transparent ez-toc-container-direction\">\n<div class=\"ez-toc-title-container\">\n<p class=\"ez-toc-title\" style=\"cursor:inherit\">Jaotised<\/p>\n<span class=\"ez-toc-title-toggle\"><a href=\"#\" class=\"ez-toc-pull-right ez-toc-btn ez-toc-btn-xs ez-toc-btn-default ez-toc-toggle\" aria-label=\"Sisukorra vaheldumine\"><span class=\"ez-toc-js-icon-con\"><span class=\"\"><span class=\"eztoc-hide\" style=\"display:none;\">Toggle<\/span><span class=\"ez-toc-icon-toggle-span\"><svg style=\"fill: #999;color:#999\" xmlns=\"http:\/\/www.w3.org\/2000\/svg\" class=\"list-377408\" width=\"20px\" height=\"20px\" viewbox=\"0 0 24 24\" fill=\"none\"><path d=\"M6 6H4v2h2V6zm14 0H8v2h12V6zM4 11h2v2H4v-2zm16 0H8v2h12v-2zM4 16h2v2H4v-2zm16 0H8v2h12v-2z\" fill=\"currentColor\"><\/path><\/svg><svg style=\"fill: #999;color:#999\" class=\"arrow-unsorted-368013\" xmlns=\"http:\/\/www.w3.org\/2000\/svg\" width=\"10px\" height=\"10px\" viewbox=\"0 0 24 24\" version=\"1.2\" baseprofile=\"tiny\"><path d=\"M18.2 9.3l-6.2-6.3-6.2 6.3c-.2.2-.3.4-.3.7s.1.5.3.7c.2.2.4.3.7.3h11c.3 0 .5-.1.7-.3.2-.2.3-.5.3-.7s-.1-.5-.3-.7zM5.8 14.7l6.2 6.3 6.2-6.3c.2-.2.3-.5.3-.7s-.1-.5-.3-.7c-.2-.2-.4-.3-.7-.3h-11c-.3 0-.5.1-.7.3-.2.2-.3.5-.3.7s.1.5.3.7z\"\/><\/svg><\/span><\/span><\/span><\/a><\/span><\/div>\n<nav><ul class='ez-toc-list ez-toc-list-level-1 eztoc-toggle-hide-by-default' ><li class='ez-toc-page-1 ez-toc-heading-level-2'><a class=\"ez-toc-link ez-toc-heading-1\" href=\"https:\/\/moverdb.com\/et\/ubox-cost\/#How_Much_Does_U-Box_Cost\" >Kui palju maksab U-Box?<\/a><\/li><li class='ez-toc-page-1 ez-toc-heading-level-2'><a class=\"ez-toc-link ez-toc-heading-2\" href=\"https:\/\/moverdb.com\/et\/ubox-cost\/#What_Affects_the_Cost_of_U-Box\" >Mis m\u00f5jutab U-Boxi maksumust?<\/a><\/li><li class='ez-toc-page-1 ez-toc-heading-level-2'><a class=\"ez-toc-link ez-toc-heading-3\" href=\"https:\/\/moverdb.com\/et\/ubox-cost\/#How_Can_I_Save_Money_on_U-Box\" >Kuidas ma saan U-Boxi pealt raha s\u00e4\u00e4sta?<\/a><\/li><li class='ez-toc-page-1 ez-toc-heading-level-2'><a class=\"ez-toc-link ez-toc-heading-4\" href=\"https:\/\/moverdb.com\/et\/ubox-cost\/#Whats_Involved_in_Hiring_U-Box\" >Mida t\u00e4hendab U-Boxi palkamine?<\/a><\/li><li class='ez-toc-page-1 ez-toc-heading-level-2'><a class=\"ez-toc-link ez-toc-heading-5\" href=\"https:\/\/moverdb.com\/et\/ubox-cost\/#Is_U-Box_the_Best_Choice_for_Me\" >Kas U-Box on minu jaoks parim valik?<\/a><\/li><li class='ez-toc-page-1 ez-toc-heading-level-2'><a class=\"ez-toc-link ez-toc-heading-6\" href=\"https:\/\/moverdb.com\/et\/ubox-cost\/#How_Do_I_Find_and_Hire_a_U-Box\" >Kuidas leida ja palgata U-Box?<\/a><\/li><li class='ez-toc-page-1 ez-toc-heading-level-2'><a class=\"ez-toc-link ez-toc-heading-7\" href=\"https:\/\/moverdb.com\/et\/ubox-cost\/#Final_Checklist\" >L\u00f5plik kontrollnimekiri<\/a><\/li><li class='ez-toc-page-1 ez-toc-heading-level-2'><a class=\"ez-toc-link ez-toc-heading-8\" href=\"https:\/\/moverdb.com\/et\/ubox-cost\/#Frequently_Asked_Questions\" >Korduma kippuvad k\u00fcsimused<\/a><ul class='ez-toc-list-level-3' ><li class='ez-toc-heading-level-3'><a class=\"ez-toc-link ez-toc-heading-9\" href=\"https:\/\/moverdb.com\/et\/ubox-cost\/#What_is_U-Box_and_How_Does_It_Work\" >Mis on U-Box ja kuidas see t\u00f6\u00f6tab?<\/a><\/li><li class='ez-toc-page-1 ez-toc-heading-level-3'><a class=\"ez-toc-link ez-toc-heading-10\" href=\"https:\/\/moverdb.com\/et\/ubox-cost\/#How_Do_I_Reserve_a_U-Box_Container\" >Kuidas broneerida U-Boxi konteinerit?<\/a><\/li><li class='ez-toc-page-1 ez-toc-heading-level-3'><a class=\"ez-toc-link ez-toc-heading-11\" href=\"https:\/\/moverdb.com\/et\/ubox-cost\/#Can_U-Box_Containers_Be_Used_for_Long-Distance_Moves\" >Kas U-Box konteinereid saab kasutada kaugkolimiseks?<\/a><\/li><li class='ez-toc-page-1 ez-toc-heading-level-3'><a class=\"ez-toc-link ez-toc-heading-12\" href=\"https:\/\/moverdb.com\/et\/ubox-cost\/#Can_I_Access_My_U-Box_While_Its_in_Storage\" >Kas ma saan oma U-Boxi kasutada, kui see on hoiul?<\/a><\/li><li class='ez-toc-page-1 ez-toc-heading-level-3'><a class=\"ez-toc-link ez-toc-heading-13\" href=\"https:\/\/moverdb.com\/et\/ubox-cost\/#Can_U-Haul_Help_with_Loading_and_Unloading_My_U-Box\" >Kas U-Haul saab aidata minu U-Boxi laadimisel ja mahalaadimisel?<\/a><\/li><\/ul><\/li><\/ul><\/nav><\/div>\n<h2 class=\"wp-block-heading\"><span class=\"ez-toc-section\" id=\"How_Much_Does_U-Box_Cost\"><\/span><b>Kui palju maksab U-Box?<\/b><span class=\"ez-toc-section-end\"><\/span><\/h2>\r\n\r\n\r\n\r\n<p>U-Box meeldib klientidele, kes hindavad k\u00f5ik-\u00fches lahendust ja on valmis investeerima mugavusse.<\/p>\r\n\r\n\r\n\r\n<p>U-Box pakub terviklikku paketti, mille keskmine konteineri hind on $3 700+, mis sisaldab lisaks konteinerile ka s\u00f5iduki ja kasti enda rentimist. Nende elementide kaasamine aitab kaasa k\u00f5rgema hinna kujunemisele.<\/p>\r\n\r\n\r\n\n<table id=\"tablepress-361\" class=\"tablepress tablepress-id-361\">\n<thead>\n<tr class=\"row-1\">\n\t<th class=\"column-1\">Teenus<\/th><th class=\"column-2\">Hinnanguline maksumus<\/th>\n<\/tr>\n<\/thead>\n<tbody class=\"row-striping row-hover\">\n<tr class=\"row-2\">\n\t<td class=\"column-1\">Hind karbi\/konteineri kohta<\/td><td class=\"column-2\">$100<\/td>\n<\/tr>\n<tr class=\"row-3\">\n\t<td class=\"column-1\">Kohaletoimetamise tasu karbi\/konteineri kohta<\/td><td class=\"column-2\">$99<\/td>\n<\/tr>\n<tr class=\"row-4\">\n\t<td class=\"column-1\">Kolimise abi<\/td><td class=\"column-2\">$40<\/td>\n<\/tr>\n<tr class=\"row-5\">\n\t<td class=\"column-1\">Kindlustuskaitse<\/td><td class=\"column-2\">$20<\/td>\n<\/tr>\n<\/tbody>\n<\/table>\n<!-- #tablepress-361 from cache -->\n\r\n\r\n\r\n<p>Baaskulu karbi kohta on $100, tarnekulu karbi\/konteineri kohta on $99. Kui soovite kolimisabi - pakkimine ja laadimine - v\u00f5ib see maksta $40 ja teie asjade kindlustamine ladustamisel maksab $20.<\/p>\r\n\r\n\r\n\r\n<p>Meie kulude v\u00f5rdluses vaatame erinevaid DIY s\u00f5idukite ja ladustamis\u00fcksuste pakkujaid, et v\u00f5rrelda ja vastandada nende hindu, et anda teile terviklik ettekujutus sellest, milliste kuludega te kokku puutute, kui otsite kolimisteenuseid.<\/p>\r\n\r\n\r\n\r\n\n<table id=\"tablepress-359\" class=\"tablepress tablepress-id-359\">\n<thead>\n<tr class=\"row-1\">\n\t<th class=\"column-1\">Teenusepakkuja<\/th><th class=\"column-2\">Keskmine konteineri\/auto rendihind<\/th>\n<\/tr>\n<\/thead>\n<tbody class=\"row-striping row-hover\">\n<tr class=\"row-2\">\n\t<td class=\"column-1\">PODS<\/td><td class=\"column-2\">$6,100+<\/td>\n<\/tr>\n<tr class=\"row-3\">\n\t<td class=\"column-1\">U-Pack<\/td><td class=\"column-2\">$3,000+<\/td>\n<\/tr>\n<tr class=\"row-4\">\n\t<td class=\"column-1\">1-800-PACK-RAT<\/td><td class=\"column-2\">$3,000+<\/td>\n<\/tr>\n<tr class=\"row-5\">\n\t<td class=\"column-1\">zippyshell<\/td><td class=\"column-2\">$2,900+<\/td>\n<\/tr>\n<tr class=\"row-6\">\n\t<td class=\"column-1\">U-Haul<\/td><td class=\"column-2\">$3,500+<\/td>\n<\/tr>\n<tr class=\"row-7\">\n\t<td class=\"column-1\">SMARTBOX<\/td><td class=\"column-2\">$3,100+<\/td>\n<\/tr>\n<tr class=\"row-8\">\n\t<td class=\"column-1\">U-Box<\/td><td class=\"column-2\">$3,700+ (kaasa arvatud s\u00f5iduki rent ja boks)<\/td>\n<\/tr>\n<\/tbody>\n<\/table>\n<!-- #tablepress-359 from cache -->\r\n\r\n\r\n\r\n<p>Teiste tarnijate hinnad j\u00e4\u00e4vad vahemikku $2 900 k\u00f5ige madalamal ja $6 100+ k\u00f5ige k\u00f5rgemal.<\/p>\r\n\r\n\r\n\r\n<h2 class=\"wp-block-heading\"><span class=\"ez-toc-section\" id=\"What_Affects_the_Cost_of_U-Box\"><\/span><b>Mis m\u00f5jutab U-Boxi maksumust?<\/b><span class=\"ez-toc-section-end\"><\/span><\/h2>\r\n\r\n\r\n\r\n<p>On neli peamist tegurit, mis v\u00f5ivad m\u00f5jutada U-Boxi ladustamise hinda - vaatame l\u00e4hemalt:<\/p>\r\n\r\n\r\n\r\n<p><strong><a href=\"https:\/\/moverdb.com\/et\/shipping-container-sizes-and-dimensions\/\" data-internallinksmanager029f6b8e52c=\"247\" title=\"\u00dclim juhend laevakonteinerite suuruste ja m\u00f5\u00f5tmete kohta\">Konteineri suurus<\/a><\/strong><\/p>\r\n\r\n\r\n\r\n<p>Valitud U-Box-konteineri suurus m\u00f5jutab otseselt hinda. Suuremad konteinerid pakuvad rohkem ruumi ja ladustamisv\u00f5imsust, kuid nende hind v\u00f5ib olla k\u00f5rgem v\u00f5rreldes v\u00e4iksemate variantidega.<\/p>\r\n\r\n\r\n\r\n<p>Et saada parima hinna ja kvaliteedi suhe, valige kindlasti konteineri suurus, mis sobib teie asjadele k\u00f5ige paremini.<\/p>\r\n\r\n\r\n\r\n<p><strong>S\u00e4ilitamise kestus<\/strong><\/p>\r\n\r\n\r\n\r\n<p>U-Boxi ladustamise kestus v\u00f5ib m\u00f5jutada hinda, kuna pikemaajalise ladustamise eest tuleb maksta rohkem kui l\u00fchiajalise ladustamise eest. Et seda k\u00f5ige paremini \u00e4ra kasutada, valige plaan, mis vastab teie ajakavale - kuid \u00e4rge olge liiga optimistlikud, sest lisaaegade lisamine v\u00f5ib olla kallis.<\/p>\r\n\r\n\r\n\r\n<p><strong>Tarne asukoht<\/strong><\/p>\r\n\r\n\r\n\r\n<p>U-Boxi ladustamiskoha ja teie kohaletoimetamise koha vaheline kaugus v\u00f5ib m\u00f5jutada hinda ning s\u00f5ltuvalt vahemaast v\u00f5ivad kohaletoimetamise tasud erineda. Kui arvutate rendi \u00fcldkulusid, arvestage kindlasti U-Boxi hoidla asukohta v\u00f5rreldes teie l\u00f5ppsihtkohaga.\u00a0<\/p>\r\n\r\n\r\n\r\n<p><strong>T\u00e4iendavad teenused<\/strong><\/p>\r\n\r\n\r\n\r\n<p>U-Box pakub mitmesuguseid lisateenuseid, n\u00e4iteks professionaalset abi laadimisel ja mahalaadimisel, kliimakontrollitud ladustamist ja kindlustuskaitset. Nende teenuste valimine v\u00f5ib m\u00f5jutada teie U-Boxi kogumaksumust, seega on k\u00f5ige parem hinnata, millised teenused on teie vajaduste jaoks olulised, ja vastavalt sellele eelarvestada.<\/p>\r\n\r\n\r\n\r\n\r\n\r\n<h2 class=\"wp-block-heading\"><span class=\"ez-toc-section\" id=\"How_Can_I_Save_Money_on_U-Box\"><\/span><strong>Kuidas ma saan U-Boxi pealt raha s\u00e4\u00e4sta?<\/strong><span class=\"ez-toc-section-end\"><\/span><\/h2>\r\n\r\n\r\n\r\n<figure class=\"wp-block-image size-full\"><img loading=\"lazy\" decoding=\"async\" width=\"1000\" height=\"667\" class=\"wp-image-11038\" src=\"https:\/\/moverdb.com\/wp-content\/uploads\/u-box-moving-2.jpg\" alt=\"\" srcset=\"https:\/\/moverdb.com\/wp-content\/uploads\/u-box-moving-2.jpg 1000w, https:\/\/moverdb.com\/wp-content\/uploads\/u-box-moving-2-300x200.jpg 300w, https:\/\/moverdb.com\/wp-content\/uploads\/u-box-moving-2-18x12.jpg 18w, https:\/\/moverdb.com\/wp-content\/uploads\/u-box-moving-2-600x400.jpg 600w\" sizes=\"auto, (max-width: 1000px) 100vw, 1000px\" \/><\/figure>\r\n\r\n\r\n\r\n<p>Strateegiline valik ja U-Boxi kogemuse kohandamine vastavalt teie konkreetsetele vajadustele aitab teil raha s\u00e4\u00e4sta. Vaatame l\u00e4hemalt.<\/p>\r\n\r\n\r\n\r\n<p>Esimene tegur, mis aitab teil raha s\u00e4\u00e4sta, on lihtsalt valida U-Boxi konteineri suurus, mis vastab teie ladustamisvajadustele. See t\u00e4hendab, et peaksite v\u00e4ltima suurema konteineri rentimist kui vaja, sest see v\u00f5ib p\u00f5hjustada tarbetuid kulutusi.\u00a0<\/p>\r\n\r\n\r\n\r\n<p>Kui v\u00f5imalik, valige v\u00f5imalikult l\u00fchike ladustamise kestus, sest l\u00fchemad ladustamisperioodid aitavad teil v\u00e4ltida pikema rendiperioodiga seotud lisatasusid. Planeerige ette ja hinnake, kui kaua te ladustamist vajate, et optimeerida kulude kokkuhoidu - kuid \u00e4rge hinnake oma t\u00f5husust \u00fcle, sest t\u00e4iendavad rendip\u00e4evad v\u00f5ivad kergesti kokku tulla.<\/p>\r\n\r\n\r\n\r\n<p>V\u00f5imaluse korral valige U-Boxi ladustamiskoht, mis asub mugavalt, et v\u00e4hendada kohaletoimetamise tasu. Kui valite oma kodu v\u00f5i sihtkoha l\u00e4hedal asuva rajatise, saate v\u00e4hendada transpordikulusid ja muuta \u00fcldise ladustamise kuluefektiivsemaks.<\/p>\r\n\r\n\r\n\r\n<p>L\u00f5petuseks, kuigi U-Box pakub erinevaid lisateenuseid, kaaluge hoolikalt, millised neist on teie olukorra jaoks olulised. Kui valite ainult need teenused, mida t\u00f5esti vajate, saate v\u00e4ltida tarbetuid kulutusi ja hoida oma kogukulud kontrolli all.<\/p>\r\n\r\n\r\n\r\n<h2 class=\"wp-block-heading\"><span class=\"ez-toc-section\" id=\"Whats_Involved_in_Hiring_U-Box\"><\/span><strong>Mida t\u00e4hendab U-Boxi palkamine?<\/strong><span class=\"ez-toc-section-end\"><\/span><\/h2>\r\n\r\n\r\n\r\n<p>K\u00f5igepealt valite U-Boxi konteineri suuruse, mis vastab teie ladustamisvajadustele, ja broneerite selle kas veebis v\u00f5i telefoni teel. Kui teie broneering on kinnitatud, toimetab U-Haul U-Boxi konteineri otse teie asukohta.\u00a0<\/p>\r\n\r\n\r\n\r\n<p>Kui see on teie kodus, saate oma asjad konteinerisse laadida, kui teile sobib. Kui olete U-Boxi laadinud, v\u00f5tab U-Haul selle vastu ja transpordib selle valitud hoidlasse v\u00f5i teie m\u00e4\u00e4ratud sihtkohta.\u00a0<\/p>\r\n\r\n\r\n\r\n<p>Kui vajate abi peale- ja mahalaadimisel, pakub U-Haul professionaalse t\u00f6\u00f6j\u00f5u teenuseid, et tagada sujuv protsess. Kogu reisi v\u00e4ltel on teie asjad U-Box-konteineris turvaliselt hoitud.\u00a0<\/p>\r\n\r\n\r\n\r\n<h2 class=\"wp-block-heading\"><span class=\"ez-toc-section\" id=\"Is_U-Box_the_Best_Choice_for_Me\"><\/span><strong>Kas U-Box on minu jaoks parim valik?<\/strong><span class=\"ez-toc-section-end\"><\/span><\/h2>\r\n\r\n\r\n\r\n<p>Turul on nii palju v\u00f5imalusi kolimis- ja ladustamislahenduste osas, et v\u00f5ib olla raske teada, milline neist on teie jaoks \u00f5ige. Vaatleme peamisi plusse ja miinuseid, kui kaalute U-Boxi rentimist.<\/p>\r\n\r\n\r\n\n<table id=\"tablepress-345\" class=\"tablepress tablepress-id-345\">\n<thead>\n<tr class=\"row-1\">\n\t<th class=\"column-1\">U-Boxi eelised<\/th><th class=\"column-2\">U-Boxi puudused<\/th>\n<\/tr>\n<\/thead>\n<tbody class=\"row-striping row-hover\">\n<tr class=\"row-2\">\n\t<td class=\"column-1\">Paindlikkus kolimisaegade ja ajakava osas<\/td><td class=\"column-2\">T\u00f6\u00f6mahukas - peate ise laadima ja mahalaadima, kui te ei lisa lisat\u00f6\u00f6j\u00f5udu.<\/td>\n<\/tr>\n<tr class=\"row-3\">\n\t<td class=\"column-1\">Odavam kui traditsioonilised t\u00e4ielikult teenindatavad kolimisv\u00f5imalused<\/td><td class=\"column-2\">K\u00e4ttesaadavus - h\u00f5ivatud perioodid v\u00f5ivad p\u00f5hjustada v\u00e4iksemat k\u00e4ttesaadavust <\/td>\n<\/tr>\n<tr class=\"row-4\">\n\t<td class=\"column-1\">Saate oma asjadel kolimise ajal silma peal hoida.<\/td><td class=\"column-2\">Pikemad rendiajad v\u00f5ivad muutuda kalliks<\/td>\n<\/tr>\n<\/tbody>\n<\/table>\n<!-- #tablepress-345 from cache -->\n\r\n\r\n\r\n<p>Peamine eelis on mugavus, mida see teile pakub - traditsiooniliste kolijate puhul peate laadima ja lossima samal p\u00e4eval, samas kui U-Box annab teile paindlikkuse pakkimiseks ja lahtipakkimiseks oma tempo j\u00e4rgi.<\/p>\r\n\r\n\r\n\r\n<p>Siiski v\u00f5ivad tekkida lisatasud s\u00f5ltuvalt sellest, kui kaugel teie asukohad \u00fcksteisest asuvad, ning pikemad ladustamisperioodid v\u00f5ivad kiiresti kokku tulla palju kallimaks, kui ehk esialgu arvati.<\/p>\r\n\r\n\r\n\r\n<h2 class=\"wp-block-heading\"><span class=\"ez-toc-section\" id=\"How_Do_I_Find_and_Hire_a_U-Box\"><\/span><strong>Kuidas leida ja palgata U-Box?<\/strong><span class=\"ez-toc-section-end\"><\/span><\/h2>\r\n\r\n\r\n\r\n<figure class=\"wp-block-image size-full\"><img loading=\"lazy\" decoding=\"async\" width=\"1000\" height=\"562\" class=\"wp-image-11039\" src=\"https:\/\/moverdb.com\/wp-content\/uploads\/u-box-moving-3.jpg\" alt=\"\" srcset=\"https:\/\/moverdb.com\/wp-content\/uploads\/u-box-moving-3.jpg 1000w, https:\/\/moverdb.com\/wp-content\/uploads\/u-box-moving-3-300x169.jpg 300w, https:\/\/moverdb.com\/wp-content\/uploads\/u-box-moving-3-18x10.jpg 18w, https:\/\/moverdb.com\/wp-content\/uploads\/u-box-moving-3-600x337.jpg 600w\" sizes=\"auto, (max-width: 1000px) 100vw, 1000px\" \/><\/figure>\r\n\r\n\r\n\r\n<p>Alustamiseks k\u00fclastage U-Haul'i veebisaiti, et otsida U-Boxi asukohti teie l\u00e4hedal, sisestades oma asukoha ja soovitud ladustamiskuup\u00e4evad, et vaadata olemasolevaid v\u00f5imalusi. Teise v\u00f5imalusena v\u00f5ite helistada U-Haul'i klienditeenindusse, et k\u00fcsida U-Boxi saadavust ja teha broneering telefoni teel.<\/p>\r\n\r\n\r\n\r\n<p>Kui olete valinud U-Boxi asukoha ja kinnitanud selle olemasolu, peate n\u00fc\u00fcd valima konteineri suuruse, mis vastab teie ladustamisvajadustele. Viige l\u00f5pule broneerimisprotsess, esitades oma kontaktandmed, maksmise \u00fcksikasjad ja k\u00f5ik soovitud lisateenused.<\/p>\r\n\r\n\r\n\r\n<p>Kui see on l\u00f5petatud, saadab U-Haul teile kinnituse teie U-Boxi broneeringu \u00fcksikasjadega ning seej\u00e4rel toimetab U-Haul U-Boxi konteineri teie m\u00e4\u00e4ratud kohale etten\u00e4htud tarnep\u00e4eval. Seej\u00e4rel saate oma asjad laadida, kui see teile sobib.\u00a0<\/p>\r\n\r\n\r\n\r\n<p>Kui olete laadimise l\u00f5petanud, v\u00f5tab U-Haul U-Boxi vastu ja transpordib selle m\u00e4\u00e4ratud laoplatsile v\u00f5i teie uude sihtkohta.<\/p>\r\n\r\n\r\n\r\n<h2 class=\"wp-block-heading\"><span class=\"ez-toc-section\" id=\"Final_Checklist\"><\/span><strong>L\u00f5plik kontrollnimekiri<\/strong><span class=\"ez-toc-section-end\"><\/span><\/h2>\r\n\r\n\r\n\r\n<p>Kui te arvate, et U-Boxi palkamine on \u00f5ige lahendus, siis kasutage kindlasti meie viimast kontrollnimekirja, et tagada, et te ei j\u00e4ta midagi oma \u00fclesannete nimekirjast v\u00e4lja, kui suur p\u00e4ev saabub.<\/p>\r\n\r\n\r\n\r\n<ul class=\"wp-block-list\">\r\n<li>Kaaluge U-Boxi plusse ja miinuseid - kas mugavus on v\u00e4\u00e4rt v\u00f5imalikku paindumatust vabade kuup\u00e4evade osas?<\/li>\r\n\r\n\r\n\r\n<li>Vaadake nende lisasid ja otsustage, kas m\u00f5ni neist sobib teile. Kas soovite abi k\u00e4sitsi t\u00f6\u00f6tamise ja laadimise\/laadimise juures?<\/li>\r\n\r\n\r\n\r\n<li>Kontrollige, kas teie kahe asukohaga kaasnevad lisakulud.<\/li>\r\n\r\n\r\n\r\n<li>Valige oma asjadele sobiva suurusega konteiner.<\/li>\r\n\r\n\r\n\r\n<li>Broneeri ja tee k\u00f5ik suureks p\u00e4evaks valmis!<\/li>\r\n<\/ul>\r\n\r\n\r\n\r\n<h2 class=\"wp-block-heading\"><span class=\"ez-toc-section\" id=\"Frequently_Asked_Questions\"><\/span><strong>Korduma kippuvad k\u00fcsimused<\/strong><span class=\"ez-toc-section-end\"><\/span><\/h2>\r\n\r\n\r\n<div id=\"rank-math-faq\" class=\"rank-math-block\">\n<div class=\"rank-math-list\">\n<div id=\"faq-question-1692269790738\" class=\"rank-math-list-item\">\n<h3 class=\"rank-math-question\"><span class=\"ez-toc-section\" id=\"What_is_U-Box_and_How_Does_It_Work\"><\/span><strong>Mis on U-Box ja kuidas see t\u00f6\u00f6tab?<\/strong><span class=\"ez-toc-section-end\"><\/span><\/h3>\n<div class=\"rank-math-answer\">\n\n<p>U-Box on kaasaskantav ladustamislahendus, mis pakub mugavalt tarnitud ladustamiskonteinereid. Te valite konteineri suuruse, U-Haul toimetab selle teile kohale ja te laadite oma asjad sisse. <\/p>\n<p>Seej\u00e4rel v\u00f5tab U-Haul konteineri ladustamiseks v\u00f5i transpordiks peale.<\/p>\n\n<\/div>\n<\/div>\n<div id=\"faq-question-1692269827309\" class=\"rank-math-list-item\">\n<h3 class=\"rank-math-question\"><span class=\"ez-toc-section\" id=\"How_Do_I_Reserve_a_U-Box_Container\"><\/span><strong>Kuidas broneerida U-Boxi konteinerit?<\/strong><span class=\"ez-toc-section-end\"><\/span><\/h3>\n<div class=\"rank-math-answer\">\n\n<p>Seda saate teha veebis U-Haul'i veebisaidi v\u00f5i rakenduse kaudu, sisestades oma asukoha ja soovitud kuup\u00e4evad. Teise v\u00f5imalusena v\u00f5ite helistada U-Haul'i klienditeenindusse, et teha broneering telefoni teel.<\/p>\n\n<\/div>\n<\/div>\n<div id=\"faq-question-1692269843670\" class=\"rank-math-list-item\">\n<h3 class=\"rank-math-question\"><span class=\"ez-toc-section\" id=\"Can_U-Box_Containers_Be_Used_for_Long-Distance_Moves\"><\/span><strong>Kas U-Box konteinereid saab kasutada kaugkolimiseks?<\/strong><span class=\"ez-toc-section-end\"><\/span><\/h3>\n<div class=\"rank-math-answer\">\n\n<p>Jah, U-Boxi konteinerid on m\u00f5eldud nii kohalikeks kui ka pikamaavedudeks. Saate oma asjad U-Boxi laadida oma praeguses asukohas ja U-Haul transpordib need teie sihtkohta, olgu see siis \u00fcle linna v\u00f5i \u00fcle riigi.<\/p>\n\n<\/div>\n<\/div>\n<div id=\"faq-question-1692269860435\" class=\"rank-math-list-item\">\n<h3 class=\"rank-math-question\"><span class=\"ez-toc-section\" id=\"Can_I_Access_My_U-Box_While_Its_in_Storage\"><\/span><strong>Kas ma saan oma U-Boxi kasutada, kui see on hoiul?<\/strong><span class=\"ez-toc-section-end\"><\/span><\/h3>\n<div class=\"rank-math-answer\">\n\n<p>Jah, te saate oma U-Boxi kasutada, kui see on hoiul. V\u00f5tke lihtsalt \u00fchendust U-Boxi rajatisega, et korraldada juurdep\u00e4\u00e4s. <\/p>\n<p>Pidage meeles, et teie konteinerile juurdep\u00e4\u00e4suga v\u00f5ivad ladustamise ajal kaasneda teatavad protseduurid ja tasud.<\/p>\n\n<\/div>\n<\/div>\n<div id=\"faq-question-1692269875232\" class=\"rank-math-list-item\">\n<h3 class=\"rank-math-question\"><span class=\"ez-toc-section\" id=\"Can_U-Haul_Help_with_Loading_and_Unloading_My_U-Box\"><\/span><strong>Kas U-Haul saab aidata minu U-Boxi laadimisel ja mahalaadimisel?<\/strong><span class=\"ez-toc-section-end\"><\/span><\/h3>\n<div class=\"rank-math-answer\">\n\n<p>Jah, U-Haul pakub U-Box-konteinerite peale- ja mahalaadimisteenust. Kui vajate abi raskuste t\u00f5stmisel v\u00f5i pakkimisel, saate U-Haul'i kaudu palgata professionaalset t\u00f6\u00f6j\u00f5udu, kes aitab protsessi sujuvamaks muuta.<\/p>\n\n<\/div>\n<\/div>\n<\/div>\n<\/div>","protected":false},"excerpt":{"rendered":"<p>U-Box is U-Haul&#8217;s versatile and convenient storage solution designed to simplify your moving and storage needs. With U-Box, you get the flexibility to store your belongings on your terms, whether you&#8217;re relocating, decluttering, or simply in need of temporary storage.\u00a0 Our guide will cover the following: U-Box containers are portable, secure, and delivered right to [&hellip;]<\/p>\n","protected":false},"author":1,"featured_media":0,"parent":0,"menu_order":0,"comment_status":"closed","ping_status":"closed","template":"","meta":{"_genesis_hide_title":false,"_genesis_hide_breadcrumbs":false,"_genesis_hide_singular_image":false,"_genesis_hide_footer_widgets":false,"_genesis_custom_body_class":"","_genesis_custom_post_class":"","_genesis_layout":"","footnotes":""},"class_list":{"0":"post-17400","1":"page","2":"type-page","3":"status-publish","5":"entry"},"_links":{"self":[{"href":"https:\/\/moverdb.com\/et\/wp-json\/wp\/v2\/pages\/17400","targetHints":{"allow":["GET"]}}],"collection":[{"href":"https:\/\/moverdb.com\/et\/wp-json\/wp\/v2\/pages"}],"about":[{"href":"https:\/\/moverdb.com\/et\/wp-json\/wp\/v2\/types\/page"}],"author":[{"embeddable":true,"href":"https:\/\/moverdb.com\/et\/wp-json\/wp\/v2\/users\/1"}],"replies":[{"embeddable":true,"href":"https:\/\/moverdb.com\/et\/wp-json\/wp\/v2\/comments?post=17400"}],"version-history":[{"count":1,"href":"https:\/\/moverdb.com\/et\/wp-json\/wp\/v2\/pages\/17400\/revisions"}],"predecessor-version":[{"id":17401,"href":"https:\/\/moverdb.com\/et\/wp-json\/wp\/v2\/pages\/17400\/revisions\/17401"}],"wp:attachment":[{"href":"https:\/\/moverdb.com\/et\/wp-json\/wp\/v2\/media?parent=17400"}],"curies":[{"name":"wp","href":"https:\/\/api.w.org\/{rel}","templated":true}]}}