{"id":17398,"date":"2024-07-03T09:10:49","date_gmt":"2024-07-03T09:10:49","guid":{"rendered":"https:\/\/moverdb.com\/?page_id=17398"},"modified":"2026-01-08T13:18:45","modified_gmt":"2026-01-08T13:18:45","slug":"u-haul-cost","status":"publish","type":"page","link":"https:\/\/moverdb.com\/et\/u-haul-cost\/","title":{"rendered":"Kui palju maksab U-Haul? 2024 S\u00e4\u00e4stujuht"},"content":{"rendered":"<figure class=\"wp-block-image size-full\"><img loading=\"lazy\" decoding=\"async\" width=\"1000\" height=\"667\" src=\"https:\/\/moverdb.com\/wp-content\/uploads\/u-haul-moving-1.jpg\" alt=\"\" class=\"wp-image-11040\" srcset=\"https:\/\/moverdb.com\/wp-content\/uploads\/u-haul-moving-1.jpg 1000w, https:\/\/moverdb.com\/wp-content\/uploads\/u-haul-moving-1-300x200.jpg 300w, https:\/\/moverdb.com\/wp-content\/uploads\/u-haul-moving-1-18x12.jpg 18w, https:\/\/moverdb.com\/wp-content\/uploads\/u-haul-moving-1-600x400.jpg 600w\" sizes=\"auto, (max-width: 1000px) 100vw, 1000px\" \/><\/figure>\r\n\r\n\r\n\r\n<p>U-Haul on endiselt populaarne valik DIY kolijate seas, kuid kui palju see tegelikult maksab? Selles artiklis anal\u00fc\u00fcsime U-Haul'i hinnamudeleid, vaadeldes erinevaid tegureid, mis aitavad kaasa \u00fcldmaksumusele - ja j\u00e4tame teile k\u00f5ik olulised, kulut\u00f5husad kolimisnipid.<\/p>\r\n\r\n\r\n\r\n<p>Meie juhend h\u00f5lmab j\u00e4rgmist:<\/p>\r\n\r\n\r\n\r\n<ul class=\"wp-block-list\">\r\n<li>Kui palju U-Haul maksab<\/li>\r\n\r\n\r\n\r\n<li>Mis m\u00f5jutab U-Haul'i maksumust<\/li>\r\n\r\n\r\n\r\n<li>Kuidas s\u00e4\u00e4sta raha U-Haulilt<\/li>\r\n\r\n\r\n\r\n<li>Mis on U-Haul'i kasutamisega seotud<\/li>\r\n\r\n\r\n\r\n<li>Kuidas teada, kas U-Haul on teie jaoks parim valik<\/li>\r\n\r\n\r\n\r\n<li>Kuidas leida ja palgata U-Haul<\/li>\r\n<\/ul>\r\n\r\n\r\n\r\n<p>Kui soovite hoida kulusid madalal ja kolida oma kodus ise, v\u00f5ib U-Haul olla suurep\u00e4rane v\u00f5imalus. Alustame.<\/p>\r\n\r\n\r\n\r\n<div id=\"ez-toc-container\" class=\"ez-toc-v2_0_82_2 ez-toc-wrap-left counter-hierarchy ez-toc-counter ez-toc-transparent ez-toc-container-direction\">\n<div class=\"ez-toc-title-container\">\n<p class=\"ez-toc-title\" style=\"cursor:inherit\">Jaotised<\/p>\n<span class=\"ez-toc-title-toggle\"><a href=\"#\" class=\"ez-toc-pull-right ez-toc-btn ez-toc-btn-xs ez-toc-btn-default ez-toc-toggle\" aria-label=\"Sisukorra vaheldumine\"><span class=\"ez-toc-js-icon-con\"><span class=\"\"><span class=\"eztoc-hide\" style=\"display:none;\">Toggle<\/span><span class=\"ez-toc-icon-toggle-span\"><svg style=\"fill: #999;color:#999\" xmlns=\"http:\/\/www.w3.org\/2000\/svg\" class=\"list-377408\" width=\"20px\" height=\"20px\" viewbox=\"0 0 24 24\" fill=\"none\"><path d=\"M6 6H4v2h2V6zm14 0H8v2h12V6zM4 11h2v2H4v-2zm16 0H8v2h12v-2zM4 16h2v2H4v-2zm16 0H8v2h12v-2z\" fill=\"currentColor\"><\/path><\/svg><svg style=\"fill: #999;color:#999\" class=\"arrow-unsorted-368013\" xmlns=\"http:\/\/www.w3.org\/2000\/svg\" width=\"10px\" height=\"10px\" viewbox=\"0 0 24 24\" version=\"1.2\" baseprofile=\"tiny\"><path d=\"M18.2 9.3l-6.2-6.3-6.2 6.3c-.2.2-.3.4-.3.7s.1.5.3.7c.2.2.4.3.7.3h11c.3 0 .5-.1.7-.3.2-.2.3-.5.3-.7s-.1-.5-.3-.7zM5.8 14.7l6.2 6.3 6.2-6.3c.2-.2.3-.5.3-.7s-.1-.5-.3-.7c-.2-.2-.4-.3-.7-.3h-11c-.3 0-.5.1-.7.3-.2.2-.3.5-.3.7s.1.5.3.7z\"\/><\/svg><\/span><\/span><\/span><\/a><\/span><\/div>\n<nav><ul class='ez-toc-list ez-toc-list-level-1 eztoc-toggle-hide-by-default' ><li class='ez-toc-page-1 ez-toc-heading-level-2'><a class=\"ez-toc-link ez-toc-heading-1\" href=\"https:\/\/moverdb.com\/et\/u-haul-cost\/#How_Much_Does_U-Haul_Cost\" >Kui palju maksab U-Haul?<\/a><\/li><li class='ez-toc-page-1 ez-toc-heading-level-2'><a class=\"ez-toc-link ez-toc-heading-2\" href=\"https:\/\/moverdb.com\/et\/u-haul-cost\/#What_Affects_the_Cost_of_U-Haul\" >Mis m\u00f5jutab U-Haul'i maksumust?<\/a><\/li><li class='ez-toc-page-1 ez-toc-heading-level-2'><a class=\"ez-toc-link ez-toc-heading-3\" href=\"https:\/\/moverdb.com\/et\/u-haul-cost\/#How_Can_I_Save_Money_on_U-Haul\" >Kuidas ma saan U-Haulil raha s\u00e4\u00e4sta?<\/a><\/li><li class='ez-toc-page-1 ez-toc-heading-level-2'><a class=\"ez-toc-link ez-toc-heading-4\" href=\"https:\/\/moverdb.com\/et\/u-haul-cost\/#Whats_Involved_in_Hiring_a_U-Haul\" >Mida t\u00e4hendab U-Haul'i rentimine?<\/a><\/li><li class='ez-toc-page-1 ez-toc-heading-level-2'><a class=\"ez-toc-link ez-toc-heading-5\" href=\"https:\/\/moverdb.com\/et\/u-haul-cost\/#Is_a_U-Haul_the_Best_Choice_for_Me\" >Kas U-Haul on minu jaoks parim valik?<\/a><\/li><li class='ez-toc-page-1 ez-toc-heading-level-2'><a class=\"ez-toc-link ez-toc-heading-6\" href=\"https:\/\/moverdb.com\/et\/u-haul-cost\/#Final_Checklist\" >L\u00f5plik kontrollnimekiri<\/a><\/li><li class='ez-toc-page-1 ez-toc-heading-level-2'><a class=\"ez-toc-link ez-toc-heading-7\" href=\"https:\/\/moverdb.com\/et\/u-haul-cost\/#Frequently_Asked_Questions\" >Korduma kippuvad k\u00fcsimused<\/a><ul class='ez-toc-list-level-3' ><li class='ez-toc-heading-level-3'><a class=\"ez-toc-link ez-toc-heading-8\" href=\"https:\/\/moverdb.com\/et\/u-haul-cost\/#How_Do_I_Reserve_a_U-Haul_Truck\" >Kuidas broneerida U-Haul veoauto?<\/a><\/li><li class='ez-toc-page-1 ez-toc-heading-level-3'><a class=\"ez-toc-link ez-toc-heading-9\" href=\"https:\/\/moverdb.com\/et\/u-haul-cost\/#What_Do_I_Need_to_Bring_for_Pickup\" >Mida ma pean k\u00e4ttesaamiseks kaasa v\u00f5tma?<\/a><\/li><li class='ez-toc-page-1 ez-toc-heading-level-3'><a class=\"ez-toc-link ez-toc-heading-10\" href=\"https:\/\/moverdb.com\/et\/u-haul-cost\/#Can_I_Extend_My_Rental_Period\" >Kas ma saan oma rendiperioodi pikendada?<\/a><\/li><li class='ez-toc-page-1 ez-toc-heading-level-3'><a class=\"ez-toc-link ez-toc-heading-11\" href=\"https:\/\/moverdb.com\/et\/u-haul-cost\/#What_Should_I_Do_if_I_Encounter_Issues_During_the_Rental\" >Mida peaksin tegema, kui ma peaksin rendi ajal probleemidega kokku puutuma?<\/a><\/li><\/ul><\/li><\/ul><\/nav><\/div>\n<h2 class=\"wp-block-heading\"><span class=\"ez-toc-section\" id=\"How_Much_Does_U-Haul_Cost\"><\/span><strong>Kui palju maksab U-Haul?<\/strong><span class=\"ez-toc-section-end\"><\/span><\/h2>\r\n\r\n\r\n\r\n<p>U-Haul, tuntud nimi kolimist\u00f6\u00f6stuses, pakub nii konteinerite kolimist kui ka s\u00f5idukite rentimist. Kuigi neid v\u00f5idakse seostada traditsioonilise veoauto rentimisega, pakub nende konteinerteenus alternatiivset lahendust kolimiseks.<\/p>\r\n\r\n\r\n\r\n<p>U-Haul'i kaubam\u00e4rgi tuntus ja \u00fcleriigiline k\u00e4ttesaadavus aitavad kaasa selle k\u00f5rgemale hinnale v\u00f5rreldes konkurentidega. Alustuseks vaatame U-Haul'i rendi keskmist maksumust.<\/p>\r\n\r\n\r\n\n<table id=\"tablepress-360\" class=\"tablepress tablepress-id-360\">\n<thead>\n<tr class=\"row-1\">\n\t<th class=\"column-1\">Kaugus<\/th><th class=\"column-2\">Hinnanguline maksumus<\/th>\n<\/tr>\n<\/thead>\n<tbody class=\"row-striping row-hover\">\n<tr class=\"row-2\">\n\t<td class=\"column-1\">50 miili<\/td><td class=\"column-2\">$25 + $0.99 kilomeetri kohta<\/td>\n<\/tr>\n<tr class=\"row-3\">\n\t<td class=\"column-1\">450 miili<\/td><td class=\"column-2\">$600+<\/td>\n<\/tr>\n<tr class=\"row-4\">\n\t<td class=\"column-1\">1,000+ miili<\/td><td class=\"column-2\">$1,600 kuni $2,300+<\/td>\n<\/tr>\n<\/tbody>\n<\/table>\n<!-- #tablepress-360 from cache -->\n\r\n\r\n\r\n<p>L\u00fchikese 50 miili pikkuse s\u00f5idu puhul on rendihind umbes $25 ja $0,99 kilomeetri kohta. Suuremate, \u00fcle 1000 miili pikkuste s\u00f5itude puhul v\u00f5ib maksumus olla $1 600 kuni $2 300, s\u00f5ltuvalt l\u00e4bitud vahemaast.<\/p>\r\n\r\n\r\n\r\n<p>Meie kulude v\u00f5rdluses vaatame erinevaid DIY s\u00f5idukite ja ladustamis\u00fcksuste pakkujaid, et v\u00f5rrelda ja vastandada nende hindu, et anda teile terviklik ettekujutus sellest, milliste kuludega te kokku puutute, kui otsite kolimisteenuseid.<\/p>\r\n\r\n\r\n\n<table id=\"tablepress-359\" class=\"tablepress tablepress-id-359\">\n<thead>\n<tr class=\"row-1\">\n\t<th class=\"column-1\">Teenusepakkuja<\/th><th class=\"column-2\">Keskmine konteineri\/auto rendihind<\/th>\n<\/tr>\n<\/thead>\n<tbody class=\"row-striping row-hover\">\n<tr class=\"row-2\">\n\t<td class=\"column-1\">PODS<\/td><td class=\"column-2\">$6,100+<\/td>\n<\/tr>\n<tr class=\"row-3\">\n\t<td class=\"column-1\">U-Pack<\/td><td class=\"column-2\">$3,000+<\/td>\n<\/tr>\n<tr class=\"row-4\">\n\t<td class=\"column-1\">1-800-PACK-RAT<\/td><td class=\"column-2\">$3,000+<\/td>\n<\/tr>\n<tr class=\"row-5\">\n\t<td class=\"column-1\">zippyshell<\/td><td class=\"column-2\">$2,900+<\/td>\n<\/tr>\n<tr class=\"row-6\">\n\t<td class=\"column-1\">U-Haul<\/td><td class=\"column-2\">$3,500+<\/td>\n<\/tr>\n<tr class=\"row-7\">\n\t<td class=\"column-1\">SMARTBOX<\/td><td class=\"column-2\">$3,100+<\/td>\n<\/tr>\n<tr class=\"row-8\">\n\t<td class=\"column-1\">U-Box<\/td><td class=\"column-2\">$3,700+ (kaasa arvatud s\u00f5iduki rent ja boks)<\/td>\n<\/tr>\n<\/tbody>\n<\/table>\n<!-- #tablepress-359 from cache -->\n\r\n\r\n\r\n<p>Teiste tarnijate hinnad j\u00e4\u00e4vad vahemikku $2 900 k\u00f5ige madalamal ja $6 100+ k\u00f5ige k\u00f5rgemal.<\/p>\r\n\r\n\r\n\r\n<h2 class=\"wp-block-heading\"><span class=\"ez-toc-section\" id=\"What_Affects_the_Cost_of_U-Haul\"><\/span><strong>Mis m\u00f5jutab U-Haul'i maksumust?<\/strong><span class=\"ez-toc-section-end\"><\/span><\/h2>\r\n\r\n\r\n\r\n<p>N\u00fc\u00fcd, kui me teame m\u00f5ningaid U-Haul'i rendiga seotud hindu, uurime, kuidas te saate kulusid m\u00f5jutada, et te oleksite enne asjaajamist teadlik faktidest.<\/p>\r\n\r\n\r\n\r\n<p><strong>Liikumise kaugus<\/strong><\/p>\r\n\r\n\r\n\r\n<p>Nagu arvata v\u00f5ib, m\u00f5jutab U-Haul veoautoga l\u00e4bitav vahemaa oluliselt hinda. Pikemad vahemaad toovad \u00fcldjuhul kaasa k\u00f5rgema rendihinna, mis tuleneb suuremast bensiinikulust ja s\u00f5iduki kulumisest.<\/p>\r\n\r\n\r\n\r\n<p><strong>Veoauto suurus ja t\u00fc\u00fcp<\/strong><\/p>\r\n\r\n\r\n\r\n<p>Valitud U-Haul veoauto suurus ja t\u00fc\u00fcp m\u00f5jutab rendihinda. Suuremate veokite puhul, millel on rohkem ruumi, on rendihind tavaliselt k\u00f5rgem kui v\u00e4iksemate veokite puhul.<\/p>\r\n\r\n\r\n\r\n<p><strong>Rendi kestus<\/strong><\/p>\r\n\r\n\r\n\r\n<p>U-Haul veoauto kasutamise kestus m\u00f5jutab ka sellega seotud kulusid, sest pikema rendiperioodi puhul on \u00fcldkulud suuremad. U-Haul pakub rendiv\u00f5imalusi erinevateks perioodideks, alates m\u00f5nest tunnist kuni mitme p\u00e4evani, mis aitab teil leida teie individuaalsele olukorrale sobiva teenuse.<\/p>\r\n\r\n\r\n\r\n<p><strong>Liikuvad tarvikud ja lisaseadmed<\/strong><\/p>\r\n\r\n\r\n\r\n<p>Lisateenuste ja kolimistarvikute, n\u00e4iteks pakkimisvahendite, m\u00f6\u00f6blit\u00f5stukite ja m\u00f6\u00f6blipatjade valimine v\u00f5ib suurendada rendihinda. Need lisatarvikud v\u00f5ivad aidata teie kolimist sujuvamaks muuta, kuid v\u00f5ivad suurendada kulusid.<\/p>\r\n\r\n\r\n\r\n<p><strong>\u00dclev\u00f5tmise ja v\u00e4ljastamise kohad<\/strong><\/p>\r\n\r\n\r\n\r\n<p>U-Haul rendi pealev\u00f5tmis- ja mahalaadimiskohad m\u00f5jutavad hinda, kuna rendihinnad v\u00f5ivad erineda vastavalt n\u00f5udlusele ja veoautode k\u00e4ttesaadavusele konkreetsetes kohtades. Hinnad v\u00f5ivad erineda ka \u00fchepoolse ja kohaliku rendi puhul, mida on oluline arvesse v\u00f5tta.<\/p>\r\n\r\n\r\n\r\n<h2 class=\"wp-block-heading\"><span class=\"ez-toc-section\" id=\"How_Can_I_Save_Money_on_U-Haul\"><\/span><strong>Kuidas ma saan U-Haulil raha s\u00e4\u00e4sta?<\/strong><span class=\"ez-toc-section-end\"><\/span><\/h2>\r\n\r\n\r\n\r\n<figure class=\"wp-block-image size-full\"><img loading=\"lazy\" decoding=\"async\" width=\"1000\" height=\"667\" src=\"https:\/\/moverdb.com\/wp-content\/uploads\/u-haul-moving-2.jpg\" alt=\"\" class=\"wp-image-11041\" srcset=\"https:\/\/moverdb.com\/wp-content\/uploads\/u-haul-moving-2.jpg 1000w, https:\/\/moverdb.com\/wp-content\/uploads\/u-haul-moving-2-300x200.jpg 300w, https:\/\/moverdb.com\/wp-content\/uploads\/u-haul-moving-2-18x12.jpg 18w, https:\/\/moverdb.com\/wp-content\/uploads\/u-haul-moving-2-600x400.jpg 600w\" sizes=\"auto, (max-width: 1000px) 100vw, 1000px\" \/><\/figure>\r\n\r\n\r\n\r\n<p>Me teame n\u00fc\u00fcd, kuidas U-Haulsi hind v\u00f5ib t\u00f5usta - seega astume sellele vastu m\u00f5ne nutika nipiga, et hoida oma kulutused kontrolli all.<\/p>\r\n\r\n\r\n\r\n<p>V\u00f5imaluse korral valige v\u00e4iksem veoauto, sest kui valite veoauto suuruse, mis sobib teie asjadele ilma liigse ruumita, v\u00f5ib see v\u00e4hendada rendikulusid. V\u00e4iksemad veoautod on tavaliselt soodsamate rendihindadega.<\/p>\r\n\r\n\r\n\r\n<p>Kui rendite auto kilomeetrite arvelt, planeerige sihtkohta k\u00f5ige t\u00f5husam marsruut, et v\u00e4hendada l\u00e4bitud vahemaad. V\u00e4ltige \u00fcmbers\u00f5ite ja tarbetuid kilomeetreid, et hoida kulud kontrolli all.<\/p>\r\n\r\n\r\n\r\n<p>Samuti valige oma vajadustele sobiv rendiperiood. Kui suudate kolimise l\u00fchema aja jooksul l\u00f5pule viia, maksate v\u00e4hem renditasusid - kuid arvestage oma ajakava ja liigse optimismiga, sest hilinemistasud v\u00f5ivad olla sama kahjulikud kui pikem rendiperiood.<\/p>\r\n\r\n\r\n\r\n<p>Kui liigute v\u00e4ljaspool tipphooaega v\u00f5i t\u00f6\u00f6p\u00e4evadel, v\u00f5ivad \u00fc\u00fcrihinnad olla madalamad. V\u00f5imaluse korral p\u00fc\u00fcdke v\u00e4ltida n\u00e4dalavahetusi ja kolimise tippkuud, n\u00e4iteks suveperioodi, et saada kasu v\u00f5imalikest soodushindadest.<\/p>\r\n\r\n\r\n\r\n<p>L\u00f5puks, kuigi U-Haul pakub erinevaid kolimistarvikuid ja lisaseadmeid, valige ainult see, mida te <em>t\u00f5eliselt<\/em> vajadus. Ebavajalike lisaseadmete, n\u00e4iteks erivarustuse v\u00e4ljaj\u00e4tmine v\u00f5ib aidata v\u00e4hendada teie \u00fcldkulusid.<\/p>\r\n\r\n\r\n\r\n<h2 class=\"wp-block-heading\"><span class=\"ez-toc-section\" id=\"Whats_Involved_in_Hiring_a_U-Haul\"><\/span><strong>Mis on seotud<\/strong> \u00dcmberlaadimisauto rentimine?<span class=\"ez-toc-section-end\"><\/span><\/h2>\r\n\r\n\r\n\r\n<figure class=\"wp-block-image size-full\"><img loading=\"lazy\" decoding=\"async\" width=\"1000\" height=\"654\" src=\"https:\/\/moverdb.com\/wp-content\/uploads\/u-haul-moving-3.jpg\" alt=\"\" class=\"wp-image-11042\" srcset=\"https:\/\/moverdb.com\/wp-content\/uploads\/u-haul-moving-3.jpg 1000w, https:\/\/moverdb.com\/wp-content\/uploads\/u-haul-moving-3-300x196.jpg 300w, https:\/\/moverdb.com\/wp-content\/uploads\/u-haul-moving-3-18x12.jpg 18w, https:\/\/moverdb.com\/wp-content\/uploads\/u-haul-moving-3-600x392.jpg 600w\" sizes=\"auto, (max-width: 1000px) 100vw, 1000px\" \/><\/figure>\r\n\r\n\r\n\r\n<p>Esimene samm U-Haul veoauto rentimisel on ehk k\u00f5ige raskem - peate kindlaks m\u00e4\u00e4rama oma asjadele sobiva veoauto suuruse ja arvutama reisi pikkuse.<\/p>\r\n\r\n\r\n\r\n<p>Kui olete teinud veoauto valiku, saate U-Haul'i veoauto broneerida veebis v\u00f5i telefoni teel, t\u00e4psustades pealev\u00f5tmiskoha, rendi kestuse ja tagastuskoha.<\/p>\r\n\r\n\r\n\r\n<p>Plaanitud k\u00e4ttesaamise p\u00e4eval suunduge valitud U-Haul'i asukohta, et v\u00f5tta rendiauto vastu, v\u00f5ttes kindlasti kaasa kehtiva juhiloa ja broneeringu tegemiseks kasutatud makseviisi. P\u00e4rast paberimajanduse t\u00e4itmist antakse teile U-Haul'i veoauto v\u00f5tmed.<\/p>\r\n\r\n\r\n\r\n<p>Sealt saate oma asjad peale laadida, s\u00f5ita sihtkohta ja seej\u00e4rel oma asjad maha laadida, kui teile sobib. Kui olete veoauto kasutamise l\u00f5petanud, tagastage see lihtsalt kokkulepitud rendiperioodi jooksul m\u00e4\u00e4ratud v\u00e4ljastuspaika.<\/p>\r\n\r\n\r\n\r\n<h2 class=\"wp-block-heading\"><span class=\"ez-toc-section\" id=\"Is_a_U-Haul_the_Best_Choice_for_Me\"><\/span><strong>Kas U-Haul on minu jaoks parim valik?<\/strong><span class=\"ez-toc-section-end\"><\/span><\/h2>\r\n\r\n\r\n\r\n<p>V\u00f5ib olla ahvatlev teha k\u00f5ik, et v\u00e4ltida rasket t\u00f5stmist ja s\u00f5itmist uude ja vanasse majja ning sealt tagasi, kuid kui soovite rohkem k\u00e4ed k\u00fclge panna, v\u00f5ib U-Haul olla teie jaoks suurep\u00e4rane v\u00f5imalus.<\/p>\r\n\r\n\r\n\n<table id=\"tablepress-344\" class=\"tablepress tablepress-id-344\">\n<thead>\n<tr class=\"row-1\">\n\t<th class=\"column-1\">U-Haul'i eelised<\/th><th class=\"column-2\">U-Haul'i puudused<\/th>\n<\/tr>\n<\/thead>\n<tbody class=\"row-striping row-hover\">\n<tr class=\"row-2\">\n\t<td class=\"column-1\">Paindlikkus kolimisaegade ja ajakava osas<\/td><td class=\"column-2\">T\u00f6\u00f6mahukas - peate ise s\u00f5itma, laadima ja mahalaadima.<\/td>\n<\/tr>\n<tr class=\"row-3\">\n\t<td class=\"column-1\">Odavam kui traditsioonilised t\u00e4ielikult teenindatavad kolimisv\u00f5imalused<\/td><td class=\"column-2\">Te vastutate reisi ajal kindlustuse eest<\/td>\n<\/tr>\n<tr class=\"row-4\">\n\t<td class=\"column-1\">Saate oma asjadel kolimise ajal silma peal hoida.<\/td><td class=\"column-2\">S\u00f5idukile v\u00f5ivad kolimise ajal tekkida kahjustused, mida peate parandama.<\/td>\n<\/tr>\n<\/tbody>\n<\/table>\n<!-- #tablepress-344 from cache -->\n\r\n\r\n\r\n<p>U-Haul rendi eelis number \u00fcks on lihtsalt suurem kontroll, mida see annab teile kulutuste \u00fcle. Te saate valida oma asjadele sobiva veoauto suuruse, valida rendi kestuse ja otsustada, kas soovite lisada lisateenuseid v\u00f5i lisaseadmeid.<\/p>\r\n\r\n\r\n\r\n<p>Raske m\u00f6\u00f6bli ja esemete peale- ja mahalaadimine v\u00f5ib siiski olla f\u00fc\u00fcsiliselt koormav. Kui teil ei ole mugav t\u00f5sta ja kanda v\u00f5i kui vajate professionaalset abi, peate v\u00f5ib-olla palgata t\u00e4iendavat abi.<\/p>\r\n\r\n\r\n\r\n<h2 class=\"wp-block-heading\"><span class=\"ez-toc-section\" id=\"Final_Checklist\"><\/span><strong>L\u00f5plik kontrollnimekiri<\/strong><span class=\"ez-toc-section-end\"><\/span><\/h2>\r\n\r\n\r\n\r\n<p>Kui te arvate, et k\u00f5ige parem on teha seda ise ja kasutada U-Haul veoautot, siis v\u00f5tke kindlasti arvesse meie viimast kontrollnimekirja, et tagada, et k\u00f5ik on teie suure kolimise ajal korras.<\/p>\r\n\r\n\r\n\r\n<ul class=\"wp-block-list\">\r\n<li>Kaaluge, kas soovite t\u00e4ielikult teenindava kolimismeeskonna abi v\u00f5i on teil hea meel v\u00f5tta hoopis DIY-tee.<\/li>\r\n\r\n\r\n\r\n<li>Vaadake oma asju - kas saate enne U-Haul'i broneerimist \u00fcldse v\u00e4hendada, et raha s\u00e4\u00e4sta?<\/li>\r\n\r\n\r\n\r\n<li>Vaadake s\u00f5idukite valikut ja valige \u00fcks, mis vastab teie koormuse mahule ja vajadustele.<\/li>\r\n\r\n\r\n\r\n<li>Kas vajate lisateenuseid? \u00c4rge unustage neid lisada enne broneerimist<\/li>\r\n\r\n\r\n\r\n<li>Kontrollige oma kuup\u00e4evad ja broneerige oma kolimiseks!<\/li>\r\n<\/ul>\r\n\r\n\r\n\r\n<h2 class=\"wp-block-heading\"><span class=\"ez-toc-section\" id=\"Frequently_Asked_Questions\"><\/span><strong>Korduma kippuvad k\u00fcsimused<\/strong><span class=\"ez-toc-section-end\"><\/span><\/h2>\r\n\r\n\r\n<div id=\"rank-math-faq\" class=\"rank-math-block\">\n<div class=\"rank-math-list\">\n<div id=\"faq-question-1692200957678\" class=\"rank-math-list-item\">\n<h3 class=\"rank-math-question\"><span class=\"ez-toc-section\" id=\"How_Do_I_Reserve_a_U-Haul_Truck\"><\/span><strong>Kuidas broneerida U-Haul veoauto?<\/strong><span class=\"ez-toc-section-end\"><\/span><\/h3>\n<div class=\"rank-math-answer\">\n\n<p>U-Haul'i veoauto saate h\u00f5lpsasti broneerida veebis, k\u00fclastades U-Haul'i veebisaiti v\u00f5i kasutades nende rakendust. Alustamiseks sisestage lihtsalt oma asukoht, rendikuup\u00e4ev ja veoauto suuruse eelistused. <\/p>\n<p>Alternatiivina v\u00f5ite helistada U-Haul'i klienditeenindusse, et teha broneering telefoni teel ja arutada broneeringu \u00fcksikasju.<\/p>\n\n<\/div>\n<\/div>\n<div id=\"faq-question-1692201036551\" class=\"rank-math-list-item\">\n<h3 class=\"rank-math-question\"><span class=\"ez-toc-section\" id=\"What_Do_I_Need_to_Bring_for_Pickup\"><\/span><strong>Mida ma pean k\u00e4ttesaamiseks kaasa v\u00f5tma?<\/strong><span class=\"ez-toc-section-end\"><\/span><\/h3>\n<div class=\"rank-math-answer\">\n\n<p>U-Haul veoauto k\u00e4ttesaamisel v\u00f5tke kaasa kehtiv juhiluba ja broneerimiseks kasutatud makseviis. Teie rendi\u00fcksus v\u00f5ib n\u00f5uda t\u00e4iendavat isikut t\u00f5endavat dokumenti, seega on k\u00f5ige parem kontrollida seda iga juhtumi puhul eraldi oma teenusepakkujalt.<\/p>\n\n<\/div>\n<\/div>\n<div id=\"faq-question-1692201050762\" class=\"rank-math-list-item\">\n<h3 class=\"rank-math-question\"><span class=\"ez-toc-section\" id=\"Can_I_Extend_My_Rental_Period\"><\/span><strong>Kas ma saan oma rendiperioodi pikendada?<\/strong><span class=\"ez-toc-section-end\"><\/span><\/h3>\n<div class=\"rank-math-answer\">\n\n<p>Jah, vajaduse korral saate rendiperioodi pikendada. V\u00f5tke \u00fchendust U-Haul'i klienditeenindusega v\u00f5i k\u00fclastage kohalikku rendikohta, et arutada pikendamist ja teha vajalikud korraldused. <\/p>\n<p>Pidage meeles, et pikendatud ajavahemiku eest v\u00f5idakse maksta t\u00e4iendavat renditasu.<\/p>\n\n<\/div>\n<\/div>\n<div id=\"faq-question-1692201063702\" class=\"rank-math-list-item\">\n<h3 class=\"rank-math-question\"><span class=\"ez-toc-section\" id=\"What_Should_I_Do_if_I_Encounter_Issues_During_the_Rental\"><\/span><strong>Mida peaksin tegema, kui ma peaksin rendi ajal probleemidega kokku puutuma?<\/strong><span class=\"ez-toc-section-end\"><\/span><\/h3>\n<div class=\"rank-math-answer\">\n\n<p>Kui teil tekib rendi ajal U-Haul'i veoautoga mingeid probleeme, n\u00e4iteks mehaanilisi probleeme v\u00f5i k\u00fcsimusi varustuse kohta, p\u00f6\u00f6rduge U-Haul'i tee\u00e4\u00e4rse abi v\u00f5i klienditeeninduse poole, et saada juhiseid ja tuge.<\/p>\n<p>Nad pakuvad abi, et aidata lahendada k\u00f5ik probleemid, mis teil on rendiauto kasutamise ajal.<\/p>\n\n<\/div>\n<\/div>\n<\/div>\n<\/div>","protected":false},"excerpt":{"rendered":"<p>U-Haul remains a popular choice among DIY movers, but how much does it actually cost? In this article, we\u2019ll dissect the pricing models of U-Haul, looking at the various factors that contribute to the overall cost &#8211; and leave you with all-important, cost-effective moving tips. Our guide will cover the following: If you fancy keeping [&hellip;]<\/p>\n","protected":false},"author":1,"featured_media":0,"parent":0,"menu_order":0,"comment_status":"closed","ping_status":"closed","template":"","meta":{"_genesis_hide_title":false,"_genesis_hide_breadcrumbs":false,"_genesis_hide_singular_image":false,"_genesis_hide_footer_widgets":false,"_genesis_custom_body_class":"","_genesis_custom_post_class":"","_genesis_layout":"","footnotes":""},"class_list":{"0":"post-17398","1":"page","2":"type-page","3":"status-publish","5":"entry"},"_links":{"self":[{"href":"https:\/\/moverdb.com\/et\/wp-json\/wp\/v2\/pages\/17398","targetHints":{"allow":["GET"]}}],"collection":[{"href":"https:\/\/moverdb.com\/et\/wp-json\/wp\/v2\/pages"}],"about":[{"href":"https:\/\/moverdb.com\/et\/wp-json\/wp\/v2\/types\/page"}],"author":[{"embeddable":true,"href":"https:\/\/moverdb.com\/et\/wp-json\/wp\/v2\/users\/1"}],"replies":[{"embeddable":true,"href":"https:\/\/moverdb.com\/et\/wp-json\/wp\/v2\/comments?post=17398"}],"version-history":[{"count":1,"href":"https:\/\/moverdb.com\/et\/wp-json\/wp\/v2\/pages\/17398\/revisions"}],"predecessor-version":[{"id":17399,"href":"https:\/\/moverdb.com\/et\/wp-json\/wp\/v2\/pages\/17398\/revisions\/17399"}],"wp:attachment":[{"href":"https:\/\/moverdb.com\/et\/wp-json\/wp\/v2\/media?parent=17398"}],"curies":[{"name":"wp","href":"https:\/\/api.w.org\/{rel}","templated":true}]}}