{"id":17394,"date":"2024-07-03T09:08:10","date_gmt":"2024-07-03T09:08:10","guid":{"rendered":"https:\/\/moverdb.com\/?page_id=17394"},"modified":"2026-01-08T13:18:36","modified_gmt":"2026-01-08T13:18:36","slug":"pods-cost","status":"publish","type":"page","link":"https:\/\/moverdb.com\/et\/pods-cost\/","title":{"rendered":"Kui palju maksavad PODSid? 2024 S\u00e4\u00e4stujuht"},"content":{"rendered":"<figure class=\"wp-block-image size-full\"><img loading=\"lazy\" decoding=\"async\" width=\"1000\" height=\"667\" class=\"wp-image-11007\" src=\"https:\/\/moverdb.com\/wp-content\/uploads\/PODS-storage-unit-costs-1.jpg\" alt=\"\" srcset=\"https:\/\/moverdb.com\/wp-content\/uploads\/PODS-storage-unit-costs-1.jpg 1000w, https:\/\/moverdb.com\/wp-content\/uploads\/PODS-storage-unit-costs-1-300x200.jpg 300w, https:\/\/moverdb.com\/wp-content\/uploads\/PODS-storage-unit-costs-1-18x12.jpg 18w, https:\/\/moverdb.com\/wp-content\/uploads\/PODS-storage-unit-costs-1-600x400.jpg 600w\" sizes=\"auto, (max-width: 1000px) 100vw, 1000px\" \/><\/figure>\r\n\r\n\r\n\r\n<p><span style=\"font-weight: 400;\">Kolimisega kaasnevat stressi v\u00f5ib v\u00f5imendada vajadus laadida ja mahalaadida s\u00f5iduk sama p\u00e4eva jooksul, j\u00e4ttes oma uue kodu t\u00e4is kaste, mist\u00f5ttu on teil raske n\u00e4ha puude vahelt puid. Alternatiivne veo meetod on kasutada PODSe, teisaldatavaid konteinereid, mida saab laadida ja mahalaadida oma tempo j\u00e4rgi.<\/span><\/p>\r\n\r\n\r\n\r\n<p><span style=\"font-weight: 400;\">Kui te ei ole varem teisaldatavaid ladustamis\u00fcksusi kasutanud, v\u00f5ib see m\u00f5te olla hirmutav - meie juhend h\u00f5lmab:<\/span><\/p>\r\n\r\n\r\n\r\n<ul class=\"wp-block-list\">\r\n<li><span style=\"font-weight: 400;\">Kui palju maksab PODSi rentimine<\/span><\/li>\r\n\r\n\r\n\r\n<li><span style=\"font-weight: 400;\">Mis m\u00f5jutab PODSi rendi maksumust<\/span><\/li>\r\n\r\n\r\n\r\n<li><span style=\"font-weight: 400;\">Kuidas s\u00e4\u00e4sta raha PODSi rentimisel<\/span><\/li>\r\n\r\n\r\n\r\n<li><span style=\"font-weight: 400;\">Mis on seotud PODSi rentimisega\u00a0<\/span><\/li>\r\n\r\n\r\n\r\n<li><span style=\"font-weight: 400;\">Kuidas teada, kas PODSi rentimine on teie jaoks parim valik?<\/span><\/li>\r\n\r\n\r\n\r\n<li><span style=\"font-weight: 400;\">Kuidas alustada PODSi rendiprotsessi<\/span><\/li>\r\n<\/ul>\r\n\r\n\r\n\r\n<p><span style=\"font-weight: 400;\">Kui tavap\u00e4rane kolimismeetod ei ole teie jaoks varem toiminud, v\u00f5ib olla aeg proovida midagi uut PODSi abil. Lugege edasi, et teada saada, kuidas seda k\u00f5ige paremini teha.\u00a0<\/span><\/p>\r\n\r\n\r\n\r\n<div id=\"ez-toc-container\" class=\"ez-toc-v2_0_82_2 ez-toc-wrap-left counter-hierarchy ez-toc-counter ez-toc-transparent ez-toc-container-direction\">\n<div class=\"ez-toc-title-container\">\n<p class=\"ez-toc-title\" style=\"cursor:inherit\">Jaotised<\/p>\n<span class=\"ez-toc-title-toggle\"><a href=\"#\" class=\"ez-toc-pull-right ez-toc-btn ez-toc-btn-xs ez-toc-btn-default ez-toc-toggle\" aria-label=\"Sisukorra vaheldumine\"><span class=\"ez-toc-js-icon-con\"><span class=\"\"><span class=\"eztoc-hide\" style=\"display:none;\">Toggle<\/span><span class=\"ez-toc-icon-toggle-span\"><svg style=\"fill: #999;color:#999\" xmlns=\"http:\/\/www.w3.org\/2000\/svg\" class=\"list-377408\" width=\"20px\" height=\"20px\" viewbox=\"0 0 24 24\" fill=\"none\"><path d=\"M6 6H4v2h2V6zm14 0H8v2h12V6zM4 11h2v2H4v-2zm16 0H8v2h12v-2zM4 16h2v2H4v-2zm16 0H8v2h12v-2z\" fill=\"currentColor\"><\/path><\/svg><svg style=\"fill: #999;color:#999\" class=\"arrow-unsorted-368013\" xmlns=\"http:\/\/www.w3.org\/2000\/svg\" width=\"10px\" height=\"10px\" viewbox=\"0 0 24 24\" version=\"1.2\" baseprofile=\"tiny\"><path d=\"M18.2 9.3l-6.2-6.3-6.2 6.3c-.2.2-.3.4-.3.7s.1.5.3.7c.2.2.4.3.7.3h11c.3 0 .5-.1.7-.3.2-.2.3-.5.3-.7s-.1-.5-.3-.7zM5.8 14.7l6.2 6.3 6.2-6.3c.2-.2.3-.5.3-.7s-.1-.5-.3-.7c-.2-.2-.4-.3-.7-.3h-11c-.3 0-.5.1-.7.3-.2.2-.3.5-.3.7s.1.5.3.7z\"\/><\/svg><\/span><\/span><\/span><\/a><\/span><\/div>\n<nav><ul class='ez-toc-list ez-toc-list-level-1 eztoc-toggle-hide-by-default' ><li class='ez-toc-page-1 ez-toc-heading-level-2'><a class=\"ez-toc-link ez-toc-heading-1\" href=\"https:\/\/moverdb.com\/et\/pods-cost\/#How_Much_Do_PODS_Cost\" >Kui palju maksavad PODSid?<\/a><\/li><li class='ez-toc-page-1 ez-toc-heading-level-2'><a class=\"ez-toc-link ez-toc-heading-2\" href=\"https:\/\/moverdb.com\/et\/pods-cost\/#What_Affects_the_Cost_of_PODS\" >Mis m\u00f5jutab PODSi maksumust?<\/a><\/li><li class='ez-toc-page-1 ez-toc-heading-level-2'><a class=\"ez-toc-link ez-toc-heading-3\" href=\"https:\/\/moverdb.com\/et\/pods-cost\/#How_Can_I_Save_Money_on_PODS\" >Kuidas ma saan PODSi pealt raha s\u00e4\u00e4sta?<\/a><\/li><li class='ez-toc-page-1 ez-toc-heading-level-2'><a class=\"ez-toc-link ez-toc-heading-4\" href=\"https:\/\/moverdb.com\/et\/pods-cost\/#Whats_Involved_in_Hiring_PODS\" >Mida t\u00e4hendab PODSi rentimine?<\/a><\/li><li class='ez-toc-page-1 ez-toc-heading-level-2'><a class=\"ez-toc-link ez-toc-heading-5\" href=\"https:\/\/moverdb.com\/et\/pods-cost\/#Are_PODS_the_Best_Choice_for_My_Home_Move\" >Kas PODS on parim valik minu kodu kolimiseks?<\/a><\/li><li class='ez-toc-page-1 ez-toc-heading-level-2'><a class=\"ez-toc-link ez-toc-heading-6\" href=\"https:\/\/moverdb.com\/et\/pods-cost\/#How_Do_I_Find_and_Hire_PODS\" >Kuidas leida ja palgata PODS?<\/a><\/li><li class='ez-toc-page-1 ez-toc-heading-level-2'><a class=\"ez-toc-link ez-toc-heading-7\" href=\"https:\/\/moverdb.com\/et\/pods-cost\/#Finding_the_Best_Container_Shipping_Service_For_Your_Needs\" >Parima konteinervedude teenuse leidmine teie vajaduste jaoks<\/a><\/li><li class='ez-toc-page-1 ez-toc-heading-level-2'><a class=\"ez-toc-link ez-toc-heading-8\" href=\"https:\/\/moverdb.com\/et\/pods-cost\/#Final_Checklist\" >L\u00f5plik kontrollnimekiri<\/a><\/li><li class='ez-toc-page-1 ez-toc-heading-level-2'><a class=\"ez-toc-link ez-toc-heading-9\" href=\"https:\/\/moverdb.com\/et\/pods-cost\/#Frequently_Asked_Questions\" >Korduma kippuvad k\u00fcsimused<\/a><ul class='ez-toc-list-level-3' ><li class='ez-toc-heading-level-3'><a class=\"ez-toc-link ez-toc-heading-10\" href=\"https:\/\/moverdb.com\/et\/pods-cost\/#What_Is_PODS_and_How_Does_It_Work\" >Mis on PODS ja kuidas see toimib?<\/a><\/li><li class='ez-toc-page-1 ez-toc-heading-level-3'><a class=\"ez-toc-link ez-toc-heading-11\" href=\"https:\/\/moverdb.com\/et\/pods-cost\/#How_Much_Does_PODS_Cost\" >Kui palju maksab PODS?<\/a><\/li><li class='ez-toc-page-1 ez-toc-heading-level-3'><a class=\"ez-toc-link ez-toc-heading-12\" href=\"https:\/\/moverdb.com\/et\/pods-cost\/#Can_I_Use_PODS_for_Both_Moving_and_Storage\" >Kas ma saan kasutada PODSi nii kolimiseks kui ka ladustamiseks?<\/a><\/li><li class='ez-toc-page-1 ez-toc-heading-level-3'><a class=\"ez-toc-link ez-toc-heading-13\" href=\"https:\/\/moverdb.com\/et\/pods-cost\/#Do_I_Need_to_Load_the_PODS_Container_Myself\" >Kas ma pean PODS-konteinerit ise laadima?<\/a><\/li><\/ul><\/li><\/ul><\/nav><\/div>\n<h2 class=\"wp-block-heading\"><span class=\"ez-toc-section\" id=\"How_Much_Do_PODS_Cost\"><\/span><b>Kui palju maksavad PODSid?<\/b><span class=\"ez-toc-section-end\"><\/span><\/h2>\r\n\r\n\r\n\r\n<p>PODS t\u00e4hendab \"Portable On Demand Storage\" ja see on teenus, mis pakub mugavat ja paindlikku v\u00f5imalust oma asjade hoidmiseks ja teisaldamiseks. Kontseptsioon seisneb teisaldatavate hoiukonteinerite kasutamises, mida saab koju toimetada, v\u00f5imaldades teil oma isiklikke asju oma tempos sisse- ja v\u00e4lja laadida - ja kui need on pakitud, hoitakse konteinerit kas turvalises rajatises v\u00f5i transporditakse see teie uude sihtkohta.<\/p>\r\n\r\n\r\n\r\n<p>Vaatame m\u00f5ningaid n\u00e4idiskulusid.<\/p>\r\n\r\n\r\n\n<table id=\"tablepress-354\" class=\"tablepress tablepress-id-354\">\n<thead>\n<tr class=\"row-1\">\n\t<th class=\"column-1\">Liikumise kaugus<\/th><th class=\"column-2\">Maksumus magamistoa kohta<\/th><th class=\"column-3\">Kogumaksumus 3-kohalise maja kohta<\/th>\n<\/tr>\n<\/thead>\n<tbody class=\"row-striping row-hover\">\n<tr class=\"row-2\">\n\t<td class=\"column-1\">Kohalik (250 miili piires)<\/td><td class=\"column-2\">$200 kuni $225<\/td><td class=\"column-3\">$600 kuni $675<\/td>\n<\/tr>\n<tr class=\"row-3\">\n\t<td class=\"column-1\">Rohkem kui 250 miili<\/td><td class=\"column-2\">$400 kuni $460<\/td><td class=\"column-3\">$1,200-$1,380<\/td>\n<\/tr>\n<tr class=\"row-4\">\n\t<td class=\"column-1\">Maastikuline<\/td><td class=\"column-2\">$2,000 kuni $2,250<\/td><td class=\"column-3\">$6,000 kuni $6,750<\/td>\n<\/tr>\n<\/tbody>\n<\/table>\n<!-- #tablepress-354 from cache -->\n\r\n\r\n\r\n<p>Kuigi t\u00e4psed hinnapakkumised tuleb saada otse PODSilt, v\u00f5ttes arvesse teie tegelikku korraldust ja esemete mahtu, v\u00f5ib kohalik kolimine alla 250 miili maksta umbes $200 kuni $225 toa kohta. Tavalise kolmekohalise kodu puhul v\u00f5ib see kokku olla umbes $600 kuni $675.<\/p>\r\n\r\n\r\n\r\n<p>Suuremate kinnistute ja suuremate vahemaade puhul on hinnad k\u00f5rgemad, kusjuures \u00fcle 500 miili pikkune kolimine \u00fcle riigi maksab ligi $2,000 toa kohta, mis teeb kokku $6,000 kuni $6,750 kolme voodiga maja kolimise korral.<\/p>\r\n\r\n\r\n\r\n<h2 class=\"wp-block-heading\"><span class=\"ez-toc-section\" id=\"What_Affects_the_Cost_of_PODS\"><\/span><b>Mis m\u00f5jutab PODSi maksumust?<\/b><span class=\"ez-toc-section-end\"><\/span><\/h2>\r\n\r\n\r\n\r\n<p>PODS pakub teie ladustamis- ja kolimisvajadustele kohandatud lahendust, mis t\u00e4hendab, et erinevate teenuste hinnad on erinevad. R\u00e4\u00e4gime peamistest punktidest, mis v\u00f5ivad m\u00f5jutada PODSi rendi hinda.<\/p>\r\n\r\n\r\n\r\n<p><strong><a href=\"https:\/\/moverdb.com\/et\/shipping-container-sizes-and-dimensions\/\" data-internallinksmanager029f6b8e52c=\"247\" title=\"\u00dclim juhend laevakonteinerite suuruste ja m\u00f5\u00f5tmete kohta\">Konteineri suurus<\/a><\/strong><\/p>\r\n\r\n\r\n\r\n<p>Valitud konteineri suurus m\u00f5jutab otseselt hinda. Suuremad konteinerid pakuvad rohkem ruumi, kuid nende hind on k\u00f5rgem, seega on k\u00f5ige parem valida suurus, mis sobib teie asjadele, et optimeerida v\u00e4\u00e4rtust.<\/p>\r\n<p>Samamoodi on liiga v\u00e4ikese konteineri valimine kahjulik, kuna teil on vaja konteinerit t\u00e4ita ja uuesti t\u00e4ita, et kolimine l\u00f5pule viia.\u00a0<\/p>\r\n\r\n\r\n\r\n<p><strong>Kaugus ja asukoht<\/strong><\/p>\r\n\r\n\r\n\r\n<p>Teie asukoha ja PODS-i ladustamiskoha vaheline kaugus v\u00f5ib m\u00f5jutada kulusid, sealhulgas kohaletoimetamise ja transpordi tasu. Konteineri kaugemale viimine v\u00f5ib p\u00f5hjustada veidi suuremaid kulusid, nagu on n\u00e4idatud \u00fclaltoodud tabelis.<\/p>\r\n<p>PODSi kasutamist kaaludes v\u00f5rrelge traditsioonilise kolimisteenuse maksumust, et n\u00e4ha, kas see on mugavuse t\u00f5ttu v\u00e4\u00e4rt investeering.<\/p>\r\n\r\n\r\n\r\n<p><strong>Kasutamise kestus<\/strong><\/p>\r\n\r\n\r\n\r\n<p>Mida kauem te konteinerit vajate, seda rohkem v\u00f5ib see maksta. Hinnakujunduses v\u00f5etakse arvesse rendiperioodi, seega arvestage, kui palju aega vajate, sest lisap\u00e4evade v\u00f5i -n\u00e4dalate lisamine v\u00f5ib kulusid oluliselt m\u00f5jutada.<\/p>\r\n\r\n\r\n\r\n<p><strong>T\u00e4iendavad teenused<\/strong><\/p>\r\n\r\n\r\n\r\n<p>PODS pakub erinevaid teenuseid, nagu laadimisabi v\u00f5i ladustamine. Nende teenuste valimine v\u00f5ib suurendada hinda, seega olge ettevaatlik nende lisamisega, kui need ei ole teie kolimise h\u00f5lbustamiseks vajalikud.<\/p>\r\n\r\n\r\n\r\n<h2 class=\"wp-block-heading\"><span class=\"ez-toc-section\" id=\"How_Can_I_Save_Money_on_PODS\"><\/span><strong>Kuidas ma saan PODSi pealt raha s\u00e4\u00e4sta?<\/strong><span class=\"ez-toc-section-end\"><\/span><\/h2>\r\n\r\n\r\n\r\n<figure class=\"wp-block-image size-full\"><img loading=\"lazy\" decoding=\"async\" width=\"1000\" height=\"667\" class=\"wp-image-11008\" src=\"https:\/\/moverdb.com\/wp-content\/uploads\/PODS-storage-unit-costs-2.jpg\" alt=\"\" srcset=\"https:\/\/moverdb.com\/wp-content\/uploads\/PODS-storage-unit-costs-2.jpg 1000w, https:\/\/moverdb.com\/wp-content\/uploads\/PODS-storage-unit-costs-2-300x200.jpg 300w, https:\/\/moverdb.com\/wp-content\/uploads\/PODS-storage-unit-costs-2-18x12.jpg 18w, https:\/\/moverdb.com\/wp-content\/uploads\/PODS-storage-unit-costs-2-600x400.jpg 600w\" sizes=\"auto, (max-width: 1000px) 100vw, 1000px\" \/><\/figure>\r\n\r\n\r\n\r\n<p>N\u00fc\u00fcd, kui me m\u00f5istame, mis m\u00f5jutab PODSi rendi hinda, vaatame, kuidas saate teenuse kasutamisel raha s\u00e4\u00e4sta.<\/p>\r\n\r\n\r\n\r\n<p>K\u00f5igepealt veenduge, et te valite \u00f5ige suurusega konteineri, mis t\u00e4hendab, et valige konteineri suurus, mis vastab teie vajadustele, ilma et oleks liiga palju ruumi. Suuremad konteinerid maksavad rohkem, seega valige v\u00e4ikseim suurus, kuhu teie asjad mugavalt \u00e4ra mahuvad - kuid veenduge, et see on piisavalt suur, sest konteineri lisarent lisab teie arvele kahtlemata rohkem nulle.<\/p>\r\n\r\n\r\n\r\n<p>V\u00f5imaluse korral kaaluge PODS-konteineri broneerimist tipphooajal, kui n\u00f5udlus on v\u00e4iksem. See v\u00f5ib kaasa tuua v\u00f5imalikke soodustusi rendihindadele, mis s\u00e4\u00e4stab teie kolimisprotsessis raha, kuna konteinerifirmad soovivad nende hooajaliste vaikuste ajal oma graafikuid t\u00e4ita.<\/p>\r\n\r\n\r\n\r\n<p>Kuigi see v\u00f5ib olla t\u00fc\u00fctu, on hea m\u00f5te kasutada konteineri ruumi maksimaalselt \u00e4ra, pakkides oma esemed t\u00f5husalt. Kasutage kindlasti \u00e4ra vertikaalset ruumi, v\u00f5tke v\u00f5imalusel m\u00f6\u00f6bel lahti ja kasutage kasti, mis sobivad h\u00e4sti, et v\u00e4hendada ruumi raiskamist - \u00e4rge visake asju lihtsalt sisse ja lootke parimat!<\/p>\r\n\r\n\r\n\r\n<p>Kui teil on v\u00f5imalik, v\u00f5ite konteineri ise peale- ja mahalaadimist teostades s\u00e4\u00e4sta raha v\u00f5rreldes t\u00f6\u00f6j\u00f5u palkamisega. Kasutage s\u00f5prade ja pereliikmete abi, et muuta protsess sujuvamaks - kuid pidage meeles, et kui see ei ole teie jaoks v\u00f5imalik, v\u00f5ib abi palgata.<\/p>\r\n\r\n\r\n\r\n<p>L\u00f5puks kaaluge rendiperioodi l\u00fchendamist. Mida kauem te konteinerit hoiate, seda rohkem v\u00f5ib see teie kulusid suurendada - selge plaan ja organiseerituse s\u00e4ilitamine aitab teil protsessi kiiremini l\u00f5pule viia.<\/p>\r\n\r\n\r\n\r\n<h2 class=\"wp-block-heading\"><span class=\"ez-toc-section\" id=\"Whats_Involved_in_Hiring_PODS\"><\/span><strong>Mida t\u00e4hendab PODSi rentimine?<\/strong><span class=\"ez-toc-section-end\"><\/span><\/h2>\r\n\r\n\r\n\r\n<p>Lihtsalt \u00f6eldes, kui palkate PODS-teenuse, toimetatakse teisaldatav ladustamiskonteiner teie juurde. Te pakite selle oma tempos, seej\u00e4rel v\u00f5tab ettev\u00f5te selle \u00fcles ja v\u00f5ib seda oma ruumides ladustada v\u00f5i viia uude sihtkohta, mis teeb sellest paindliku ja mugava viisi kolimiseks, ilma et oleks vaja \u00fche p\u00e4eva jooksul peale- ja mahalaadimisega kiirustada.<\/p>\r\n\r\n\r\n\r\n<p>PODSiga \u00fchendust v\u00f5tmiseks ja rendi korraldamiseks k\u00fclastage nende veebisaiti v\u00f5i helistage nende klienditeeninduse numbrile. Te saate esitada \u00fcksikasjad oma vajaduste kohta, saada hinnapakkumise ja planeerida teisaldatava ladustamiskonteineri kohaletoimetamise teie asukohta.<\/p>\r\n\r\n\r\n\r\n<h2 class=\"wp-block-heading\"><span class=\"ez-toc-section\" id=\"Are_PODS_the_Best_Choice_for_My_Home_Move\"><\/span><strong>Kas PODS on parim valik minu kodu kolimiseks?<\/strong><span class=\"ez-toc-section-end\"><\/span><\/h2>\r\n\r\n\r\n\r\n<p>Kuigi need ei ole tavap\u00e4rane kolimismeetod, on PODSid \u00fcha populaarsemad, et lihtsustada kolimisprotsessi, v\u00f5ttes \u00e4ra osa kiirustamisest, mida tavaliselt kolimise ajal tuntakse. Vaatleme teenuse kasutamise peamisi eeliseid ja puudusi v\u00f5rreldes traditsiooniliste kolimismeetoditega.<\/p>\r\n\r\n\r\n\n<table id=\"tablepress-341\" class=\"tablepress tablepress-id-341\">\n<thead>\n<tr class=\"row-1\">\n\t<th class=\"column-1\">PODSi eelised<\/th><th class=\"column-2\">PODSi puudused<\/th>\n<\/tr>\n<\/thead>\n<tbody class=\"row-striping row-hover\">\n<tr class=\"row-2\">\n\t<td class=\"column-1\">Paindlikkus - PODSi kasutamise peamine eelis kolimisel on selle paindlikkus v\u00f5rreldes traditsiooniliste kolimismeetoditega, mille puhul peate oma asjad samal p\u00e4eval peale- ja mahalaadima.<\/td><td class=\"column-2\">Ise laadimine - PODS-i teenindate teie, mis t\u00e4hendab, et peate ise laadima ja t\u00fchjendama ilma t\u00f6\u00f6j\u00f5u abita.<\/td>\n<\/tr>\n<tr class=\"row-3\">\n\t<td class=\"column-1\">Fikseeritud kulud - PODSi eest v\u00f5etakse fikseeritud tasu, mis annab teile suurema kontrolli oma rahaasjade \u00fcle.<\/td><td class=\"column-2\">Kindlustus - traditsioonilistel kolijatel on kindlustus, mis katab teie kaubad transpordi ajal; PODSi puhul peate selle ise korraldama.<\/td>\n<\/tr>\n<tr class=\"row-4\">\n\t<td class=\"column-1\">Valikud - valida on palju konteineri suurusi ja rendi kestust, mis annab teile palju v\u00f5imalusi.<\/td><td class=\"column-2\">V\u00f5imalikud hilinemised - k\u00e4ttesaadavus ja n\u00f5udlus v\u00f5ivad m\u00f5jutada ajakava, mis t\u00e4hendab, et teie kuup\u00e4evad v\u00f5ivad l\u00fchikese etteteatamisega muutuda.<\/td>\n<\/tr>\n<\/tbody>\n<\/table>\n<!-- #tablepress-341 from cache -->\n\r\n\r\n\r\n<p>Peamine eelis on suurem paindlikkus teie kui kolija jaoks, kui tegemist on teie asjade peale- ja mahalaadimisega, kuna see ei pea toimuma samal p\u00e4eval, nagu traditsiooniliste kolijate puhul. Samas on puudused samasugused - te peate ise tegema peale- ja mahalaadimist, mis v\u00f5ib olla aegan\u00f5udev ja t\u00f6\u00f6mahukas.<\/p>\r\n\r\n\r\n\r\n<h2 class=\"wp-block-heading\"><span class=\"ez-toc-section\" id=\"How_Do_I_Find_and_Hire_PODS\"><\/span><strong>Kuidas leida ja palgata PODS?<\/strong><span class=\"ez-toc-section-end\"><\/span><\/h2>\r\n\r\n\r\n\r\n<figure class=\"wp-block-image size-full\"><img loading=\"lazy\" decoding=\"async\" width=\"1000\" height=\"667\" class=\"wp-image-11009\" src=\"https:\/\/moverdb.com\/wp-content\/uploads\/PODS-storage-unit-costs-3.jpg\" alt=\"\" srcset=\"https:\/\/moverdb.com\/wp-content\/uploads\/PODS-storage-unit-costs-3.jpg 1000w, https:\/\/moverdb.com\/wp-content\/uploads\/PODS-storage-unit-costs-3-300x200.jpg 300w, https:\/\/moverdb.com\/wp-content\/uploads\/PODS-storage-unit-costs-3-18x12.jpg 18w, https:\/\/moverdb.com\/wp-content\/uploads\/PODS-storage-unit-costs-3-600x400.jpg 600w\" sizes=\"auto, (max-width: 1000px) 100vw, 1000px\" \/><\/figure>\r\n\r\n\r\n\r\n<p>PODSi leidmine ja palkamine on lihtne protsess.<\/p>\r\n\r\n\r\n\r\n<p>K\u00f5igepealt peate k\u00fclastama veebisaiti ja taotlema hinnapakkumist, sisestades oma asukoha andmed ja n\u00f5uded, et saada hinnapakkumine teile vajalike teenuste kohta. Seej\u00e4rel peate valima teie vajadustele vastava konteineri suuruse ja k\u00f5ik soovitud lisateenused, n\u00e4iteks konteineri ladustamise pikkuse v\u00f5i laadimisabi.<\/p>\r\n\r\n\r\n\r\n\r\n\r\n<p>Seej\u00e4rel saab m\u00e4\u00e4rata kuup\u00e4eva, millal PODS-konteiner teile kohale toimetatakse. Kui PODS-konteiner on kohale j\u00f5udnud, saate oma asjad konteinerisse pakkimiseks kasutada aega ja oma tempot.<\/p>\r\n\r\n\r\n\r\n<p>Kui olete valmis, planeerige konteineri k\u00e4ttesaamine transpordiks v\u00f5i ladustamiseks PODSi rajatisse.<\/p>\r\n\r\n\r\n\r\n<h2 class=\"wp-block-heading\"><span class=\"ez-toc-section\" id=\"Finding_the_Best_Container_Shipping_Service_For_Your_Needs\"><\/span><strong>Parima konteinervedude teenuse leidmine teie vajaduste jaoks<\/strong><span class=\"ez-toc-section-end\"><\/span><\/h2>\r\n\r\n\r\n\r\n<p>Selle kindlaksm\u00e4\u00e4ramine, kas PODS on teie jaoks \u00f5ige valik, eeldab teie konkreetsete vajaduste ja eelistuste kaalumist. Esimene kaalutlus on see, et kui eelistate oma asjad ise oma tempos kokku pakkida ja laadida ning teil on paindlik kolimise ajakava, siis PODS v\u00f5ib pakkuda teile vajalikku mugavust.<\/p>\r\n\r\n\r\n\r\n<p>Samuti, kui vajate ajutist ladustamist kolimiste vahel, v\u00f5ivad PODSi ladustamisv\u00f5imalused olla ideaalsed, pakkudes nii kolimis- kui ka ladustamisteenuseid. K\u00f5ige t\u00e4htsam on see, et kui teil on mugav ise laadida ja maha laadida, v\u00f5ib PODS olla sobiv valik.<\/p>\r\n\r\n\r\n\r\n<p>Kui aga soovite midagi standardiseeritumat, pakuvad traditsioonilised kolijad sageli kindlaid tarne- ja pealev\u00f5tmisgraafikuid, mis v\u00f5ivad olla kasulikud, kui teil on konkreetsed kolimis- ja v\u00e4ljumis- ja sissekolimisp\u00e4evad. See on eriti oluline, kui teil on tihe ajakava ja teil on vaja kiiresti kolida, sest traditsiooniliste kolijate teadmised t\u00f5husast pakkimisest ja transpordist v\u00f5ivad teid rohkem aidata kui PODS-teenused.<\/p>\r\n\r\n\r\n\r\n<h2 class=\"wp-block-heading\"><span class=\"ez-toc-section\" id=\"Final_Checklist\"><\/span><strong>L\u00f5plik kontrollnimekiri<\/strong><span class=\"ez-toc-section-end\"><\/span><\/h2>\r\n\r\n\r\n\r\n<p>Kui kolimise aeg on k\u00e4es, on hea m\u00f5te k\u00f5rvaldada v\u00f5imalikult palju ebakindlust - ja selle meelerahu saavutamiseks on hea v\u00f5imalus eelnevalt oma ladustamis- ja kolimisv\u00f5imaluste v\u00e4ljaselgitamine.<\/p>\r\n\r\n\r\n\r\n<ul class=\"wp-block-list\">\r\n<li>M\u00f5elge, kas PODS on teie jaoks \u00f5ige - vaadake meie eeliste ja puuduste tabelit, et v\u00f5rrelda teenust traditsiooniliste kolijatega.<\/li>\r\n\r\n\r\n\r\n<li>Kui olete rahul k\u00e4sitsi t\u00f6\u00f6ga (konteineri peale- ja mahalaadimine), siis PODS v\u00f5ib pakkuda paindlikku lahendust teie kolimiseks.<\/li>\r\n\r\n\r\n\r\n<li>R\u00e4\u00e4kige PODSi m\u00fc\u00fcgispetsialistiga ja r\u00e4\u00e4kige oma vajadustest, valides kindlasti teile sobiva suurusega konteineri (mitte valides midagi suuremat, kui teil on vaja).<\/li>\r\n\r\n\r\n\r\n<li>Arutelu ajakava ja selle \u00fcle, millal saab \u00fcleandmine toimuda.<\/li>\r\n\r\n\r\n\r\n<li>Kinnitage k\u00f5ik ja valmistuge suureks kolimiseks!<\/li>\r\n<\/ul>\r\n\r\n\r\n\r\n<h2 class=\"wp-block-heading\"><span class=\"ez-toc-section\" id=\"Frequently_Asked_Questions\"><\/span><strong>Korduma kippuvad k\u00fcsimused<\/strong><span class=\"ez-toc-section-end\"><\/span><\/h2>\r\n\r\n\r\n<div id=\"rank-math-faq\" class=\"rank-math-block\">\n<div class=\"rank-math-list\">\n<div id=\"faq-question-1692186207327\" class=\"rank-math-list-item\">\n<h3 class=\"rank-math-question\"><span class=\"ez-toc-section\" id=\"What_Is_PODS_and_How_Does_It_Work\"><\/span><strong>Mis on PODS ja kuidas see toimib?<\/strong><span class=\"ez-toc-section-end\"><\/span><\/h3>\n<div class=\"rank-math-answer\">\n\n<p>PODS t\u00e4histab \"Portable On Demand Storage\". See on teenus, mis pakub teisaldatavaid ladustamiskonteinereid, mis toimetatakse teie juurde. Te pakite konteinerid ise kokku, seej\u00e4rel korjab PODS need \u00fcles ja kas hoiustab neid oma rajatises v\u00f5i transpordib need teie uude sihtkohta.<\/p>\n\n<\/div>\n<\/div>\n<div id=\"faq-question-1692186261517\" class=\"rank-math-list-item\">\n<h3 class=\"rank-math-question\"><span class=\"ez-toc-section\" id=\"How_Much_Does_PODS_Cost\"><\/span><strong>Kui palju maksab PODS?<\/strong><span class=\"ez-toc-section-end\"><\/span><\/h3>\n<div class=\"rank-math-answer\">\n\n<p>PODSi hind s\u00f5ltub sellistest teguritest nagu konteineri suurus, kasutamise kestus, vahemaa ja valitud lisateenused. T\u00e4pse hinnangu saamiseks v\u00f5ite k\u00fcsida hinnapakkumist PODSi veebisaidil.<\/p>\n\n<\/div>\n<\/div>\n<div id=\"faq-question-1692186274267\" class=\"rank-math-list-item\">\n<h3 class=\"rank-math-question\"><span class=\"ez-toc-section\" id=\"Can_I_Use_PODS_for_Both_Moving_and_Storage\"><\/span><strong>Kas ma saan kasutada PODSi nii kolimiseks kui ka ladustamiseks?<\/strong><span class=\"ez-toc-section-end\"><\/span><\/h3>\n<div class=\"rank-math-answer\">\n\n<p>Jah, absoluutselt! PODS pakub nii kolimis- kui ka ladustamislahendusi. PODSi konteinereid saab kasutada ajutiseks ladustamiseks kolimise ajal v\u00f5i pikemaajalise ladustamise vajaduste rahuldamiseks.<\/p>\n\n<\/div>\n<\/div>\n<div id=\"faq-question-1692186288599\" class=\"rank-math-list-item\">\n<h3 class=\"rank-math-question\"><span class=\"ez-toc-section\" id=\"Do_I_Need_to_Load_the_PODS_Container_Myself\"><\/span><strong>Kas ma pean PODS-konteinerit ise laadima?<\/strong><span class=\"ez-toc-section-end\"><\/span><\/h3>\n<div class=\"rank-math-answer\">\n\n<p>Jah, te vastutate oma asjade PODS-konteinerisse laadimise eest. See iselaadimise aspekt v\u00f5imaldab teil pakendada oma tempos ja tagab, et teie esemed on pakitud t\u00e4pselt nii, nagu te soovite.<\/p>\n\n<\/div>\n<\/div>\n<\/div>\n<\/div>","protected":false},"excerpt":{"rendered":"<p>The stress of moving house can be exasperated by the need to load and unload a vehicle in the same day, leaving your new home full of boxes, making it hard for you to see the wood from the trees. An alternative method of shipment is to use PODS, portable containers that can be loaded [&hellip;]<\/p>\n","protected":false},"author":1,"featured_media":0,"parent":0,"menu_order":0,"comment_status":"closed","ping_status":"closed","template":"","meta":{"_genesis_hide_title":false,"_genesis_hide_breadcrumbs":false,"_genesis_hide_singular_image":false,"_genesis_hide_footer_widgets":false,"_genesis_custom_body_class":"","_genesis_custom_post_class":"","_genesis_layout":"","footnotes":""},"class_list":{"0":"post-17394","1":"page","2":"type-page","3":"status-publish","5":"entry"},"_links":{"self":[{"href":"https:\/\/moverdb.com\/et\/wp-json\/wp\/v2\/pages\/17394","targetHints":{"allow":["GET"]}}],"collection":[{"href":"https:\/\/moverdb.com\/et\/wp-json\/wp\/v2\/pages"}],"about":[{"href":"https:\/\/moverdb.com\/et\/wp-json\/wp\/v2\/types\/page"}],"author":[{"embeddable":true,"href":"https:\/\/moverdb.com\/et\/wp-json\/wp\/v2\/users\/1"}],"replies":[{"embeddable":true,"href":"https:\/\/moverdb.com\/et\/wp-json\/wp\/v2\/comments?post=17394"}],"version-history":[{"count":1,"href":"https:\/\/moverdb.com\/et\/wp-json\/wp\/v2\/pages\/17394\/revisions"}],"predecessor-version":[{"id":17395,"href":"https:\/\/moverdb.com\/et\/wp-json\/wp\/v2\/pages\/17394\/revisions\/17395"}],"wp:attachment":[{"href":"https:\/\/moverdb.com\/et\/wp-json\/wp\/v2\/media?parent=17394"}],"curies":[{"name":"wp","href":"https:\/\/api.w.org\/{rel}","templated":true}]}}