{"id":1684,"date":"2017-02-23T19:16:05","date_gmt":"2017-02-23T19:16:05","guid":{"rendered":"http:\/\/moverdb.com\/?page_id=1684"},"modified":"2026-01-08T14:45:54","modified_gmt":"2026-01-08T14:45:54","slug":"1-800-pack-rat","status":"publish","type":"page","link":"https:\/\/moverdb.com\/et\/1-800-pack-rat\/","title":{"rendered":"1-800-Pack-Rat - Rahvusvaheline kolimine Arvamused"},"content":{"rendered":"<p>1-800-Pack-Rat pakub oma klientidele kolimise puhul lihtsat v\u00f5imalust. Allpool on loetletud \u00fcksikasjad koos ettev\u00f5tte profiili ja \u00fclevaadetega.<\/p>\n<p><strong>Kaug- ja kohalikud kolimised<\/strong><\/p>\n<ul>\n<li> Konteiner tuleb tarnida v\u00e4hemalt 30 p\u00e4eva enne kolimist<\/li>\n<li> Pakendage konteiner ise v\u00f5i kasutage professionaalseid pakendajaid<\/li>\n<li> Tasuta l\u00f5ikamata konteineri lukk<\/li>\n<li> Tasuta $10,000 sisu kaitse<\/li>\n<li> Pika ja l\u00fchikese ladustamise v\u00f5imalus<\/li>\n<li> Konteinerite kogumine ja sihtkohta toimetamine<\/li>\n<\/ul>\n<p><strong>S\u00f5jalised liikumised<\/strong><\/p>\n<ul>\n<li> S\u00f5jav\u00e4elased v\u00f5ivad valida isiklikult hangitud liikumisviisi (PPM).<\/li>\n<li> Valitsus h\u00fcvitab 95% ametialase <a href=\"https:\/\/moverdb.com\/et\/kolimiskulud\/\">kolimiskulud<\/a><\/li>\n<li> Konteiner, mis toimetatakse ukseni<\/li>\n<li> 30 p\u00e4eva v\u00f5i rohkem pakkimiseks<\/li>\n<li> <a href=\"https:\/\/moverdb.com\/et\/konteiner-laevandus\/\">Konteinervedu<\/a> uude asukohta<\/li>\n<\/ul>\n<p><strong>Ladustamine<\/strong><\/p>\n<ul>\n<li> 24\/7 videovalve<\/li>\n<li> Automatiseeritud sprinklerid<\/li>\n<li> Kontrollitud kliima<\/li>\n<li> Lihtne juurdep\u00e4\u00e4s kohapeal<\/li>\n<li> Kohaletoimetamine ilma probleemideta<\/li>\n<\/ul>\n<p><strong>Konteineri kasutamine<\/strong><\/p>\n<ul>\n<li> Taastamine ja heastamine<\/li>\n<li> T\u00f6\u00f6v\u00f5tja teenused<\/li>\n<li> Hooajaline ladustamine<\/li>\n<li> Kinnisvarateenused<\/li>\n<li> Katastroofiabi<\/li>\n<li> S\u00fcndmuse salvestamine<\/li>\n<li> Jaem\u00fc\u00fcgi- ja kaubanduslik ladustamine<\/li>\n<li> Kindlustusseltsid<\/li>\n<li> Ettev\u00f5tte v\u00f5i s\u00f5jav\u00e4e \u00fcmberpaigutamine<\/li>\n<li> Kaubaveo ja logistika lahendused<\/li>\n<\/ul>\n<h2>1-800-Pack-Rat Ettev\u00f5tte profiil<\/h2>\n<p>1-800-Pack-Ratil on mitmeid rajatisi, mis asuvad <a href=\"https:\/\/moverdb.com\/et\/moving-to-the-united-states\/\" data-internallinksmanager029f6b8e52c=\"94\" title=\"Kolimine Ameerika \u00dchendriikidesse? 2022 Elamiskulud ja kolimisn\u00f5uanded\">Ameerika \u00dchendriigid<\/a> ja <a href=\"https:\/\/moverdb.com\/et\/moving-to-canada\/\" data-internallinksmanager029f6b8e52c=\"265\" title=\"Kanadasse kolimine? 2023 elamiskulud ja kolimisn\u00f5uanded\">Kanada<\/a>. Ettev\u00f5ttel on \u00fcle 10 aasta kogemust inimeste ja ettev\u00f5tete ladustamisel ja kolimisel nii kohalikul kui ka kaugel.<\/p>\n<p>1-800-Pack-Ratil on j\u00e4rgmised akrediteeringud ja sidemed:<\/p>\n<ul>\n<li> Veebisaidil ei ole \u00fchtegi n\u00e4idatud, kuigi <a href=\"https:\/\/moverdb.com\/et\/olen\/\" target=\"_blank\" rel=\"noopener\">Rahvusvaheline kolijate assotsiatsioon<\/a> loetleb neid oma liikmete kataloogis.<\/li>\n<\/ul>\n<h2>1-800-Pack-Rat Arvamused<\/h2>\n<p><strong>Positiivne:<\/strong><\/p>\n<ul>\n<li> <em>\"Oli imeline, et me ei pidanud selle \u00fcmberpaigutamise aspekti p\u00e4rast muretsema. Kogu kogemus alates minu esimesest k\u00f5nest kuni konkurentsiv\u00f5imeliste hinnapakkumiste saamiseni, veebip\u00f5hise planeerimise ja automaatse maksmiseni ning asjatundlike ja s\u00f5bralike t\u00f6\u00f6tajatega suhtlemiseni, kui mul oli k\u00fcsimusi, oli stressivaba. Ma ei ole veel lahtipakkimist l\u00f5petanud, kuid seni on minu asjad turvaliselt ja tervelt kohale j\u00f5udnud.\"<\/em> - Heather kaudu <a href=\"https:\/\/www.1800packrat.com\/reviews\" target=\"_blank\" rel=\"noopener\">kliendi iseloomustus<\/a><\/li>\n<li> <em>\"Me kolisime k\u00f5ik oma asjad 1-800-PACK-RATiga ja kogemus oli suurep\u00e4rane. Nad olid k\u00fcsimuste korral k\u00e4ttesaadavad, isegi \u00f6\u00f6sel, ning olid viisakad ja s\u00f5bralikud. Nad pidasid kinni igast t\u00e4htajast, lubasid meil oma asjad ise paari p\u00e4eva jooksul kokku pakkida &amp; siis 10 p\u00e4eva jooksul s\u00f5idutasid need meie uude asukohta.\"<\/em> - kaudu. <a href=\"https:\/\/uk.trustpilot.com\/reviews\/58acb46d883cc60a283ce37e\" target=\"_blank\" rel=\"noopener\">TrustPilot<\/a><\/li>\n<li> <em>\"Ma tegin hiljuti pikamaa kolimise <a href=\"https:\/\/moverdb.com\/et\/moving-to-the-united-states\/moving-to-california\/\" data-internallinksmanager029f6b8e52c=\"330\" title=\"Elamiskulud ja kolimisn\u00f5uanded 2023 California?\">California<\/a> aadressile <a href=\"https:\/\/moverdb.com\/et\/moving-to-the-united-states\/moving-to-florida\/\" data-internallinksmanager029f6b8e52c=\"331\" title=\"Elamiskulud ja kolimisn\u00f5uanded 2023 Floridasse?\">Florida<\/a> kasutades Pack Rat ladustamist. Ja ma kasutan neid uuesti, nad olid \u00f5igeaegselt kohaletoimetamisest kuni kohaletoimetamiseni ja Pack Rat oli odavam kui PODS.\"<\/em> - Paul kaudu <a href=\"https:\/\/www.yelp.co.uk\/biz\/1-800-pack-rat-tampa?hrid=sQKUV3MPkChipe8OJiZIcQ&#038;utm_campaign=www_review_share_popup&#038;utm_medium=copy_link&#038;utm_source=(direct)\" target=\"_blank\" rel=\"noopener\">Yelp<\/a><\/li>\n<\/ul>\n<p><strong>Negatiivne:<\/strong><\/p>\n<ul>\n<li> <em>\"Nad on \u00f5udusunen\u00e4gu. Keegi seal ei tea, mida teine teeb.\"<\/em> - Mia kaudu <a href=\"https:\/\/www.yelp.com\/biz\/1-800-pack-rat-fremont?hrid=YhOaE8BWuhGeu6UpKuLVVQ&#038;utm_campaign=www_review_share_popup&#038;utm_medium=copy_link&#038;utm_source=(direct)\" target=\"_blank\" rel=\"noopener\">Yelp<\/a><\/li>\n<li> <em>\"Nad ei suutnud v\u00f5i pigem ei tahtnud isegi kapslit minu koju toimetada. Juht ei m\u00f5\u00f5tnud midagi. Oli seal 2 minutit ja s\u00f5itis \u00e4ra. Kui ma helistasin klienditeenindusse, olid nad nii uskumatult ebaviisakad!\"<\/em> - Leila kaudu <a href=\"https:\/\/www.bbb.org\/boston\/business-reviews\/storage-units-household-and-commercial\/1-800-pack-rat-in-foxboro-ma-116673\/reviews-and-complaints\" target=\"_blank\" rel=\"noopener\">BBB.org<\/a><\/li>\n<li> <em>\"Nii vihane 1-800-PackRat\"<\/em> - kaudu. <a href=\"https:\/\/www.pissedconsumer.com\/company\/1800-pack-rat\/so-angry-with-1-800-packrat-20161024942159.html\" target=\"_blank\" rel=\"noopener\">Pissed tarbija<\/a><\/li>\n<\/ul>\n<div itemprop=\"review\" itemscope itemtype=\"http:\/\/schema.org\/Review\">\n<span itemprop=\"author\" itemscope=\"\" itemtype=\"http:\/\/schema.org\/Organization\"><span itemprop=\"name\">MoverDB.com<\/span><\/span> Veebilehe \u00fclevaatus veebisaidi jaoks <span itemprop=\"itemreviewed\" itemscope=\"\" itemtype=\"http:\/\/schema.org\/Brand\"><span itemprop=\"name\">1-800-Pack-Rat<\/span><\/span>:<\/p>\n<ol>\n<li> Selged kontaktandmed veebisaidil (sh telefoninumber): <strong>Jah<\/strong><\/li>\n<li> Lihtne saada <a href=\"https:\/\/moverdb.com\/et\/tsitaadid\/\">liikuvad hinnapakkumised<\/a>? (veebip\u00f5hine hinnangu taotluse vorm): <strong>Jah<\/strong><\/li>\n<li> Selge teave veebilehel: <strong>Jah,<\/strong> Kodulehel on selgelt kirjeldatud k\u00f5iki ettev\u00f5tte pakutavaid teenuseid.<\/li>\n<li> Liikmelisus rahvusvahelistes tunnustatud liikumisorganisatsioonides: <strong>Jah<\/strong>, kuid seda ei ole veebilehel loetletud.<\/li>\n<li> Klientide ja\/v\u00f5i varasemate klientide soovitused: <strong>Jah,<\/strong> kuid \u00fclej\u00e4\u00e4nud internetist saadud arvustused on v\u00e4ga erinevad.<\/li>\n<\/ol>\n<div itemprop=\"reviewRating\" itemscope itemtype=\"http:\/\/schema.org\/Rating\"><meta itemprop=\"worstRating\" content = \"0\" \/><meta itemprop=\"bestRating\" content=\"5\" \/><meta itemprop=\"ratingValue\" content=\"4\"><\/div>\n<p><strong>\u00dcldine hinne: 4\/5<\/strong><br \/>\n<strong>L\u00e4bivaatamise kuup\u00e4ev:<\/strong> <span itemprop=\"datePublished\" content=\"2017-02-23\">23\/02\/2017<\/span>\n<\/div>\n<p>Loe l\u00e4hemalt <a href=\"https:\/\/moverdb.com\/et\/kolimisfirmad\/\">rahvusvahelised kolijad<\/a> ja meie <a href=\"https:\/\/moverdb.com\/et\/arvustused\/\">l\u00e4bivaatamisprotsess<\/a>.<\/p>\n<p><strong>Veebileht:<\/strong> <a href=\"https:\/\/www.1800packrat.com\/\" target=\"_blank\" rel=\"noopener\">https:\/\/www.1800packrat.com\/<\/a><\/p>","protected":false},"excerpt":{"rendered":"<p>1-800-Pack-Rat offers its customers an easy option when it comes to moving. The details are listed below, together with a company profile and reviews. Long Distance and Local Moves Deliver container at least 30 days prior to moving Self-pack container or employ professional packers Complimentary no-cut container lock Complimentary $10,000 contents protection Long and short [&hellip;]<\/p>\n","protected":false},"author":1,"featured_media":0,"parent":0,"menu_order":0,"comment_status":"closed","ping_status":"closed","template":"","meta":{"_genesis_hide_title":false,"_genesis_hide_breadcrumbs":false,"_genesis_hide_singular_image":false,"_genesis_hide_footer_widgets":false,"_genesis_custom_body_class":"","_genesis_custom_post_class":"","_genesis_layout":"","footnotes":""},"class_list":{"0":"post-1684","1":"page","2":"type-page","3":"status-publish","5":"entry"},"_links":{"self":[{"href":"https:\/\/moverdb.com\/et\/wp-json\/wp\/v2\/pages\/1684","targetHints":{"allow":["GET"]}}],"collection":[{"href":"https:\/\/moverdb.com\/et\/wp-json\/wp\/v2\/pages"}],"about":[{"href":"https:\/\/moverdb.com\/et\/wp-json\/wp\/v2\/types\/page"}],"author":[{"embeddable":true,"href":"https:\/\/moverdb.com\/et\/wp-json\/wp\/v2\/users\/1"}],"replies":[{"embeddable":true,"href":"https:\/\/moverdb.com\/et\/wp-json\/wp\/v2\/comments?post=1684"}],"version-history":[{"count":3,"href":"https:\/\/moverdb.com\/et\/wp-json\/wp\/v2\/pages\/1684\/revisions"}],"predecessor-version":[{"id":6165,"href":"https:\/\/moverdb.com\/et\/wp-json\/wp\/v2\/pages\/1684\/revisions\/6165"}],"wp:attachment":[{"href":"https:\/\/moverdb.com\/et\/wp-json\/wp\/v2\/media?parent=1684"}],"curies":[{"name":"wp","href":"https:\/\/api.w.org\/{rel}","templated":true}]}}