{"id":1680,"date":"2017-01-25T11:25:11","date_gmt":"2017-01-25T11:25:11","guid":{"rendered":"http:\/\/moverdb.com\/?page_id=1680"},"modified":"2026-01-08T14:47:26","modified_gmt":"2026-01-08T14:47:26","slug":"agility","status":"publish","type":"page","link":"https:\/\/moverdb.com\/et\/agility\/","title":{"rendered":"Agility - International Moving &amp; Shipping Arvamused"},"content":{"rendered":"<p>Agility on suurim logistika- ja <a href=\"https:\/\/moverdb.com\/et\/moving-companies\/\" data-internallinksmanager029f6b8e52c=\"79\" title=\"Top 25 rahvusvahelist kolimisfirmat Internetis\">kolimisfirma<\/a> L\u00e4his-Idas. Ta pakub oma klientidele mitmesuguseid teenuseid, mis on loetletud allpool koos ettev\u00f5tte profiili ja \u00fclevaadetega. <strong>Pange t\u00e4hele, et Agility ei liiguta kodutarbeid ega isiklikke asju eraisikutele.<\/strong>.<\/p>\n<p><strong>Rahvusvahelised liikumised<\/strong><\/p>\n<ul>\n<li> Teenus ukselt uksele<\/li>\n<li> Mere- v\u00f5i lennutransport<\/li>\n<li> Asjatundlik pakkimisteenus<\/li>\n<li> Ekspertide pakkimisteenus<\/li>\n<li> Prahi eemaldamine<\/li>\n<li> Tollimaaklerluse ja tollivormistuse k\u00fcsimustega tegelemine<\/li>\n<li> Spetsiaalsete konteinerite laadimise j\u00e4relevalve kohapeal<\/li>\n<li> Pika- ja l\u00fchiajaline ladustamine<\/li>\n<li> Kindlustus<\/li>\n<li> Spetsiaalsed kastid<\/li>\n<li> Seadmete hooldus<\/li>\n<li> K\u00e4sit\u00f6\u00f6liste teenus<\/li>\n<li> Elektrik<\/li>\n<li> M\u00f6\u00f6bli ja kaupade lahtiv\u00f5tmine ja kokkupanek<\/li>\n<li> Suurte ja\/v\u00f5i \u00f5rnade esemete erik\u00e4sitlemine<\/li>\n<\/ul>\n<p><strong>Ladustamine ja jaotamine<\/strong><\/p>\n<ul>\n<li> T\u00e4isteenuse juhtimine<\/li>\n<li> Maantee-, \u00f5hu- ja meretransport<\/li>\n<li> Paindlikkus rajatise suuruse ja t\u00fc\u00fcbi osas<\/li>\n<li> hallata varude planeerimist ja t\u00e4iendamist kogu protsessi v\u00e4ltel.<\/li>\n<\/ul>\n<p><strong>T\u00f6\u00f6stuse lahendused<\/strong><\/p>\n<ul>\n<li> Autot\u00f6\u00f6stus liigub<\/li>\n<li> Ohutu, usaldusv\u00e4\u00e4rne keemiline liikumine<\/li>\n<li> Tarbekaubad<\/li>\n<li> Rahvusvaheliste organisatsioonide, valitsuste, abiorganisatsioonide ja s\u00f5jav\u00e4e liikumine<\/li>\n<li> T\u00f6\u00f6stusliikumine<\/li>\n<li> Nafta ja gaasi logistilised lahendused<\/li>\n<li> Farmaatsia ja bioteaduste tarneahel<\/li>\n<li> Tehnoloogia<\/li>\n<li> Messide ja \u00fcrituste liikumised<\/li>\n<\/ul>\n<h2>Agility Ettev\u00f5tte profiil<\/h2>\n<p>Agility on \u00fclemaailmne logistikaettev\u00f5te, mille asukoht on Sulaibiya, <a href=\"https:\/\/moverdb.com\/et\/moving-to-kuwait\/\" data-internallinksmanager029f6b8e52c=\"354\" title=\"Kuveidi kolimine? 2023 elamiskulud ja kolimisn\u00f5uanded\">Kuveit<\/a>. Agility teenindab ettev\u00f5tteid, valitsusi, abiorganisatsioone, s\u00f5jav\u00e4ge ja rahvusvahelisi organisatsioone, pakkudes transporti, ladustamist, <a href=\"https:\/\/moverdb.com\/et\/ekspediitor\/\">ekspedeerimine<\/a> ja logistilised lahendused. Ettev\u00f5te annab t\u00f6\u00f6d \u00fcle 22 000 inimesele ja tal on \u00fcle 500 kontori, mis asuvad 100 riigis.<\/p>\n<p>Agility alustas oma tegevust 1979. aastal Kuveidi riigiettev\u00f5ttena - Public Warehousing Co. 1997. aastal ettev\u00f5te erastati ja Tarek Sultan Al Essa sai selle juhatuse esimeheks. Agility otsustas tungida seni kasutamata turgudele, nagu Aafrika, Aasia, L\u00e4his-Ida ja Ladina-Ameerika. Ettev\u00f5te laienes kiiresti, ostes \u00fcle 40 logistikaettev\u00f5tte ja vara \u00fcle kogu maailma. <\/p>\n<p>2004. aastaks oli Agility L\u00e4his-Ida suurim logistikateenuse pakkuja. Alles 2006. aastal sai PWC tuntuks Agility nime all, uue loosungiga \"Uus logistikaliider\".<\/p>\n<p>Agilityl on kaks haru - Agility Global Integrated Logistics ja Agility Infrastructure. Esimene pakub oma klientidele tarneahela lahendusi. Agility on teostanud 2,14 miljonit saadetist, teenindades 60 500 klienti. Ettev\u00f5te on vedanud 372 700 tonni \u00f5huvedu ja 513 100 TEU \u00f5huvedu. Agility Infrastructure abistab arenevatel turgudel logistikaga seotud probleemidega.<\/p>\n<p>Agility annab tagasi, pakkudes tasuta logistilist abi humanitaarkatastroofide korral. Selle t\u00f6\u00f6tajad toetavad ka kohalikke kogukondi<br \/>\n.<br \/>\nAgilityl on j\u00e4rgmised sidemed ja akrediteeringud:<\/p>\n<ul>\n<li> Veebisaidil ei ole loetletud<\/li>\n<\/ul>\n<h2>Agility Moving Arvamused<\/h2>\n<p><em>Palun pange t\u00e4hele, et kirjutamise ajal ei suutnud me leida Internetis \u00fchtegi \u00fclevaadet Agility kolimisteenuste kohta.<\/em> <\/p>\n<div itemprop=\"review\" itemscope itemtype=\"http:\/\/schema.org\/Review\">\n<span itemprop=\"author\" itemscope=\"\" itemtype=\"http:\/\/schema.org\/Organization\"><span itemprop=\"name\">MoverDB.com<\/span><\/span> Veebilehe \u00fclevaatus veebisaidi jaoks <span itemprop=\"itemreviewed\" itemscope=\"\" itemtype=\"http:\/\/schema.org\/Brand\"><span itemprop=\"name\">Liikumisaktiivsus Liikumine<\/span><\/span>:<\/p>\n<ol>\n<li> Selged kontaktandmed veebisaidil (sh telefoninumber): <strong>Jah<\/strong><\/li>\n<li> Lihtne saada <a href=\"https:\/\/moverdb.com\/et\/tsitaadid\/\">rahvusvahelised liikuvad hinnapakkumised<\/a>? (veebip\u00f5hine hinnangu taotluse vorm): <strong>Jah<\/strong><\/li>\n<li> Selge teave veebilehel: <strong>Jah,<\/strong> Loetelu nende pakutavatest teenustest.<\/li>\n<li> Liikmelisus rahvusvahelistes tunnustatud liikumisorganisatsioonides: <strong>Veebisaidil ei ole loetletud<\/strong><\/li>\n<li> Klientide ja\/v\u00f5i varasemate klientide soovitused. <strong>Jah,<\/strong> Veebisaidil on \u00fcksikasjalikud aruanded erinevate eriliigutuste kohta.<\/li>\n<\/ol>\n<div itemprop=\"reviewRating\" itemscope itemtype=\"http:\/\/schema.org\/Rating\"><meta itemprop=\"worstRating\" content = \"0\" \/><meta itemprop=\"bestRating\" content=\"5\" \/><meta itemprop=\"ratingValue\" content=\"4\"><\/div>\n<p><strong>\u00dcldine hinne: 4\/5<\/strong><br \/>\n<strong>L\u00e4bivaatamise kuup\u00e4ev:<\/strong> <span itemprop=\"datePublished\" content=\"2017-01-25\">25\/01\/2017<\/span>\n<\/div>\n<p>Loe l\u00e4hemalt <a href=\"https:\/\/moverdb.com\/et\/kolimisfirmad\/\">parimad rahvusvahelised kolijad<\/a> ja meie <a href=\"https:\/\/moverdb.com\/et\/arvustused\/\">l\u00e4bivaatamisprotsess<\/a>.<\/p>\n<p><strong>Veebilehed:<\/strong> <a href=\"http:\/\/www.agility.com\/EN\/products-and-services\/Pages\/Household-Goods-Movement.aspx\" target=\"_blank\" rel=\"noopener\">Kodutarbekaupade liikumise agility<\/a><\/p>","protected":false},"excerpt":{"rendered":"<p>Agility is the largest logistics and moving company in the Middle East. It offers its customers a wide range of services which are listed below, together with a company profile and reviews. Note that Agility does not move household goods or personal effects for individuals. International Moves Door to door service Sea freight or airfreight [&hellip;]<\/p>\n","protected":false},"author":1,"featured_media":0,"parent":0,"menu_order":0,"comment_status":"closed","ping_status":"closed","template":"","meta":{"_genesis_hide_title":false,"_genesis_hide_breadcrumbs":false,"_genesis_hide_singular_image":false,"_genesis_hide_footer_widgets":false,"_genesis_custom_body_class":"","_genesis_custom_post_class":"","_genesis_layout":"","footnotes":""},"class_list":{"0":"post-1680","1":"page","2":"type-page","3":"status-publish","5":"entry"},"_links":{"self":[{"href":"https:\/\/moverdb.com\/et\/wp-json\/wp\/v2\/pages\/1680","targetHints":{"allow":["GET"]}}],"collection":[{"href":"https:\/\/moverdb.com\/et\/wp-json\/wp\/v2\/pages"}],"about":[{"href":"https:\/\/moverdb.com\/et\/wp-json\/wp\/v2\/types\/page"}],"author":[{"embeddable":true,"href":"https:\/\/moverdb.com\/et\/wp-json\/wp\/v2\/users\/1"}],"replies":[{"embeddable":true,"href":"https:\/\/moverdb.com\/et\/wp-json\/wp\/v2\/comments?post=1680"}],"version-history":[{"count":3,"href":"https:\/\/moverdb.com\/et\/wp-json\/wp\/v2\/pages\/1680\/revisions"}],"predecessor-version":[{"id":6167,"href":"https:\/\/moverdb.com\/et\/wp-json\/wp\/v2\/pages\/1680\/revisions\/6167"}],"wp:attachment":[{"href":"https:\/\/moverdb.com\/et\/wp-json\/wp\/v2\/media?parent=1680"}],"curies":[{"name":"wp","href":"https:\/\/api.w.org\/{rel}","templated":true}]}}