{"id":1678,"date":"2017-01-25T12:00:23","date_gmt":"2017-01-25T12:00:23","guid":{"rendered":"http:\/\/moverdb.com\/?page_id=1678"},"modified":"2026-01-08T14:47:27","modified_gmt":"2026-01-08T14:47:27","slug":"aires","status":"publish","type":"page","link":"https:\/\/moverdb.com\/et\/aires\/","title":{"rendered":"Aires - Rahvusvaheline \u00fcmberpaigutamine ja kolimine Arvamused"},"content":{"rendered":"<p>Aires pakub oma klientidele, nii eraisikutele kui ka ettev\u00f5tetele, erinevaid kolimisteenuseid. Need on loetletud allpool koos ettev\u00f5tte profiili ja \u00fclevaatega.<\/p>\n<p><strong>Rahvusvahelised liikumised<\/strong><\/p>\n<ul>\n<li> K\u00f5ikide majapidamistarvete ja isiklike asjade t\u00e4ielik pakkimine ja pakkimine.<\/li>\n<li> Ukselt uksele<\/li>\n<li> Kodutarvete otsene laadimine sobivasse konteinerisse v\u00f5i furgooni<\/li>\n<li> Kogu dokumentatsiooni ettevalmistamine<\/li>\n<li> Normaalne, otsene elukoha \u00fcleandmine ja prahi eemaldamine<\/li>\n<li> T\u00fchjade konteinerite tagastamine rahvusvahelises sihtkohas<\/li>\n<li> T\u00e4ielik j\u00e4lgimine ja saadetise staatuse teatamine<\/li>\n<li> Autod<\/li>\n<li> Pika- ja l\u00fchiajaline ladustamine<\/li>\n<li> Lemmikloomade \u00fcmberpaigutamine<\/li>\n<\/ul>\n<p><strong>Sihtkoha ja sisseseadmisteenused<\/strong><\/p>\n<ul>\n<li> Kohtumine ja tervitamine<\/li>\n<li> Ala orientatsioon<\/li>\n<li> Kooli otsimine ja registreerimine<\/li>\n<li> \u00dc\u00fcrileandmise kodu leidmise abi<\/li>\n<li> Abi \u00fc\u00fcrilepingu l\u00e4bir\u00e4\u00e4kimistel<\/li>\n<li> Sisseseadmisteenused<\/li>\n<li> Abikaasa\/partneri abi<\/li>\n<li> Ajutise majutuse teenus<\/li>\n<li> Viisa, pass ja sisser\u00e4ndeabi<\/li>\n<li> Kultuuri- ja keele\u00f5ppe teenused<\/li>\n<li> Repatrieerimisabi<\/li>\n<\/ul>\n<p><strong>Ettev\u00f5tte teenused<\/strong><\/p>\n<ul>\n<li> \u00dcmberpaigutamise haldusteenused<\/li>\n<li> \u00dcmberpaigutamisprogrammi juhtimine<\/li>\n<li> ReloNet Web Services Site - Ettev\u00f5tte t\u00f6\u00f6riistad<\/li>\n<li> Poliitika l\u00e4bivaatamine ja arendamine<\/li>\n<li> Kinnisvarateenused<\/li>\n<li> Kinnisvara ja \u00fc\u00fcrilepingute haldamine<\/li>\n<li> Inspekteerimisteenused<\/li>\n<li> Elukalliduse prognoosid<\/li>\n<li> Kulude haldamine<\/li>\n<li> Kindlustus ja riskijuhtimine<\/li>\n<li> Gruppi kolimise teenused<\/li>\n<li> Rahvusvahelised h\u00fcvitised ja andmete kogumise teenused<\/li>\n<li> Tarneahela juhtimine<\/li>\n<\/ul>\n<h2>Aires ettev\u00f5tte profiil<\/h2>\n<p>Aires ehk American International Relocation Solutions LLC asutas 1981. aastal Jim Putt. Ettev\u00f5tte p\u00f5hir\u00f5hk oli rahvusvahelistel kolimistel ja ladustamisel ettev\u00f5tetele ja nende t\u00f6\u00f6tajatele. N\u00fc\u00fcdseks on see kasvanud t\u00e4ielikuks kolimisteenuseks, aidates t\u00f6\u00f6tajatel kiiresti uude keskkonda sisse elada. Aires on endiselt perefirma, mis on eraomanduses ja mida juhib perekond.<\/p>\n<p>Aires v\u00f5tab oma keskkonnaalaseid kohustusi v\u00e4ga t\u00f5siselt ja \"tegeleb rohelisega igast k\u00fcljest\". Nende t\u00e4ielikult automatiseeritud s\u00fcsteemid v\u00e4hendavad oluliselt vajadust paberimajanduse j\u00e4rele ning k\u00f5ik nende kontorid ja asukohad on energias\u00e4\u00e4stlikud ja keskkonnas\u00f5bralikud.<\/p>\n<p>Airesel on j\u00e4rgmised akrediteeringud ja sidemed:<\/p>\n<ul>\n<li> <a href=\"https:\/\/moverdb.com\/et\/tootajate-umberpaigutamise-noukogu\/\">\u00dclemaailmne ERC<\/a><\/li>\n<li> CERC (Kanada t\u00f6\u00f6tajate \u00fcmberpaigutamise n\u00f5ukogu)<\/li>\n<li> SHRM (Society for Human Resource Management)<\/li>\n<li> <a href=\"https:\/\/moverdb.com\/et\/olen\/\">IAM<\/a> (<a href=\"https:\/\/moverdb.com\/et\/iam\/\" data-internallinksmanager029f6b8e52c=\"23\" title=\"Rahvusvaheline kolijate assotsiatsioon (IAM) Selgitatud\">Rahvusvaheline kolijate assotsiatsioon<\/a>)<\/li>\n<li> OSA (Overseas Shippers Association)<\/li>\n<li> <a href=\"https:\/\/moverdb.com\/et\/fidi-faim\/\">FIDI<\/a> (Rahvusvaheline m\u00f6\u00f6blirestauraatorite f\u00f6deratsioon)<\/li>\n<li> <a href=\"https:\/\/moverdb.com\/et\/eura\/\">EuRA<\/a> (<a href=\"https:\/\/moverdb.com\/et\/eura\/\" data-internallinksmanager029f6b8e52c=\"13\" title=\"Euroopa \u00dcmberpaigutamise Assotsiatsiooni (EuRA) selgitused\">EuRA<\/a> \u00dcmberpaigutamine)<\/li>\n<li> PAIMA (Pan American International Movers Association)<\/li>\n<li> <a href=\"https:\/\/moverdb.com\/et\/lacma\/\">LACMA<\/a> (Ladina-Ameerika ja Kariibi mere piirkonna kolijate \u00fchendus)<\/li>\n<li> OMNI (Overseas Moving Network International)<\/li>\n<\/ul>\n<h2>Aires Arvamused<\/h2>\n<p><em>Kirjutamise ajal ei leidnud me veebist \u00fchtegi kommentaari majutusasutusele Aires.<\/em><\/p>\n<div itemprop=\"review\" itemscope itemtype=\"http:\/\/schema.org\/Review\">\n<span itemprop=\"author\" itemscope=\"\" itemtype=\"http:\/\/schema.org\/Organization\"><span itemprop=\"name\">MoverDB.com<\/span><\/span> Veebilehe \u00fclevaatus veebisaidi jaoks <span itemprop=\"itemreviewed\" itemscope=\"\" itemtype=\"http:\/\/schema.org\/Brand\"><span itemprop=\"name\">Aires<\/span><\/span>:<\/p>\n<ol>\n<li> Selged kontaktandmed veebisaidil (sh telefoninumber): <strong>Jah<\/strong><\/li>\n<li> Lihtne saada <a href=\"https:\/\/moverdb.com\/et\/tsitaadid\/\">rahvusvahelised liikuvad hinnapakkumised<\/a>? (veebip\u00f5hine hinnangu taotluse vorm): <strong>Jah<\/strong><\/li>\n<li> Selge teave veebilehel: <strong>Jah,<\/strong> sisaldab palju v\u00e4ga \u00fcksikasjalikku teavet ettev\u00f5tte pakutavate teenuste kohta.<\/li>\n<li> Liikmelisus rahvusvahelistes tunnustatud liikumisorganisatsioonides: <strong>Jah<\/strong>, (vt eespool)<\/li>\n<li> Klientide ja\/v\u00f5i varasemate klientide soovitused. <strong>Ei,<\/strong> kuigi neil on auhindade sektsioon.<\/li>\n<\/ol>\n<div itemprop=\"reviewRating\" itemscope itemtype=\"http:\/\/schema.org\/Rating\"><meta itemprop=\"worstRating\" content = \"0\" \/><meta itemprop=\"bestRating\" content=\"5\" \/><meta itemprop=\"ratingValue\" content=\"4\"><\/div>\n<p><strong>\u00dcldine hinne: 4\/5<\/strong><br \/>\n<strong>L\u00e4bivaatamise kuup\u00e4ev:<\/strong> <span itemprop=\"datePublished\" content=\"2017-01-25\">25\/01\/2017<\/span>\n<\/div>\n<p>Loe l\u00e4hemalt <a href=\"https:\/\/moverdb.com\/et\/kolimisfirmad\/\">rahvusvahelised kolimisfirmad<\/a> ja meie <a href=\"https:\/\/moverdb.com\/et\/arvustused\/\">l\u00e4bivaatamisprotsess<\/a>.<\/p>\n<p><strong>Veebilehed:<\/strong> <a href=\"https:\/\/www.aires.com\/\" target=\"_blank\" rel=\"noopener\">https:\/\/www.aires.com\/<\/a><\/p>","protected":false},"excerpt":{"rendered":"<p>Aires offers its clients, both individual and corporate, a variety of moving services. These are listed below together with a company profile and reviews. International Moves Complete packing and wrapping of all household goods and personal effects Door to door Direct loading of household goods into appropriate container or van Preparation of all documentation Normal, [&hellip;]<\/p>\n","protected":false},"author":1,"featured_media":0,"parent":0,"menu_order":0,"comment_status":"closed","ping_status":"closed","template":"","meta":{"_genesis_hide_title":false,"_genesis_hide_breadcrumbs":false,"_genesis_hide_singular_image":false,"_genesis_hide_footer_widgets":false,"_genesis_custom_body_class":"","_genesis_custom_post_class":"","_genesis_layout":"","footnotes":""},"class_list":{"0":"post-1678","1":"page","2":"type-page","3":"status-publish","5":"entry"},"_links":{"self":[{"href":"https:\/\/moverdb.com\/et\/wp-json\/wp\/v2\/pages\/1678","targetHints":{"allow":["GET"]}}],"collection":[{"href":"https:\/\/moverdb.com\/et\/wp-json\/wp\/v2\/pages"}],"about":[{"href":"https:\/\/moverdb.com\/et\/wp-json\/wp\/v2\/types\/page"}],"author":[{"embeddable":true,"href":"https:\/\/moverdb.com\/et\/wp-json\/wp\/v2\/users\/1"}],"replies":[{"embeddable":true,"href":"https:\/\/moverdb.com\/et\/wp-json\/wp\/v2\/comments?post=1678"}],"version-history":[{"count":3,"href":"https:\/\/moverdb.com\/et\/wp-json\/wp\/v2\/pages\/1678\/revisions"}],"predecessor-version":[{"id":6168,"href":"https:\/\/moverdb.com\/et\/wp-json\/wp\/v2\/pages\/1678\/revisions\/6168"}],"wp:attachment":[{"href":"https:\/\/moverdb.com\/et\/wp-json\/wp\/v2\/media?parent=1678"}],"curies":[{"name":"wp","href":"https:\/\/api.w.org\/{rel}","templated":true}]}}