{"id":1662,"date":"2017-02-23T10:26:07","date_gmt":"2017-02-23T10:26:07","guid":{"rendered":"http:\/\/moverdb.com\/?page_id=1662"},"modified":"2026-01-08T14:47:48","modified_gmt":"2026-01-08T14:47:48","slug":"bolliger","status":"publish","type":"page","link":"https:\/\/moverdb.com\/et\/bolliger\/","title":{"rendered":"Bolliger - Rahvusvaheline kolimine ja kolimine Arvamused"},"content":{"rendered":"<p>Bolliger pakub oma klientidele mitmesuguseid kolimisteenuseid. Need on loetletud allpool koos ettev\u00f5tte profiili ja \u00fclevaatega.<\/p>\n<p><strong>Rahvusvaheline kolimine<\/strong><\/p>\n<ul>\n<li> \u00dclemaailmne liikuvate ressursside v\u00f5rgustik<\/li>\n<li> Ukselt uksele<\/li>\n<li> V\u00e4hemalt 5-aastase kogemusega kolimisjuht<\/li>\n<li> J\u00e4lgi oma saadetist 24\/7<\/li>\n<li> Maja \u00fclevaatus, et teha kindlaks pakendamisn\u00f5uded jne.<\/li>\n<li> Korraldatud kindlustus<\/li>\n<li> Isiklik koordinaator abistab n\u00f5utavate dokumentide esitamisel<\/li>\n<li> Pakkimine ja laadimine<\/li>\n<li> Tollivormistus<\/li>\n<li> Kohaletoimetamine ja lahtipakkimine<\/li>\n<li> K\u00f5ik esemed laaditakse hoolikalt v\u00e4lja ja v\u00f5rreldakse teie inventarinimekirjaga ning paigutatakse \u00f5igetesse ruumidesse.<\/li>\n<li> Habras esemed, nagu klaas ja <a href=\"https:\/\/moverdb.com\/et\/moving-to-china\/\" data-internallinksmanager029f6b8e52c=\"357\" title=\"Kolimine Hiinasse? 2023 elamiskulud ja kolimisn\u00f5uanded\">Hiina<\/a>, pakitakse lahti tasasel pinnal<\/li>\n<li> K\u00f5ik pakkematerjalid ja prahi eemaldatakse teie kodust kiiresti.<\/li>\n<\/ul>\n<p><strong>Ettev\u00f5tte \u00fcmberpaigutamise teenused<\/strong><\/p>\n<ul>\n<li> Teenuste sisseseadmine<\/li>\n<li> Kooli ja kodu otsing<\/li>\n<li> Kultuuriline teave<\/li>\n<li> Partneri\/abikaasa abi<\/li>\n<li> L\u00fchiajaline majutus<\/li>\n<li> M\u00f6\u00f6bli rentimine<\/li>\n<\/ul>\n<p><strong>Kolimisteenused<\/strong><\/p>\n<ul>\n<li> Pakkimismaterjalide tarnimine<\/li>\n<li> T\u00e4ielikud pakkimisteenused<\/li>\n<li> Spetsialiseeritud pakendamine<\/li>\n<li> Kohandatud kastid<\/li>\n<li> Klaverite ja seifide k\u00e4itlemine<\/li>\n<li> Motoriseeritud redelid<\/li>\n<li> Laevandus maantee-, \u00f5hu- ja meretranspordi kaudu<\/li>\n<li> Tollioperatsioonid<\/li>\n<li> Agendid kogu maailmas.<\/li>\n<\/ul>\n<p><strong>Kontori kolimine<\/strong><\/p>\n<ul>\n<li> Liikumiste kavandamine ja planeerimine<\/li>\n<li> Spetsiaalsed t\u00f6\u00f6tajad ja seadmed<\/li>\n<li> Mootoriga redelid ja kraanad<\/li>\n<li> Kontorite loomine<\/li>\n<li> J\u00e4\u00e4tmete ringlussev\u00f5tt ja k\u00f5rvaldamine<\/li>\n<li> P\u00e4evased ja \u00f6ised operatsioonid<\/li>\n<\/ul>\n<p><strong>Kaunid kunstid<\/strong><\/p>\n<ul>\n<li> M\u00f5\u00f5dup\u00e4rastatud kastide ja kastide projekteerimine ja ehitamine<\/li>\n<li> Kaunite kunstiteoste impordi\/ekspordi formaalsused kaasaegsete ja antiiksete kunstiteoste importimisel\/eksportimisel<\/li>\n<li> Laevandus maanteel \/ merel \/ \u00f5hus<\/li>\n<li> Spetsialiseerunud agendid kogu maailmas<\/li>\n<li> N\u00e4ituseruumide seadistamine<\/li>\n<\/ul>\n<p><strong>Ladustamine<\/strong><\/p>\n<ul>\n<li> L\u00fchi- ja pikaajaline ladustamine<\/li>\n<li> Metallist konteinerid, kastid v\u00f5i kaubaalused<\/li>\n<li> 24\/7 turvalisus<\/li>\n<li> Suitsuandurid<\/li>\n<li> Kontrollitud temperatuur ja niiskus<\/li>\n<li> Dokumentide arhiiv<\/li>\n<\/ul>\n<h2>Bolligeri ettev\u00f5tte profiil<\/h2>\n<p>Arthur Bolliger avas esimese Bolligeri kontori Roomas 1909. aastal. N\u00fc\u00fcd juhib ettev\u00f5tet neljandat p\u00f5lve Bolligerid ja sellel on kontorid Milanos, Luganos ja Firenzes, samuti ka <a href=\"https:\/\/moverdb.com\/et\/moving-to-switzerland\/\" data-internallinksmanager029f6b8e52c=\"327\" title=\"Kolimine \u0160veitsi? 2023 elamiskulud ja kolimisn\u00f5uanded\">\u0160veits<\/a>... <a href=\"https:\/\/moverdb.com\/et\/moving-to-the-uk\/\" data-internallinksmanager029f6b8e52c=\"93\" title=\"Kolimine \u00dchendkuningriiki? 2022 Elamiskulud ja kolimisn\u00f5uanded\">UK<\/a>... <a href=\"https:\/\/moverdb.com\/et\/moving-to-the-united-states\/\" data-internallinksmanager029f6b8e52c=\"94\" title=\"Kolimine Ameerika \u00dchendriikidesse? 2022 Elamiskulud ja kolimisn\u00f5uanded\">USA<\/a> ja <a href=\"https:\/\/moverdb.com\/et\/moving-to-spain\/\" data-internallinksmanager029f6b8e52c=\"266\" title=\"Kolimine Hispaaniasse? 2023 elamiskulud ja kolimisn\u00f5uanded\">Hispaania<\/a>.<\/p>\n<p>Ettev\u00f5tte esimesed veoautod osteti 1919. aastal ja neid kasutati I maailmas\u00f5jas. N\u00fc\u00fcdseks on ettev\u00f5ttel \u00fcle 200 kolimisauto ja ta veab kaupu eraisikutele ja ettev\u00f5tetele \u00fcle kogu maailma. Bolliger oli \u00fcks asutajaliikmetest. <a href=\"https:\/\/moverdb.com\/et\/fidi-faim\/\" data-internallinksmanager029f6b8e52c=\"16\" title=\"FIDI &amp; FAIM (FIDI akrediteeritud rahvusvaheline kolija) selgitatud\">FIDI<\/a>. T\u00e4naseks on FIDI maailma suurim omataoline \u00fchendus, millel on 600 esindajat 100 riigis. <\/p>\n<p>1982. aastal sai Bolligerist Allied Internationali ainus Itaalia agent.<\/p>\n<p>1985. aastal sai Bolligerist \u00fcks Overseas Moving Network Internationali (OMNI) asutajaliikmetest. 2002. aastal tunnustati ettev\u00f5tte asjatundlikkust ISO 9001 sertifikaadiga - esimese ISO 9001 sertifikaadiga. <a href=\"https:\/\/moverdb.com\/et\/moving-companies\/\" data-internallinksmanager029f6b8e52c=\"79\" title=\"Top 25 rahvusvahelist kolimisfirmat Internetis\">kolimisfirma<\/a> aadressil <a href=\"https:\/\/moverdb.com\/et\/moving-to-italy\/\" data-internallinksmanager029f6b8e52c=\"346\" title=\"Kolimine Itaaliasse? 2023 elamiskulud ja kolimisn\u00f5uanded\">Itaalia<\/a> selle saavutamiseks.<\/p>\n<p>Bollinger p\u00fc\u00fcab j\u00e4rjepidevalt v\u00e4hendada ettev\u00f5tte keskkonnam\u00f5ju planeedile, p\u00f6\u00f6rates erilist t\u00e4helepanu kasutatavatele pakkematerjalidele, kasutatavatele s\u00f5idukitele ja p\u00fc\u00fcdes v\u00f5imalikult palju taaskasutada. Samuti viivad nad l\u00e4bi heategevusprogramme L\u00f5una-Ameerika ja Aafrika v\u00e4hearenenud riikides.<\/p>\n<p>Bolligeril on j\u00e4rgmised akrediteeringud ja sidemed:<\/p>\n<ul>\n<li> <a href=\"https:\/\/moverdb.com\/et\/allied-van-lines\/\">Allied International<\/a><\/li>\n<li> ISO 9001<\/li>\n<li> <a href=\"https:\/\/moverdb.com\/et\/fidi-faim\/\">Rahvusvaheliste kolijate f\u00f6deratsioon<\/a> (FIDI)<\/li>\n<li> Overseas Moving Network International (OMNI)<\/li>\n<li> <a href=\"https:\/\/moverdb.com\/et\/fidi-faim\/\">FIDI akrediteeritud rahvusvaheline kolija<\/a> (FAIM)<\/li>\n<li> <a href=\"https:\/\/moverdb.com\/et\/olen\/\">Rahvusvaheline kolijate assotsiatsioon<\/a> (<a href=\"https:\/\/moverdb.com\/et\/iam\/\" data-internallinksmanager029f6b8e52c=\"23\" title=\"Rahvusvaheline kolijate assotsiatsioon (IAM) Selgitatud\">IAM<\/a>)<\/li>\n<li> <a href=\"https:\/\/moverdb.com\/et\/iata\/\">Rahvusvaheline Lennutranspordi Assotsiatsioon<\/a> (<a href=\"https:\/\/moverdb.com\/et\/iata\/\" data-internallinksmanager029f6b8e52c=\"22\" title=\"Rahvusvahelise Lennutranspordi Assotsiatsiooni (IATA) selgitused\">IATA<\/a>)<\/li>\n<li> <a href=\"https:\/\/moverdb.com\/et\/fedemac\/\">Euroopa Kolijate F\u00f6deratsioon<\/a> (<a href=\"https:\/\/moverdb.com\/et\/fedemac\/\" data-internallinksmanager029f6b8e52c=\"15\" title=\"Euroopa Kolijate F\u00f6deratsiooni (FEDEMAC) selgitused\">FEDEMAC<\/a>)<\/li>\n<\/ul>\n<h2>Bolligeri \u00fclevaated<\/h2>\n<p><strong>Positiivne:<\/strong><\/p>\n<ul>\n<li> \"Meie koordinaator oli \u00e4\u00e4rmiselt professionaalne ja abivalmis. Ta vastas k\u00f5igile meie k\u00fcsimustele ja tegi meie kolimise Roomast Rooma <a href=\"https:\/\/moverdb.com\/et\/moving-to-london\/\">London<\/a> tunda end lihtsalt ja turvaliselt. Ta hoolitses absoluutselt k\u00f5ige eest. Me kasutame Bolligerit kindlasti uuesti oma j\u00e4rgmise kolimise puhul ja v\u00f5ime neid k\u00f5igile soovitada.\" - Bolligeri klient <a href=\"http:\/\/www.bolliger.co.uk\/testimonials.html\" target=\"_blank\" rel=\"noopener\">Tunnistus<\/a><\/li>\n<li> <em>\"\u00dcldiselt olen selle kolimiskogemusega v\u00e4ga rahul. Tegemist oli trummide ja t\u00e4mbritega, seega \u00fcsna delikaatsete asjadega. K\u00f5ik j\u00f5udis turvaliselt ja \u00f5igel ajal kohale. Kontaktid ja suhtlus olid laitmatu ja \u00f5igeaegne.\"<\/em> - Andrea kaudu <a href=\"http:\/\/www.removalreviews.co.uk\/movers\/bolliger-352#2761  Read more: http:\/\/www.removalreviews.co.uk\/movers\/bolliger-352\" target=\"_blank\" rel=\"noopener\">Eemaldamine Arvamused<\/a><\/li>\n<li> <em>\"Ma ei kirjuta sageli selliseid soovitusi v\u00f5i kommentaare, kuid pidin lihtsalt v\u00f5tma paar minutit, et t\u00e4nada Bolligerit suurep\u00e4rase t\u00f6\u00f6 eest, mida ta tegi minu hiljutisel kolimisel Londonist Berliini.\"<\/em> - davelucas kaudu <a href=\"https:\/\/www.yell.com\/biz\/bolliger-uk-ltd-west-drayton-7150125\/\" target=\"_blank\" rel=\"noopener\">Yell<\/a><\/li>\n<\/ul>\n<p><strong>Negatiivne:<\/strong><\/p>\n<ul>\n<li> <em>\"\u00c4rge laske end petta Bolligeri m\u00fc\u00fcgipreklaamist ja tipptaseme v\u00e4idetest...\"<\/em> - Hr D Bruce kaudu <a href=\"http:\/\/www.removalreviews.co.uk\/movers\/bolliger-352#10617  Read more: http:\/\/www.removalreviews.co.uk\/movers\/bolliger-352\" target=\"_blank\" rel=\"noopener\">Eemaldamine Arvamused<\/a><\/li>\n<li> <em>\"Bolliger UK oli t\u00e4iesti kohutav...... Kogenud ebameeldiv agentuuri meeskond saabus hilja ilma kolimisvahenditeta, kuigi meie broneeritud kolimine h\u00f5lmas meie klaverit.\"<\/em> - Don.Br kaudu <a href=\"http:\/\/www.reviewcentre.com\/Removal-Companies\/Bolliger-www-bolliger-co-uk-reviews_2387554\" target=\"_blank\" rel=\"noopener\">L\u00e4bivaatamise keskus<\/a><\/li>\n<\/ul>\n<div itemprop=\"review\" itemscope itemtype=\"http:\/\/schema.org\/Review\">\n<span itemprop=\"author\" itemscope=\"\" itemtype=\"http:\/\/schema.org\/Organization\"><span itemprop=\"name\">MoverDB.com<\/span><\/span> Veebilehe \u00fclevaatus veebisaidi jaoks <span itemprop=\"itemreviewed\" itemscope=\"\" itemtype=\"http:\/\/schema.org\/Brand\"><span itemprop=\"name\">Bolliger<\/span><\/span>:<\/p>\n<ol>\n<li> Selged kontaktandmed veebisaidil (sh telefoninumber): <strong>Jah<\/strong><\/li>\n<li> Lihtne saada <a href=\"https:\/\/moverdb.com\/et\/tsitaadid\/\">rahvusvahelised liikuvad hinnapakkumised<\/a>? (veebip\u00f5hine hinnangu taotluse vorm): <strong>Jah<\/strong><\/li>\n<li> Selge teave veebilehel: <strong>Jah,<\/strong> kuid mitte alati v\u00e4ga \u00fcksikasjalikult.<\/li>\n<li> Liikmelisus rahvusvahelistes tunnustatud liikumisorganisatsioonides: <strong>Jah<\/strong>, (vt eespool)<\/li>\n<li> Klientide ja\/v\u00f5i varasemate klientide soovitused: <strong>Jah,<\/strong> palju positiivseid klientide iseloomustusi ja \u00fcldiselt h\u00e4id kommentaare \u00fclej\u00e4\u00e4nud veebist.<\/li>\n<\/ol>\n<div itemprop=\"reviewRating\" itemscope itemtype=\"http:\/\/schema.org\/Rating\"><meta itemprop=\"worstRating\" content = \"0\" \/><meta itemprop=\"bestRating\" content=\"5\" \/><meta itemprop=\"ratingValue\" content=\"4.5\"><\/div>\n<p><strong>\u00dcldine hinne: 4.5\/5<\/strong><br \/>\n<strong>L\u00e4bivaatamise kuup\u00e4ev:<\/strong> <span itemprop=\"datePublished\" content=\"2017-02-23\">23\/02\/2017<\/span>\n<\/div>\n<p>Loe l\u00e4hemalt <a href=\"https:\/\/moverdb.com\/et\/kolimisfirmad\/\">rahvusvahelised kolimisfirmad<\/a> ja meie <a href=\"https:\/\/moverdb.com\/et\/arvustused\/\">l\u00e4bivaatamisprotsess<\/a>.<\/p>\n<p><strong>Veebilehed:<\/strong> IT: <a href=\"http:\/\/www.bolliger.it\/\" target=\"_blank\" rel=\"noopener\">http:\/\/www.bolliger.it\/<\/a> \u00dcHENDKUNINGRIIK: <a href=\"http:\/\/www.bolliger.co.uk\/\" target=\"_blank\" rel=\"noopener\">http:\/\/www.bolliger.co.uk\/<\/a><\/p>","protected":false},"excerpt":{"rendered":"<p>Bolliger offers its customers a wide variety of moving services. These are listed below together with a company profile and reviews. International Moving Worldwide network of moving resources Door to door Move Manager with at least 5 years&#8217; experience Track your shipment 24\/7 House survey to ascertain packing requirements etc Insurance arranged Personal coordinator will [&hellip;]<\/p>\n","protected":false},"author":1,"featured_media":0,"parent":0,"menu_order":0,"comment_status":"closed","ping_status":"closed","template":"","meta":{"_genesis_hide_title":false,"_genesis_hide_breadcrumbs":false,"_genesis_hide_singular_image":false,"_genesis_hide_footer_widgets":false,"_genesis_custom_body_class":"","_genesis_custom_post_class":"","_genesis_layout":"","footnotes":""},"class_list":{"0":"post-1662","1":"page","2":"type-page","3":"status-publish","5":"entry"},"_links":{"self":[{"href":"https:\/\/moverdb.com\/et\/wp-json\/wp\/v2\/pages\/1662","targetHints":{"allow":["GET"]}}],"collection":[{"href":"https:\/\/moverdb.com\/et\/wp-json\/wp\/v2\/pages"}],"about":[{"href":"https:\/\/moverdb.com\/et\/wp-json\/wp\/v2\/types\/page"}],"author":[{"embeddable":true,"href":"https:\/\/moverdb.com\/et\/wp-json\/wp\/v2\/users\/1"}],"replies":[{"embeddable":true,"href":"https:\/\/moverdb.com\/et\/wp-json\/wp\/v2\/comments?post=1662"}],"version-history":[{"count":5,"href":"https:\/\/moverdb.com\/et\/wp-json\/wp\/v2\/pages\/1662\/revisions"}],"predecessor-version":[{"id":6184,"href":"https:\/\/moverdb.com\/et\/wp-json\/wp\/v2\/pages\/1662\/revisions\/6184"}],"wp:attachment":[{"href":"https:\/\/moverdb.com\/et\/wp-json\/wp\/v2\/media?parent=1662"}],"curies":[{"name":"wp","href":"https:\/\/api.w.org\/{rel}","templated":true}]}}