{"id":1650,"date":"2017-04-24T10:40:56","date_gmt":"2017-04-24T10:40:56","guid":{"rendered":"http:\/\/moverdb.com\/?page_id=1650"},"modified":"2026-01-08T14:48:05","modified_gmt":"2026-01-08T14:48:05","slug":"cosco-shipping","status":"publish","type":"page","link":"https:\/\/moverdb.com\/et\/cosco-shipping\/","title":{"rendered":"COSCO Shipping Lines - Rahvusvahelised teenused ja \u00fclevaated"},"content":{"rendered":"<p>COSCO Shipping Lines (<a href=\"https:\/\/moverdb.com\/et\/moving-to-china\/\" data-internallinksmanager029f6b8e52c=\"357\" title=\"Kolimine Hiinasse? 2023 elamiskulud ja kolimisn\u00f5uanded\">Hiina<\/a> Ocean Shipping (Group) Company) pakub oma klientidele mitmesuguseid teenuseid. Need on loetletud allpool koos ettev\u00f5tte profiili ja \u00fclevaatega.<\/p>\n<p><strong><a href=\"https:\/\/moverdb.com\/et\/container-shipping\/\" data-internallinksmanager029f6b8e52c=\"3\" title=\"Rahvusvaheliste konteinerite veohindade graafik: aprill 2026\">Konteinerveod<\/a><\/strong><\/p>\n<ul>\n<li> Laevapark - 170 kaasaegset konteinerilaeva<\/li>\n<li> Teenindusliinid - 84 rahvusvahelist ja 23 riigisisest laevateed.<\/li>\n<li> \u00dclemaailmne v\u00f5rgustik<\/li>\n<li> 22,000 k\u00fclmkonteinerit<\/li>\n<\/ul>\n<p><strong>Puistlastilaevandus<\/strong><\/p>\n<ul>\n<li> Laevapark - 380 laeva, kandev\u00f5ime 34 miljonit DWT.<\/li>\n<li> Rauamaak<\/li>\n<li> S\u00f6e<\/li>\n<li> Teravilja<\/li>\n<li> Teras<\/li>\n<li> Muud puistekaubad<\/li>\n<li> 1,000 <a href=\"https:\/\/moverdb.com\/et\/top-49-container-ports\/\" data-internallinksmanager029f6b8e52c=\"80\" title=\"Top 49 suurimat ja tihedaima liiklusega konteinersadamat 2025. aastal\">sadamad<\/a> enam kui 100 riigis<\/li>\n<li> Laeva ja kalda vaheline s\u00fcnkroonimiss\u00fcsteem<\/li>\n<\/ul>\n<p><strong>Nafta- ja gaasilaevandus<\/strong><\/p>\n<ul>\n<li> Laevad \u00fcle 300 sadamasse kogu maailmas<\/li>\n<li> Toornafta<\/li>\n<li> Toote\u00f5li<\/li>\n<li> Veeldatud naftagaas ja veeldatud maagaas<\/li>\n<\/ul>\n<p><strong>Eri- ja \u00fcldveosed<\/strong><\/p>\n<ul>\n<li> Mitmeotstarbelised raskeveokid<\/li>\n<li> Poolsukelaparaadid<\/li>\n<li> Asfaldilaevad<\/li>\n<li> Puidu kandjad<\/li>\n<li> Autokandjad<\/li>\n<\/ul>\n<p><strong>Laevanduse finantssektor<\/strong><\/p>\n<ul>\n<li> Laevade prahtimine<\/li>\n<li> Konteinerite liisimine<\/li>\n<li> Terminali ladustamisrajatised<\/li>\n<li> Laevakindlustus<\/li>\n<\/ul>\n<p><strong>Reisijateveo liinilaevade teenused<\/strong><\/p>\n<ul>\n<li> Hiina kodumaine rannikuala<\/li>\n<li> Hiina - <a href=\"https:\/\/moverdb.com\/et\/moving-to-japan\/\" data-internallinksmanager029f6b8e52c=\"342\" title=\"Kolimine Jaapanisse? 2023 elamiskulud ja kolimisn\u00f5uanded\">Jaapan<\/a><\/li>\n<li> Hiina - Korea<\/li>\n<li> Taiwani mandriosa<\/li>\n<\/ul>\n<h2>COSCO Shipping Lines Ettev\u00f5tte profiil<\/h2>\n<p>China Ocean Shipping (Group) Company kuulub Hiina valitsusele ja selle peakontor asub Shanghais. COSCO on Hiina suurim puistlastilaevandusettev\u00f5te ja \u00fcks maailma suurimaid. Tal on kokku 1114 laeva, mille veomaht on 85,32 miljonit DWT. Samuti omab ta 46 konteineriterminali \u00fcle maailma, kus on 190 sildumiskohta.<\/p>\n<p>2016. aasta veebruaris \u00fchines COSCO Group China Shipping Groupiga, moodustades seega China COSCO Shipping Corporationi. Tegemist on mitmekesise ettev\u00f5ttega, mis pakub teenuseid laevanduse, laevaehituse ja -remondi, terminalide k\u00e4itamise ja konteinerite tootmise valdkonnas, kui nimetada vaid m\u00f5ned nende huvid.<\/p>\n<p>China COSCO Shipping Corporation Ltd-l on j\u00e4rgmised akrediteeringud ja sidemed:<\/p>\n<ul>\n<li> Rahvusvaheline laeva turvatunnistus<\/li>\n<li> Ohutusjuhtimise sertifikaat<\/li>\n<li> Juhtimiss\u00fcsteemi akrediteerimise sertifikaat<\/li>\n<li> Keskkonnajuhtimiss\u00fcsteemi akrediteerimine<\/li>\n<li> T\u00f6\u00f6tervishoiu ja t\u00f6\u00f6ohutuse juhtimiss\u00fcsteemi akrediteerimine<\/li>\n<li> Ettev\u00f5tte energiat\u00f5hususe juhtimise sertifikaat<\/li>\n<\/ul>\n<h2>COSCO Shipping Lines Arvamused<\/h2>\n<p>Avaldamise ajal ei leidnud me \u00fchtegi positiivset ega negatiivset hinnangut COSCO Shipping Lines'i teenuste kohta.<\/p>\n<div itemprop=\"review\" itemscope itemtype=\"http:\/\/schema.org\/Review\">\n<strong><span itemprop=\"author\" itemscope=\"\" itemtype=\"http:\/\/schema.org\/Organization\"><span itemprop=\"name\">MoverDB.com<\/span><\/span> Veebilehe \u00fclevaatus veebisaidi jaoks <span itemprop=\"itemreviewed\" itemscope=\"\" itemtype=\"http:\/\/schema.org\/Brand\"><span itemprop=\"name\">COSCO Shipping Lines<\/span><\/span>:<\/strong><\/p>\n<ol>\n<li> Selged kontaktandmed veebisaidil (sh telefoninumber): <strong>Jah<\/strong><\/li>\n<li> Lihtne saada rahvusvahelise laevanduse hinnapakkumisi? (Online hinnangu taotluse vorm): <strong>Jah<\/strong>nad pakuvad veebip\u00f5hist hinnapakkumiste koostamise teenust ja ka e-\u00e4ri teenust oma saadetiste j\u00e4lgimiseks.<\/li>\n<li> Selge teave veebilehel: <strong>Osaliselt,<\/strong> veebilehel on palju teavet, kuid see ei ole k\u00f5ige kasutajas\u00f5bralikum.<\/li>\n<li> Liikmelisus rahvusvahelistes tunnustatud laevandusorganisatsioonides: <strong>Jah<\/strong><\/li>\n<li> Klientide ja\/v\u00f5i varasemate klientide soovitused. <strong>Ei,<\/strong> me ei suutnud avaldamise ajal \u00fchtegi leida.<\/li>\n<\/ol>\n<div itemprop=\"reviewRating\" itemscope itemtype=\"http:\/\/schema.org\/Rating\"><meta itemprop=\"worstRating\" content = \"0\" \/><meta itemprop=\"bestRating\" content=\"5\" \/><meta itemprop=\"ratingValue\" content=\"3.5\"><\/div>\n<p><strong>\u00dcldine hinne: 3.5\/5<\/strong><br \/>\n<strong>L\u00e4bivaatamise kuup\u00e4ev:<\/strong> <span itemprop=\"datePublished\" content=\"2017-04-24\">24\/04\/2017<\/span>\n<\/div>\n<p>Rohkem muudest <a href=\"https:\/\/moverdb.com\/et\/laevandusfirmad\/\">rahvusvahelised laevandusettev\u00f5tted<\/a>, <a href=\"https:\/\/moverdb.com\/et\/konteiner-laevandus\/\">konteinerite veohinnad<\/a> ja meie <a href=\"https:\/\/moverdb.com\/et\/arvustused\/\">l\u00e4bivaatamisprotsess<\/a>.<\/p>\n<p><strong>Veebileht:<\/strong> <a href=\"http:\/\/lines.coscoshipping.com\/home.do\" target=\"_blank\" rel=\"noopener\">http:\/\/lines.coscoshipping.com\/home.do<\/a><\/p>","protected":false},"excerpt":{"rendered":"<p>COSCO Shipping Lines (China Ocean Shipping (Group) Company) offers its clients a wide array of services. These are listed below together with a company profile and reviews. Container Shipping Vessel fleet &#8211; 170 modern container vessels Service routes &#8211; 84 international shipping routes and 23 domestic Global network 22,000 refrigerated containers Dry Bulk Cargo Shipping [&hellip;]<\/p>\n","protected":false},"author":1,"featured_media":0,"parent":0,"menu_order":0,"comment_status":"closed","ping_status":"closed","template":"","meta":{"_genesis_hide_title":false,"_genesis_hide_breadcrumbs":false,"_genesis_hide_singular_image":false,"_genesis_hide_footer_widgets":false,"_genesis_custom_body_class":"","_genesis_custom_post_class":"","_genesis_layout":"","footnotes":""},"class_list":{"0":"post-1650","1":"page","2":"type-page","3":"status-publish","5":"entry"},"_links":{"self":[{"href":"https:\/\/moverdb.com\/et\/wp-json\/wp\/v2\/pages\/1650","targetHints":{"allow":["GET"]}}],"collection":[{"href":"https:\/\/moverdb.com\/et\/wp-json\/wp\/v2\/pages"}],"about":[{"href":"https:\/\/moverdb.com\/et\/wp-json\/wp\/v2\/types\/page"}],"author":[{"embeddable":true,"href":"https:\/\/moverdb.com\/et\/wp-json\/wp\/v2\/users\/1"}],"replies":[{"embeddable":true,"href":"https:\/\/moverdb.com\/et\/wp-json\/wp\/v2\/comments?post=1650"}],"version-history":[{"count":3,"href":"https:\/\/moverdb.com\/et\/wp-json\/wp\/v2\/pages\/1650\/revisions"}],"predecessor-version":[{"id":6196,"href":"https:\/\/moverdb.com\/et\/wp-json\/wp\/v2\/pages\/1650\/revisions\/6196"}],"wp:attachment":[{"href":"https:\/\/moverdb.com\/et\/wp-json\/wp\/v2\/media?parent=1650"}],"curies":[{"name":"wp","href":"https:\/\/api.w.org\/{rel}","templated":true}]}}