{"id":1648,"date":"2017-04-21T14:26:25","date_gmt":"2017-04-21T14:26:25","guid":{"rendered":"http:\/\/moverdb.com\/?page_id=1648"},"modified":"2026-01-08T14:47:58","modified_gmt":"2026-01-08T14:47:58","slug":"cma-cgm","status":"publish","type":"page","link":"https:\/\/moverdb.com\/et\/cma-cgm\/","title":{"rendered":"CMA CGM Group - Rahvusvahelised laevandusteenused ja \u00fclevaated"},"content":{"rendered":"<p>CMA CGM Group pakub oma klientidele laia valikut laevandus- ja logistikalahendusi. Need on loetletud allpool koos ettev\u00f5tte profiili ja \u00fclevaadetega.<\/p>\n<h3>Rahvusvaheline laevandus<\/h3>\n<p><strong>Kuivad konteinerid<\/strong><\/p>\n<ul>\n<li> \u00dcldkasutatavad konteinerid (20'\/40'\/40\u2032 HC\/45\u2032 HC);<\/li>\n<li> Kaubaaluste laiused konteinerid (40\u2032 HC PW\/45\u2032 HC PW);<\/li>\n<li> Spetsiaalsed konteinerid (flat-rack, open-top, open-side, platvorm, tank jne).<\/li>\n<li> Isikup\u00e4rastatud teenus<\/li>\n<\/ul>\n<p><strong>Reefer konteinerid<\/strong><\/p>\n<ul>\n<li> 20\u2032 RE\/40\u2032 RH Reefer-konteinerid,<\/li>\n<li> Turu suurim 45\u2032 RH Palleti laiuste konteinerite laevastik, mis on m\u00f5eldud Euroopa-siseseks kaubanduseks.<\/li>\n<li> Spetsiaalne osakond<\/li>\n<\/ul>\n<p><strong>XXL Cargo<\/strong><\/p>\n<ul>\n<li> Laevad mittestandardsete m\u00f5\u00f5tmete ja kaaluga lasti<\/li>\n<li> Luksusautod<\/li>\n<li> Helikopterid<\/li>\n<li> Suured masinad<\/li>\n<li> Raudteevagunid<\/li>\n<li> \u00dclisuured turbiinid ja generaatorid<\/li>\n<li> Kogemused puistlasti vedamisel<\/li>\n<\/ul>\n<p><strong>Siseveetransport - \u00fchendveoteenused - k\u00f5ik kontinendid<\/strong><\/p>\n<ul>\n<li> P\u00f5hjalik ukselt-uksele teenus<\/li>\n<li> Tellimuslahendused sisemaal (raudteel, maanteel ja j\u00f5el)<\/li>\n<li> Tarneahela optimeerimine kulude kokkuhoiu v\u00f5imalustega ukselt-uksele<\/li>\n<li> Atraktiivne konkreetne kinnipidamine ja t\u00fchis\u00f5it<\/li>\n<li> \u00d5igeaegsete tarnete t\u00e4pne j\u00e4lgimine<\/li>\n<li> Lihtne broneerimine ja j\u00e4lgimine l\u00e4bi<a>e-\u00e4ri platvorm<\/a><\/li>\n<\/ul>\n<p><strong>AQUAVIVA - Elavate homaaride saatmine<\/strong><\/p>\n<ul>\n<li> Ukselt-uksele teenus<\/li>\n<li> Uus alternatiiv nii k\u00fclmutamisele kui ka kulukale lennutranspordile<\/li>\n<li> S\u00e4ilitab homaari loomuliku elupaiga<\/li>\n<li> Tagab esimese p\u00e4eva v\u00e4rskuse ja kvaliteedi isegi pikaajalise s\u00e4ilitamise ajal.<\/li>\n<li> Keskkonna suhtes lugupidav<\/li>\n<\/ul>\n<p><strong>RORO (Roll on Roll off)<\/strong><\/p>\n<ul>\n<li> <strong><a href=\"https:\/\/moverdb.com\/et\/moving-companies\/algeria\/\" data-internallinksmanager029f6b8e52c=\"166\" title=\"3 parimat rahvusvahelist kolimisfirmat Al\u017eeerias\">Al\u017eeeria<\/a><\/strong>Teenus Mostaganemi ja Orani ning B\u00e9ja suunas.<\/li>\n<li> <strong><a href=\"https:\/\/moverdb.com\/et\/moving-companies\/moving-companies-morocco\/\" data-internallinksmanager029f6b8e52c=\"287\" title=\"4 parimat rahvusvahelist kolimisfirmat Marokos\">Maroko<\/a><\/strong>: teenus Casablancasse<\/li>\n<li> <strong>Tuneesia<\/strong>: teenus Rades'ile ja La Goulette'ile<\/li>\n<\/ul>\n<p><strong>Kaubakruiisid<\/strong><\/p>\n<ul>\n<li> Jagage igap\u00e4evast elu meeskonnaga<\/li>\n<li> 170 mereliini, 450 <a href=\"https:\/\/moverdb.com\/et\/top-49-container-ports\/\" data-internallinksmanager029f6b8e52c=\"80\" title=\"Top 49 suurimat ja tihedaima liiklusega konteinersadamat 2025. aastal\">sadamad<\/a> ja 150 riiki<\/li>\n<li> Broneeri paariks p\u00e4evaks v\u00f5i paariks kuuks<\/li>\n<li> Minge p\u00e4evaks v\u00f5i n\u00e4dalaks maale ja v\u00f5tke j\u00e4rgmine laev kinni.<\/li>\n<\/ul>\n<h2>CMA CGM Group Ettev\u00f5tte profiil<\/h2>\n<p>CMA CGM Groupi asutas 1978. aastal Marseille's Jacques R. Saad\u00e9, kes alustas Compagnie Maritime d'Affr\u00e8tement (CMA). CMA-l oli \u00fcks laev ja neli t\u00f6\u00f6tajat, kes t\u00f6\u00f6tasid \u00fchel liinil Beiruti, Lattakia, Marseille ja Livorno vahel. <\/p>\n<p>1980. aastaks on CMA-l kaks laeva, 65 t\u00f6\u00f6tajat ja ta on avanud kontorid Euroopas. 1983. aastal alustas CMA oma multimodaalset teenust, mis v\u00f5imaldas kaupu transportida ukselt uksele.<\/p>\n<p>1999. aastal \u00fchinesid CGM ja CMA, mis tegi ettev\u00f5ttest maailma 12. ettev\u00f5tte. Aastaks 2003 oli ettev\u00f5te t\u00f5usnud 5. kohale.<sup>th<\/sup> positsioon. 2006. aastal sai CMA CGMist maailma 3. suurim laevandusettev\u00f5tja.<sup>rd<\/sup> suurim <a href=\"https:\/\/moverdb.com\/et\/laevandusfirmad\/\" target=\"_blank\" rel=\"noopener\">konteineri laevandus- ja transpordifirma<\/a>, mis on s\u00e4ilinud t\u00e4naseni.<\/p>\n<p>T\u00e4na t\u00f6\u00f6tab CMA CGM kontsernis peaaegu 25 000 inimest \u00fcle maailma ning tal on 64 kontorit ja esindust \u00fcle maailma. Tal on kaks peakorterit, \u00fcks Marseille's ja teine Norfolkis, <a href=\"https:\/\/moverdb.com\/et\/moving-to-the-united-states\/moving-to-virginia\/\" data-internallinksmanager029f6b8e52c=\"442\" title=\"Elamiskulud ja kolimisn\u00f5uanded 2023 Virginia?\">Virginia<\/a>. Ettev\u00f5te tegutseb 170 mereliinil ja k\u00fclastab 450 sadamat 150 riigis. See on praegu suuruselt kolmas <a href=\"https:\/\/moverdb.com\/et\/shipping-companies\/\" data-internallinksmanager029f6b8e52c=\"4\" title=\"Top 10 rahvusvahelist konteinerilaevandusettev\u00f5tet\">laevandusettev\u00f5te<\/a> maailmas ja selle laevastik koosneb 428 laevast.<\/p>\n<p>CMA CGMil on j\u00e4rgmised akrediteeringud ja sidemed:<\/p>\n<ul>\n<li> Rahvusvaheline laeva turvatunnistus (ISSC)<\/li>\n<li> Ohutusjuhtimise sertifikaat (SMC)<\/li>\n<li> Meret\u00f6\u00f6normide konventsioon (MLC)<\/li>\n<li> <a href=\"https:\/\/moverdb.com\/et\/world-shipping-council\/\">Maailma Laevandusn\u00f5ukogu<\/a> (<a href=\"https:\/\/moverdb.com\/et\/world-shipping-council\/\" data-internallinksmanager029f6b8e52c=\"82\" title=\"Maailma Laevandusn\u00f5ukogu (WSC) selgitused\">WSC<\/a>)<\/li>\n<\/ul>\n<h2>CMA CGM Group Arvamused<\/h2>\n<p><em>Kirjutamise ajal ei leidnud me \u00fchtegi \u00fclevaadet CMA CGM Groupi laevandusteenuste kohta veebist.<\/em><\/p>\n<div itemprop=\"review\" itemscope itemtype=\"http:\/\/schema.org\/Review\">\n<strong><span itemprop=\"author\" itemscope=\"\" itemtype=\"http:\/\/schema.org\/Organization\"><span itemprop=\"name\">MoverDB.com<\/span><\/span> Veebilehe \u00fclevaatus veebisaidi jaoks <span itemprop=\"itemreviewed\" itemscope=\"\" itemtype=\"http:\/\/schema.org\/Brand\"><span itemprop=\"name\">CMA CGM Group<\/span><\/span>:<\/strong><\/p>\n<ol>\n<li> Selged kontaktandmed veebisaidil (sh telefoninumber): <strong>Jah<\/strong><\/li>\n<li> Lihtne saada <a href=\"https:\/\/moverdb.com\/et\/container-shipping\/\" data-internallinksmanager029f6b8e52c=\"3\" title=\"Rahvusvaheliste konteinerite veohindade graafik: aprill 2026\">rahvusvaheline laevandus<\/a> tsitaadid? (veebip\u00f5hine hinnapakkumise vorm): <strong>Ei<\/strong>, tundub, et hinnapakkumiste saamiseks tuleb registreeruda.<\/li>\n<li> Selge teave veebilehel: <strong>Jah,<\/strong> veebilehel on \u00fcksikasjalik teave k\u00f5igi nende teenuste kohta.<\/li>\n<li> Liikmelisus rahvusvahelistes tunnustatud laevandusorganisatsioonides: <strong>Jah<\/strong><\/li>\n<li> Klientide ja\/v\u00f5i varasemate klientide soovitused. <strong>Ei,<\/strong> nende veebisaidil ei ole \u00fchtegi loetletud.<\/li>\n<\/ol>\n<div itemprop=\"reviewRating\" itemscope itemtype=\"http:\/\/schema.org\/Rating\"><meta itemprop=\"worstRating\" content = \"0\" \/><meta itemprop=\"bestRating\" content=\"5\" \/><meta itemprop=\"ratingValue\" content=\"3.5\"><\/div>\n<p><strong>\u00dcldine hinne: 3.5\/5<\/strong><br \/>\n<strong>L\u00e4bivaatamise kuup\u00e4ev:<\/strong> <span itemprop=\"datePublished\" content=\"2017-04-21\">21\/04\/2017<\/span>\n<\/div>\n<p>Rohkem muudest <a href=\"https:\/\/moverdb.com\/et\/laevandusfirmad\/\">rahvusvahelised laevandusettev\u00f5tted<\/a>, <a href=\"https:\/\/moverdb.com\/et\/konteiner-laevandus\/\">konteinerite veohinnad<\/a> ja meie <a href=\"https:\/\/moverdb.com\/et\/arvustused\/\">l\u00e4bivaatamisprotsess<\/a>.<\/p>\n<p><strong>Veebileht:<\/strong> <a href=\"http:\/\/www.cma-cgm.com\/\" target=\"_blank\" rel=\"noopener\">http:\/\/www.cma-cgm.com\/<\/a><\/p>","protected":false},"excerpt":{"rendered":"<p>CMA CGM Group offers its clients a wide range of shipping and logistics solutions. These are listed below together with a company profile and reviews. International Shipping Dry Containers General-use containers (20&#8217;\/40&#8217;\/40&#8242; HC\/45&#8242; HC); Pallet wide containers (40&#8242; HC PW\/45&#8242; HC PW); Specialised containers (flat-rack, open-top, open-side, platform, tank, etc.) Personalised service Reefer Containers 20&#8242; [&hellip;]<\/p>\n","protected":false},"author":1,"featured_media":0,"parent":0,"menu_order":0,"comment_status":"closed","ping_status":"closed","template":"","meta":{"_genesis_hide_title":false,"_genesis_hide_breadcrumbs":false,"_genesis_hide_singular_image":false,"_genesis_hide_footer_widgets":false,"_genesis_custom_body_class":"","_genesis_custom_post_class":"","_genesis_layout":"","footnotes":""},"class_list":{"0":"post-1648","1":"page","2":"type-page","3":"status-publish","5":"entry"},"_links":{"self":[{"href":"https:\/\/moverdb.com\/et\/wp-json\/wp\/v2\/pages\/1648","targetHints":{"allow":["GET"]}}],"collection":[{"href":"https:\/\/moverdb.com\/et\/wp-json\/wp\/v2\/pages"}],"about":[{"href":"https:\/\/moverdb.com\/et\/wp-json\/wp\/v2\/types\/page"}],"author":[{"embeddable":true,"href":"https:\/\/moverdb.com\/et\/wp-json\/wp\/v2\/users\/1"}],"replies":[{"embeddable":true,"href":"https:\/\/moverdb.com\/et\/wp-json\/wp\/v2\/comments?post=1648"}],"version-history":[{"count":5,"href":"https:\/\/moverdb.com\/et\/wp-json\/wp\/v2\/pages\/1648\/revisions"}],"predecessor-version":[{"id":6192,"href":"https:\/\/moverdb.com\/et\/wp-json\/wp\/v2\/pages\/1648\/revisions\/6192"}],"wp:attachment":[{"href":"https:\/\/moverdb.com\/et\/wp-json\/wp\/v2\/media?parent=1648"}],"curies":[{"name":"wp","href":"https:\/\/api.w.org\/{rel}","templated":true}]}}