{"id":1644,"date":"2017-02-23T09:28:26","date_gmt":"2017-02-23T09:28:26","guid":{"rendered":"http:\/\/moverdb.com\/?page_id=1644"},"modified":"2026-01-08T14:48:02","modified_gmt":"2026-01-08T14:48:02","slug":"conroy-removals","status":"publish","type":"page","link":"https:\/\/moverdb.com\/et\/conroy-removals\/","title":{"rendered":"Conroy Removals - Rahvusvaheline kolimine Arvamused"},"content":{"rendered":"<p>Conroy Removals pakub oma klientidele mitmesuguseid kolimisteenuseid nii <a href=\"https:\/\/moverdb.com\/et\/moving-to-australia\/living-in-australia\/\" data-internallinksmanager029f6b8e52c=\"240\" title=\"21 saladusi Austraalias elamise kohta, mida enne kolimist teada tuleb\">Austraalia<\/a> ja <a href=\"https:\/\/moverdb.com\/et\/moving-to-new-zealand\/\" data-internallinksmanager029f6b8e52c=\"324\" title=\"Uus-Meremaale kolimine? 2023 elamiskulud ja kolimisn\u00f5uanded\">Uus-Meremaa<\/a>. Need on loetletud allpool koos ettev\u00f5tte profiili ja \u00fclevaatega.<\/p>\n<p><strong><a href=\"https:\/\/moverdb.com\/et\/international-removals\/\" data-internallinksmanager029f6b8e52c=\"27\" title=\"36 Parimad rahvusvahelised kolimisfirmad \u00dchendkuningriigis\">Rahvusvaheline kolimine<\/a><\/strong><\/p>\n<ul>\n<li> Isikliku kolimise koordinaator<\/li>\n<li> Ukselt uksele<\/li>\n<li> T\u00e4ielik pakkimine, osaline pakkimine ja DIY pakkimine<\/li>\n<li> M\u00f6\u00f6bli lahtiv\u00f5tmine ja kokkupanek<\/li>\n<li> <a href=\"https:\/\/moverdb.com\/et\/autoveo-laevandus\/\">Autode vedu<\/a>, mootorrattad, paadid ja haagised<\/li>\n<li> Mereveod - <a href=\"https:\/\/moverdb.com\/et\/konteiner-laevandus\/\">FCL\/LCL konteinervedu<\/a><\/li>\n<li> Lennutransport<\/li>\n<li> Pika- ja l\u00fchiajaline ladustamine<\/li>\n<li> T\u00e4ielik lahtipakkimise teenus on saadaval<\/li>\n<li> Prahi eemaldamine<\/li>\n<li> Tollivormistus ja abi vajalike dokumentidega<\/li>\n<li> Korraldatud kindlustus<\/li>\n<li> V\u00e4lisvaluutateenused<\/li>\n<\/ul>\n<p><strong>Riikidevahelised, pikamaa- ja kohalikud kolimised<\/strong><\/p>\n<ul>\n<li> Spetsiaalne kolimisekspert<\/li>\n<li> Ukselt uksele<\/li>\n<li> Erinevad paketid saadaval<\/li>\n<li> T\u00e4ielik pakkimisteenus, habras esemed v\u00f5i DIY pakkimine<\/li>\n<li> M\u00f6\u00f6bli lahtiv\u00f5tmine ja kokkupanek<\/li>\n<li> Pika- ja l\u00fchiajaline ladustamine<\/li>\n<li> Pakkimisteenus saadaval<\/li>\n<li> Korraldatud kindlustus<\/li>\n<\/ul>\n<p><strong>Ettev\u00f5tete \u00fcmberpaigutused<\/strong><\/p>\n<ul>\n<li> Kodutarvete kolimine<\/li>\n<li> Kodu otsing<\/li>\n<li> Kooli otsing<\/li>\n<li> Orienteerumine<\/li>\n<li> Keelekoolitus<\/li>\n<li> L\u00fchiajaline majutus<\/li>\n<li> <a href=\"https:\/\/moverdb.com\/et\/autoveo-laevandus\/\">Mootors\u00f5idukite vedu ja vedu<\/a><\/li>\n<li> Lemmikloomade transport<\/li>\n<li> Maja puhastamine<\/li>\n<li> Valet lahtipakkimine<\/li>\n<li> V\u00e4lisvaluuta<\/li>\n<\/ul>\n<h2>Conroy Removals Ettev\u00f5tte profiil<\/h2>\n<p>Conroy Removals of Australia and New Zealand, alustas 1972. aastal. Neil on filiaalid nii Austraalias kui ka Uus-Meremaal ning nad peavad end piirkonna parimaks kolimisfirmaks. Conroy'l on ulatuslik riiklike ja rahvusvaheliste partnerite ja sidusettev\u00f5tete v\u00f5rgustik, mis annab ettev\u00f5ttele juurdep\u00e4\u00e4su ainu\u00fcksi 350 rahvusvahelisele partnerile.<\/p>\n<p>Ettev\u00f5te on p\u00fchendunud oma s\u00fcsinikujalaj\u00e4lje v\u00e4hendamisele, korduvkasutamisele ja ringlussev\u00f5tule. Samuti on ta kindel, et tema t\u00f6\u00f6tajad on h\u00e4sti koolitatud ja veendunud, et nad suudavad k\u00f5igis oma tegevustes pakkuda suurep\u00e4rast teenust.<\/p>\n<p>Conroy Removals (Austraalia ja Uus-Meremaa) omab j\u00e4rgmisi akrediteeringuid ja liitumisi:<\/p>\n<ul>\n<li> <a href=\"https:\/\/moverdb.com\/et\/olen\/\">Rahvusvaheline kolijate assotsiatsioon<\/a> (<a href=\"https:\/\/moverdb.com\/et\/iam\/\" data-internallinksmanager029f6b8e52c=\"23\" title=\"Rahvusvaheline kolijate assotsiatsioon (IAM) Selgitatud\">IAM<\/a>)<\/li>\n<li> <a href=\"https:\/\/moverdb.com\/et\/british-association-of-removers\/\">Briti kolijate \u00fchendus<\/a> (<a href=\"https:\/\/moverdb.com\/et\/british-association-of-removers\/\" data-internallinksmanager029f6b8e52c=\"9\" title=\"Briti kolijate assotsiatsioon (BAR) Selgitatud\">BAR<\/a>)<\/li>\n<li> <a href=\"https:\/\/moverdb.com\/et\/afra\/\">Austraalia m\u00f6\u00f6bli kolijate \u00fchendus<\/a> (<a href=\"https:\/\/moverdb.com\/et\/afra\/\" data-internallinksmanager029f6b8e52c=\"7\" title=\"Austraalia M\u00f6\u00f6blirekonstrueerijate Assotsiatsioon (AFRA) selgitatud\">AFRA<\/a>)<\/li>\n<li> <a href=\"https:\/\/moverdb.com\/et\/aima\/\">Austraalia rahvusvaheliste kolijate assotsiatsioon<\/a> (<a href=\"https:\/\/moverdb.com\/et\/aima\/\" data-internallinksmanager029f6b8e52c=\"8\" title=\"Austraalia Rahvusvaheliste Kolijate Assotsiatsiooni (AIMA) selgitused\">AIMA<\/a>)<\/li>\n<li> L\u00f5una-Aafrika Rahvusvaheliste Kolijate Assotsiatsioon (SAIMA)<\/li>\n<li> Pan American International Movers Association (PAIMA)<\/li>\n<li> Uus-Meremaa \u00fclemeremaade kolijate \u00fchendus (NZOMA)<\/li>\n<li> <a href=\"https:\/\/moverdb.com\/et\/fidi-faim\/\">FIDI \u00fclemaailmne liit<\/a><\/li>\n<\/ul>\n<p>Neil on Austraalia kontorid:<\/p>\n<ul>\n<li> <a href=\"https:\/\/moverdb.com\/et\/moving-to-brisbane\/\" data-internallinksmanager029f6b8e52c=\"255\" title=\"Brisbane&#039;ile kolimine? 2023 elamiskulud ja kolimisn\u00f5uanded\">Brisbane<\/a><\/li>\n<li> <a href=\"https:\/\/moverdb.com\/et\/kolimine-sydneysse\/\">Sydney<\/a><\/li>\n<li> Melbourne<\/li>\n<li> Perth<\/li>\n<li> Townsville<\/li>\n<\/ul>\n<p>Uus-Meremaa kontorid:<\/p>\n<ul>\n<li> Napier<\/li>\n<li> Auckland<\/li>\n<li> Tauranga<\/li>\n<li> Wellington<\/li>\n<li> Christchurch<\/li>\n<li> Nelson<\/li>\n<\/ul>\n<h2>Conroy Removals Arvamused<\/h2>\n<p><strong>Positiivne:<\/strong><\/p>\n<ul>\n<li> <em>\"Minu maja pakkimine toimus suurep\u00e4raselt ja minu asjadest hoolitseti v\u00e4ga hoolikalt ning v\u00e4ga kiiresti. K\u00f5ik oli selgelt kataloogitud ja lahtipakkimine oli lihtne, k\u00f5ik esemed olid kergesti leitavad ja kastid iga toa jaoks h\u00e4sti nimetatud. Kogu pr\u00fcgi viidi \u00e4ra ja isegi m\u00f5ned vanad kastid v\u00f5eti minu eest \u00e4ra, mis oli t\u00fchja maja koristamisel suureks abiks.\"<\/em> - Kliendi iseloomustus <a href=\"https:\/\/www.conroy.co.nz\/customer-reviews\/nz-to-overseas\" target=\"_blank\" rel=\"noopener\">Uus-Meremaa veebilehe kaudu<\/a><\/li>\n<li> <em>\"Suurep\u00e4rane suhtlus enne kohaletoimetamist ja kaks meest, kes meie kauba kohale toimetasid, olid viisakad, s\u00f5bralikud, kiired ja v\u00e4ga t\u00f5husad.\"<\/em> - Klientide arvustus kaudu <a href=\"https:\/\/www.conroyremovals.com.au\/customer-reviews\/overseas-to-australia\" target=\"_blank\" rel=\"noopener\">AU veebisait<\/a><\/li>\n<li> <em>\"Olen 25 korda \u00fcmber kolinud ja see oli kaugelt parim kolimiskogemus. Ait\u00e4h Conroys!\"<\/em> - Jackie kaudu <a href=\"http:\/\/www.productreview.com.au\/p\/conroy-removals.html?rating=5#reviews\" target=\"_blank\" rel=\"noopener\">Toote \u00fclevaade<\/a><\/li>\n<li> <em>\"Suurte esemete \u00fcmberpaigutamine Nz ja Aussie v\u00f5ib olla raske, kuid need poisid tegid selle t\u00f5esti lihtsaks.\"<\/em> - Dave kaudu <a href=\"https:\/\/yellow.co.nz\/y\/conroy-removals-airpark-drive#detailsRatingsReviews\" target=\"_blank\" rel=\"noopener\">Kollane<\/a><\/li>\n<\/ul>\n<p><strong>Negatiivne:<\/strong><\/p>\n<ul>\n<li> <em>\"Hoolimata mitmetest k\u00f5nedest (k\u00f5ik l\u00e4ksid k\u00f5nepostile) ja e-kirjadest, ei kuulnud ma kahe n\u00e4dala jooksul midagi, mis j\u00e4i minu kauba tollivormistuse ja tarnepoiste helistamise vahele.\"<\/em> - Klientide arvustus kaudu <a href=\"https:\/\/www.conroy.co.nz\/customer-reviews\/overseas-to-nz\" target=\"_blank\" rel=\"noopener\">Uus-Meremaa veebisait<\/a><\/li>\n<li> <em>\"Kauba tollivormistus 2 n\u00e4dalat tagasi. Peale n\u00f5udmise GST + tollimaksu tasumiseks (mida ma j\u00e4rgmisel p\u00e4eval tegin), ei ole kuulnud mitte midagi selle kohta, millal minu kaubad kohale toimetatakse. Olen j\u00e4tnud k\u00f5neposti, e-kirju ja ikka veel mitte midagi. Ma olen p\u00e4ris kindlalt leppinud sellega, et ma ei n\u00e4e oma kaupa enam mitte kunagi.\"<\/em> - kliendi hinnangu kaudu <a href=\"https:\/\/www.conroyremovals.com.au\/customer-reviews\/australia-to-overseas\" target=\"_blank\" rel=\"noopener\">AU veebisait<\/a><\/li>\n<li> <em>\"Kahjuks ei olnud meil \u00fcmberpaigutamisega \u00f5nne, kaup sai kahjustada eba\u00f5ige pakkimise t\u00f5ttu ja Conroy ei taha asjaga seoses mingit vastutust v\u00f5tta.\"<\/em> - Karen kaudu <a href=\"https:\/\/www.mymovingreviews.com\/movers\/conroy-removals-1807#58945\" target=\"_blank\" rel=\"noopener\">Minu kolimise \u00fclevaated<\/a><\/li>\n<li> <em>\"V\u00e4ga hilja, olin selles pettunud, kuid nad hoidsid \u00fchendust, nii et selle eest tuleb tunnustada. Samuti m\u00f5istliku hinnaga.\"<\/em> - Jon kaudu <a href=\"https:\/\/www.nocowboys.co.nz\/businesses\/conroy-removals-\" target=\"_blank\" rel=\"noopener\">NoCowboys<\/a><\/li>\n<\/ul>\n<div itemprop=\"review\" itemscope itemtype=\"http:\/\/schema.org\/Review\">\n<span itemprop=\"author\" itemscope=\"\" itemtype=\"http:\/\/schema.org\/Organization\"><span itemprop=\"name\">MoverDB.com<\/span><\/span> Veebilehe \u00fclevaatus veebisaidi jaoks <span itemprop=\"itemreviewed\" itemscope=\"\" itemtype=\"http:\/\/schema.org\/Brand\"><span itemprop=\"name\">Conroy kolimised<\/span><\/span>:<\/p>\n<ol>\n<li> Selged kontaktandmed veebisaidil (sh telefoninumber): <strong>Jah<\/strong><\/li>\n<li> Lihtne saada <a href=\"https:\/\/moverdb.com\/et\/tsitaadid\/\">rahvusvahelised liikuvad hinnapakkumised<\/a>? (veebip\u00f5hine hinnangu taotluse vorm): <strong>Jah<\/strong><\/li>\n<li> Selge teave veebilehel: <strong>Jah,<\/strong> veebilehel on palju v\u00e4ga \u00fcksikasjalikku teavet.<\/li>\n<li> Liikmelisus rahvusvahelistes tunnustatud liikumisorganisatsioonides: <strong>Jah<\/strong>, (paljud, vt eespool)<\/li>\n<li> Klientide ja\/v\u00f5i varasemate klientide soovitused: <strong>Jah,<\/strong> Ettev\u00f5tte veebisaidil on nii positiivseid kui ka negatiivseid kliendikommentaarid, mida saate sorteerida t\u00e4rni hinnangu ja liikumist\u00fc\u00fcbi j\u00e4rgi.<\/li>\n<\/ol>\n<div itemprop=\"reviewRating\" itemscope itemtype=\"http:\/\/schema.org\/Rating\"><meta itemprop=\"worstRating\" content = \"0\" \/><meta itemprop=\"bestRating\" content=\"5\" \/><meta itemprop=\"ratingValue\" content=\"5\"><\/div>\n<p><strong>\u00dcldine hinne: 5\/5<\/strong><br \/>\n<strong>L\u00e4bivaatamise kuup\u00e4ev:<\/strong> <span itemprop=\"datePublished\" content=\"2017-02-23\">23\/02\/2017<\/span>\n<\/div>\n<p>Loe l\u00e4hemalt <a href=\"https:\/\/moverdb.com\/et\/kolimisfirmad\/\">rahvusvahelised kolimisfirmad<\/a> ja meie <a href=\"https:\/\/moverdb.com\/et\/arvustused\/\">l\u00e4bivaatamisprotsess<\/a>.<\/p>\n<p><strong>Veebilehed:<\/strong> AU: <a href=\"https:\/\/www.conroyremovals.com.au\/\" target=\"_blank\" rel=\"noopener\">https:\/\/www.conroyremovals.com.au\/<\/a>, NZ: <a href=\"https:\/\/www.conroy.co.nz\/\" target=\"_blank\" rel=\"noopener\">https:\/\/www.conroy.co.nz\/<\/a><\/p>","protected":false},"excerpt":{"rendered":"<p>Conroy Removals offers its customers a wide variety of removal services in both Australia and New Zealand. These are listed below, together with a company profile and reviews. International Removals Personal moving coordinator Door to door Full service packing, partial packing and DIY packing Dismantling and reassembly of furniture Shipping of cars, motorbikes, boats and [&hellip;]<\/p>\n","protected":false},"author":1,"featured_media":0,"parent":0,"menu_order":0,"comment_status":"closed","ping_status":"closed","template":"","meta":{"_genesis_hide_title":false,"_genesis_hide_breadcrumbs":false,"_genesis_hide_singular_image":false,"_genesis_hide_footer_widgets":false,"_genesis_custom_body_class":"","_genesis_custom_post_class":"","_genesis_layout":"","footnotes":""},"class_list":{"0":"post-1644","1":"page","2":"type-page","3":"status-publish","5":"entry"},"_links":{"self":[{"href":"https:\/\/moverdb.com\/et\/wp-json\/wp\/v2\/pages\/1644","targetHints":{"allow":["GET"]}}],"collection":[{"href":"https:\/\/moverdb.com\/et\/wp-json\/wp\/v2\/pages"}],"about":[{"href":"https:\/\/moverdb.com\/et\/wp-json\/wp\/v2\/types\/page"}],"author":[{"embeddable":true,"href":"https:\/\/moverdb.com\/et\/wp-json\/wp\/v2\/users\/1"}],"replies":[{"embeddable":true,"href":"https:\/\/moverdb.com\/et\/wp-json\/wp\/v2\/comments?post=1644"}],"version-history":[{"count":10,"href":"https:\/\/moverdb.com\/et\/wp-json\/wp\/v2\/pages\/1644\/revisions"}],"predecessor-version":[{"id":6194,"href":"https:\/\/moverdb.com\/et\/wp-json\/wp\/v2\/pages\/1644\/revisions\/6194"}],"wp:attachment":[{"href":"https:\/\/moverdb.com\/et\/wp-json\/wp\/v2\/media?parent=1644"}],"curies":[{"name":"wp","href":"https:\/\/api.w.org\/{rel}","templated":true}]}}