{"id":1642,"date":"2017-07-04T10:17:22","date_gmt":"2017-07-04T10:17:22","guid":{"rendered":"http:\/\/moverdb.com\/?page_id=1642"},"modified":"2026-01-08T14:48:07","modified_gmt":"2026-01-08T14:48:07","slug":"krooni-liigutamine","status":"publish","type":"page","link":"https:\/\/moverdb.com\/et\/crown-moving\/","title":{"rendered":"Crown Moving Co Inc - Rahvusvaheline kolimine Arvamused"},"content":{"rendered":"<p>Crown Moving Co Inc asus <a href=\"https:\/\/moverdb.com\/et\/kolimine-seattleile\/\">Seattle<\/a> ja pakkus oma klientidele mitmesuguseid teenuseid. Need on loetletud allpool koos ettev\u00f5tte profiili ja \u00fclevaatega.<\/p>\n<p><strong>Rahvusvahelised liikumised<\/strong><\/p>\n<p>L\u00e4hetuse eelsed teenused<\/p>\n<ul>\n<li> Viisa- ja sisser\u00e4ndeteenused<\/li>\n<li> Esialgne reis ja piirkondliku orienteerumise v\u00f5imalus<\/li>\n<li> Teave riigi ja kultuuri kohta<\/li>\n<\/ul>\n<p>Kolimisteenused<\/p>\n<ul>\n<li> Kolimiseelne planeerimine<\/li>\n<li> Asjade transportimine<\/li>\n<li> Kolimise haldamine<\/li>\n<li> Saadetise j\u00e4lgimine<\/li>\n<\/ul>\n<p>Rahvusvahelised sihtkohateenused<\/p>\n<ul>\n<li> Kultuuri- ja keelekoolitus<\/li>\n<li> Kooliabi<\/li>\n<li> Partneri\/abikaasa toetus<\/li>\n<li> Teenuse sisseseadmine<\/li>\n<li> V\u00e4ljas\u00f5iduabi<\/li>\n<\/ul>\n<p>Kaitseteenused<\/p>\n<ul>\n<li> Kaalukordaja<\/li>\n<li> K\u00f5rge v\u00e4\u00e4rtusega inventar<\/li>\n<li> Individuaalselt hinnatud inventar<\/li>\n<\/ul>\n<p>Eluasemetoetus<\/p>\n<ul>\n<li> Kodu leidmise teenused<\/li>\n<li> Ajutine majutus<\/li>\n<li> Kinnisvara ja \u00fc\u00fcrilepingute haldamine<\/li>\n<\/ul>\n<p><strong>Kohalikud ja pikamaa kolimised<\/strong><\/p>\n<ul>\n<li> Isikliku liikumise juht<\/li>\n<li> Teenus ukselt uksele<\/li>\n<li> T\u00e4ielik pakkimine, habras pakkimine v\u00f5i ise pakkimine<\/li>\n<li> M\u00f6\u00f6bli lahtiv\u00f5tmine ja kokkupanek<\/li>\n<li> V\u00e4ljapakkimise teenus<\/li>\n<li> Korraldatud kindlustus<\/li>\n<li> L\u00fchi- ja pikaajaline ladustamine<\/li>\n<\/ul>\n<p><strong>B\u00fcroo, t\u00f6\u00f6stus ja messid<\/strong><\/p>\n<ul>\n<li> Isiklik liikumisn\u00f5ustaja<\/li>\n<li> T\u00e4pne planeerimine<\/li>\n<li> Ukselt uksele<\/li>\n<li> Pakkimine<\/li>\n<li> P\u00e4rast t\u00f6\u00f6aega ja n\u00e4dalavahetusel toimuvad kolimised<\/li>\n<li> M\u00f6\u00f6bli lahtiv\u00f5tmine ja kokkupanek<\/li>\n<li> V\u00e4lja pakkimine<\/li>\n<li> IT eemaldamine ja paigaldamine<\/li>\n<li> Pika- ja l\u00fchiajaline ladustamine<\/li>\n<\/ul>\n<p><strong>Ladustamine<\/strong><\/p>\n<ul>\n<li> Pika- ja l\u00fchiajaline<\/li>\n<li> Temperatuuriga kontrollitud dokumentide s\u00e4ilitamine<\/li>\n<li> 24\/7 CCTV<\/li>\n<li> Tulekaitse<\/li>\n<\/ul>\n<h2>Crown Moving Co Inc ettev\u00f5tte profiil<\/h2>\n<p><em><strong>Palun v\u00f5tke arvesse<\/strong>: Crown Moving Co Inc on n\u00fc\u00fcdseks suletud. Nad soovitavad oma klientidele kasutada: <a href=\"https:\/\/moverdb.com\/et\/bekins-van-lines\/\">Bekins Northwest<\/a> selle asemel.<\/em><\/p>\n<p>Crown Moving Co Inc alustas tegevust 1967. aastal ja asus aadressil <a href=\"https:\/\/moverdb.com\/et\/moving-to-seattle\/\" data-internallinksmanager029f6b8e52c=\"65\" title=\"Kolimine Seattle&#039;isse? 2022 elamiskulud ja kolimisn\u00f5uanded\">Seattle<\/a>, Washington. 1978. aastal osteti ettev\u00f5te ja avati uued kontorid Moses Lake'is ja Spokane'is. <\/p>\n<p>Crown Moving sai agentideks <a href=\"https:\/\/moverdb.com\/et\/mayflower-transit\/\">Mayflower<\/a> 1982. aastal ja seega on neil olemas k\u00f5ik Mayfloweri ja ka nende endi kogemused, millele tugineda. Ettev\u00f5te oli Mayfloweri suurim agent Washingtonis.<\/p>\n<p>Crown Moving Co Inc. oli akrediteeritud ja seotud j\u00e4rgmiste organisatsioonidega:<\/p>\n<ul>\n<li> <a href=\"https:\/\/moverdb.com\/et\/amsa\/\">American Association of Movers<\/a> (<a href=\"https:\/\/moverdb.com\/et\/amsa\/\" data-internallinksmanager029f6b8e52c=\"5\" title=\"Ameerika Kolimis- ja Ladustamisseltsi (AMSA) selgitused\">AMSA<\/a>)<\/li>\n<li> Better Business Bureau (BBB)<\/li>\n<\/ul>\n<p><strong>Crown Moving Co Inc Arvamused<\/strong><\/p>\n<p><strong>Positiivne:<\/strong><\/p>\n<ul>\n<li> <em>\"Nad ilmusid kohale P\u00c4RISELT, olid suurep\u00e4rase isiksusega ja me hakkasime kohe r\u00e4\u00e4kima kriitilistest esemetest, mida mul oli vaja eriti hoolikalt teisaldada.\"<\/em> Jackie R kaudu <a href=\"https:\/\/www.yelp.com\/biz\/crown-moving-co-seattle-2?hrid=jSdhPA7gxsSt8Syf1zSn4w&#038;utm_campaign=www_review_share_popup&#038;utm_medium=copy_link&#038;utm_source=(direct)\" target=\"_blank\" rel=\"noopener\">Yelp<\/a><\/li>\n<li> <em>\"Kroon l\u00f5petas minu s\u00f5jav\u00e4e juhitud jaamavahetus.\" <\/em> Timothy M kaudu <a href=\"https:\/\/www.bbb.org\/\" target=\"_blank\" rel=\"noopener\">BBB<\/a><\/li>\n<\/ul>\n<p><strong>Negatiivne:<\/strong><\/p>\n<ul>\n<li> <em>\"Minu kogemus Crown Movinguga oli selline, mida ma loodan, et ma peagi unustan.\"<\/em> - Rob D. kaudu <a href=\"https:\/\/www.yelp.com\/biz\/crown-moving-co-seattle-2?hrid=i13sBXhBe0pzOXO2FJYCQQ&#038;utm_campaign=www_review_share_popup&#038;utm_medium=copy_link&#038;utm_source=(direct)\" target=\"_blank\" rel=\"noopener\">Yelp<\/a><\/li>\n<\/ul>\n<div itemprop=\"review\" itemscope itemtype=\"http:\/\/schema.org\/Review\">\n<span itemprop=\"author\" itemscope=\"\" itemtype=\"http:\/\/schema.org\/Organization\"><span itemprop=\"name\">MoverDB.com<\/span><\/span> Veebilehe \u00fclevaatus veebisaidi jaoks <span itemprop=\"itemreviewed\" itemscope=\"\" itemtype=\"http:\/\/schema.org\/Brand\"><span itemprop=\"name\">Crown Moving Co Inc<\/span><\/span>:<\/p>\n<ol>\n<li> Selged kontaktandmed veebisaidil (sh telefoninumber): <strong>Jah<\/strong><\/li>\n<li> Lihtne saada <a href=\"https:\/\/moverdb.com\/et\/tsitaadid\/\">rahvusvahelised liikuvad hinnapakkumised<\/a>? (veebip\u00f5hine hinnangu taotluse vorm): <strong>Jah<\/strong><\/li>\n<li> Selge teave veebilehel: <strong>Ei<\/strong><\/li>\n<li> Liikmelisus rahvusvahelistes tunnustatud liikumisorganisatsioonides: <strong>Jah<\/strong>, (vt eespool)<\/li>\n<li> Klientide ja\/v\u00f5i varasemate klientide soovitused. <strong>Ei ole asjakohane,<\/strong> kuna ettev\u00f5te on tegevuse l\u00f5petanud.<\/li>\n<\/ol>\n<div itemprop=\"reviewRating\" itemscope itemtype=\"http:\/\/schema.org\/Rating\"><meta itemprop=\"worstRating\" content = \"0\" \/><meta itemprop=\"bestRating\" content=\"5\" \/><meta itemprop=\"ratingValue\" content=\"4\"><\/div>\n<p><strong>\u00dcldine hinne: 4\/5<\/strong><br \/>\n<strong>L\u00e4bivaatamise kuup\u00e4ev:<\/strong> <span itemprop=\"datePublished\" content=\"2017-07-04\">04\/07\/2017<\/span>\n<\/div>\n<p>Loe l\u00e4hemalt <a href=\"https:\/\/moverdb.com\/et\/kolimisfirmad\/\">rahvusvahelised kolimisfirmad<\/a>, <a href=\"https:\/\/moverdb.com\/et\/us-canada-movers\/\">kodumaised kolimisfirmad<\/a> ja meie <a href=\"https:\/\/moverdb.com\/et\/arvustused\/\">l\u00e4bivaatamisprotsessi selgitamine<\/a>.<\/p>\n<p><strong>Veebileht:<\/strong> <a href=\"http:\/\/www.crownmoving.com\/\" target=\"_blank\" rel=\"noopener\">http:\/\/www.crownmoving.com\/<\/a><\/p>","protected":false},"excerpt":{"rendered":"<p>Crown Moving Co Inc was based in Seattle and offered its customers a variety of services. These are listed below together with a company profile and reviews. International Moves Pre-assignment Services Visa and immigration services Preview trip and area orientation Country and culture information Moving Services Pre-move planning Transportation of belongings Managing the move Shipment [&hellip;]<\/p>\n","protected":false},"author":1,"featured_media":0,"parent":0,"menu_order":0,"comment_status":"closed","ping_status":"closed","template":"","meta":{"_genesis_hide_title":false,"_genesis_hide_breadcrumbs":false,"_genesis_hide_singular_image":false,"_genesis_hide_footer_widgets":false,"_genesis_custom_body_class":"","_genesis_custom_post_class":"","_genesis_layout":"","footnotes":""},"class_list":{"0":"post-1642","1":"page","2":"type-page","3":"status-publish","5":"entry"},"_links":{"self":[{"href":"https:\/\/moverdb.com\/et\/wp-json\/wp\/v2\/pages\/1642","targetHints":{"allow":["GET"]}}],"collection":[{"href":"https:\/\/moverdb.com\/et\/wp-json\/wp\/v2\/pages"}],"about":[{"href":"https:\/\/moverdb.com\/et\/wp-json\/wp\/v2\/types\/page"}],"author":[{"embeddable":true,"href":"https:\/\/moverdb.com\/et\/wp-json\/wp\/v2\/users\/1"}],"replies":[{"embeddable":true,"href":"https:\/\/moverdb.com\/et\/wp-json\/wp\/v2\/comments?post=1642"}],"version-history":[{"count":5,"href":"https:\/\/moverdb.com\/et\/wp-json\/wp\/v2\/pages\/1642\/revisions"}],"predecessor-version":[{"id":6198,"href":"https:\/\/moverdb.com\/et\/wp-json\/wp\/v2\/pages\/1642\/revisions\/6198"}],"wp:attachment":[{"href":"https:\/\/moverdb.com\/et\/wp-json\/wp\/v2\/media?parent=1642"}],"curies":[{"name":"wp","href":"https:\/\/api.w.org\/{rel}","templated":true}]}}