{"id":1640,"date":"2017-02-01T15:26:12","date_gmt":"2017-02-01T15:26:12","guid":{"rendered":"http:\/\/moverdb.com\/?page_id=1640"},"modified":"2026-01-08T14:48:08","modified_gmt":"2026-01-08T14:48:08","slug":"krooni-umberpaigutused","status":"publish","type":"page","link":"https:\/\/moverdb.com\/et\/crown-relocations\/","title":{"rendered":"Crown Relocations - Rahvusvaheline kolimine Arvamused"},"content":{"rendered":"<p>Crown Relocationsi peakorter asub <a href=\"https:\/\/moverdb.com\/et\/moving-to-hong-kong\/\" data-internallinksmanager029f6b8e52c=\"350\" title=\"Kolimine Hongkongi? 2023 elamiskulud ja kolimisn\u00f5uanded\">Hongkong<\/a>. Ta pakub oma klientidele erinevaid kolimis- ja kolimisteenuseid, mis on loetletud allpool koos ettev\u00f5tte profiili ja \u00fclevaatega.<\/p>\n<p><strong>Rahvusvaheline \u00fcmberpaigutamine<\/strong><\/p>\n<ul>\n<li> Isikup\u00e4rastatud teenus<\/li>\n<li> Teenus ukselt uksele<\/li>\n<li> Pakkimine - tee see ise, valitud esemed v\u00f5i t\u00e4isteenus<\/li>\n<li> Ladustamine - l\u00fchi- ja pikaajaline<\/li>\n<li> Online j\u00e4lgimisvahendid<\/li>\n<li> Lemmikloomade \u00fcmberpaigutamine<\/li>\n<li> Immigratsiooniteenused<\/li>\n<li> Kultuuridevaheline koolitus<\/li>\n<li> Keelekoolitus<\/li>\n<li> Kodum\u00fc\u00fcgi teenused<\/li>\n<li> Kinnisvara haldamine<\/li>\n<li> Eelvaade reisiteenuste kohta<\/li>\n<li> Abi kodu leidmisel<\/li>\n<li> Kooli otsing<\/li>\n<li> Saabumisj\u00e4rgne orienteerumine<\/li>\n<li> Partneri karj\u00e4\u00e4ritoetus<\/li>\n<li> K\u00e4sit\u00f6\u00f6liste ja koduabiliste teenused<\/li>\n<li> M\u00f6\u00f6bli rentimine<\/li>\n<li> T\u00f6\u00f6kohustuste t\u00e4itmisel antav tugi<\/li>\n<\/ul>\n<p><strong>Kohalikud ja kauged \u00fcmberpaigutused<\/strong><\/p>\n<ul>\n<li> Isikup\u00e4rastatud teenus<\/li>\n<li> Teenus ukselt uksele<\/li>\n<li> T\u00e4isteenuse pakkimine, habras esemed v\u00f5i DIY pakkimine<\/li>\n<li> V\u00e4ljapakkimise teenus<\/li>\n<li> J\u00e4\u00e4tmete k\u00f5rvaldamine<\/li>\n<li> Lemmikloomade \u00fcmberpaigutamine<\/li>\n<li> Pika- ja l\u00fchiajaline ladustamine<\/li>\n<li> Kindlustus<\/li>\n<\/ul>\n<h2>Crown Relocations Ettev\u00f5tte profiil<\/h2>\n<p>Crown Relocations on osa Crown Worldwide Groupist, mille peakorter asub Hongkongis. James E Thompson asutas kontserni 1965. aastal Yokohamas elades, <a href=\"https:\/\/moverdb.com\/et\/moving-to-japan\/\" data-internallinksmanager029f6b8e52c=\"342\" title=\"Kolimine Jaapanisse? 2023 elamiskulud ja kolimisn\u00f5uanded\">Jaapan<\/a>. Ta alustas $1,000 ja sai lepingu koos <a href=\"https:\/\/moverdb.com\/et\/moving-to-the-united-states\/\" data-internallinksmanager029f6b8e52c=\"94\" title=\"Kolimine Ameerika \u00dchendriikidesse? 2022 Elamiskulud ja kolimisn\u00f5uanded\">USA<\/a> s\u00f5jav\u00e4elaste liikumiseks Jaapanisse ja sealt v\u00e4lja. <\/p>\n<p>Thompson on siiani kontserni tegevjuht ning kolis 1978. aastal ise ja ettev\u00f5tte peakontor Hongkongi. N\u00fc\u00fcdseks on ettev\u00f5ttel \u00fcle maailma 58 riigis \u00fcle 265 kontori ja seal t\u00f6\u00f6tab \u00fcle 3100 inimese 70 eri rahvusest. Crown Relocations teostab aastas keskmiselt 120 000 \u00fcmberpaigutamist ja tal on ligikaudu 3,4 miljonit ruutmeetrit laopinda.<\/p>\n<p>Crown Relocations tugineb Crown grupi suurele kogemusele ja kolib inimesi \u00fcle kogu maailma, aidates neid igal sammul. Eesm\u00e4rk on minimeerida murrangut ja v\u00f5imaldada nii ettev\u00f5tte t\u00f6\u00f6tajatel kui ka \u00fcksikisikutel kiiresti kohaneda uue eluga.<\/p>\n<p>Crown Relocation Servicesil on j\u00e4rgmised akrediteeringud ja sidemed: -<\/p>\n<ul>\n<li> ISO 9001:2008<\/li>\n<li> <a href=\"https:\/\/moverdb.com\/et\/olen\/\">Rahvusvaheline kolijate assotsiatsioon<\/a> (<a href=\"https:\/\/moverdb.com\/et\/iam\/\" data-internallinksmanager029f6b8e52c=\"23\" title=\"Rahvusvaheline kolijate assotsiatsioon (IAM) Selgitatud\">IAM<\/a>)<\/li>\n<\/ul>\n<h2>Crown Relocations Arvamused<\/h2>\n<p><strong>Positiivne:<\/strong><\/p>\n<ul>\n<li> <em>\"Me oleme olnud t\u00e4iesti vaimustunud sellest, kui professionaalne, s\u00f5bralik ja p\u00e4dev on kogu protsess meie jaoks olnud, absoluutselt suurep\u00e4rane algusest l\u00f5puni!\"<\/em> - Hr. G. &amp; pr. J. Webb kaudu <a href=\"https:\/\/www.crownrelo.com\/intl\/en-gb\/page\/testimonials\" target=\"_blank\" rel=\"noopener\">ettev\u00f5tte iseloomustuse lehek\u00fclg<\/a><\/li>\n<li> <em>\"Oleme Crowni teenustega v\u00e4ga rahul ja soovitaksime seda k\u00f5igile.\"<\/em> - Phuc Do kaudu <a href=\"http:\/\/www.productreview.com.au\/p\/crown-relocations-australia.html?rating=5#reviews\" target=\"_blank\" rel=\"noopener\">ProductReview.com.au<\/a><\/li>\n<li> <em>\"S\u00f5ber soovitas Crowni meie kolimiseks Dohast, teenus oli suurep\u00e4rane.\"<\/em> - Hilary kaudu <a href=\"https:\/\/www.facebook.com\/pg\/CrownRelocations\/reviews\/\" target=\"_blank\" rel=\"noopener\">Facebooki leht<\/a><\/li>\n<li> <em>\"Need poisid olid suurep\u00e4rased. Nad tulid \u00f5igel ajal ja ma olin \u00fcllatunud, kui kiiresti nad olid.\"<\/em> - Yana kaudu <a href=\"https:\/\/www.yelp.com\/biz\/crown-relocations-mililani?hrid=gPhaBuTV20YimRwN7q4Wyw&#038;utm_campaign=www_review_share_popup&#038;utm_medium=copy_link&#038;utm_source=(direct)\" target=\"_blank\" rel=\"noopener\">Yelp<\/a><\/li>\n<\/ul>\n<p><strong>Negatiivne:<\/strong><\/p>\n<ul>\n<li> <em>\"Halvim ettev\u00f5te, millega ma olen kunagi kokku puutunud. Neil puudub ausus ja nad ei v\u00f5ta vastutust kahju eest, mida nad minu majale tekitasid.\"<\/em> - Benjamin kaudu <a href=\"https:\/\/www.yelp.com\/biz\/crown-relocations-mililani?hrid=R9s-xC375R-HSBYSZZI_ag&#038;utm_campaign=www_review_share_popup&#038;utm_medium=copy_link&#038;utm_source=(direct)\" target=\"_blank\" rel=\"noopener\">Yelp<\/a><\/li>\n<li> <em>\"Meil oli tohutu kahju puhtalt hooletu pakkimise t\u00f5ttu. Kulus mitu n\u00e4dalat, enne kui nad vastasid meie paljudele e-kirjadele ja nad tunnistasid, et see oli p\u00f5hjustatud hooletust pakkimisest\"<\/em> - Elizabeth kaudu <a href=\"https:\/\/www.facebook.com\/pg\/CrownRelocations\/reviews\/\" target=\"_blank\" rel=\"noopener\">Facebooki leht<\/a><\/li>\n<li> \"Kohutav. Kallis ja hooletu. Personal ei vasta p\u00e4ringutele kiiresti\" - LillithQ via <a href=\"http:\/\/www.productreview.com.au\/p\/crown-relocations-australia.html?rating=1#reviews\" target=\"_blank\" rel=\"noopener\">ProductReview.com.au<\/a><\/li>\n<\/ul>\n<div itemprop=\"review\" itemscope itemtype=\"http:\/\/schema.org\/Review\">\n<span itemprop=\"author\" itemscope=\"\" itemtype=\"http:\/\/schema.org\/Organization\"><span itemprop=\"name\">MoverDB.com<\/span><\/span> Veebilehe \u00fclevaatus veebisaidi jaoks <span itemprop=\"itemreviewed\" itemscope=\"\" itemtype=\"http:\/\/schema.org\/Brand\"><span itemprop=\"name\">Crown \u00fcmberpaigutused<\/span><\/span>:<\/p>\n<ol>\n<li> Selged kontaktandmed veebisaidil (sh telefoninumber): <strong>Jah<\/strong><\/li>\n<li> Lihtne saada <a href=\"https:\/\/moverdb.com\/et\/tsitaadid\/\">rahvusvahelised liikuvad hinnapakkumised<\/a>? (veebip\u00f5hine hinnangu taotluse vorm): <strong>Jah<\/strong><\/li>\n<li> Selge teave veebilehel: <strong>Jah.<\/strong> Veebisaidil on selgelt kirjeldatud k\u00f5iki pakutavaid teenuseid ja lisatud sihtkohtade juhendid.<\/li>\n<li> Liikmelisus rahvusvahelistes tunnustatud liikumisorganisatsioonides: <strong>Jah<\/strong>, (vt eespool)<\/li>\n<li> Klientide ja\/v\u00f5i varasemate klientide soovitused. <strong>Jah,<\/strong> Neil on soovituste lehek\u00fclg ja arvustused kogu veebist tunduvad olevat \u00fcldiselt positiivsed.<\/li>\n<\/ol>\n<div itemprop=\"reviewRating\" itemscope itemtype=\"http:\/\/schema.org\/Rating\"><meta itemprop=\"worstRating\" content = \"0\" \/><meta itemprop=\"bestRating\" content=\"5\" \/><meta itemprop=\"ratingValue\" content=\"5\"><\/div>\n<p><strong>\u00dcldine hinne: 5\/5<\/strong><br \/>\n<strong>L\u00e4bivaatamise kuup\u00e4ev:<\/strong> <span itemprop=\"datePublished\" content=\"2017-02-01\">01\/02\/2017<\/span>\n<\/div>\n<p>Loe l\u00e4hemalt <a href=\"https:\/\/moverdb.com\/et\/kolimisfirmad\/\">rahvusvahelised kolimisfirmad<\/a> ja meie <a href=\"https:\/\/moverdb.com\/et\/arvustused\/\">l\u00e4bivaatamisprotsess<\/a>.<\/p>\n<p><strong>Veebilehed:<\/strong> <a href=\"https:\/\/www.crownrelo.com\/\" target=\"_blank\" rel=\"noopener\">https:\/\/www.crownrelo.com\/<\/a>; USA: <a href=\"https:\/\/www.crownworldwide.com\/en-us\" rel=\"noopener\" target=\"_blank\">https:\/\/www.crownworldwide.com\/en-us<\/a><\/p>","protected":false},"excerpt":{"rendered":"<p>Crown Relocations has its headquarters in Hong Kong. It offers its customers a range of relocation and moving services and these are listed below, together with a company profile and reviews. International Relocation Personalised service Door to door service Packing &#8211; do it yourself, selected items or full service Storage &#8211; short and long term [&hellip;]<\/p>\n","protected":false},"author":1,"featured_media":0,"parent":0,"menu_order":0,"comment_status":"closed","ping_status":"closed","template":"","meta":{"_genesis_hide_title":false,"_genesis_hide_breadcrumbs":false,"_genesis_hide_singular_image":false,"_genesis_hide_footer_widgets":false,"_genesis_custom_body_class":"","_genesis_custom_post_class":"","_genesis_layout":"","footnotes":""},"class_list":{"0":"post-1640","1":"page","2":"type-page","3":"status-publish","5":"entry"},"_links":{"self":[{"href":"https:\/\/moverdb.com\/et\/wp-json\/wp\/v2\/pages\/1640","targetHints":{"allow":["GET"]}}],"collection":[{"href":"https:\/\/moverdb.com\/et\/wp-json\/wp\/v2\/pages"}],"about":[{"href":"https:\/\/moverdb.com\/et\/wp-json\/wp\/v2\/types\/page"}],"author":[{"embeddable":true,"href":"https:\/\/moverdb.com\/et\/wp-json\/wp\/v2\/users\/1"}],"replies":[{"embeddable":true,"href":"https:\/\/moverdb.com\/et\/wp-json\/wp\/v2\/comments?post=1640"}],"version-history":[{"count":6,"href":"https:\/\/moverdb.com\/et\/wp-json\/wp\/v2\/pages\/1640\/revisions"}],"predecessor-version":[{"id":6199,"href":"https:\/\/moverdb.com\/et\/wp-json\/wp\/v2\/pages\/1640\/revisions\/6199"}],"wp:attachment":[{"href":"https:\/\/moverdb.com\/et\/wp-json\/wp\/v2\/media?parent=1640"}],"curies":[{"name":"wp","href":"https:\/\/api.w.org\/{rel}","templated":true}]}}