{"id":1628,"date":"2017-04-24T11:01:52","date_gmt":"2017-04-24T11:01:52","guid":{"rendered":"http:\/\/moverdb.com\/?page_id=1628"},"modified":"2026-01-08T14:48:18","modified_gmt":"2026-01-08T14:48:18","slug":"evergreen-marine","status":"publish","type":"page","link":"https:\/\/moverdb.com\/et\/evergreen-marine\/","title":{"rendered":"Evergreen Marine (liin) - Rahvusvahelised laevandusteenused ja \u00fclevaated"},"content":{"rendered":"<p>Evergreen Marine, tuntud ka kui Evergreen Line, on Taiwani konteinerite transpordi- ja <a href=\"https:\/\/moverdb.com\/et\/shipping-companies\/\" data-internallinksmanager029f6b8e52c=\"4\" title=\"Top 10 rahvusvahelist konteinerilaevandusettev\u00f5tet\">laevandusettev\u00f5te<\/a>. See pakub oma klientidele laia valikut teenuseid. Need on loetletud allpool koos ettev\u00f5tte profiili ja \u00fclevaatega.<\/p>\n<h3>Rahvusvaheline laevandus<\/h3>\n<p><strong>K\u00f5ik-\u00fches teenus<\/strong><\/p>\n<ul>\n<li> \u00dclevaade saadetistest<\/li>\n<li> Broneerimine<\/li>\n<li> B\/L juhised<\/li>\n<li> B\/L korrektuur<\/li>\n<li> <a href=\"https:\/\/moverdb.com\/et\/moving-to-the-united-states\/\" data-internallinksmanager029f6b8e52c=\"94\" title=\"Kolimine Ameerika \u00dchendriikidesse? 2022 Elamiskulud ja kolimisn\u00f5uanded\">USA<\/a> importija turvalisuse tagamise taotlus (ISF)<\/li>\n<\/ul>\n<p><strong>\u00dchendatud transporditeenused<\/strong><\/p>\n<ul>\n<li> Kohaletoimetamine uksest ukseni<\/li>\n<li> Meri, j\u00f5gi, maantee ja raudtee<\/li>\n<\/ul>\n<p><strong>Kuivlastikonteinerid<\/strong><\/p>\n<ul>\n<li> Spetsiaalselt m\u00e4\u00e4ratud m\u00fc\u00fcgiinimene<\/li>\n<li> 20\u2032 terasest kuivlastikonteiner<\/li>\n<li> 40\u2032 terasest kuivlastikonteiner<\/li>\n<li> 40\u2032 Hi-Cube kuivlastikonteiner<\/li>\n<li> 45\u2032 Hi-Cube kuivlastikonteiner<\/li>\n<\/ul>\n<p><strong>Reefer konteiner<\/strong><\/p>\n<ul>\n<li> 20\u2032 MGSS k\u00fclmutuskonteiner<\/li>\n<li> 20\u2032 alumiiniumist k\u00fclmkonteiner<\/li>\n<li> 40\u2032 Hi-Cube k\u00fclmutuskonteiner<\/li>\n<li> 40\u2032 Hi-Cube alumiiniumist k\u00fclmkonteiner<\/li>\n<\/ul>\n<p><strong>Spetsiaalne konteiner<\/strong><\/p>\n<ul>\n<li> 20\u2032 t\u00e4ies k\u00f5rguses avatud konteiner<\/li>\n<li> 20\u2032 lame riiuli konteiner nelja vabalt seisva postiga<\/li>\n<li> 20\u2032 lame riiuli konteiner kokkupandava otsaga<\/li>\n<li> 40\u2032 lame riiuli konteiner nelja vabalt seisva postiga<\/li>\n<li> 40\u2032 lamedate riiulite konteiner kokkupandava otsaga<\/li>\n<li> 40\u2032 t\u00e4ies k\u00f5rguses avatud konteiner<\/li>\n<li> 40\u2032 Hi-cube angaari konteiner<\/li>\n<\/ul>\n<h2>Evergreen Marine Ettev\u00f5tte profiil<\/h2>\n<p>Evergreen Groupi esimene ettev\u00f5te, Evergreen Marine Corporation, asutati Taiwanis 1. jaanuaril 2004. aastal.<sup>st<\/sup> 1968. aasta septembris Dr. Yung-Fa Chang \u00fche kasutatud kaubalaevaga. Evergreen alustas <a href=\"https:\/\/moverdb.com\/et\/container-shipping\/\" data-internallinksmanager029f6b8e52c=\"3\" title=\"Rahvusvaheliste konteinerite veohindade graafik: aprill 2026\">konteinervedu<\/a> 1975. aastal ja 1985. aastaks oli ettev\u00f5ttest saanud maailma suurim konteinerilaevandusettev\u00f5te.<\/p>\n<p>Praegu tegutseb ta kaubam\u00e4rgi \"Evergreen Line\" all koos Evergreen Marine Corp. (Taiwan) Ltd., Evergreen Marine (<a href=\"https:\/\/moverdb.com\/et\/moving-to-the-uk\/\" data-internallinksmanager029f6b8e52c=\"93\" title=\"Kolimine \u00dchendkuningriiki? 2022 Elamiskulud ja kolimisn\u00f5uanded\">UK<\/a>) Ltd., Evergreen Marine (<a href=\"https:\/\/moverdb.com\/et\/moving-to-hong-kong\/\" data-internallinksmanager029f6b8e52c=\"350\" title=\"Kolimine Hongkongi? 2023 elamiskulud ja kolimisn\u00f5uanded\">Hongkong<\/a>) Ltd., Italia Marittima S.p.A. ja Evergreen Marine (<a href=\"https:\/\/moverdb.com\/et\/moving-to-singapore\/\" data-internallinksmanager029f6b8e52c=\"68\" title=\"Singapuri kolimine? 2022 elamiskulud ja kolimisn\u00f5uanded\">Singapur<\/a>) Pte Ltd.<\/p>\n<p>Evergreen vastab oma nimele, sest tema suurimad laevad on 7024 TEU S-seeria laevad, mis on spetsiaalselt projekteeritud nii, et need avaldaksid v\u00f5imalikult v\u00e4ikest m\u00f5ju keskkonnale.<\/p>\n<p>Evergreen Marine'il on j\u00e4rgmised akrediteeringud ja sidemed:<\/p>\n<ul>\n<li> ISO 9001 2000<\/li>\n<li> ISO 9002<\/li>\n<li> Rahvusvaheline ohutusjuhtimine (ISM)<\/li>\n<li> SOLAS<\/li>\n<li> OPA90<\/li>\n<li> IMDG<\/li>\n<li> <a href=\"https:\/\/moverdb.com\/et\/world-shipping-council\/\">Maailma Laevandusn\u00f5ukogu<\/a> (<a href=\"https:\/\/moverdb.com\/et\/world-shipping-council\/\" data-internallinksmanager029f6b8e52c=\"82\" title=\"Maailma Laevandusn\u00f5ukogu (WSC) selgitused\">WSC<\/a>)<\/li>\n<li> Vaikse ookeani kasvuhoonegaaside m\u00f5\u00f5tmine (PGGM)<\/li>\n<\/ul>\n<h2>Evergreen Marine Arvamused<\/h2>\n<p>Avaldamise ajal ei leidnud me veebist \u00fchtegi positiivset ega negatiivset hinnangut Evergreen Marine v\u00f5i Evergreen lines kohta.<\/p>\n<div itemprop=\"review\" itemscope itemtype=\"http:\/\/schema.org\/Review\">\n<strong><span itemprop=\"author\" itemscope=\"\" itemtype=\"http:\/\/schema.org\/Organization\"><span itemprop=\"name\">MoverDB.com<\/span><\/span> Veebilehe \u00fclevaatus veebisaidi jaoks <span itemprop=\"itemreviewed\" itemscope=\"\" itemtype=\"http:\/\/schema.org\/Brand\"><span itemprop=\"name\">Evergreen Marine<\/span><\/span>:<\/strong><\/p>\n<ol>\n<li> Selged kontaktandmed veebisaidil (sh telefoninumber): <strong>Jah<\/strong><\/li>\n<li> Lihtne saada rahvusvahelise laevanduse hinnapakkumisi? (Online hinnangu taotluse vorm): <strong>Jah<\/strong>saab taotleda kontaktivormi kaudu.<\/li>\n<li> Selge teave veebilehel: <strong>Jah,<\/strong> veebilehel on \u00fcksikasjalik teave k\u00f5igi nende teenuste kohta.<\/li>\n<li> Liikmelisus rahvusvahelistes tunnustatud laevandusorganisatsioonides: <strong>Jah<\/strong><\/li>\n<li> Klientide ja\/v\u00f5i varasemate klientide soovitused. <strong>Ei,<\/strong> nende veebisaidil ei ole \u00fchtegi loetletud.<\/li>\n<\/ol>\n<div itemprop=\"reviewRating\" itemscope itemtype=\"http:\/\/schema.org\/Rating\"><meta itemprop=\"worstRating\" content = \"0\" \/><meta itemprop=\"bestRating\" content=\"5\" \/><meta itemprop=\"ratingValue\" content=\"4\"><\/div>\n<p><strong>\u00dcldine hinne: 4\/5<\/strong><br \/>\n<strong>L\u00e4bivaatamise kuup\u00e4ev:<\/strong> <span itemprop=\"datePublished\" content=\"2017-04-24\">24\/04\/2017<\/span>\n<\/div>\n<p>Rohkem muudest <a href=\"https:\/\/moverdb.com\/et\/laevandusfirmad\/\">konteinerite laevandusettev\u00f5tjad<\/a>, <a href=\"https:\/\/moverdb.com\/et\/konteiner-laevandus\/\">rahvusvahelise konteineri veokulud<\/a> ja meie <a href=\"https:\/\/moverdb.com\/et\/arvustused\/\">l\u00e4bivaatamisprotsess<\/a>.<\/p>\n<p><strong>Veebilehed:<\/strong> <\/p>\n<ul>\n<li> <a href=\"http:\/\/www.evergreen-line.com\/\" target=\"_blank\" rel=\"noopener\">http:\/\/www.evergreen-line.com\/<\/a><\/li>\n<li> <a href=\"http:\/\/www.evergreen-marine.co.uk\/\" target=\"_blank\" rel=\"noopener\">http:\/\/www.evergreen-marine.co.uk\/<\/a><\/li>\n<li> <a href=\"http:\/\/www.evergreen-marine.com\/\" target=\"_blank\" rel=\"noopener\">http:\/\/www.evergreen-marine.com\/<\/a><\/li>\n<li> <a href=\"http:\/\/www.evergreen-marine.com.hk\/\" target=\"_blank\" rel=\"noopener\">http:\/\/www.evergreen-marine.com.hk\/<\/a><\/li>\n<li> <a href=\"http:\/\/www.evergreen-marine.com.sg\/\" target=\"_blank\" rel=\"noopener\">http:\/\/www.evergreen-marine.com.sg\/<\/a><\/li>\n<li> <a href=\"http:\/\/www.italiamarittima.it\/\" target=\"_blank\" rel=\"noopener\">http:\/\/www.italiamarittima.it\/<\/a><\/li>\n<\/ul>","protected":false},"excerpt":{"rendered":"<p>Evergreen Marine, also known as Evergreen Line, is a Taiwanese container transportation and shipping company. It offers its clients a wide array of services. These are listed below together with a company profile and reviews. International Shipping All-in-one Service Shipment overview Booking B\/L instruction B\/L proofreading US importer security filing (ISF) Intermodal Services Door to [&hellip;]<\/p>\n","protected":false},"author":1,"featured_media":0,"parent":0,"menu_order":0,"comment_status":"closed","ping_status":"closed","template":"","meta":{"_genesis_hide_title":false,"_genesis_hide_breadcrumbs":false,"_genesis_hide_singular_image":false,"_genesis_hide_footer_widgets":false,"_genesis_custom_body_class":"","_genesis_custom_post_class":"","_genesis_layout":"","footnotes":""},"class_list":{"0":"post-1628","1":"page","2":"type-page","3":"status-publish","5":"entry"},"_links":{"self":[{"href":"https:\/\/moverdb.com\/et\/wp-json\/wp\/v2\/pages\/1628","targetHints":{"allow":["GET"]}}],"collection":[{"href":"https:\/\/moverdb.com\/et\/wp-json\/wp\/v2\/pages"}],"about":[{"href":"https:\/\/moverdb.com\/et\/wp-json\/wp\/v2\/types\/page"}],"author":[{"embeddable":true,"href":"https:\/\/moverdb.com\/et\/wp-json\/wp\/v2\/users\/1"}],"replies":[{"embeddable":true,"href":"https:\/\/moverdb.com\/et\/wp-json\/wp\/v2\/comments?post=1628"}],"version-history":[{"count":3,"href":"https:\/\/moverdb.com\/et\/wp-json\/wp\/v2\/pages\/1628\/revisions"}],"predecessor-version":[{"id":6206,"href":"https:\/\/moverdb.com\/et\/wp-json\/wp\/v2\/pages\/1628\/revisions\/6206"}],"wp:attachment":[{"href":"https:\/\/moverdb.com\/et\/wp-json\/wp\/v2\/media?parent=1628"}],"curies":[{"name":"wp","href":"https:\/\/api.w.org\/{rel}","templated":true}]}}