{"id":1624,"date":"2017-02-24T09:47:42","date_gmt":"2017-02-24T09:47:42","guid":{"rendered":"http:\/\/moverdb.com\/?page_id=1624"},"modified":"2026-01-08T13:18:22","modified_gmt":"2026-01-08T13:18:22","slug":"gil-stauffer","status":"publish","type":"page","link":"https:\/\/moverdb.com\/et\/gil-stauffer\/","title":{"rendered":"Gil Stauffer - Rahvusvaheline kolimine ja kolimine Arvustused"},"content":{"rendered":"<p>Gil Stauffer on Hispaania <a href=\"https:\/\/moverdb.com\/et\/international-removals\/\" data-internallinksmanager029f6b8e52c=\"27\" title=\"36 Parimad rahvusvahelised kolimisfirmad \u00dchendkuningriigis\">kolimisfirma<\/a> mille peakorter asub <a href=\"https:\/\/moverdb.com\/et\/moving-to-spain\/moving-to-madrid\/\" data-internallinksmanager029f6b8e52c=\"413\" title=\"Kolimine Madridi? 2023 elamiskulud ja kolimisn\u00f5uanded\">Madrid<\/a>. Ettev\u00f5ttel on pakkuda oma klientidele mitmeid teenuseid, mis on loetletud allpool koos ettev\u00f5tte profiili ja \u00fclevaatega.<\/p>\n<p><strong>Rahvusvahelised liikumised<\/strong><\/p>\n<ul>\n<li> Isikup\u00e4rastatud kolimisplaan<\/li>\n<li> Ukselt uksele<\/li>\n<li> Mere- v\u00f5i \u00f5huvedu<\/li>\n<li> T\u00e4ielik pakkimisteenus, osaline pakkimine v\u00f5i ise pakkimine<\/li>\n<li> M\u00f6\u00f6bli lahtiv\u00f5tmine ja kokkupanek<\/li>\n<li> Pakkimisteenus saadaval<\/li>\n<li> Tollivormistus ja abi dokumentide vormistamisel<\/li>\n<li> Korraldatud kindlustus<\/li>\n<li> L\u00fchi- ja pikaajaline ladustamine<\/li>\n<\/ul>\n<p><strong>Riiklikud ja kohalikud liikumised<\/strong><\/p>\n<ul>\n<li> Isikup\u00e4rastatud kolimisplaan<\/li>\n<li> Ukselt uksele<\/li>\n<li> T\u00e4ielik pakkimisteenus, osaline pakkimine v\u00f5i ise pakkimine<\/li>\n<li> Pakkimisteenus saadaval<\/li>\n<li> M\u00f6\u00f6bli lahtiv\u00f5tmine ja kokkupanek<\/li>\n<li> Prahi eemaldamine<\/li>\n<li> Korraldatud kindlustus<\/li>\n<li> L\u00fchi- ja pikaajaline ladustamine<\/li>\n<\/ul>\n<p><strong>Kommertskolimised<\/strong><\/p>\n<ul>\n<li> Logistiline plaan<\/li>\n<li> P\u00e4rast t\u00f6\u00f6p\u00e4eva liikumist<\/li>\n<li> Ukselt uksele<\/li>\n<li> Kogu m\u00f6\u00f6bli lahtiv\u00f5tmine ja kokkupanek<\/li>\n<li> Arvuti eemaldamine ja uuesti paigaldamine<\/li>\n<li> Prahi eemaldamine<\/li>\n<li> Personali \u00fcmberpaigutamine<\/li>\n<\/ul>\n<p><strong>T\u00f6\u00f6tajate \u00fcmberpaigutamine<\/strong><\/p>\n<ul>\n<li> T\u00f6\u00f6luba<\/li>\n<li> Maja jahtimine<\/li>\n<li> Keeletunnid<\/li>\n<li> Ajutine majutus<\/li>\n<li> M\u00f6\u00f6bli rentimine<\/li>\n<li> Kooli otsing<\/li>\n<li> Hotellibroneeringud<\/li>\n<li> Pangakontod<\/li>\n<li> Liising- ja rendilepingud<\/li>\n<li> Oluliste teenuste lepingud<\/li>\n<li> Kultuuri ja tavade kursused<\/li>\n<\/ul>\n<p><strong>Konteinerid ja ladustamine<\/strong><\/p>\n<ul>\n<li> Hermeetiliselt suletud puidust konteinerites ladustatud kaubad<\/li>\n<li> 24\/7 turvalisus<\/li>\n<li> Kontrollitud kliima<\/li>\n<li> Kahjurit\u00f5rje eesm\u00e4rgil t\u00f6\u00f6deldud konteinerid<\/li>\n<li> V\u00f5etud tuleohutusabin\u00f5ud<\/li>\n<\/ul>\n<p><strong>Dokumentide osakond<\/strong><\/p>\n<ul>\n<li> Dokumentide arhiiv<\/li>\n<li> Konfidentsiaalse dokumentatsiooni s\u00e4ilitamine<\/li>\n<li> Arhiivide elektrooniline s\u00e4ilitamine<\/li>\n<li> K\u00f5rgetasemeline turvalisus<\/li>\n<li> Kontrollitud kliima<\/li>\n<\/ul>\n<p><strong>Kunstiteoste transport<\/strong><\/p>\n<ul>\n<li> Liikuvad n\u00e4itused<\/li>\n<li> K\u00f5rge tehniline p\u00e4devus<\/li>\n<li> Spetsiaalsed k\u00e4itlemistehnikad<\/li>\n<li> V\u00e4ljas\u00f5idukid on kliimakontrollitud<\/li>\n<\/ul>\n<p><strong>Kullerteenus<\/strong><\/p>\n<ul>\n<li> Kohalikud ja rahvusvahelised<\/li>\n<li> Pakid v\u00f5i dokumendid<\/li>\n<li> J\u00e4lgi online<\/li>\n<li> Kaalupiirang puudub<\/li>\n<li> Lennu-, mere- v\u00f5i maismaakaubavedu<\/li>\n<\/ul>\n<h2>Gil Stauffer Ettev\u00f5tte profiil<\/h2>\n<p>Gil Stauffer on 1905. aastal asutatud Hispaania kolimisfirma. Ettev\u00f5tte peakontor asub Madridis ja selle 33 kontorit asuvad \u00fcle kogu riigi. <a href=\"https:\/\/moverdb.com\/et\/moving-to-spain\/\" data-internallinksmanager029f6b8e52c=\"266\" title=\"Kolimine Hispaaniasse? 2023 elamiskulud ja kolimisn\u00f5uanded\">Hispaania<\/a> ja Baleaarid. Ta uhkeldab, et liigutab kliente k\u00f5ikjal ja igal p\u00e4eval aastas. Ettev\u00f5tjal on kontorid Euroopas, Euroopas, Itaalias ja Hispaanias. <a href=\"https:\/\/moverdb.com\/et\/moving-to-the-united-states\/\" data-internallinksmanager029f6b8e52c=\"94\" title=\"Kolimine Ameerika \u00dchendriikidesse? 2022 Elamiskulud ja kolimisn\u00f5uanded\">Ameerika \u00dchendriigid<\/a>, Okeaania, Aasia ja Aafrika.<\/p>\n<p>Gil Stauffer on uhke oma pioneerivaimu \u00fcle. 1950ndatel aastatel konstrueeris ettev\u00f5te ainsa veoauto Hispaanias, mis suutis liigutada kuni 200-tonniseid \u00fcksikuid veoseid. Samuti oli ettev\u00f5te \u00fcks esimesi, kes kasutas \u00fcle 70 aasta tagasi konteineri ekspressrongis\u00fcsteemi (TECO).<\/p>\n<p>Ettev\u00f5ttel on spetsiaalsed koolitusprogrammid ja ta n\u00f5uab, et selle rahvusvahelise osakonna t\u00f6\u00f6tajad r\u00e4\u00e4giksid suurep\u00e4raselt inglise keelt ja ka teisi keeli. Tal on v\u00e4ga muljetavaldav s\u00f5idukipark, mis h\u00f5lmab k\u00f5iki v\u00f5imalikke kliendivajadusi.<\/p>\n<p>Ettev\u00f5te pakub oma klientidele rahvusvahelisi ja riigisiseseid kolimisi, samuti ettev\u00f5tte ja kontori kolimisi ning t\u00f6\u00f6tajate \u00fcmberpaigutamist.<br \/>\nGil Staufferil on j\u00e4rgmised akrediteeringud ja sidemed:<\/p>\n<ul>\n<li> <a href=\"https:\/\/moverdb.com\/et\/fidi-faim\/\">FIDI<\/a><\/li>\n<li> <a href=\"https:\/\/moverdb.com\/et\/olen\/\">IAM<\/a><\/li>\n<li> <a href=\"https:\/\/moverdb.com\/et\/amsa\/\">AMSA<\/a><\/li>\n<li> <a href=\"https:\/\/moverdb.com\/et\/fedemac\/\">FEDEMAC<\/a><\/li>\n<li> <a href=\"https:\/\/moverdb.com\/et\/lacma\/\">LACMA<\/a><\/li>\n<li> PAIMA<\/li>\n<\/ul>\n<h2>Gil Stauffer Company Arvamused<\/h2>\n<p><strong>Positiivne:<\/strong><\/p>\n<ul>\n<li> \u00dckski ei ole k\u00e4ttesaadav ja kohapeal ei leitud \u00fchtegi iseloomustust.<\/li>\n<\/ul>\n<p><strong>Negatiivne:<\/strong><\/p>\n<ul>\n<li> <em>\"\u00c4rge kasutage Gil Staufferit oma asjade teisaldamiseks. Te kahetsete seda.\"<\/em> - Craig Bugden kaudu <a href=\"https:\/\/uk.trustpilot.com\/reviews\/56ec28640000ff00094734c0\" target=\"_blank\" rel=\"noopener\">Trustpilot<\/a><\/li>\n<\/ul>\n<div itemprop=\"review\" itemscope itemtype=\"http:\/\/schema.org\/Review\">\n<span itemprop=\"author\" itemscope=\"\" itemtype=\"http:\/\/schema.org\/Organization\"><span itemprop=\"name\">MoverDB.com<\/span><\/span> Veebilehe \u00fclevaatus veebisaidi jaoks <span itemprop=\"itemreviewed\" itemscope=\"\" itemtype=\"http:\/\/schema.org\/Brand\"><span itemprop=\"name\">Gil Stauffer<\/span><\/span>:<\/p>\n<ol>\n<li> Selged kontaktandmed veebisaidil (sh telefoninumber): <strong>Jah<\/strong><\/li>\n<li> Lihtne saada <a href=\"https:\/\/moverdb.com\/et\/tsitaadid\/\">rahvusvahelised liikuvad hinnapakkumised<\/a>? (veebip\u00f5hine hinnangu taotluse vorm): <strong>Jah<\/strong>, kuid ainult e-posti teel (vorm puudub)<\/li>\n<li> Selge teave veebilehel: <strong>M\u00f5ned,<\/strong> Kodulehel on korralik kogus teavet nende teenuste kohta, kuid see ei ole v\u00e4ga \u00fcksikasjalik.<\/li>\n<li> Liikmelisus rahvusvahelistes tunnustatud liikumisorganisatsioonides: <strong>Jah<\/strong>, kuid neid ei ole nende veebisaidil loetletud<\/li>\n<li> Klientide ja\/v\u00f5i varasemate klientide soovitused: <strong>Ei,<\/strong> ja ainus arvustus, mille me nende kohta inglise keeles leidsime, oli negatiivne.<\/li>\n<\/ol>\n<div itemprop=\"reviewRating\" itemscope itemtype=\"http:\/\/schema.org\/Rating\"><meta itemprop=\"worstRating\" content = \"0\" \/><meta itemprop=\"bestRating\" content=\"5\" \/><meta itemprop=\"ratingValue\" content=\"3.5\"><\/div>\n<p><strong>\u00dcldine hinne: 3.5\/5<\/strong><br \/>\n<strong>L\u00e4bivaatamise kuup\u00e4ev:<\/strong> <span itemprop=\"datePublished\" content=\"2017-02-24\">24\/02\/2017<\/span>\n<\/div>\n<p>Loe l\u00e4hemalt <a href=\"https:\/\/moverdb.com\/et\/kolimisfirmad\/\">rahvusvahelised kolimisfirmad<\/a> ja meie <a href=\"https:\/\/moverdb.com\/et\/arvustused\/\">l\u00e4bivaatamisprotsess<\/a>.<\/p>\n<p><strong>Veebileht:<\/strong> <a href=\"http:\/\/www.gil-stauffer.com\/?lang=en\" target=\"_blank\" rel=\"noopener\">http:\/\/www.gil-stauffer.com\/<\/a><\/p>","protected":false},"excerpt":{"rendered":"<p>Gil Stauffer is a Spanish removal company with its headquarters in Madrid. The company has many services to offer its customers and these are listed below together with a company profile and reviews. International Moves Personalised moving plan Door to door Sea freight or air freight Full packing service, partial packing or self-packing Disassembly and [&hellip;]<\/p>\n","protected":false},"author":1,"featured_media":0,"parent":0,"menu_order":0,"comment_status":"closed","ping_status":"closed","template":"","meta":{"_genesis_hide_title":false,"_genesis_hide_breadcrumbs":false,"_genesis_hide_singular_image":false,"_genesis_hide_footer_widgets":false,"_genesis_custom_body_class":"","_genesis_custom_post_class":"","_genesis_layout":"","footnotes":""},"class_list":{"0":"post-1624","1":"page","2":"type-page","3":"status-publish","5":"entry"},"_links":{"self":[{"href":"https:\/\/moverdb.com\/et\/wp-json\/wp\/v2\/pages\/1624","targetHints":{"allow":["GET"]}}],"collection":[{"href":"https:\/\/moverdb.com\/et\/wp-json\/wp\/v2\/pages"}],"about":[{"href":"https:\/\/moverdb.com\/et\/wp-json\/wp\/v2\/types\/page"}],"author":[{"embeddable":true,"href":"https:\/\/moverdb.com\/et\/wp-json\/wp\/v2\/users\/1"}],"replies":[{"embeddable":true,"href":"https:\/\/moverdb.com\/et\/wp-json\/wp\/v2\/comments?post=1624"}],"version-history":[{"count":3,"href":"https:\/\/moverdb.com\/et\/wp-json\/wp\/v2\/pages\/1624\/revisions"}],"predecessor-version":[{"id":6215,"href":"https:\/\/moverdb.com\/et\/wp-json\/wp\/v2\/pages\/1624\/revisions\/6215"}],"wp:attachment":[{"href":"https:\/\/moverdb.com\/et\/wp-json\/wp\/v2\/media?parent=1624"}],"curies":[{"name":"wp","href":"https:\/\/api.w.org\/{rel}","templated":true}]}}