{"id":1614,"date":"2017-04-27T14:28:26","date_gmt":"2017-04-27T14:28:26","guid":{"rendered":"http:\/\/moverdb.com\/?page_id=1614"},"modified":"2026-01-08T13:18:27","modified_gmt":"2026-01-08T13:18:27","slug":"hamburg-sud","status":"publish","type":"page","link":"https:\/\/moverdb.com\/et\/hamburg-sud\/","title":{"rendered":"Hamburg S\u00fcd Group - Rahvusvahelised laevandusteenused ja \u00fclevaated"},"content":{"rendered":"<p>Hamburg S\u00fcd on Saksamaa <a href=\"https:\/\/moverdb.com\/et\/shipping-companies\/\" data-internallinksmanager029f6b8e52c=\"4\" title=\"Top 10 rahvusvahelist konteinerilaevandusettev\u00f5tet\">laevandusettev\u00f5te<\/a> mis pakub oma klientidele mitmesuguseid teenuseid. Need on loetletud allpool koos ettev\u00f5tte profiili ja \u00fclevaatega. (<em><strong>M\u00e4rkus:<\/strong> <a href=\"https:\/\/moverdb.com\/et\/maersk\/\" target=\"_blank\" rel=\"noopener\">Maersk Line<\/a> on ostmas ettev\u00f5tet<\/em>).<\/p>\n<h3>Rahvusvaheline konteinervedu<\/h3>\n<ul>\n<li> Planeerimine ekspertide poolt<\/li>\n<li> Ukselt uksele<\/li>\n<li> Saadaval on \u00fchendveoteenused<\/li>\n<\/ul>\n<p><strong>Kuivlast<\/strong><\/p>\n<p><strong>Ohtlik veos<\/strong><\/p>\n<ul>\n<li> Iga taotlust uurivad eksperdid<\/li>\n<li> Peab vastama \u00f5igusaktidele<\/li>\n<li> Sertifitseeritud ohtlike kaupade ohutusn\u00f5ustaja (DGSA) annab n\u00f5u k\u00f5ikide saadetiste kohta.<\/li>\n<li> Kaasaegsed laevad ohtliku lasti veoks<\/li>\n<li> Ranget t\u00e4helepanu stoovitusele vastavuse tagamisele<\/li>\n<\/ul>\n<p><strong>Reefer Cargo<\/strong><\/p>\n<ul>\n<li> Puuviljad, k\u00f6\u00f6giviljad, lilled, taimed<\/li>\n<li> Liha, kala ja mereannid<\/li>\n<li> Farmaatsiatooted, fotomaterjalid ja kemikaalid<\/li>\n<li> Piimatooted ja mahl<\/li>\n<li> <a href=\"https:\/\/moverdb.com\/et\/konteiner-laevandus\/\">20\u2032 ja 40\u2032 konteinerid<\/a><\/li>\n<li> Katkematu k\u00fclma tarneahel<\/li>\n<li> Saagikoristatud puu- ja k\u00f6\u00f6giviljade atmosf\u00e4\u00e4ri haldamine<\/li>\n<li> Multi temperatuuri re\u017eiim<\/li>\n<li> Pirnire\u017eiim<\/li>\n<\/ul>\n<p><strong>Eriline veos<\/strong><\/p>\n<ul>\n<li> Purustamine lahtiselt<\/li>\n<li> Out-of-gauge<\/li>\n<li> K\u00f5rge tihedusega<\/li>\n<\/ul>\n<p><strong>Muud veoteenused<\/strong><\/p>\n<ul>\n<li> Kogu asjakohase impordi- ja ekspordidokumentatsiooni k\u00e4sitlemine<\/li>\n<li> Ajutine ladustamine<\/li>\n<li> Suuremate saadetiste jagamine \u00fcksikuteks saadetisteks<\/li>\n<li> M\u00e4rgistamine<\/li>\n<li> Impordi ja ekspordi tollivormistus<\/li>\n<\/ul>\n<p><strong>Laevad<\/strong><\/p>\n<ul>\n<li> Kaasaegne laevastik<\/li>\n<li> <a href=\"https:\/\/moverdb.com\/et\/laevandusfirmad\/\">Konteinerilaevad<\/a><\/li>\n<li> Puistlastilaevad<\/li>\n<li> Tootetankerid<\/li>\n<\/ul>\n<p><strong>Kasutatud konteinerite m\u00fc\u00fck<\/strong><\/p>\n<ul>\n<li> Suur hulk erinevaid konteinereid<\/li>\n<li> Juurdep\u00e4\u00e4s kasutatud konteineritele kogu maailmas<\/li>\n<li> Kvaliteetsed konteinerid<\/li>\n<li> Kogenud t\u00f6\u00f6tajad<\/li>\n<li> Kohaliku keele tugi<\/li>\n<\/ul>\n<p><strong>E-kaubandus<\/strong><\/p>\n<ul>\n<li> Minuti t\u00e4psed ajakavad<\/li>\n<li> Track &amp; Trace (konteinerite j\u00e4lgimine)<\/li>\n<li> Broneeringute \u00fclevaated<\/li>\n<li> Broneeringute taastamine<\/li>\n<li> \u00dclevaade saatmisjuhistest<\/li>\n<li> Uute saatmisjuhiste esitamine<\/li>\n<li> B\/L-kontseptsioonide kontrollimine<\/li>\n<li> Standardiseeritud aruannete koostamine saadetise jaoks<\/li>\n<li> Track &amp; Trace lasti j\u00e4lgimine<\/li>\n<\/ul>\n<h2>Hamburg S\u00fcd Ettev\u00f5tte profiil<\/h2>\n<p>Hamburg S\u00fcd asutati 1871. aastal \u00fcheteistk\u00fcmne Hamburgi kaupmehe esindajate poolt ja kandis nime Hamburg S\u00fcdamerikanische Dampfschifffahrts-Gesellschaft. Aastaks 1914 oli ettev\u00f5ttel 50 aurulaeva, mis k\u00f5ik h\u00e4visid Esimese maailmas\u00f5ja ajal. <\/p>\n<p>Ettev\u00f5te alustas 1920. aastal \u00fcmberehitamist ja alustab kruiisikompaniid. 1939. aastaks on Hamburg S\u00fcdil maailma suurim laevastik, kokku 52 laeva.<\/p>\n<p>Teine maailmas\u00f5da t\u00f5i taas kaasa ettev\u00f5tte laevastiku t\u00e4ieliku h\u00e4vimise. Hamburg S\u00fcd alustas aeglaselt uuesti kruiisilaevade tegevust ja mitmekesistas oma tegevust tramplaevade valdkonnas. Nad alustasid tanker- ja k\u00fclmutuslaevandust ning 1971. aastaks olid nad hakanud tegelema <a href=\"https:\/\/moverdb.com\/et\/container-shipping\/\" data-internallinksmanager029f6b8e52c=\"3\" title=\"Rahvusvaheliste konteinerite veohindade graafik: aprill 2026\">konteinervedu<\/a>.<\/p>\n<p>Ettev\u00f5te on n\u00fc\u00fcd maailma konteinerilaevandusettev\u00f5tete esik\u00fcmnes. Sellel on 127 <a href=\"https:\/\/moverdb.com\/et\/top-10-largest-container-ships-in-2022\/\" data-internallinksmanager029f6b8e52c=\"84\" title=\"Top 10 suurimat konteinerlaeva aastal 2026\">konteinerlaevad<\/a> \u00fcle 600 000 TEU mahutavusega ja 50 liinilaevaga. Hamburg S\u00fcd annab t\u00f6\u00f6d \u00fcle 6000 inimesele 250 kontoris \u00fcle maailma.<\/p>\n<p>Hamburg S\u00fcdil on j\u00e4rgmised akrediteeringud ja sidemed:<\/p>\n<ul>\n<li> <a href=\"https:\/\/moverdb.com\/et\/world-shipping-council\/\">Maailma Laevandusn\u00f5ukogu<\/a> (<a href=\"https:\/\/moverdb.com\/et\/world-shipping-council\/\" data-internallinksmanager029f6b8e52c=\"82\" title=\"Maailma Laevandusn\u00f5ukogu (WSC) selgitused\">WSC<\/a>)<\/li>\n<li> Puhta veose t\u00f6\u00f6r\u00fchm (CCWG)<\/li>\n<li> <a href=\"https:\/\/moverdb.com\/et\/moving-to-the-united-states\/\" data-internallinksmanager029f6b8e52c=\"94\" title=\"Kolimine Ameerika \u00dchendriikidesse? 2022 Elamiskulud ja kolimisn\u00f5uanded\">USA<\/a> Keskkonnakaitseamet (EPA)<\/li>\n<li> Verband Deutsche Reeder (VDR)<\/li>\n<li> Rahvusvaheline meres\u00f5iduohutuse sertifikaat (ISSC)<\/li>\n<li> Euroopa innovatsioonipartnerluse standardite n\u00f5uandekogu<\/li>\n<\/ul>\n<p><strong>Hamburg S\u00fcd Group Arvamused<\/strong><\/p>\n<p><em>Kirjutamise ajal ei leidnud me veebist \u00fchtegi positiivset ega negatiivset hinnangut Hamburg S\u00fcdi laevandusteenuste kohta.<\/em><\/p>\n<p><strong><\/p>\n<div itemprop=\"review\" itemscope itemtype=\"http:\/\/schema.org\/Review\">\n<span itemprop=\"author\" itemscope=\"\" itemtype=\"http:\/\/schema.org\/Organization\"><span itemprop=\"name\">MoverDB.com<\/span><\/span> Veebilehe \u00fclevaatus veebisaidi jaoks <span itemprop=\"itemreviewed\" itemscope=\"\" itemtype=\"http:\/\/schema.org\/Brand\"><span itemprop=\"name\">Hamburg S\u00fcd<\/span><\/span>:<\/strong><\/p>\n<ol>\n<li> Selged kontaktandmed veebisaidil (sh telefoninumber): <strong>Jah<\/strong><\/li>\n<li> Lihtne saada rahvusvahelise laevanduse hinnapakkumisi? (Online hinnangu taotluse vorm): <strong>Omamoodi<\/strong>, tuleb uue broneeringu tegemiseks registreerida.<\/li>\n<li> Selge teave veebilehel: <strong>Jah,<\/strong> Veebisaidil on selgelt esitatud k\u00f5ik ettev\u00f5tte pakutavad teenused.<\/li>\n<li> Liikmelisus rahvusvahelistes tunnustatud laevandusorganisatsioonides: <strong>Jah<\/strong>, vt eespool.<\/li>\n<li> Klientide ja\/v\u00f5i varasemate klientide soovitused. <strong>Ei,<\/strong> kuid nad loetlevad palju auhindu, mida nad on v\u00f5itnud.<\/li>\n<\/ol>\n<div itemprop=\"reviewRating\" itemscope itemtype=\"http:\/\/schema.org\/Rating\"><meta itemprop=\"worstRating\" content = \"0\" \/><meta itemprop=\"bestRating\" content=\"5\" \/><meta itemprop=\"ratingValue\" content=\"4\"><\/div>\n<p><strong>\u00dcldine hinne: 4\/5<\/strong><br \/>\n<strong>L\u00e4bivaatamise kuup\u00e4ev:<\/strong> <span itemprop=\"datePublished\" content=\"2017-04-27\">27\/04\/2017<\/span>\n<\/div>\n<p>Rohkem muudest <a href=\"https:\/\/moverdb.com\/et\/laevandusfirmad\/\">rahvusvahelised laevandusettev\u00f5tted<\/a>, <a href=\"https:\/\/moverdb.com\/et\/konteiner-laevandus\/\">konteinerite veohinnad<\/a> ja meie <a href=\"https:\/\/moverdb.com\/et\/arvustused\/\">l\u00e4bivaatamisprotsess<\/a>.<\/p>\n<p><strong>Veebileht:<\/strong> <a href=\"http:\/\/www.hamburgsud.com\" target=\"_blank\" rel=\"noopener\">http:\/\/www.hamburgsud.com<\/a><\/p>","protected":false},"excerpt":{"rendered":"<p>Hamburg S\u00fcd is a German shipping company which offers its customers a range of services. These are listed below together with a company profile and reviews. (Note: Maersk Line is in the process of buying the company). International Container Shipping Planning by experts Door to door Intermodal services available Dry Cargo Hazardous Cargo Each request [&hellip;]<\/p>\n","protected":false},"author":1,"featured_media":0,"parent":0,"menu_order":0,"comment_status":"closed","ping_status":"closed","template":"","meta":{"_genesis_hide_title":false,"_genesis_hide_breadcrumbs":false,"_genesis_hide_singular_image":false,"_genesis_hide_footer_widgets":false,"_genesis_custom_body_class":"","_genesis_custom_post_class":"","_genesis_layout":"","footnotes":""},"class_list":{"0":"post-1614","1":"page","2":"type-page","3":"status-publish","5":"entry"},"_links":{"self":[{"href":"https:\/\/moverdb.com\/et\/wp-json\/wp\/v2\/pages\/1614","targetHints":{"allow":["GET"]}}],"collection":[{"href":"https:\/\/moverdb.com\/et\/wp-json\/wp\/v2\/pages"}],"about":[{"href":"https:\/\/moverdb.com\/et\/wp-json\/wp\/v2\/types\/page"}],"author":[{"embeddable":true,"href":"https:\/\/moverdb.com\/et\/wp-json\/wp\/v2\/users\/1"}],"replies":[{"embeddable":true,"href":"https:\/\/moverdb.com\/et\/wp-json\/wp\/v2\/comments?post=1614"}],"version-history":[{"count":4,"href":"https:\/\/moverdb.com\/et\/wp-json\/wp\/v2\/pages\/1614\/revisions"}],"predecessor-version":[{"id":6217,"href":"https:\/\/moverdb.com\/et\/wp-json\/wp\/v2\/pages\/1614\/revisions\/6217"}],"wp:attachment":[{"href":"https:\/\/moverdb.com\/et\/wp-json\/wp\/v2\/media?parent=1614"}],"curies":[{"name":"wp","href":"https:\/\/api.w.org\/{rel}","templated":true}]}}