{"id":1592,"date":"2017-04-21T13:39:38","date_gmt":"2017-04-21T13:39:38","guid":{"rendered":"http:\/\/moverdb.com\/?page_id=1592"},"modified":"2026-01-08T14:40:07","modified_gmt":"2026-01-08T14:40:07","slug":"maersk","status":"publish","type":"page","link":"https:\/\/moverdb.com\/et\/maersk\/","title":{"rendered":"Maersk Line - Rahvusvahelised laevandusteenused ja \u00fclevaated"},"content":{"rendered":"<p>Maersk Line on osa A.P. Moller-Maersk Groupist, mis on \u00fclemaailmne <a href=\"https:\/\/moverdb.com\/et\/shipping-companies\/\" data-internallinksmanager029f6b8e52c=\"4\" title=\"Top 10 rahvusvahelist konteinerilaevandusettev\u00f5tet\">laevandusettev\u00f5te<\/a> asub Kopenhaagenis, <a href=\"https:\/\/moverdb.com\/et\/moving-to-denmark\/\" data-internallinksmanager029f6b8e52c=\"335\" title=\"Kolimine Taani? 2023 elamiskulud ja kolimisn\u00f5uanded\">Taani<\/a>. Ta pakub oma klientidele laia valikut teenuseid, mis on loetletud allpool koos ettev\u00f5tte profiili ja \u00fclevaatega.<\/p>\n<p><strong>Rahvusvahelised kauba- ja veoteenused<\/strong><\/p>\n<ul>\n<li> Kuivlast<\/li>\n<li> Ukselt uksele<\/li>\n<li> 20\u2032 konteinerid kandev\u00f5imega kuni 28,2 tonni<\/li>\n<li> 40\u2032 8\u2032 6\u2033 konteinerid kandev\u00f5imega kuni 28,8 tonni.<\/li>\n<li> 45\u2032 9\u2032 6\u2033 k\u00f5rgune ja 85 kuupmeetri kogumahutavusega.<\/li>\n<li> Riputuskangid, mis v\u00f5imaldavad r\u00f5ivaste transportimist riputuskangidel ilma t\u00e4iendava pakkimiseta.<\/li>\n<li> Kinnitusrihmad ja kinnitusr\u00f5ngad lasti lisaturvalisuse tagamiseks.<\/li>\n<li> Ladustamine saadaval<\/li>\n<li> Tollivormistus<\/li>\n<\/ul>\n<p><strong>Reefer Cargo<\/strong><\/p>\n<ul>\n<li> K\u00fclmutatud veokonteinerid<\/li>\n<li> Ukselt uksele<\/li>\n<li> Hoolikas lasti k\u00e4itlemine, et tagada toodete v\u00e4rskus.<\/li>\n<li> Konteineri ainulaadne disain tagab maksimaalse kasuliku koormuse<\/li>\n<li> V\u00e4hendatud CO2 heitkogused<\/li>\n<li> Toote optimaalne temperatuur<\/li>\n<li> V\u00e4hendatud energiatarbimine<\/li>\n<li> 3 t\u00fc\u00fcpi k\u00fclmutuskaubakonteinerid, mille kaubaruum on vahemikus 27 kuni 67 CBM<\/li>\n<li> Tollivormistus<\/li>\n<\/ul>\n<p><strong>Eriline veos<\/strong><\/p>\n<ul>\n<li> \u00d5igeaegselt tarnitud mahuv\u00e4line, mahuline ja lahtine last.<\/li>\n<li> Teie erilasti \u00f5igeaegne kohaletoimetamine \u00fcle kogu maailma<\/li>\n<li> Erilaadungi eksperdid k\u00f5igis ajav\u00f6\u00f6ndites teie koheseks reageerimiseks ja toetamiseks<\/li>\n<li> Uusimad lamedaid riiuleid ja lahtiseid riiuleid, mis on saadaval seal ja siis, kui neid vajate.<\/li>\n<li> Ukselt uksele<\/li>\n<li> Ladustamine saadaval<\/li>\n<li> Tollivormistus<\/li>\n<\/ul>\n<p><strong>Siseveetransporditeenused<\/strong><\/p>\n<ul>\n<li> T\u00e4ielik transpordilahendus<\/li>\n<li> Ukselt uksele<\/li>\n<li> \u00d5igeaegne pealev\u00f5tmine ja kohaletoimetamine<\/li>\n<li> Kvaliteetsete transporditeenuste pakkujate suur v\u00f5rgustik<\/li>\n<li> \u00dchekordne ostmine, mis \u00fchendab teie maismaa- ja meretranspordivajadused.<\/li>\n<li> Pidev j\u00e4relevalve ja kvaliteedi tagamine<\/li>\n<li> Korraldatud kindlustus<\/li>\n<\/ul>\n<p><strong>Kasutatud konteinerid m\u00fc\u00fcgiks<\/strong><\/p>\n<ul>\n<li> Kasutage laoruumiks, kontoriks, majaks, isegi basseiniks.<\/li>\n<li> Juurdep\u00e4\u00e4s teie vajadustele vastavale varule<\/li>\n<li> Ulatuslik kasutatud konteinerite v\u00f5rgustik<\/li>\n<li> Lihtsad s\u00fcsteemid, mis vastavad teie pealev\u00f5tmise ajakavale<\/li>\n<li> Garanteeritud konteineri kvaliteet<\/li>\n<\/ul>\n<h2>Maersk Line<\/h2>\n<p>Maersk Line asutati 1928. aastal. Maersk Line kuulub A.P. Moller-Maersk kontserni ja on \u00fcks maailma suurimaid laevandusettev\u00f5tteid. <a href=\"https:\/\/moverdb.com\/et\/laevandusfirmad\/\">suurim konteinerilaevandusettev\u00f5te<\/a>, mis on tuntud oma paindlikkuse, usaldusv\u00e4\u00e4rsuse ja \u00f6kot\u00f5husate teenuste poolest. <\/p>\n<p>Selle peakontor asub Kopenhaagenis, Taanis. Ettev\u00f5ttel on \u00fcle 630 laeva mahutavusega 3,3 miljonit TEU, mis teenindavad 59 000 klienti kogu maailmas.<\/p>\n<p>Eelmisel aastal lasti Maersk umbes 12 miljonit konteinerit \u00fcle maailma, k\u00fclastades 46 000 sadamat 343 sadamas. <a href=\"https:\/\/moverdb.com\/et\/top-49-container-ports\/\" data-internallinksmanager029f6b8e52c=\"80\" title=\"Top 49 suurimat ja tihedaima liiklusega konteinersadamat 2025. aastal\">sadamad<\/a> 121 riigis. Maersk pakub igap\u00e4evaselt mitmeid laevas\u00f5ite k\u00f5igil suurematel laevateedel. Et k\u00f5ik sujuks t\u00f5rgeteta, t\u00f6\u00f6tab ettev\u00f5ttes 7000 meremeest ja 25 000 maismaat\u00f6\u00f6tajat 374 kontoris \u00fcle maailma.<\/p>\n<p>Maersk on p\u00fchendunud kogukonna toetamisele ja toetab \u00fcle maailma projekte, mis kuuluvad kolme \u00fclemaailmse kava alla - katastroofiabi ja valmisolek, keskkonnakaitse ja ettev\u00f5tluse edendamine ebasoodsas olukorras olevates kogukondades.<\/p>\n<p>Maersk Line'il on j\u00e4rgmised akrediteeringud ja sidemed:<\/p>\n<ul>\n<li> Rahvusvaheline Lennu- ja Laevandusliit (IASA)<\/li>\n<li> <a href=\"https:\/\/moverdb.com\/et\/international-chamber-shipping\/\">Rahvusvaheline Merenduskoda<\/a> (<a href=\"https:\/\/moverdb.com\/et\/international-chamber-shipping\/\" data-internallinksmanager029f6b8e52c=\"78\" title=\"Rahvusvahelise Merenduskoja (ICS) selgitused\">ICS<\/a>)<\/li>\n<li> WTO \u00fclemaailmne kaubanduse lihtsustamise allianss<\/li>\n<li> Inimeste ohutus merel (SOLAS)<\/li>\n<li> Laevamaaklerite ja -agentide riiklike \u00fchenduste f\u00f6deratsioon (FONASBA)<\/li>\n<\/ul>\n<h2>Maersk Line Company Arvamused<\/h2>\n<p><em>Kirjutamise ajal ei suutnud me leida \u00fchtegi veebi\u00fclevaadet Maersk Line'i laevandusteenuste kohta.<\/em><\/p>\n<p><strong><\/p>\n<div itemprop=\"review\" itemscope itemtype=\"http:\/\/schema.org\/Review\">\n<span itemprop=\"author\" itemscope=\"\" itemtype=\"http:\/\/schema.org\/Organization\"><span itemprop=\"name\">MoverDB.com<\/span><\/span> Veebilehe \u00fclevaatus veebisaidi jaoks <span itemprop=\"itemreviewed\" itemscope=\"\" itemtype=\"http:\/\/schema.org\/Brand\"><span itemprop=\"name\">Maersk Line<\/span><\/span>:<\/strong><\/p>\n<ol>\n<li> Selged kontaktandmed veebisaidil (sh telefoninumber): <strong>Jah<\/strong><\/li>\n<li> Lihtne saada <a href=\"https:\/\/moverdb.com\/et\/container-shipping\/\" data-internallinksmanager029f6b8e52c=\"3\" title=\"Rahvusvaheliste konteinerite veohindade graafik: aprill 2026\">rahvusvaheline laevandus<\/a> tsitaadid? (veebip\u00f5hine hinnapakkumise vorm): <strong>Jah<\/strong><\/li>\n<li> Selge teave veebilehel: <strong>Jah,<\/strong> Kodulehel on selgelt esitatud k\u00f5ik ettev\u00f5tte pakutavad teenused.<\/li>\n<li> Liikmelisus rahvusvahelistes tunnustatud laevandusorganisatsioonides: <strong>Jah<\/strong>, kuid nende veebisaidil ei ole palju loetletud.<\/li>\n<li> Klientide ja\/v\u00f5i varasemate klientide soovitused. <strong>Ei,<\/strong> nende veebisaidil ei ole \u00fchtegi loetletud.<\/li>\n<\/ol>\n<div itemprop=\"reviewRating\" itemscope itemtype=\"http:\/\/schema.org\/Rating\"><meta itemprop=\"worstRating\" content = \"0\" \/><meta itemprop=\"bestRating\" content=\"5\" \/><meta itemprop=\"ratingValue\" content=\"4\"><\/div>\n<p><strong>\u00dcldine hinne: 4\/5<\/strong><br \/>\n<strong>L\u00e4bivaatamise kuup\u00e4ev:<\/strong> <span itemprop=\"datePublished\" content=\"2017-04-21\">21\/04\/2017<\/span>\n<\/div>\n<p>Rohkem muudest <a href=\"https:\/\/moverdb.com\/et\/laevandusfirmad\/\">rahvusvahelised laevandusettev\u00f5tted<\/a>, <a href=\"https:\/\/moverdb.com\/et\/konteiner-laevandus\/\">konteinerite veohinnad<\/a> ja meie <a href=\"https:\/\/moverdb.com\/et\/arvustused\/\">l\u00e4bivaatamisprotsess<\/a>.<\/p>\n<p><strong>Veebileht:<\/strong> <a href=\"https:\/\/www2.maerskline.com\/\" target=\"_blank\" rel=\"noopener\">https:\/\/www2.maerskline.com\/<\/a><\/p>","protected":false},"excerpt":{"rendered":"<p>Maersk Line, is part of A.P. Moller\u2013Maersk Group, a worldwide shipping company based in Copenhagen, Denmark. It offers its customers a wide range of services which are listed below, together with a company profile and reviews. International Freight and Shipping Services Dry Cargo Door to door 20&#8242; containers with payload up to 28.2 metric tons [&hellip;]<\/p>\n","protected":false},"author":1,"featured_media":0,"parent":0,"menu_order":0,"comment_status":"closed","ping_status":"closed","template":"","meta":{"_genesis_hide_title":false,"_genesis_hide_breadcrumbs":false,"_genesis_hide_singular_image":false,"_genesis_hide_footer_widgets":false,"_genesis_custom_body_class":"","_genesis_custom_post_class":"","_genesis_layout":"","footnotes":""},"class_list":{"0":"post-1592","1":"page","2":"type-page","3":"status-publish","5":"entry"},"_links":{"self":[{"href":"https:\/\/moverdb.com\/et\/wp-json\/wp\/v2\/pages\/1592","targetHints":{"allow":["GET"]}}],"collection":[{"href":"https:\/\/moverdb.com\/et\/wp-json\/wp\/v2\/pages"}],"about":[{"href":"https:\/\/moverdb.com\/et\/wp-json\/wp\/v2\/types\/page"}],"author":[{"embeddable":true,"href":"https:\/\/moverdb.com\/et\/wp-json\/wp\/v2\/users\/1"}],"replies":[{"embeddable":true,"href":"https:\/\/moverdb.com\/et\/wp-json\/wp\/v2\/comments?post=1592"}],"version-history":[{"count":7,"href":"https:\/\/moverdb.com\/et\/wp-json\/wp\/v2\/pages\/1592\/revisions"}],"predecessor-version":[{"id":13172,"href":"https:\/\/moverdb.com\/et\/wp-json\/wp\/v2\/pages\/1592\/revisions\/13172"}],"wp:attachment":[{"href":"https:\/\/moverdb.com\/et\/wp-json\/wp\/v2\/media?parent=1592"}],"curies":[{"name":"wp","href":"https:\/\/api.w.org\/{rel}","templated":true}]}}