{"id":1578,"date":"2017-04-21T14:09:10","date_gmt":"2017-04-21T14:09:10","guid":{"rendered":"http:\/\/moverdb.com\/?page_id=1578"},"modified":"2026-01-08T14:40:13","modified_gmt":"2026-01-08T14:40:13","slug":"mediterranean-shipping-company","status":"publish","type":"page","link":"https:\/\/moverdb.com\/et\/mediterranean-shipping-company\/","title":{"rendered":"Vahemere laevandusfirma - Rahvusvahelised teenused ja \u00fclevaated"},"content":{"rendered":"<p>Vahemere piirkonna <a href=\"https:\/\/moverdb.com\/et\/shipping-companies\/\" data-internallinksmanager029f6b8e52c=\"4\" title=\"Top 10 rahvusvahelist konteinerilaevandusettev\u00f5tet\">Laevandusettev\u00f5te<\/a> (MSC) pakub oma klientidele mitmesuguseid laevandus- ja muid teenuseid. Need on loetletud allpool koos ettev\u00f5tte profiili ja \u00fclevaatega.<\/p>\n<h3>Rahvusvaheline laevandus<\/h3>\n<p><strong>Kuivlast<\/strong><\/p>\n<ul>\n<li> Standardsed 20ft, 40ft v\u00f5i 40ft k\u00f5rged kuubikonteinerid<\/li>\n<li> \u00dclisuurte ja puistlasti veosed<\/li>\n<li> igan\u00e4dalased ja regulaarsed veoteenused \u00fclemaailmsetesse sihtkohtadesse<\/li>\n<li> Tollivormistus ja dokumenteerimine<\/li>\n<\/ul>\n<p><strong>Reefer Cargo<\/strong><\/p>\n<ul>\n<li> Individuaalsed terviklikud transpordilahendused<\/li>\n<li> igan\u00e4dalased ja regulaarsed veoteenused \u00fclemaailmsetesse sihtkohtadesse<\/li>\n<li> Ekspertiis jahutatud ja k\u00fclmutatud kaupade transportimisel<\/li>\n<li> S\u00f5idueelne kontroll: <\/li>\n<li> Veenduge, et konteiner on puhastatud, et k\u00f5rvaldada mustus ja l\u00f5hnad.<\/li>\n<li> Kontrollib, et konteineri sisemus vastaks toiduainetele.<\/li>\n<li> Kontrollib, et masinad toimiksid vastavalt t\u00f6\u00f6stusstandardile.<\/li>\n<li> Veenduge, et mahuti temperatuur on alandatud \u00f5igesse valitud punkti<\/li>\n<li> Tollivormistus ja dokumenteerimine<\/li>\n<\/ul>\n<p><strong>M\u00f5\u00f5tev\u00e4lised ja puistlasti teenused<\/strong><\/p>\n<ul>\n<li> Ekspertide projekti logistikameeskond<\/li>\n<li> Laadige, kinnitage ja kinnitage lasti p\u00e4ritolukohas. <a href=\"https:\/\/moverdb.com\/et\/top-49-container-ports\/\" data-internallinksmanager029f6b8e52c=\"80\" title=\"Top 49 suurimat ja tihedaima liiklusega konteinersadamat 2025. aastal\">sadam<\/a> v\u00f5i l\u00e4hedalasuvas depoos<\/li>\n<li> Siseveekogumine ja tarned mitmesuguste seadmete abil<\/li>\n<li> Vajaduse korral politsei-\/siseveoteatiste korraldamine<\/li>\n<li> Stevedoring, sadamakinnitus ja sadama ladustamisrajatised<\/li>\n<li> Spetsiaalsed seadmed<\/li>\n<li> Konkurentsiv\u00f5imelised hinnad<\/li>\n<li> Tollivormistus ja dokumenteerimine<\/li>\n<\/ul>\n<p><strong>\u00dchendvedu<\/strong><\/p>\n<ul>\n<li> Ukselt uksele<\/li>\n<li> Tehasest tarbijale<\/li>\n<li> Tarnekohustuste t\u00e4itmiseks kasutatav transpordikombinatsioon<\/li>\n<\/ul>\n<p><strong>Konteinerite ja kauba ladustamine<\/strong><\/p>\n<ul>\n<li> \u00dclemaailmne v\u00f5rgustik ning ladustamine ja ladustamine<\/li>\n<li> Abistada turustusv\u00f5rgustiku loomisel<\/li>\n<li> P\u00f5hjalikud komplekteerimise\/pakkimise, mahalaadimise\/pakkimise ja ladustamise teenused ja rajatised.<\/li>\n<\/ul>\n<p><strong>Cross Trading<\/strong><\/p>\n<ul>\n<li> Laevade saatmine mis tahes l\u00e4htepunktist mis tahes sihtkohta<\/li>\n<li> Kuivlast<\/li>\n<li> Reefer cargo<\/li>\n<li> Out-of-gauge<\/li>\n<li> V\u00e4\u00e4rtuslik ja ohtlik lasti<\/li>\n<li> Dokumentatsiooni k\u00e4sitlemine<\/li>\n<li> J\u00e4lgimine<\/li>\n<li> Tollivormistus<\/li>\n<\/ul>\n<p><strong>Kaubaveo haagised<\/strong><\/p>\n<ul>\n<li> J\u00e4igad<\/li>\n<li> Lamealune<\/li>\n<li> Kipper<\/li>\n<li> Madal laadur<\/li>\n<li> Konteineri-lift haagis<\/li>\n<li> Generaatori haagis<\/li>\n<\/ul>\n<p><strong>Konteinerite seadmed<\/strong><\/p>\n<ul>\n<li> 20ft \/ 40ft standard ja k\u00f5rge kuupmeetri konteinerid<\/li>\n<li> 20ft \/ 40ft avatud konteinerid<\/li>\n<li> 20ft \/ 40ft ja k\u00f5rge kuupmeetri konteinerid reefer konteinerid<\/li>\n<li> 20ft \/ 40ft flatracks<\/li>\n<li> 20ft \/ 40ft platvormid<\/li>\n<li> 20ft \/ 40ft avatud konteinerid<\/li>\n<\/ul>\n<h2>Vahemere laevandusettev\u00f5te (MSC)<\/h2>\n<p>Mediterranean Shipping Company on eraomanduses olev \u00fclemaailmne <a href=\"https:\/\/moverdb.com\/et\/laevandusfirmad\/\">rahvusvaheline laevandusettev\u00f5te<\/a> mis on tegutsenud \u00fcle 40 aasta. Selle asutas Napolis Gianluigi Aponte ja seda juhib endiselt Aponte perekond. Selle \u00fclemaailmne peakontor asub <a href=\"https:\/\/moverdb.com\/et\/moving-to-switzerland\/moving-to-geneva\/\" data-internallinksmanager029f6b8e52c=\"416\" title=\"Kolimine Genfi? 2023 elamiskulud ja kolimisn\u00f5uanded\">Genfi<\/a> ning tal on 480 kontorit 150 riigis ja \u00fcle 60 000 t\u00f6\u00f6tajat kogu maailmas.<\/p>\n<p>MSC laevastik koosneb 500 konteinerlaevast, mille veomaht on umbes 3,0 miljonit TEU. Igal aastal peatub ettev\u00f5te 315 sadamas \u00fcle kogu maailma, toimetades kohale igasugust kaupa.<\/p>\n<p>Mediterranean Shipping Company omab j\u00e4rgmisi akrediteeringuid ja sidemeid:<\/p>\n<ul>\n<li> Inimeste ohutus merel (SOLAS)<\/li>\n<li> Rahvusvaheline Lennu- ja Laevandusliit (IASA)<\/li>\n<li> <a href=\"https:\/\/moverdb.com\/et\/international-chamber-shipping\/\">Rahvusvaheline Merenduskoda<\/a> (<a href=\"https:\/\/moverdb.com\/et\/international-chamber-shipping\/\" data-internallinksmanager029f6b8e52c=\"78\" title=\"Rahvusvahelise Merenduskoja (ICS) selgitused\">ICS<\/a>)<\/li>\n<li> Laevamaaklerite ja -agentide riiklike \u00fchenduste f\u00f6deratsioon (FONASBA)<\/li>\n<\/ul>\n<p><strong>Vahemere laevandusettev\u00f5tte \u00fclevaated<\/strong><\/p>\n<p><em>Selle artikli kirjutamise ajal ei leidnud me \u00fchtegi \u00fclevaadet Vahemere laevandusettev\u00f5tte laevandusteenuste kohta internetis.<\/em> <\/p>\n<div itemprop=\"review\" itemscope itemtype=\"http:\/\/schema.org\/Review\">\n<strong><span itemprop=\"author\" itemscope=\"\" itemtype=\"http:\/\/schema.org\/Organization\"><span itemprop=\"name\">MoverDB.com<\/span><\/span> Veebilehe \u00fclevaatus veebisaidi jaoks <span itemprop=\"itemreviewed\" itemscope=\"\" itemtype=\"http:\/\/schema.org\/Brand\"><span itemprop=\"name\">Vahemere laevandusettev\u00f5te<\/span><\/span>:<\/strong><\/p>\n<ol>\n<li> Selged kontaktandmed veebisaidil (sh telefoninumber): <strong>Jah<\/strong><\/li>\n<li> Lihtne saada <a href=\"https:\/\/moverdb.com\/et\/container-shipping\/\" data-internallinksmanager029f6b8e52c=\"3\" title=\"Rahvusvaheliste konteinerite veohindade graafik: aprill 2026\">rahvusvaheline laevandus<\/a> tsitaadid? (veebip\u00f5hine hinnapakkumise vorm): <strong>Jah<\/strong><\/li>\n<li> Selge teave veebilehel: <strong>Jah,<\/strong> Veebisaidil on palju teavet rahvusvahelise laevanduse kohta.<\/li>\n<li> Liikmelisus rahvusvahelistes tunnustatud laevandusorganisatsioonides: <strong>Jah<\/strong>.<\/li>\n<li> Klientide ja\/v\u00f5i varasemate klientide soovitused. <strong>Jah,<\/strong> nende veebilehel on piiratud arv juhtumiuuringuid.<\/li>\n<\/ol>\n<div itemprop=\"reviewRating\" itemscope itemtype=\"http:\/\/schema.org\/Rating\"><meta itemprop=\"worstRating\" content = \"0\" \/><meta itemprop=\"bestRating\" content=\"5\" \/><meta itemprop=\"ratingValue\" content=\"5\"><\/div>\n<p><strong>\u00dcldine hinne: 5\/5<\/strong><br \/>\n<strong>L\u00e4bivaatamise kuup\u00e4ev:<\/strong> <span itemprop=\"datePublished\" content=\"2017-04-21\">21\/04\/2017<\/span>\n<\/div>\n<p>Rohkem muudest <a href=\"https:\/\/moverdb.com\/et\/laevandusfirmad\/\">rahvusvahelised laevandusettev\u00f5tted<\/a>, <a href=\"https:\/\/moverdb.com\/et\/konteiner-laevandus\/\">konteinerite veohinnad<\/a> ja meie <a href=\"https:\/\/moverdb.com\/et\/arvustused\/\">l\u00e4bivaatamisprotsess<\/a>.<\/p>\n<p><strong>Veebileht:<\/strong> <a href=\"https:\/\/www.msc.com\/\" target=\"_blank\" rel=\"noopener\">https:\/\/www.msc.com\/<\/a><\/p>","protected":false},"excerpt":{"rendered":"<p>Mediterranean Shipping Company (MSC) offers its customers a wide range of shipping and other services. These are listed below, together with a company profile and reviews. International Shipping Dry Cargo Standard 20ft, 40ft or 40ft high cube containers Oversized and breakbulk cargo Weekly and regular shipping services to global destinations Customs clearance and documentation Reefer [&hellip;]<\/p>\n","protected":false},"author":1,"featured_media":0,"parent":0,"menu_order":0,"comment_status":"closed","ping_status":"closed","template":"","meta":{"_genesis_hide_title":false,"_genesis_hide_breadcrumbs":false,"_genesis_hide_singular_image":false,"_genesis_hide_footer_widgets":false,"_genesis_custom_body_class":"","_genesis_custom_post_class":"","_genesis_layout":"","footnotes":""},"class_list":{"0":"post-1578","1":"page","2":"type-page","3":"status-publish","5":"entry"},"_links":{"self":[{"href":"https:\/\/moverdb.com\/et\/wp-json\/wp\/v2\/pages\/1578","targetHints":{"allow":["GET"]}}],"collection":[{"href":"https:\/\/moverdb.com\/et\/wp-json\/wp\/v2\/pages"}],"about":[{"href":"https:\/\/moverdb.com\/et\/wp-json\/wp\/v2\/types\/page"}],"author":[{"embeddable":true,"href":"https:\/\/moverdb.com\/et\/wp-json\/wp\/v2\/users\/1"}],"replies":[{"embeddable":true,"href":"https:\/\/moverdb.com\/et\/wp-json\/wp\/v2\/comments?post=1578"}],"version-history":[{"count":6,"href":"https:\/\/moverdb.com\/et\/wp-json\/wp\/v2\/pages\/1578\/revisions"}],"predecessor-version":[{"id":13177,"href":"https:\/\/moverdb.com\/et\/wp-json\/wp\/v2\/pages\/1578\/revisions\/13177"}],"wp:attachment":[{"href":"https:\/\/moverdb.com\/et\/wp-json\/wp\/v2\/media?parent=1578"}],"curies":[{"name":"wp","href":"https:\/\/api.w.org\/{rel}","templated":true}]}}