{"id":1570,"date":"2017-02-24T09:05:40","date_gmt":"2017-02-24T09:05:40","guid":{"rendered":"http:\/\/moverdb.com\/?page_id=1570"},"modified":"2026-01-08T15:20:24","modified_gmt":"2026-01-08T15:20:24","slug":"mudanzas-gou","status":"publish","type":"page","link":"https:\/\/moverdb.com\/et\/mudanzas-gou\/","title":{"rendered":"Mudanzas Gou - Rahvusvaheline kolimine Arvamused"},"content":{"rendered":"<p>Mudanzas Gou on Mehhiko <a href=\"https:\/\/moverdb.com\/et\/moving-companies\/\" data-internallinksmanager029f6b8e52c=\"79\" title=\"Top 25 rahvusvahelist kolimisfirmat Internetis\">kolimisfirma<\/a> mis pakub oma klientidele mitmesuguseid teenuseid, mis on loetletud allpool koos ettev\u00f5tte profiili ja \u00fclevaatega.<\/p>\n<p><strong>Rahvusvahelised liikumised<\/strong><\/p>\n<ul>\n<li> Ukselt uksele<\/li>\n<li> T\u00e4ielik pakkimisteenus, habras pakkimine v\u00f5i DIY pakkimine<\/li>\n<li> M\u00f6\u00f6bli lahtiv\u00f5tmine ja kokkupanek<\/li>\n<li> Tollivormistus ja abi dokumentide vormistamisel<\/li>\n<li> Korraldatud kindlustus<\/li>\n<li> Pakkimisteenus saadaval<\/li>\n<li> L\u00fchi- ja pikaajaline ladustamine<\/li>\n<\/ul>\n<p><strong>Riigisisesed ja pikamaakolimised<\/strong><\/p>\n<ul>\n<li> Ukselt uksele<\/li>\n<li> T\u00e4ielik pakkimisteenus, habras pakkimine v\u00f5i DIY pakkimine<\/li>\n<li> M\u00f6\u00f6bli lahtiv\u00f5tmine ja kokkupanek<\/li>\n<li> Korraldatud kindlustus<\/li>\n<li> Pakkimisteenus saadaval<\/li>\n<li> Pika- ja l\u00fchiajaline ladustamine<\/li>\n<\/ul>\n<p><strong>Kommertskolimised<\/strong><\/p>\n<ul>\n<li> P\u00e4rast t\u00f6\u00f6p\u00e4eva liikumist<\/li>\n<li> Logistiline plaan<\/li>\n<li> IT kolimine<\/li>\n<li> Kogu m\u00f6\u00f6bli lahtiv\u00f5tmine ja kokkupanek<\/li>\n<\/ul>\n<p><strong>Spetsiaalne transport ja laevandus<\/strong><\/p>\n<ul>\n<li> <a href=\"https:\/\/moverdb.com\/et\/autoveo-laevandus\/\">Autod<\/a><\/li>\n<li> Vans<\/li>\n<li> Mootorrattad<\/li>\n<li> Soomukid<\/li>\n<li> Kogumiss\u00f5idukid<\/li>\n<li> Erinevad masinad<\/li>\n<li> Mootorpaadid<\/li>\n<li> Purjepaadid<\/li>\n<li> Meditsiinitarbed ja haiglad<\/li>\n<li> Haridusasutused<\/li>\n<li> Kunst ja antiik<\/li>\n<li> Spetsiaalsed seadmed<\/li>\n<\/ul>\n<p><strong>Ladustamine<\/strong><\/p>\n<ul>\n<li> Pika- ja l\u00fchiajaline<\/li>\n<li> 24\/7 turvalisus<\/li>\n<li> Inventuuris\u00fcsteem<\/li>\n<li> Kliimakontrollitav saadaval<\/li>\n<li> Kahjurit\u00f5rje<\/li>\n<li> Tulet\u00f5rjes\u00fcsteem<\/li>\n<li> Arhiivi ladustamine<\/li>\n<\/ul>\n<h2>Mudanzas Gou Ettev\u00f5tte profiil<\/h2>\n<p>Mudanzas Gou on \u00fcks vanimaid <a href=\"https:\/\/moverdb.com\/et\/moving-companies\/moving-companies-mexico\/\" data-internallinksmanager029f6b8e52c=\"288\" title=\"18 parimat rahvusvahelist kolimisfirmat Mehhikos\">kolimisfirmad Mehhikos<\/a>, kus see algas 1900. aastal. N\u00fc\u00fcdseks on tal 10 kontorit Mehhikos ja sidemeid esindajatega \u00fcle kogu maailma. Gou oli asutajaliige <a href=\"https:\/\/moverdb.com\/et\/fidi-faim\/\" data-internallinksmanager029f6b8e52c=\"16\" title=\"FIDI &amp; FAIM (FIDI akrediteeritud rahvusvaheline kolija) selgitatud\">FIDI<\/a>, OMNI, <a href=\"https:\/\/moverdb.com\/et\/lacma\/\" data-internallinksmanager029f6b8e52c=\"28\" title=\"Ladina-Ameerika ja Kariibi mere piirkonna rahvusvaheliste kolijate assotsiatsioon (LACMA)\">LACMA<\/a>, AMI ja <a href=\"https:\/\/moverdb.com\/et\/amsa\/\" data-internallinksmanager029f6b8e52c=\"5\" title=\"Ameerika Kolimis- ja Ladustamisseltsi (AMSA) selgitused\">AMSA<\/a>.<\/p>\n<p>Gou on uhke oma isikliku teeninduse \u00fcle ja n\u00f5uab iga kliendiga silmast silma r\u00e4\u00e4kimist, et pakkuda talle parimat v\u00f5imalikku teenust. K\u00f5ik s\u00f5idukid on varustatud satelliitseirega ning neid laadivad ja juhivad ettev\u00f5tte enda t\u00f6\u00f6tajad.<\/p>\n<p>Mudanzas Gou omab j\u00e4rgmisi akrediteeringuid ja sidemeid:<\/p>\n<ul>\n<li> <a href=\"https:\/\/moverdb.com\/et\/fidi-faim\/\">F\u00e9d\u00e9ration Internationale des D\u00e9m\u00e9nageurs Internationaux (Rahvusvaheline D\u00e9mena\u017e\u00f6\u00f6ride F\u00f6deratsioon)<\/a> (FIDI)<\/li>\n<li> Overseas Moving Network International (OMNI)<\/li>\n<li> <a href=\"https:\/\/moverdb.com\/et\/lacma\/\">Ladina-Ameerika ja Kariibi mere piirkonna rahvusvaheliste kolijate assotsiatsioon<\/a> (LACMA)<\/li>\n<li> <a href=\"https:\/\/moverdb.com\/et\/hgfaa\/\">Household Goods Forwarders Association of America (Ameerika Ekspediitorite Assotsiatsioon)<\/a> (HHGFA)<\/li>\n<li> <a href=\"https:\/\/moverdb.com\/et\/amsa\/\" target=\"_blank\" rel=\"noopener\">Ameerika kolimis- ja ladustamis\u00fching<\/a> (AMSA)<\/li>\n<li> Pan American International Movers Association (PAIMA)<\/li>\n<li> <a href=\"https:\/\/moverdb.com\/et\/fidi-faim\/\">FAIM<\/a><\/li>\n<li> Terrorismivastane tolli- ja kaubanduspartnerlus (C-PAT)<\/li>\n<\/ul>\n<h2>Mudanzas Gou Arvamused<\/h2>\n<p>Me ei leidnud Mudanzas Gou kohta \u00fchtegi ingliskeelset arvustust internetis, samuti ei tundu neil olevat klientide iseloomustusi kohapeal.<\/p>\n<div itemprop=\"review\" itemscope itemtype=\"http:\/\/schema.org\/Review\">\n<span itemprop=\"author\" itemscope=\"\" itemtype=\"http:\/\/schema.org\/Organization\"><span itemprop=\"name\">MoverDB.com<\/span><\/span> Veebilehe \u00fclevaatus veebisaidi jaoks <span itemprop=\"itemreviewed\" itemscope=\"\" itemtype=\"http:\/\/schema.org\/Brand\"><span itemprop=\"name\">Mudanzas Gou<\/span><\/span>:<\/p>\n<ol>\n<li> Selged kontaktandmed veebisaidil (sh telefoninumber): <strong>Jah<\/strong><\/li>\n<li> Lihtne saada <a href=\"https:\/\/moverdb.com\/et\/tsitaadid\/\">liikuvad hinnapakkumised<\/a>? (veebip\u00f5hine hinnangu taotluse vorm): <strong>Jah<\/strong><\/li>\n<li> Selge teave veebilehel: <strong>Jah,<\/strong> kuigi see on p\u00f5hiline, kirjeldab see nende teenuseid nii inglise kui ka hispaania keeles.<\/li>\n<li> Liikmelisus rahvusvahelistes tunnustatud liikumisorganisatsioonides: <strong>Jah<\/strong>, (paljud vt eespool)<\/li>\n<li> Klientide ja\/v\u00f5i varasemate klientide soovitused: <strong>Ei,<\/strong> me ei leidnud \u00fchtegi \u00fclevaadet ega kliendi iseloomustust.<\/li>\n<\/ol>\n<div itemprop=\"reviewRating\" itemscope itemtype=\"http:\/\/schema.org\/Rating\"><meta itemprop=\"worstRating\" content = \"0\" \/><meta itemprop=\"bestRating\" content=\"5\" \/><meta itemprop=\"ratingValue\" content=\"4\"><\/div>\n<p><strong>\u00dcldine hinne: 4\/5<\/strong><br \/>\n<strong>L\u00e4bivaatamise kuup\u00e4ev:<\/strong> <span itemprop=\"datePublished\" content=\"2017-02-24\">24\/02\/2017<\/span>\n<\/div>\n<p>Loe l\u00e4hemalt <a href=\"https:\/\/moverdb.com\/et\/kolimisfirmad\/\">rahvusvahelised kolimisfirmad<\/a> ja meie <a href=\"https:\/\/moverdb.com\/et\/arvustused\/\">l\u00e4bivaatamisprotsess<\/a>.<\/p>\n<p><strong>Veebilehed:<\/strong> Hispaania: <a href=\"http:\/\/www.mudanzasgou.com.mx\/\" target=\"_blank\" rel=\"noopener\">http:\/\/www.mudanzasgou.com.mx\/<\/a> Inglise keeles: <a href=\"http:\/\/www.mudanzasgou.com\/\" target=\"_blank\" rel=\"noopener\">http:\/\/www.mudanzasgou.com\/<\/a><\/p>","protected":false},"excerpt":{"rendered":"<p>Mudanzas Gou is a Mexican moving company which offers its clients a wide range of services which are listed below, together with a company profile and reviews. International Moves Door to door Full packing service, fragile packing or DIY packing Disassembly and reassembly of furniture Customs clearance and assistance with documentation Insurance arranged Unpacking service [&hellip;]<\/p>\n","protected":false},"author":1,"featured_media":0,"parent":0,"menu_order":0,"comment_status":"closed","ping_status":"closed","template":"","meta":{"_genesis_hide_title":false,"_genesis_hide_breadcrumbs":false,"_genesis_hide_singular_image":false,"_genesis_hide_footer_widgets":false,"_genesis_custom_body_class":"","_genesis_custom_post_class":"","_genesis_layout":"","footnotes":""},"class_list":{"0":"post-1570","1":"page","2":"type-page","3":"status-publish","5":"entry"},"_links":{"self":[{"href":"https:\/\/moverdb.com\/et\/wp-json\/wp\/v2\/pages\/1570","targetHints":{"allow":["GET"]}}],"collection":[{"href":"https:\/\/moverdb.com\/et\/wp-json\/wp\/v2\/pages"}],"about":[{"href":"https:\/\/moverdb.com\/et\/wp-json\/wp\/v2\/types\/page"}],"author":[{"embeddable":true,"href":"https:\/\/moverdb.com\/et\/wp-json\/wp\/v2\/users\/1"}],"replies":[{"embeddable":true,"href":"https:\/\/moverdb.com\/et\/wp-json\/wp\/v2\/comments?post=1570"}],"version-history":[{"count":4,"href":"https:\/\/moverdb.com\/et\/wp-json\/wp\/v2\/pages\/1570\/revisions"}],"predecessor-version":[{"id":6222,"href":"https:\/\/moverdb.com\/et\/wp-json\/wp\/v2\/pages\/1570\/revisions\/6222"}],"wp:attachment":[{"href":"https:\/\/moverdb.com\/et\/wp-json\/wp\/v2\/media?parent=1570"}],"curies":[{"name":"wp","href":"https:\/\/api.w.org\/{rel}","templated":true}]}}