{"id":1568,"date":"2017-02-01T16:22:03","date_gmt":"2017-02-01T16:22:03","guid":{"rendered":"http:\/\/moverdb.com\/?page_id=1568"},"modified":"2026-01-08T14:40:03","modified_gmt":"2026-01-08T14:40:03","slug":"leo-packers-movers","status":"publish","type":"page","link":"https:\/\/moverdb.com\/et\/leo-packers-movers\/","title":{"rendered":"Leo Packers and Movers - Rahvusvaheline kolimine Arvamused"},"content":{"rendered":"<p>Leo Packers and Movers asub Bangalore'is, <a href=\"https:\/\/moverdb.com\/et\/moving-to-india\/\" data-internallinksmanager029f6b8e52c=\"356\" title=\"Kolimine Indiasse? 2023 elamiskulud ja kolimisn\u00f5uanded\">India<\/a>. Ettev\u00f5te pakub oma klientidele mitmesuguseid teenuseid, mis on loetletud allpool koos ettev\u00f5tte profiili ja \u00fclevaatega.<\/p>\n<p><strong>Rahvusvahelised liikumised<\/strong><\/p>\n<ul>\n<li> Ukselt uksele<\/li>\n<li> Uks terminali juurde<\/li>\n<li> T\u00e4ielik pakkimisteenus, habras esemed v\u00f5i DIY pakkimine<\/li>\n<li> M\u00f6\u00f6bli lahtiv\u00f5tmine ja kokkupanek<\/li>\n<li> T\u00e4ielik lahtipakkimise teenus on saadaval<\/li>\n<li> Prahi eemaldamine<\/li>\n<li> Pika- ja l\u00fchiajaline ladustamine<\/li>\n<li> Tollivormistus ja abi dokumentide vormistamisel<\/li>\n<li> Lennutransport<\/li>\n<li> Meretransport<\/li>\n<li> Korraldatud kindlustus<\/li>\n<\/ul>\n<p><strong>Elamu kolimine<\/strong><\/p>\n<ul>\n<li> Ukselt uksele<\/li>\n<li> T\u00e4ielik pakkimisteenus saadaval<\/li>\n<li> M\u00f6\u00f6bli lahtiv\u00f5tmine ja kokkupanek<\/li>\n<li> Pakkimisteenus saadaval<\/li>\n<li> Prahi eemaldamine<\/li>\n<li> Kohandatud konteiners\u00f5idukid<\/li>\n<li> Pika- ja l\u00fchiajaline ladustamine<\/li>\n<li> Korraldatud kindlustus<\/li>\n<\/ul>\n<p><strong>Ettev\u00f5tte \u00fcmberpaigutamine<\/strong><\/p>\n<ul>\n<li> Teenus ukselt uksele<\/li>\n<li> M\u00f6\u00f6bli lahtiv\u00f5tmine ja kokkupanek<\/li>\n<li> T\u00e4ielik pakkimine<\/li>\n<li> N\u00f5uetekohane m\u00e4rgistamine<\/li>\n<li> T\u00f6\u00f6jaamade seadistamine<\/li>\n<li> P\u00e4rast t\u00f6\u00f6aega ja n\u00e4dalavahetusel toimuvad kolimised<\/li>\n<li> Prahi eemaldamine<\/li>\n<\/ul>\n<p><strong>Ladustamine<\/strong><\/p>\n<ul>\n<li> Kohandatud individuaalsed kajutid<\/li>\n<li> Tolmuvaba, Termiidivaba, L\u00f5hnavaba (kahjurit\u00f5rje)<\/li>\n<li> RCC hoone koos esimese korruse rajatistega<\/li>\n<li> Omandis olevad laod<\/li>\n<li> Turvalisus \u00f6\u00f6p\u00e4evaringselt<\/li>\n<li> J\u00e4relevalve<\/li>\n<\/ul>\n<h2>Leo Packers and Movers Ettev\u00f5tte profiil<\/h2>\n<p>Leo Packers and Movers avas oma uksed 1975. aastal Bangalore'is, Indias. Ettev\u00f5tet juhib endiselt selle asutajaperekond, Shahid, ja n\u00fc\u00fcdseks t\u00f6\u00f6tab selles kolm p\u00f5lvkonda. Ettev\u00f5te on s\u00f5ltumatu kolimisfirma ja on Indias tuntud kui \u00fcks parimaid ettev\u00f5tteid kodumajapidamiste ja ettev\u00f5tete kolimiseks nii kohalikul, piirkondlikul kui ka rahvusvahelisel tasandil.<\/p>\n<p>Ettev\u00f5te usub oma klientidega heade suhete edendamisse ja s\u00e4ilitamisse. Nad teavad, et kulud on oluline tegur, ja p\u00fc\u00fcavad hoida hindu madalal, s\u00e4ilitades samas suurep\u00e4rase teeninduse. Leo Packers and Movers \u00fctleb, et iga kolimine on erinev, mist\u00f5ttu iga kolimine on kohandatud vastavalt kliendile.<\/p>\n<p>Leo Packers and Moversil on j\u00e4rgmised akrediteeringud ja liitumised: -<\/p>\n<ul>\n<li> Ettev\u00f5tte veebisaidil ei ole mainitud<\/li>\n<\/ul>\n<h2>Leo Packers and Movers Arvamused<\/h2>\n<p><strong>Positiivne:<\/strong><\/p>\n<ul>\n<li> <em>\"Meeskonna liikmed mitte ainult ei k\u00e4itunud h\u00e4sti, vaid j\u00e4id ka oma \u00fclesande juurde ning olid keskendunud ja viisid oma t\u00f6\u00f6d kannatlikult l\u00e4bi.\"<\/em> rarami20000 kaudu <a href=\"http:\/\/www.mouthshut.com\/review\/Leo-Packers-and-Movers-Hyderabad-review-mmqtqrslsnm\" target=\"_blank\" rel=\"noopener\">MouthShut.com<\/a>\n<\/ul>\n<p><strong>Negatiivne:<\/strong><\/p>\n<ul>\n<li> <em>\"Need inimesed on k\u00f5ige hullemad t\u00fc\u00fcbid, k\u00f5igepealt v\u00f5tavad nad sinult raha ja p\u00e4rast seda ei kuula sind kunagi.\"<\/em> subbu2001978 kaudu <a href=\"http:\/\/www.mouthshut.com\/review\/Leo-Packers-and-Movers-Hyderabad-review-sqtrrrmoqqm\" target=\"_blank\" rel=\"noopener\">MouthShut.com<\/a><\/li>\n<\/ul>\n<div itemprop=\"review\" itemscope itemtype=\"http:\/\/schema.org\/Review\">\n<span itemprop=\"author\" itemscope=\"\" itemtype=\"http:\/\/schema.org\/Organization\"><span itemprop=\"name\">MoverDB.com<\/span><\/span> Veebilehe \u00fclevaatus veebisaidi jaoks <span itemprop=\"itemreviewed\" itemscope=\"\" itemtype=\"http:\/\/schema.org\/Brand\"><span itemprop=\"name\">Leo Packers ja kolijad<\/span><\/span>:<\/p>\n<ol>\n<li> Selged kontaktandmed veebisaidil (sh telefoninumber): <strong>Jah<\/strong><\/li>\n<li> Lihtne saada <a href=\"https:\/\/moverdb.com\/et\/tsitaadid\/\">rahvusvahelised liikuvad hinnapakkumised<\/a>? (veebip\u00f5hine hinnangu taotluse vorm): <strong>Jah<\/strong><\/li>\n<li> Selge teave veebilehel: <strong>Piiratud<\/strong> veebisait pakub ainult piiratud teavet nende teenuste kohta.<\/li>\n<li> Liikmelisus rahvusvahelistes tunnustatud liikumisorganisatsioonides: <strong>Ei ole loetletud<\/strong><\/li>\n<li> Klientide ja\/v\u00f5i varasemate klientide soovitused. <strong>Ei,<\/strong> kuid neil on fotogalerii.<\/li>\n<\/ol>\n<div itemprop=\"reviewRating\" itemscope itemtype=\"http:\/\/schema.org\/Rating\"><meta itemprop=\"worstRating\" content = \"0\" \/><meta itemprop=\"bestRating\" content=\"5\" \/><meta itemprop=\"ratingValue\" content=\"3\"><\/div>\n<p><strong>\u00dcldine hinne: 3\/5<\/strong><br \/>\n<strong>L\u00e4bivaatamise kuup\u00e4ev:<\/strong> <span itemprop=\"datePublished\" content=\"2017-02-01\">01\/02\/2017<\/span>\n<\/div>\n<p>Loe l\u00e4hemalt <a href=\"https:\/\/moverdb.com\/et\/kolimisfirmad\/\">rahvusvahelised kolimisfirmad<\/a> ja meie <a href=\"https:\/\/moverdb.com\/et\/arvustused\/\">l\u00e4bivaatamisprotsess<\/a>.<\/p>\n<p><strong>Veebileht:<\/strong> <a href=\"http:\/\/www.leopackersindia.com\/\" target=\"_blank\" rel=\"noopener\">http:\/\/www.leopackersindia.com\/<\/a><\/p>","protected":false},"excerpt":{"rendered":"<p>Leo Packers and Movers is based in Bangalore, India. The company offers its customers a wide range of services which are listed below, together with a company profile and reviews. International Moves Door to door Door to terminal Full packing service, fragile items or DIY packing Dismantling and reassembly of furniture Full unpacking service available [&hellip;]<\/p>\n","protected":false},"author":1,"featured_media":0,"parent":0,"menu_order":0,"comment_status":"closed","ping_status":"closed","template":"","meta":{"_genesis_hide_title":false,"_genesis_hide_breadcrumbs":false,"_genesis_hide_singular_image":false,"_genesis_hide_footer_widgets":false,"_genesis_custom_body_class":"","_genesis_custom_post_class":"","_genesis_layout":"","footnotes":""},"class_list":{"0":"post-1568","1":"page","2":"type-page","3":"status-publish","5":"entry"},"_links":{"self":[{"href":"https:\/\/moverdb.com\/et\/wp-json\/wp\/v2\/pages\/1568","targetHints":{"allow":["GET"]}}],"collection":[{"href":"https:\/\/moverdb.com\/et\/wp-json\/wp\/v2\/pages"}],"about":[{"href":"https:\/\/moverdb.com\/et\/wp-json\/wp\/v2\/types\/page"}],"author":[{"embeddable":true,"href":"https:\/\/moverdb.com\/et\/wp-json\/wp\/v2\/users\/1"}],"replies":[{"embeddable":true,"href":"https:\/\/moverdb.com\/et\/wp-json\/wp\/v2\/comments?post=1568"}],"version-history":[{"count":3,"href":"https:\/\/moverdb.com\/et\/wp-json\/wp\/v2\/pages\/1568\/revisions"}],"predecessor-version":[{"id":13170,"href":"https:\/\/moverdb.com\/et\/wp-json\/wp\/v2\/pages\/1568\/revisions\/13170"}],"wp:attachment":[{"href":"https:\/\/moverdb.com\/et\/wp-json\/wp\/v2\/media?parent=1568"}],"curies":[{"name":"wp","href":"https:\/\/api.w.org\/{rel}","templated":true}]}}