{"id":1558,"date":"2017-07-10T10:38:01","date_gmt":"2017-07-10T10:38:01","guid":{"rendered":"http:\/\/moverdb.com\/?page_id=1558"},"modified":"2026-01-08T15:20:30","modified_gmt":"2026-01-08T15:20:30","slug":"packimpex","status":"publish","type":"page","link":"https:\/\/moverdb.com\/et\/packimpex\/","title":{"rendered":"Packimpex - Rahvusvaheline \u00fcmberpaigutamine ja kolimine Arvamused"},"content":{"rendered":"<p>Packimpex on \u00fcmberpaigutamise ja <a href=\"https:\/\/moverdb.com\/et\/international-removals\/\" data-internallinksmanager029f6b8e52c=\"27\" title=\"36 Parimad rahvusvahelised kolimisfirmad \u00dchendkuningriigis\">kolimisfirma<\/a> asukohaga <a href=\"https:\/\/moverdb.com\/et\/moving-to-bern\/\" data-internallinksmanager029f6b8e52c=\"262\" title=\"Kolimine Berni? 2023 elamiskulud ja kolimisn\u00f5uanded\">Bern<\/a>, <a href=\"https:\/\/moverdb.com\/et\/moving-to-switzerland\/\" data-internallinksmanager029f6b8e52c=\"327\" title=\"Kolimine \u0160veitsi? 2023 elamiskulud ja kolimisn\u00f5uanded\">\u0160veits<\/a>. Ta pakub oma klientidele mitmesuguseid teenuseid, mis on loetletud allpool koos ettev\u00f5tte profiili ja \u00fclevaadetega.<\/p>\n<p><strong>Rahvusvahelised liikumised<\/strong><\/p>\n<ul>\n<li> Spetsiaalne kolimisjuht<\/li>\n<li> T\u00e4ielik pakkimisteenus, osaline pakkimine v\u00f5i DIY pakkimine<\/li>\n<li> Mitmekeelsed pakendajad<\/li>\n<li> V\u00f5imaluse korral korduvkasutatav ja taaskasutatav pakend.<\/li>\n<li> Lennu-, maantee- v\u00f5i meretransport<\/li>\n<li> Lemmikloomade \u00fcmberpaigutamine<\/li>\n<li> <a href=\"https:\/\/moverdb.com\/et\/autoveo-laevandus\/\">Autod<\/a><\/li>\n<li> Pika- ja l\u00fchiajaline ladustamine<\/li>\n<li> Abi tollivormistuse ja dokumentatsiooniga<\/li>\n<li> T\u00e4ielik lahtipakkimise teenus on saadaval<\/li>\n<li> Korraldatud kindlustus<\/li>\n<\/ul>\n<p><strong>Sihtkohateenused - \u0160veits<\/strong><\/p>\n<ul>\n<li> Konsultatsioonid<\/li>\n<li> Immigratsiooniteenused<\/li>\n<li> Orienteerumisringk\u00e4ik<\/li>\n<li> Saabumisteenus<\/li>\n<li> Korraldatud ajutine majutus<\/li>\n<li> Kodu otsing<\/li>\n<li> Hariduse ja lastehoiu abi<\/li>\n<li> Teenuste sisseseadmine<\/li>\n<li> Integratsiooni toetusprogramm<\/li>\n<li> Autod - import v\u00f5i ostmine<\/li>\n<li> R\u00fchma liikumised<\/li>\n<li> V\u00e4ljumisteenused<\/li>\n<\/ul>\n<p><strong>Ettev\u00f5tte eluasemeteenused<\/strong><\/p>\n<ul>\n<li> Broneeringute haldamine<\/li>\n<li> Korterite haldamine<\/li>\n<li> Kulude haldamine<\/li>\n<li> \u00dc\u00fcrniku muutmise toetus<\/li>\n<li> Ettev\u00f5tte korterite \u00fchiskasutus<\/li>\n<li> M\u00f6\u00f6bli rentimine<\/li>\n<li> M\u00f6\u00f6bli haldamine<\/li>\n<li> M\u00f6bleeritud korterid Packimpexilt<\/li>\n<\/ul>\n<p><strong>Kohalikud kolimised<\/strong><\/p>\n<ul>\n<li> Ukselt uksele<\/li>\n<li> T\u00e4isteenuse kolimine<\/li>\n<li> Piiratud teenuse liikumine<\/li>\n<li> Pika- ja l\u00fchiajaline ladustamine<\/li>\n<li> Pakkimisteenus saadaval<\/li>\n<li> Pakutav kindlustus<\/li>\n<li> Prahi eemaldamine<\/li>\n<\/ul>\n<h2>Packimpexi ettev\u00f5tte profiil<\/h2>\n<p>Packimpex alustas rahvusvahelistele kolimistele keskendumist 1977. aastal ja on n\u00fc\u00fcdseks \u0160veitsi rahvusvaheliste kolimiste ja \u00fcmberpaigutamiste esirinnas. Ettev\u00f5ttel on k\u00fcmme kontorit erinevates kohtades \u0160veitsis ja \u00fcks \u0160veitsis. <a href=\"https:\/\/moverdb.com\/et\/moving-to-germany\/\" data-internallinksmanager029f6b8e52c=\"321\" title=\"Kolimine Saksamaale? 2023 elamiskulud ja kolimisn\u00f5uanded\">Saksamaa<\/a>. Packimpexis t\u00f6\u00f6tab \u00fcle 300 t\u00f6\u00f6taja, kes k\u00f5ik on nende s\u00f5nul oma ala eksperdid. Et olla kursis viimaste uuendustega kolimis- ja kolimist\u00f6\u00f6stuses, on ettev\u00f5ttel oma koolitusakadeemia.<\/p>\n<p>\u00dcle 60% \u0160veitsi 100st suurimast ettev\u00f5ttest kasutab Packimpexi oma kohalike kolimiste ja t\u00f6\u00f6tajate \u00fcmberpaigutuste puhul. Packimpex on osa UniGroupi kolimisv\u00f5rgustikust, mis annab talle juurdep\u00e4\u00e4su kolijatele 63 riigis ja 1200 asukohas. Ettev\u00f5ttele kuulub ka 40 m\u00f6bleeritud korterit \u0160veitsi suuremates linnades, mida renditakse ettev\u00f5tetele ja nende v\u00e4lismaistele t\u00f6\u00f6tajatele.<\/p>\n<p>Packimpex on uhke oma keskkonnas\u00f5braliku \u00e4rimudeli \u00fcle ja taaskasutab oma pakendeid v\u00f5imaluse korral. Et v\u00e4hendada ettev\u00f5tte s\u00fcsiniku jalaj\u00e4lge, on pidevalt k\u00e4imas mitmesuguseid s\u00fcsiniku kompenseerimise projekte.<\/p>\n<p>Packimpexil on j\u00e4rgmised akrediteeringud ja sidemed:<\/p>\n<ul>\n<li> <a href=\"https:\/\/moverdb.com\/et\/fidi-faim\/\">FIDI<\/a><\/li>\n<li> <a href=\"https:\/\/moverdb.com\/et\/fidi-faim\/\" data-internallinksmanager029f6b8e52c=\"16\" title=\"FIDI &amp; FAIM (FIDI akrediteeritud rahvusvaheline kolija) selgitatud\">FAIM<\/a>-ISO<\/li>\n<li> UniGroup \u00fcmberpaigutamise v\u00f5rgustik<\/li>\n<li> OMNI<\/li>\n<li> <a href=\"https:\/\/moverdb.com\/et\/tootajate-umberpaigutamise-noukogu\/\">T\u00f6\u00f6h\u00f5ive \u00fcmberpaigutamise n\u00f5ukogu<\/a> (<a href=\"https:\/\/moverdb.com\/et\/employee-relocation-council\/\" data-internallinksmanager029f6b8e52c=\"83\" title=\"\u00dclemaailmne t\u00f6\u00f6tajate \u00fcmberpaigutamise n\u00f5ukogu (ERC) selgitused\">ERC<\/a>)<\/li>\n<li> <a href=\"https:\/\/moverdb.com\/et\/eura\/\">Euroopa \u00dcmberpaigutamise Assotsiatsioon<\/a> (<a href=\"https:\/\/moverdb.com\/et\/eura\/\" data-internallinksmanager029f6b8e52c=\"13\" title=\"Euroopa \u00dcmberpaigutamise Assotsiatsiooni (EuRA) selgitused\">EURA<\/a>)<\/li>\n<li> ISO 9001<\/li>\n<li> ISO 14001<\/li>\n<li> ISO 27001<\/li>\n<\/ul>\n<h2>Packimpex Arvamused<\/h2>\n<p><strong>Positiivne:<\/strong><\/p>\n<p><em>\"Need poisid olid suurep\u00e4rased. Mul ei ole aimugi, et <a href=\"https:\/\/moverdb.com\/et\/kolimiskulud\/\" target=\"_blank\" rel=\"noopener\">kulud<\/a> kuna ettev\u00f5te hoolitses selle eest, kuid see, kui hoolikalt nad pakendasid minu maja kokku <a href=\"https:\/\/moverdb.com\/et\/moving-to-london\/\" target=\"_blank\" rel=\"noopener\">London<\/a> ja see, kui hoolikalt nad k\u00f5ik siinpool kokku panid, oli suurep\u00e4rane.\"<\/em> - kaudu. <a href=\"https:\/\/www.englishforum.ch\/housing-general\/131431-packimpex-review.html\" target=\"_blank\" rel=\"noopener\">Inglise foorum \u0160veits<\/a><\/p>\n<p><strong>Negatiivne: <\/strong><\/p>\n<p><em>\"\u00c4\u00e4rmiselt kehv lahkumisprotseduuride korraldamine\"<\/em> - Anu kaudu <a href=\"https:\/\/www.facebook.com\/pg\/packimpex\/reviews\/?ref=page_internal\" target=\"_blank\" rel=\"noopener\">Facebook<\/a><\/p>\n<div itemprop=\"review\" itemscope itemtype=\"http:\/\/schema.org\/Review\">\n<span itemprop=\"author\" itemscope=\"\" itemtype=\"http:\/\/schema.org\/Organization\"><span itemprop=\"name\">MoverDB.com<\/span><\/span> Veebilehe \u00fclevaatus veebisaidi jaoks <span itemprop=\"itemreviewed\" itemscope=\"\" itemtype=\"http:\/\/schema.org\/Brand\"><span itemprop=\"name\">Packimpex<\/span><\/span>:<\/p>\n<ol>\n<li> Selged kontaktandmed veebisaidil (sh telefoninumber): <strong>Jah<\/strong><\/li>\n<li> Lihtne saada <a href=\"https:\/\/moverdb.com\/et\/tsitaadid\/\">rahvusvahelised liikuvad hinnapakkumised<\/a>? (veebip\u00f5hine hinnangu taotluse vorm): <strong>Jah<\/strong><\/li>\n<li> Selge teave veebilehel: <strong>Jah,<\/strong> Kodulehel on selgelt v\u00e4lja toodud k\u00f5ik pakutavad teenused.<\/li>\n<li> Liikmelisus rahvusvahelistes tunnustatud liikumisorganisatsioonides: <strong>Jah<\/strong>, (vt eespool)<\/li>\n<li> Klientide ja\/v\u00f5i varasemate klientide soovitused. <strong>Ei,<\/strong> kuid enamik veebiarvustusi ettev\u00f5tte kohta n\u00e4ivad olevat positiivsed.<\/li>\n<\/ol>\n<div itemprop=\"reviewRating\" itemscope itemtype=\"http:\/\/schema.org\/Rating\"><meta itemprop=\"worstRating\" content = \"0\" \/><meta itemprop=\"bestRating\" content=\"5\" \/><meta itemprop=\"ratingValue\" content=\"4.5\"><\/div>\n<p><strong>\u00dcldine hinne: 4.5\/5<\/strong><br \/>\n<strong>L\u00e4bivaatamise kuup\u00e4ev:<\/strong> <span itemprop=\"datePublished\" content=\"2017-07-10\">10\/07\/2017<\/span>\n<\/div>\n<p>Loe l\u00e4hemalt <a href=\"https:\/\/moverdb.com\/et\/kolimisfirmad\/\">rahvusvahelised kolimisfirmad<\/a> ja meie <a href=\"https:\/\/moverdb.com\/et\/arvustused\/\">l\u00e4bivaatamisprotsessi selgitamine<\/a>.<\/p>\n<p><strong>Veebileht:<\/strong> <a href=\"http:\/\/www.packimpex.ch\/\" target=\"_blank\" rel=\"noopener\">http:\/\/www.packimpex.ch\/<\/a><\/p>","protected":false},"excerpt":{"rendered":"<p>Packimpex is a relocation and removal company based in Bern, Switzerland. It offers its clients a range of services which are listed below, together with a company profile and reviews. International Moves Dedicated move manager Full packing service, partial packing or DIY packing Multilingual packers Reusable and recyclable packing where possible Air, road or sea [&hellip;]<\/p>\n","protected":false},"author":1,"featured_media":0,"parent":0,"menu_order":0,"comment_status":"closed","ping_status":"closed","template":"","meta":{"_genesis_hide_title":false,"_genesis_hide_breadcrumbs":false,"_genesis_hide_singular_image":false,"_genesis_hide_footer_widgets":false,"_genesis_custom_body_class":"","_genesis_custom_post_class":"","_genesis_layout":"","footnotes":""},"class_list":{"0":"post-1558","1":"page","2":"type-page","3":"status-publish","5":"entry"},"_links":{"self":[{"href":"https:\/\/moverdb.com\/et\/wp-json\/wp\/v2\/pages\/1558","targetHints":{"allow":["GET"]}}],"collection":[{"href":"https:\/\/moverdb.com\/et\/wp-json\/wp\/v2\/pages"}],"about":[{"href":"https:\/\/moverdb.com\/et\/wp-json\/wp\/v2\/types\/page"}],"author":[{"embeddable":true,"href":"https:\/\/moverdb.com\/et\/wp-json\/wp\/v2\/users\/1"}],"replies":[{"embeddable":true,"href":"https:\/\/moverdb.com\/et\/wp-json\/wp\/v2\/comments?post=1558"}],"version-history":[{"count":4,"href":"https:\/\/moverdb.com\/et\/wp-json\/wp\/v2\/pages\/1558\/revisions"}],"predecessor-version":[{"id":6228,"href":"https:\/\/moverdb.com\/et\/wp-json\/wp\/v2\/pages\/1558\/revisions\/6228"}],"wp:attachment":[{"href":"https:\/\/moverdb.com\/et\/wp-json\/wp\/v2\/media?parent=1558"}],"curies":[{"name":"wp","href":"https:\/\/api.w.org\/{rel}","templated":true}]}}