{"id":1548,"date":"2017-02-01T15:00:53","date_gmt":"2017-02-01T15:00:53","guid":{"rendered":"http:\/\/moverdb.com\/?page_id=1548"},"modified":"2026-01-08T15:20:43","modified_gmt":"2026-01-08T15:20:43","slug":"sirva","status":"publish","type":"page","link":"https:\/\/moverdb.com\/et\/sirva\/","title":{"rendered":"SIRVA - Rahvusvaheline kolimine ja \u00fcmberpaigutamine Arvamused"},"content":{"rendered":"<p>SIRVA on \u00fclemaailmne \u00fcmberpaigutamise ettev\u00f5te, mille peakontor asub <a href=\"https:\/\/moverdb.com\/et\/moving-to-the-united-states\/moving-to-illinois\/\" data-internallinksmanager029f6b8e52c=\"401\" title=\"Illinois&#039;sse kolimine? 2023 elamiskulud ja kolimisn\u00f5uanded\">Illinois<\/a>. See pakub oma \u00e4ri- ja eraklientidele mitmesuguseid kolimisteenuseid. Need on loetletud allpool koos ettev\u00f5tte profiili ja \u00fclevaatega.<\/p>\n<p><strong>Rahvusvaheline kolimine<\/strong><\/p>\n<ul>\n<li> \u00dclemaailmne liikuvate ressursside v\u00f5rgustik<\/li>\n<li> J\u00e4lgi oma saadetist 24\/7<\/li>\n<li> Maja \u00fclevaatus, et teha kindlaks pakendamisn\u00f5uded jne.<\/li>\n<li> Korraldatud kindlustus<\/li>\n<li> Isiklik koordinaator abistab n\u00f5utavate dokumentide esitamisel<\/li>\n<li> Pakkimine ja laadimine<\/li>\n<li> Tollivormistus<\/li>\n<li> Kohaletoimetamine ja lahtipakkimine<\/li>\n<li> Ingliskeelsed meeskonnajuhid abistavad teid kohaletoimetamisel.<\/li>\n<li> K\u00f5ik esemed laaditakse hoolikalt v\u00e4lja ja v\u00f5rreldakse teie inventarinimekirjaga ning paigutatakse \u00f5igetesse ruumidesse.<\/li>\n<li> Habras esemed, nagu klaas ja <a href=\"https:\/\/moverdb.com\/et\/moving-to-china\/\" data-internallinksmanager029f6b8e52c=\"357\" title=\"Kolimine Hiinasse? 2023 elamiskulud ja kolimisn\u00f5uanded\">Hiina<\/a>, pakitakse lahti tasasel pinnal<\/li>\n<li> K\u00f5ik pakkematerjalid ja prahi eemaldatakse teie kodust kiiresti.<\/li>\n<\/ul>\n<p><strong>Ettev\u00f5tte \u00fcmberpaigutamise teenused<\/strong><\/p>\n<ul>\n<li> Teenuste sisseseadmine<\/li>\n<li> Viisa ja t\u00f6\u00f6luba<\/li>\n<li> Kooli ja kodu otsing<\/li>\n<li> Kultuuriline teave<\/li>\n<li> Partneri\/abikaasa abi<\/li>\n<li> Spetsiaalne pakendamine<\/li>\n<\/ul>\n<p><strong>Kolimisteenused<\/strong><\/p>\n<ul>\n<li> Kodumajapidamise kolimine<\/li>\n<li> Ettev\u00f5tte liikumine<\/li>\n<li> Kohalik kolimine<\/li>\n<li> Riikidevaheline kolimine<\/li>\n<li> Rahvusvaheline liikumine<\/li>\n<li> Isiklik kolimisplaan<\/li>\n<\/ul>\n<h2>SIRVA ettev\u00f5tte profiil<\/h2>\n<p>Sirva Inc asutati 1997. aastal ja on ettev\u00f5te, mis pakub ettev\u00f5tetele ja eraisikutele kolimis- ja \u00fcmberpaigutamisteenuseid. Ettev\u00f5te tegutseb enam kui 170 riigis ja enam kui 1400 linnas ning selle P\u00f5hja-Ameerika kaubam\u00e4rgid on j\u00e4rgmised. <a href=\"https:\/\/moverdb.com\/et\/allied-van-lines\/\">Allied Van Lines<\/a> ja <a href=\"https:\/\/moverdb.com\/et\/north-american-van-lines\/\">North American Van Lines<\/a>.<\/p>\n<p>Sirva teostab aastas umbes 385 000 \u00fcmberpaigutamist 43 riigis \u00fcle kogu maailma. Nende hulka kuuluvad nii \u00e4rikliendid kui ka s\u00f5jav\u00e4elased ja valitsusasutused.<\/p>\n<p>Sirval on j\u00e4rgmised akrediteeringud ja sidemed:<\/p>\n<ul>\n<li> <a href=\"https:\/\/moverdb.com\/et\/olen\/\">Rahvusvaheline kolijate assotsiatsioon<\/a> (<a href=\"https:\/\/moverdb.com\/et\/iam\/\" data-internallinksmanager029f6b8e52c=\"23\" title=\"Rahvusvaheline kolijate assotsiatsioon (IAM) Selgitatud\">IAM<\/a>)<\/li>\n<\/ul>\n<h2>SIRVA Arvamused<\/h2>\n<p><strong>Positiivne:<\/strong><\/p>\n<ul>\n<li> <em>\"Minu abikaasal ja minul oli suurep\u00e4rane kogemus Sirva h\u00fcpoteegi kasutamisel meie hiljutise \u00fcmberpaigutamise puhul.\"<\/em> Karlee kaudu <a href=\"https:\/\/www.reputada.com\/company\/sirva.com\" target=\"_blank\" rel=\"noopener\">Reputada<\/a>.\n<\/ul>\n<p><strong>Negatiivne:<\/strong><\/p>\n<ul>\n<li> <em>\"K\u00f5ik koos, et minu vastust ei peetaks mingiks \"laimamiseks\", p\u00fc\u00fcan k\u00f5ige paremini lihtsalt kujutada, mis toimus, p\u00fc\u00fcdes kasutada nii paar entusiastlikku s\u00f5na kui m\u00f5istlikult v\u00f5ib eeldada\" <\/em> - Lilaora kaudu <a href=\"https:\/\/www.trulia.com\/voices\/Home_Selling\/Has_anyone_dealt_with_a_relocation_firm_called_SIR-29232\" target=\"_blank\" rel=\"noopener\">Trulia<\/a>.\n<\/ul>\n<p>SIRVA kaubam\u00e4rkide kohta peaksite lugema ka <a href=\"https:\/\/moverdb.com\/et\/allied-van-lines\/\">Allied Van Lines arvustused<\/a> ja <a href=\"https:\/\/moverdb.com\/et\/north-american-van-lines\/\">North American Van Lines'i hinnangud<\/a>.<\/p>\n<div itemprop=\"review\" itemscope itemtype=\"http:\/\/schema.org\/Review\">\n<span itemprop=\"author\" itemscope=\"\" itemtype=\"http:\/\/schema.org\/Organization\"><span itemprop=\"name\">MoverDB.com<\/span><\/span> Veebilehe \u00fclevaatus veebisaidi jaoks <span itemprop=\"itemreviewed\" itemscope=\"\" itemtype=\"http:\/\/schema.org\/Brand\"><span itemprop=\"name\">SIRVA<\/span><\/span>:<\/p>\n<ol>\n<li> Selged kontaktandmed veebisaidil (sh telefoninumber): <strong>Jah<\/strong><\/li>\n<li> Lihtne saada <a href=\"https:\/\/moverdb.com\/et\/tsitaadid\/\">rahvusvahelised liikuvad hinnapakkumised<\/a>? (veebip\u00f5hine hinnangu taotluse vorm): <strong>Jah<\/strong><\/li>\n<li> Selge teave veebilehel: <strong>Jah,<\/strong> Kodulehel on selgelt esitatud k\u00f5ik pakutavad teenused.<\/li>\n<li> Liikmelisus rahvusvahelistes tunnustatud liikumisorganisatsioonides: <strong>Jah<\/strong>, (kuigi ainult IAM)<\/li>\n<li> Klientide ja\/v\u00f5i varasemate klientide soovitused. <strong>Jah,<\/strong> neil on oma veebisaidil juhtumiuuringute osa. Siiski on veebis piiratud arv kommentaare, millest enamik on neutraalsed v\u00f5i negatiivsed.<\/li>\n<\/ol>\n<div itemprop=\"reviewRating\" itemscope itemtype=\"http:\/\/schema.org\/Rating\"><meta itemprop=\"worstRating\" content = \"0\" \/><meta itemprop=\"bestRating\" content=\"5\" \/><meta itemprop=\"ratingValue\" content=\"4.5\"><\/div>\n<p><strong>\u00dcldine hinne: 4.5\/5<\/strong><br \/>\n<strong>L\u00e4bivaatamise kuup\u00e4ev:<\/strong> <span itemprop=\"datePublished\" content=\"2016-02-01\">01\/02\/2017<\/span>\n<\/div>\n<p>Loe l\u00e4hemalt <a href=\"https:\/\/moverdb.com\/et\/kolimisfirmad\/\">rahvusvahelised kolijad<\/a> ja meie <a href=\"https:\/\/moverdb.com\/et\/arvustused\/\">l\u00e4bivaatamisprotsess<\/a>.<\/p>\n<p><strong>Veebileht:<\/strong> <a href=\"https:\/\/www.sirva.com\/\" target=\"_blank\" rel=\"noopener\">https:\/\/www.sirva.com\/<\/a> <\/p>","protected":false},"excerpt":{"rendered":"<p>SIRVA is a global relocation company with its head office in Illinois. It offers its corporate and individual clients a variety of moving services. These are listed below together with a company profile and reviews. International Moving Worldwide network of moving resources Track your shipment 24\/7 House survey to ascertain packing requirements etc Insurance arranged [&hellip;]<\/p>\n","protected":false},"author":1,"featured_media":0,"parent":0,"menu_order":0,"comment_status":"closed","ping_status":"closed","template":"","meta":{"_genesis_hide_title":false,"_genesis_hide_breadcrumbs":false,"_genesis_hide_singular_image":false,"_genesis_hide_footer_widgets":false,"_genesis_custom_body_class":"","_genesis_custom_post_class":"","_genesis_layout":"","footnotes":""},"class_list":{"0":"post-1548","1":"page","2":"type-page","3":"status-publish","5":"entry"},"_links":{"self":[{"href":"https:\/\/moverdb.com\/et\/wp-json\/wp\/v2\/pages\/1548","targetHints":{"allow":["GET"]}}],"collection":[{"href":"https:\/\/moverdb.com\/et\/wp-json\/wp\/v2\/pages"}],"about":[{"href":"https:\/\/moverdb.com\/et\/wp-json\/wp\/v2\/types\/page"}],"author":[{"embeddable":true,"href":"https:\/\/moverdb.com\/et\/wp-json\/wp\/v2\/users\/1"}],"replies":[{"embeddable":true,"href":"https:\/\/moverdb.com\/et\/wp-json\/wp\/v2\/comments?post=1548"}],"version-history":[{"count":5,"href":"https:\/\/moverdb.com\/et\/wp-json\/wp\/v2\/pages\/1548\/revisions"}],"predecessor-version":[{"id":6239,"href":"https:\/\/moverdb.com\/et\/wp-json\/wp\/v2\/pages\/1548\/revisions\/6239"}],"wp:attachment":[{"href":"https:\/\/moverdb.com\/et\/wp-json\/wp\/v2\/media?parent=1548"}],"curies":[{"name":"wp","href":"https:\/\/api.w.org\/{rel}","templated":true}]}}