{"id":1542,"date":"2017-02-01T16:45:14","date_gmt":"2017-02-01T16:45:14","guid":{"rendered":"http:\/\/moverdb.com\/?page_id=1542"},"modified":"2026-01-08T15:30:38","modified_gmt":"2026-01-08T15:30:38","slug":"vip-transport","status":"publish","type":"page","link":"https:\/\/moverdb.com\/et\/vip-transport\/","title":{"rendered":"VIP Transport - Rahvusvaheline kolimine Arvamused"},"content":{"rendered":"<p>VIP Transport'i peakontor asub Coronas, CA. Ettev\u00f5te pakub oma klientidele erinevaid kolimisteenuseid, mis on loetletud allpool koos ettev\u00f5tte profiili ja \u00fclevaatega.<\/p>\n<p><strong>Rahvusvahelised liikumised<\/strong><\/p>\n<p>L\u00e4hetuse eelsed teenused<\/p>\n<ul>\n<li>Viisa- ja sisser\u00e4ndeteenused<\/li>\n<li>Esialgne reis ja piirkondliku orienteerumise v\u00f5imalus<\/li>\n<li>Teave riigi ja kultuuri kohta<\/li>\n<\/ul>\n<p>Kolimisteenused<\/p>\n<ul>\n<li>Kolimiseelne planeerimine<\/li>\n<li>Asjade transportimine<\/li>\n<li>Kolimise haldamine<\/li>\n<li>Saadetise j\u00e4lgimine<\/li>\n<\/ul>\n<p>Rahvusvahelised sihtkohateenused<\/p>\n<ul>\n<li>Kultuuri- ja keelekoolitus<\/li>\n<li>Kooliabi<\/li>\n<li>Partneri\/abikaasa toetus<\/li>\n<li>Teenuse sisseseadmine<\/li>\n<li>V\u00e4ljas\u00f5iduabi<\/li>\n<\/ul>\n<p>Kaitseteenused<\/p>\n<ul>\n<li>Kaalukordaja<\/li>\n<li>K\u00f5rge v\u00e4\u00e4rtusega inventar<\/li>\n<li>Individuaalselt hinnatud inventar<\/li>\n<\/ul>\n<p>Eluasemetoetus<\/p>\n<ul>\n<li>Kodu leidmise teenused<\/li>\n<li>Ajutine majutus<\/li>\n<li>Kinnisvara ja \u00fc\u00fcrilepingute haldamine<\/li>\n<\/ul>\n<p><strong>Kodu \u00fcmberpaigutused<\/strong><\/p>\n<ul>\n<li>Kohalik, pikamaa ja rahvusvaheline kolimine<\/li>\n<li>Ladustamine ja kliimakontrollitud ladustamine<\/li>\n<li>Kohandatud pakkimine<\/li>\n<li>Pakkimis- ja lahtipakkimisteenused<\/li>\n<li>Autotransport<\/li>\n<li>V\u00f5rgu, arvuti ja teatri \u00fchendamine<\/li>\n<li>Kinnisvarateenused<\/li>\n<li>Valge kinnasega teenused<\/li>\n<\/ul>\n<p><strong>Ettev\u00f5tte \u00fcmberpaigutamine<\/strong><\/p>\n<ul>\n<li>Isiklik koordinaator<\/li>\n<li>Ukselt uksele<\/li>\n<li>T\u00e4ielik pakkimine ja lahtipakkimine<\/li>\n<li>Pika- ja l\u00fchiajaline ladustamine<\/li>\n<li>P\u00f5hjalik aruandlus ja kulude j\u00e4lgimine<\/li>\n<li>Tasemep\u00f5hised teenusepakkumised<\/li>\n<li>Paindlikud teenused toetusp\u00f5histe kulutuste jaoks<\/li>\n<li>Kohandatud tervituslehed<\/li>\n<li>Online j\u00e4lgimine<\/li>\n<li>Eraldi kliendihaldur ainult t\u00f6\u00f6tajatele<\/li>\n<li>Ajutine majutus<\/li>\n<\/ul>\n<p><strong>Eriala teenused<\/strong><\/p>\n<ul>\n<li>Veini kolimise ja veo teenused<\/li>\n<li>Custom Crating<\/li>\n<li>Valge kinnas teenus<\/li>\n<li>K\u00f5rge v\u00e4\u00e4rtusega kollektsioonitarbed<\/li>\n<li>Meditsiiniseadmete transport<\/li>\n<li>Elektroonika ja robootika<\/li>\n<li>K\u00fclalislahkus ja tervishoid<\/li>\n<li>Muusika ja meelelahutus<\/li>\n<li>Lennunduslogistika<\/li>\n<li>Sportlaste ja spordimeeskondade \u00fcmberpaigutamine<\/li>\n<li>Teenindus Hawaii saartele<\/li>\n<li>Laboratooriumi liikumine<\/li>\n<li>Kaunite kunstide ja antikvariaat<\/li>\n<li>S\u00f5jav\u00e4gi ja GSA<\/li>\n<li>\u00dclikoolide ja akadeemiliste asutuste \u00fcmberpaigutamine<\/li>\n<\/ul>\n<p><strong>Logistika<\/strong><\/p>\n<ul>\n<li>Logistika \/ LTL \/ veoauto koormus<\/li>\n<li>Ladustamine ja jaotamine<\/li>\n<li>Laevastiku v\u00f5imekus<\/li>\n<li>Messiteenused<\/li>\n<li>\u00c4ri\u00fchingu \u00fcmberpaigutamine<\/li>\n<li>Lamealuste teenuste osutamine<\/li>\n<li>Rigging teenused<\/li>\n<li><a href=\"https:\/\/moverdb.com\/et\/container-shipping\/\" data-internallinksmanager029f6b8e52c=\"3\" title=\"Rahvusvaheliste konteinerite veohindade graafik: aprill 2026\">Rahvusvaheline laevandus<\/a><\/li>\n<\/ul>\n<p><strong>Ladustamine<\/strong><\/p>\n<ul>\n<li>Pika- ja l\u00fchiajaline<\/li>\n<li>Kliimakontroll ja minimaalne UV-valgustus<\/li>\n<li>Privaatne veinihoidla<\/li>\n<li>24h turvalisus<\/li>\n<li>Ranged tulekahju-, h\u00e4ire- ja turvakatsetused<\/li>\n<li>Kliimakontrollitud privaatruumid, mis on varustatud turvatud koodiga sisenemiss\u00fcsteemiga.<\/li>\n<\/ul>\n<h2>VIP Transport Ettev\u00f5tte profiil<\/h2>\n<p>VIP Transport on osa UniGroupist, mis on emaettev\u00f5tte <a href=\"https:\/\/moverdb.com\/et\/mayflower-transit\/\">Mayflower Transit<\/a> ja <a href=\"https:\/\/moverdb.com\/et\/united-van-lines\/\">United Van Lines<\/a>. 1982. aastal asutatud ettev\u00f5te veab inimesi ja kaupu \u00fcle maailma, tuginedes UniGroupi agentuuriv\u00f5rgustikule. <\/p>\n<p>In the <a href=\"https:\/\/moverdb.com\/et\/moving-to-the-united-states\/\" data-internallinksmanager029f6b8e52c=\"94\" title=\"Kolimine Ameerika \u00dchendriikidesse? 2022 Elamiskulud ja kolimisn\u00f5uanded\">Ameerika \u00dchendriigid<\/a> ainu\u00fcksi Eestis on 1100 agenti, kelle poole p\u00f6\u00f6rduda, ja rahvusvaheliselt on \u00fcle 1350 agendi. VIP Transportil on ka juurdep\u00e4\u00e4s 46 miljonile ruutmeetrile laoruumidele, millest 7 miljonit on kliimakontrollitud.<\/p>\n<p>VIP Transport omab spetsiaalset s\u00f5idukiparki, mille hulka kuuluvad kliimakontrolli all olevad haagised, generaatoriga t\u00f6\u00f6tavaid laborivagunid ja spetsiaalsete laadimisv\u00f5imalustega lamedad voodid. Ettev\u00f5te j\u00e4rgib ranget keskkonnahoidlikku programmi, et v\u00e4hendada oma s\u00fcsinikujalaj\u00e4lge.<br \/>\nVIP Transportil on j\u00e4rgmised akrediteeringud ja sidemed:<\/p>\n<ul>\n<li> <a href=\"https:\/\/moverdb.com\/et\/amsa\/\">Ameerika kolimis- ja ladustamis\u00fching<\/a> (<a href=\"https:\/\/moverdb.com\/et\/amsa\/\" data-internallinksmanager029f6b8e52c=\"5\" title=\"Ameerika Kolimis- ja Ladustamisseltsi (AMSA) selgitused\">AMSA<\/a>)<\/li>\n<li> <a href=\"https:\/\/moverdb.com\/et\/rim-promover\/\">ProMover<\/a><\/li>\n<li> Better Business Bureau (BBB) A+<\/li>\n<li> WBENC sertifitseeritud<\/li>\n<li> ISO 9001<\/li>\n<\/ul>\n<h2>VIP Transport Arvamused<\/h2>\n<p><strong>Positiivne:<\/strong><\/p>\n<ul>\n<li> <em>\"The <a href=\"https:\/\/moverdb.com\/et\/moving-to-los-angeles\/\">Los Angeles<\/a> Clippersil ja VIP Transportil on aastate jooksul olnud suurep\u00e4rased suhted. Nad on alati olnud valmis aitama meid mitme v\u00f5tmem\u00e4ngija kolimisel ja on teinud seda ilma \u00fchegi m\u00e4ngija kaebuseta.\"<\/em> - kaudu. <a href=\"http:\/\/www.viptransport.com\/testimonials\/\" target=\"_blank\" rel=\"noopener\">ettev\u00f5tte iseloomustus<\/a> lehek\u00fclg.<\/li>\n<li> <em>\"Need poisid saavad 10 punkti 10-st.  Alates esimesest kontaktist kuni t\u00f6\u00f6 l\u00f5petamiseni saime \"A-1 teenust\".  \"<\/em> - Robert kaudu <a href=\"https:\/\/www.yelp.com\/biz\/vip-transport-corona-6?hrid=nuC3r_2wy6HRLOm4owqitg&#038;utm_campaign=www_review_share_popup&#038;utm_medium=copy_link&#038;utm_source=(direct)\" target=\"_blank\" rel=\"noopener\">Yelp<\/a><\/li>\n<li> <em>\"Mul oli suurep\u00e4rane kogemus VIPiga!\"<\/em> - Michelle kaudu <a href=\"https:\/\/www.mymovingreviews.com\/movers\/vip-transport-781#53376\" target=\"_blank\" rel=\"noopener\">MyMovingReviews<\/a><\/li>\n<\/ul>\n<p><strong>Negatiivne:<\/strong><\/p>\n<ul>\n<li><em>\"Ma soovin, et ma saaksin anda neile null t\u00e4rni.\"<\/em> - Nancy T kaudu <a href=\"https:\/\/www.yelp.com\/biz\/vip-transport-corona-6?hrid=DvJSu2LKWnFvj2WuqZXtoQ&#038;utm_campaign=www_review_share_popup&#038;utm_medium=copy_link&#038;utm_source=(direct)\" target=\"_blank\" rel=\"noopener\">Yelp<\/a><\/li>\n<li> <em>\"Ma valisin Mayflower\/VIP Transport'i esindaja t\u00f5ttu, kes tuli kohapealset hinnangut tegema. Tema selgitused olid mulle k\u00f5ige m\u00f5istlikumad teiste hinnangute hulgast. Nagu aga selgus, oli tema kaaluhinnang 6000 naela suurem, kui minu tegelik kaal osutus.\"<\/em> - Ruthie kaudu <a href=\"https:\/\/www.mymovingreviews.com\/movers\/vip-transport-781#50382\" target=\"_blank\" rel=\"noopener\">MyMovingReviews<\/a><\/li>\n<\/ul>\n<div itemprop=\"review\" itemscope itemtype=\"http:\/\/schema.org\/Review\">\n<span itemprop=\"author\" itemscope=\"\" itemtype=\"http:\/\/schema.org\/Organization\"><span itemprop=\"name\">MoverDB.com<\/span><\/span> Veebilehe \u00fclevaatus veebisaidi jaoks <span itemprop=\"itemreviewed\" itemscope=\"\" itemtype=\"http:\/\/schema.org\/Brand\"><span itemprop=\"name\">VIP transport<\/span><\/span>:<\/p>\n<ol>\n<li> Selged kontaktandmed veebisaidil (sh telefoninumber): <strong>Jah<\/strong><\/li>\n<li> Lihtne saada <a href=\"https:\/\/moverdb.com\/et\/tsitaadid\/\">rahvusvahelised liikuvad hinnapakkumised<\/a>? (veebip\u00f5hine hinnangu taotluse vorm): <strong>Jah<\/strong><\/li>\n<li> Selge teave veebilehel: <strong>Jah,<\/strong> veebisait sisaldab palju \u00fcksikasjalikku teavet kolimise kohta.<\/li>\n<li> Liikmelisus rahvusvahelistes tunnustatud liikumisorganisatsioonides: <strong>Jah<\/strong>, (vt eespool)<\/li>\n<li> Klientide ja\/v\u00f5i varasemate klientide soovitused. <strong>Jah,<\/strong> nende veebisaidil on palju positiivseid klienditunnistusi ja neil on enamasti positiivseid kommentaare ka mujal veebis.<\/li>\n<\/ol>\n<div itemprop=\"reviewRating\" itemscope itemtype=\"http:\/\/schema.org\/Rating\"><meta itemprop=\"worstRating\" content = \"0\" \/><meta itemprop=\"bestRating\" content=\"5\" \/><meta itemprop=\"ratingValue\" content=\"5\"><\/div>\n<p><strong>\u00dcldine hinne: 5\/5<\/strong><br \/>\n<strong>L\u00e4bivaatamise kuup\u00e4ev:<\/strong> <span itemprop=\"datePublished\" content=\"2017-02-01\">01\/02\/2017<\/span>\n<\/div>\n<p>Loe l\u00e4hemalt <a href=\"https:\/\/moverdb.com\/et\/kolimisfirmad\/\">rahvusvahelised kolimisfirmad<\/a> ja meie <a href=\"https:\/\/moverdb.com\/et\/arvustused\/\">l\u00e4bivaatamisprotsess<\/a>.<\/p>\n<p><strong>Veebilehed:<\/strong> <a href=\"http:\/\/www.viptransport.com\/\" target=\"_blank\" rel=\"noopener\">http:\/\/www.viptransport.com\/<\/a><\/p>","protected":false},"excerpt":{"rendered":"<p>VIP Transport&#8217;s head office is in Corona, CA. The company offers its clients a variety of moving services which are listed below, together with a company profile and reviews. International Moves Pre-assignment Services Visa and immigration services Preview trip and area orientation Country and culture information Moving Services Pre-move planning Transportation of belongings Managing the [&hellip;]<\/p>\n","protected":false},"author":1,"featured_media":0,"parent":0,"menu_order":0,"comment_status":"closed","ping_status":"closed","template":"","meta":{"_genesis_hide_title":false,"_genesis_hide_breadcrumbs":false,"_genesis_hide_singular_image":false,"_genesis_hide_footer_widgets":false,"_genesis_custom_body_class":"","_genesis_custom_post_class":"","_genesis_layout":"","footnotes":""},"class_list":{"0":"post-1542","1":"page","2":"type-page","3":"status-publish","5":"entry"},"_links":{"self":[{"href":"https:\/\/moverdb.com\/et\/wp-json\/wp\/v2\/pages\/1542","targetHints":{"allow":["GET"]}}],"collection":[{"href":"https:\/\/moverdb.com\/et\/wp-json\/wp\/v2\/pages"}],"about":[{"href":"https:\/\/moverdb.com\/et\/wp-json\/wp\/v2\/types\/page"}],"author":[{"embeddable":true,"href":"https:\/\/moverdb.com\/et\/wp-json\/wp\/v2\/users\/1"}],"replies":[{"embeddable":true,"href":"https:\/\/moverdb.com\/et\/wp-json\/wp\/v2\/comments?post=1542"}],"version-history":[{"count":5,"href":"https:\/\/moverdb.com\/et\/wp-json\/wp\/v2\/pages\/1542\/revisions"}],"predecessor-version":[{"id":6250,"href":"https:\/\/moverdb.com\/et\/wp-json\/wp\/v2\/pages\/1542\/revisions\/6250"}],"wp:attachment":[{"href":"https:\/\/moverdb.com\/et\/wp-json\/wp\/v2\/media?parent=1542"}],"curies":[{"name":"wp","href":"https:\/\/api.w.org\/{rel}","templated":true}]}}