{"id":1540,"date":"2017-02-26T17:21:37","date_gmt":"2017-02-26T17:21:37","guid":{"rendered":"http:\/\/moverdb.com\/?page_id=1540"},"modified":"2026-01-08T15:20:37","modified_gmt":"2026-01-08T15:20:37","slug":"royal-hawaiian-movers","status":"publish","type":"page","link":"https:\/\/moverdb.com\/et\/royal-hawaiian-movers\/","title":{"rendered":"Royal Hawaiian Movers - Rahvusvaheline kolimine Arvamused"},"content":{"rendered":"<p>Royal Hawaiian Movers pakub oma klientidele erinevaid kohalikke, saartevahelisi ja mandriosa kolimisi. Nende teenused on loetletud allpool koos ettev\u00f5tte profiili ja \u00fclevaatega.<\/p>\n<p><strong>Rahvusvahelised, mandri- ja saaretevahelised \u00fcmberpaigutused<\/strong><\/p>\n<ul>\n<li> Ukselt uksele<\/li>\n<li >T\u00e4ielik pakkimisteenus, ainult \u00f5rnade esemete pakkimine v\u00f5i DIY pakkimine<\/li>\n<li> M\u00f6\u00f6bli lahtiv\u00f5tmine ja kokkupanek<\/li>\n<li> IT eemaldamine ja seadistamine<\/li>\n<li> V\u00e4ljapakkimise teenus<\/li>\n<li> Pika- ja l\u00fchiajaline ladustamine<\/li>\n<li> Lennu- v\u00f5i meretransport<\/li>\n<li> Korraldatud kindlustus<\/li>\n<\/ul>\n<p><strong>Kohalikud ja s\u00f5jalised kolimised<\/strong><\/p>\n<ul>\n<li> Ukselt uksele<\/li>\n<li> Pakendimaterjalid<\/li>\n<li> Pika- ja l\u00fchiajaline ladustamine<\/li>\n<li> T\u00e4ielik pakkimine v\u00f5i DIY pakkimine<\/li>\n<li> M\u00f6\u00f6bli lahtiv\u00f5tmine ja kokkupanek<\/li>\n<li> V\u00e4ljapakkimise teenus<\/li>\n<li> Korraldatud kindlustus<\/li>\n<\/ul>\n<p><strong>Spetsiaalsed kolimisteenused<\/strong><\/p>\n<ul>\n<li> Rasked masinad<\/li>\n<li> Meditsiinilised kolimisteenused<\/li>\n<li> \u00dclisuured seadmed<\/li>\n<\/ul>\n<p><strong>Paigaldamine<\/strong><\/p>\n<ul>\n<li> Hotell<\/li>\n<li> FF&amp;E (m\u00f6\u00f6bel, sisseseade ja seadmed)<\/li>\n<li> Kontor<\/li>\n<li> Eriala<\/li>\n<\/ul>\n<h2>Royal Hawaiian Movers Ettev\u00f5tte profiil<\/h2>\n<p>Royal Hawaiian Movers alustas Richard L DeWitt 1982. aastal. Ettev\u00f5te alustas \u00fche kontoriga Honolulus, teenindades Oahu saare s\u00f5jav\u00e4elasi. Ka t\u00e4nap\u00e4eval on s\u00f5jav\u00e4elased Royal Hawaiian Moversi tuumikuks. 1980. aastate l\u00f5pus otsustas ettev\u00f5te laieneda ja hakata tegelema veoautode ja kaubaveoga. N\u00fc\u00fcdseks on ettev\u00f5ttel \u00fcle 60 kolimisauto.<\/p>\n<p>Royal Hawaiian Movers on sellest ajast alates laiendanud oma tegevust, et h\u00f5lmata elamu-, \u00e4ri- ja s\u00f5jav\u00e4e kolimisi kohalikul, saarevahelisel ja rahvusvahelisel tasandil. DeWitt'i kontsern on \u00fcle 80 aasta inimesi ja ettev\u00f5tteid \u00fcle kogu maailma liigutanud ning Royal Hawaiian Movers naudib aastak\u00fcmnete jooksul omandatud oskusteabe edasiandmist. <\/p>\n<p>Nende eetos on arendada klientidega usalduslikke suhteid, et nad tuleksid tagasi iga kolimise puhul.<\/p>\n<p>Royal Hawaiian Moversil on j\u00e4rgmised akrediteeringud ja sidemed:<\/p>\n<ul>\n<li> <a href=\"https:\/\/moverdb.com\/et\/rim-promover\/\">AMSA Pro Movers<\/a><\/li>\n<li> Sertifitseeritud kolimise konsultandid<\/li>\n<li> Ohtlike materjalide sertifitseeritud s\u00f5idukijuhid<\/li>\n<li> Transpordit\u00f6\u00f6taja isikutunnistus<\/li>\n<li> Better Business Bureau (BBB)<\/li>\n<li> DeWitt Move Worldwide - liige <a href=\"https:\/\/moverdb.com\/et\/olen\/\">IAM<\/a><\/li>\n<li> DOT litsents #227698<\/li>\n<li> DOT autoveo-ettev\u00f5tja litsents #165352<\/li>\n<li> DOT <a href=\"https:\/\/moverdb.com\/et\/freight-forwarder\/\" data-internallinksmanager029f6b8e52c=\"17\" title=\"Ekspedeerija ja NVOCC rahvusvaheliste kulude ja ettev\u00f5tete juhend\">Ekspediitor<\/a> Litsents #003549<\/li>\n<\/ul>\n<h2>Royal Hawaiian Movers Arvamused<\/h2>\n<p><strong>Positiivne:<\/strong><\/p>\n<ul>\n<li> <em>\"Liikumine Honolulust <a href=\"https:\/\/moverdb.com\/et\/moving-to-the-united-states\/moving-to-california\/\" data-internallinksmanager029f6b8e52c=\"330\" title=\"Elamiskulud ja kolimisn\u00f5uanded 2023 California?\">California<\/a>, s\u00f5jaline komplekt <a href=\"https:\/\/moverdb.com\/et\/moving-to-the-united-states\/\" data-internallinksmanager029f6b8e52c=\"94\" title=\"Kolimine Ameerika \u00dchendriikidesse? 2022 Elamiskulud ja kolimisn\u00f5uanded\">us<\/a> koos Royal Hawaiian Moversiga... ***AMAZING*** klienditeenindus.... Nad olid informatiivsed, viisakad, korralikud ja t\u00f5husad. Royal Hawaiian Movers on k\u00f5ik, mida vajate oma kolimis- ja transpordiprobleemide lahendamiseks!!!\"<\/em> - Kelly G <a href=\"http:\/\/royalhawaiianmovers.com\/our-difference\/what-customers-say\/\" target=\"_blank\" rel=\"noopener\">kliendi iseloomustus<\/a><\/li>\n<li> <em>\"Professionaalsed ja hoolitsesid v\u00e4ga h\u00e4sti minu asjade eest. Koliin mandrile... aga nad tegid minu lahkumise lihtsamaks. <a href=\"https:\/\/moverdb.com\/et\/moving-to-the-united-states\/moving-to-hawaii\/\" data-internallinksmanager029f6b8e52c=\"403\" title=\"Kolimine Hawaiile? 2023 elamiskulud ja kolimisn\u00f5uanded\">Hawaii<\/a>.\"<\/em> - Robin kaudu <a href=\"https:\/\/www.facebook.com\/pg\/RoyalHawaiianMV\/reviews\/\" target=\"_blank\" rel=\"noopener\">Facebook<\/a><\/li>\n<li> <em>\"Kokkuv\u00f5ttes soovitaksin neid hinna ja teenuse kvaliteedi alusel.\"<\/em> - Ryan kaudu <a href=\"https:\/\/www.yelp.com\/biz\/royal-hawaiian-movers-honolulu-2?hrid=ClTUD764MZQoXt6f0DBLoA&#038;utm_campaign=www_review_share_popup&#038;utm_medium=copy_link&#038;utm_source=(direct)\" target=\"_blank\" rel=\"noopener\">Yelp<\/a><\/li>\n<\/ul>\n<p><strong>Negatiivne:<\/strong><\/p>\n<ul>\n<li> <em>\"Mul on kahju \u00f6elda, et kuninglikud Hawaii kolijad on kohutavad kolijad! Nad l\u00f5hkusid meie asju, m\u00f5ned mu vanavanemate asjad l\u00e4ksid kaduma.\"<\/em> - Sharon kaudu <a href=\"https:\/\/www.facebook.com\/pg\/RoyalHawaiianMV\/reviews\/\" target=\"_blank\" rel=\"noopener\">Facebook<\/a><\/li>\n<li> <em>\"Nad kiirustasid meie pakkimisega ja tegid kohutavat t\u00f6\u00f6d. Paljud meie asjad tulid katki ja olid t\u00e4iesti h\u00e4vitatud.\"<\/em> - Meghan kaudu <a href=\"https:\/\/www.yelp.com\/biz\/royal-hawaiian-movers-honolulu-2?hrid=2GCVIxDDbA41_6OusJ2KIQ&#038;utm_campaign=www_review_share_popup&#038;utm_medium=copy_link&#038;utm_source=(direct)\" target=\"_blank\" rel=\"noopener\">Yelp<\/a><\/li>\n<\/ul>\n<div itemprop=\"review\" itemscope itemtype=\"http:\/\/schema.org\/Review\">\n<span itemprop=\"author\" itemscope=\"\" itemtype=\"http:\/\/schema.org\/Organization\"><span itemprop=\"name\">MoverDB.com<\/span><\/span> Veebilehe \u00fclevaatus veebisaidi jaoks <span itemprop=\"itemreviewed\" itemscope=\"\" itemtype=\"http:\/\/schema.org\/Brand\"><span itemprop=\"name\">Royal Hawaii kolijad<\/span><\/span>:<\/p>\n<ol>\n<li> Selged kontaktandmed veebisaidil (sh telefoninumber): <strong>Jah<\/strong><\/li>\n<li> Lihtne saada <a href=\"https:\/\/moverdb.com\/et\/tsitaadid\/\">rahvusvahelised liikuvad hinnapakkumised<\/a>? (veebip\u00f5hine hinnangu taotluse vorm): <strong>Jah<\/strong><\/li>\n<li> Selge teave veebilehel: <strong>Jah,<\/strong> kirjeldab k\u00f5iki teenuseid, kuid ei l\u00e4he liiga palju \u00fcksikasjadesse.<\/li>\n<li> Liikmelisus rahvusvahelistes tunnustatud liikumisorganisatsioonides: <strong>Jah<\/strong>, (vt eespool)<\/li>\n<li> Klientide ja\/v\u00f5i varasemate klientide soovitused: <strong>Jah,<\/strong> ja kuigi veebis on m\u00f5ned negatiivsed arvustused, on viimased arvustused enamasti positiivsed.<\/li>\n<\/ol>\n<div itemprop=\"reviewRating\" itemscope itemtype=\"http:\/\/schema.org\/Rating\"><meta itemprop=\"worstRating\" content = \"0\" \/><meta itemprop=\"bestRating\" content=\"5\" \/><meta itemprop=\"ratingValue\" content=\"4.5\"><\/div>\n<p><strong>\u00dcldine hinne: 4.5\/5<\/strong><br \/>\n<strong>L\u00e4bivaatamise kuup\u00e4ev:<\/strong> <span itemprop=\"datePublished\" content=\"2017-02-26\">26\/02\/2017<\/span>\n<\/div>\n<p>Loe l\u00e4hemalt <a href=\"https:\/\/moverdb.com\/et\/kolimisfirmad\/\">rahvusvahelised kolimisfirmad<\/a> ja meie <a href=\"https:\/\/moverdb.com\/et\/arvustused\/\">l\u00e4bivaatamisprotsess<\/a>.<\/p>\n<p><strong>Veebileht:<\/strong> <a href=\"http:\/\/royalhawaiianmovers.com\/\" target=\"_blank\" rel=\"noopener\">http:\/\/royalhawaiianmovers.com\/<\/a><\/p>","protected":false},"excerpt":{"rendered":"<p>Royal Hawaiian Movers offers its customers various local, inter island and mainland moves. Their services are listed below, together with a company profile and reviews. International, Mainland and Inter Island Moves Door to door Full packing service, fragile items only or DIY packing Disassembly and reassembly of furniture IT removal and set up Unpacking service [&hellip;]<\/p>\n","protected":false},"author":1,"featured_media":0,"parent":0,"menu_order":0,"comment_status":"closed","ping_status":"closed","template":"","meta":{"_genesis_hide_title":false,"_genesis_hide_breadcrumbs":false,"_genesis_hide_singular_image":false,"_genesis_hide_footer_widgets":false,"_genesis_custom_body_class":"","_genesis_custom_post_class":"","_genesis_layout":"","footnotes":""},"class_list":{"0":"post-1540","1":"page","2":"type-page","3":"status-publish","5":"entry"},"_links":{"self":[{"href":"https:\/\/moverdb.com\/et\/wp-json\/wp\/v2\/pages\/1540","targetHints":{"allow":["GET"]}}],"collection":[{"href":"https:\/\/moverdb.com\/et\/wp-json\/wp\/v2\/pages"}],"about":[{"href":"https:\/\/moverdb.com\/et\/wp-json\/wp\/v2\/types\/page"}],"author":[{"embeddable":true,"href":"https:\/\/moverdb.com\/et\/wp-json\/wp\/v2\/users\/1"}],"replies":[{"embeddable":true,"href":"https:\/\/moverdb.com\/et\/wp-json\/wp\/v2\/comments?post=1540"}],"version-history":[{"count":7,"href":"https:\/\/moverdb.com\/et\/wp-json\/wp\/v2\/pages\/1540\/revisions"}],"predecessor-version":[{"id":6234,"href":"https:\/\/moverdb.com\/et\/wp-json\/wp\/v2\/pages\/1540\/revisions\/6234"}],"wp:attachment":[{"href":"https:\/\/moverdb.com\/et\/wp-json\/wp\/v2\/media?parent=1540"}],"curies":[{"name":"wp","href":"https:\/\/api.w.org\/{rel}","templated":true}]}}