{"id":1538,"date":"2017-02-23T08:47:51","date_gmt":"2017-02-23T08:47:51","guid":{"rendered":"http:\/\/moverdb.com\/?page_id=1538"},"modified":"2026-01-08T15:20:39","modified_gmt":"2026-01-08T15:20:39","slug":"settelen","status":"publish","type":"page","link":"https:\/\/moverdb.com\/et\/settelen\/","title":{"rendered":"Settelen - Rahvusvaheline kolimine ja kolimine Arvamused"},"content":{"rendered":"<p>Settelen on \u0160veitsi ettev\u00f5te, mis asub <a href=\"https:\/\/moverdb.com\/et\/moving-to-basel\/\" data-internallinksmanager029f6b8e52c=\"263\" title=\"Kolimine Baselisse? 2023 elamiskulud ja kolimisn\u00f5uanded\">Basel<\/a>. See pakub oma klientidele erinevaid kolimisteenuseid, mis on loetletud allpool koos ettev\u00f5tte profiili ja \u00fclevaatega.<\/p>\n<p><strong>Rahvusvaheline kolimine ja kolimine<\/strong><\/p>\n<ul>\n<li> Spetsiaalne kolimise koordinaator<\/li>\n<li> Ukselt uksele<\/li>\n<li> T\u00e4ielik pakkimisteenus, ainult \u00f5rnade esemete pakkimine v\u00f5i DIY pakkimine<\/li>\n<li> M\u00f6\u00f6bli lahtiv\u00f5tmine ja kokkupanek jne.<\/li>\n<li> Kohandatud kastid<\/li>\n<li> Pakkimiskauplus pakkimisvajaduste jaoks<\/li>\n<li> T\u00e4ielik lahtipakkimise teenus on saadaval<\/li>\n<li> Abi tolli ja dokumentidega<\/li>\n<li> Korraldatud kindlustus<\/li>\n<li> L\u00fchi- ja pikaajaline ladustamine<\/li>\n<\/ul>\n<p><strong>Kohalikud ja pikamaa kolimised<\/strong><\/p>\n<ul>\n<li> Spetsiaalne kolimise koordinaator<\/li>\n<li> Ukselt uksele<\/li>\n<li> Vajadusel on saadaval t\u00e4ielik pakkimisteenus<\/li>\n<li> M\u00f6\u00f6bli lahtiv\u00f5tmine ja kokkupanek jne.<\/li>\n<li> Vajaduse korral on saadaval t\u00e4ielik pakkimisteenus<\/li>\n<li> Korraldatud kindlustus<\/li>\n<li> L\u00fchi- ja pikaajaline ladustamine<\/li>\n<li> T\u00e4ielikult varustatud kolimispood k\u00f5igi pakkimiskaupade jaoks<\/li>\n<\/ul>\n<p><strong>\u00c4ri\u00fchingute kolimine<\/strong><\/p>\n<ul>\n<li> Spetsiaalne kolimismeeskond<\/li>\n<li> Ukselt uksele<\/li>\n<li> V\u00e4ljaspool t\u00f6\u00f6aega liikumine, et p\u00e4\u00e4sta \u00e4rih\u00e4ireid<\/li>\n<li> M\u00f6\u00f6bli lahtiv\u00f5tmine ja kokkupanek<\/li>\n<li> IT eemaldamine ja uuesti paigaldamine<\/li>\n<li> T\u00e4ielik pakkimisteenus v\u00f5i osaline pakkimisteenus<\/li>\n<li> Korraldatud kindlustus<\/li>\n<li> L\u00fchi- ja pikaajaline ladustamine<\/li>\n<li> Spetsiaalsed kastid<\/li>\n<li> Raskete masinate teisaldamine<\/li>\n<li> V\u00e4line lift<\/li>\n<\/ul>\n<p><strong>Eriline kolimine<\/strong><\/p>\n<ul>\n<li> Messid ja n\u00e4itused<\/li>\n<li> Kunst ja antiik<\/li>\n<li> Rasked masinad<\/li>\n<li> Killustunud kaubad<\/li>\n<li> Klaverid ja muud muusikainstrumendid<\/li>\n<li> Ekspordikaubad<\/li>\n<\/ul>\n<p><strong>Eriline transport<\/strong><\/p>\n<ul>\n<li> Raskete, ebatavaliste esemete ja kohtade jaoks<\/li>\n<li> Logistika ja korraldus<\/li>\n<li> S\u00f5iduki valik<\/li>\n<li> Marsruudi kaardistamine<\/li>\n<li> Vajalike litsentside hankimine<\/li>\n<\/ul>\n<p><strong>Ladustamine<\/strong><\/p>\n<ul>\n<li> Puidust konteinerid<\/li>\n<li> 24\/7 turvalisus<\/li>\n<li> Konteinerite korrap\u00e4rane kontroll<\/li>\n<li> Saadaval on spetsiaalne pakend ja pakkimine<\/li>\n<\/ul>\n<p><strong>Settelen autolaenutus<\/strong><\/p>\n<ul>\n<li> S\u00f5iduautod<\/li>\n<li> V\u00e4ikebussid ja pikapid<\/li>\n<li> Minibussid<\/li>\n<li> Eriotstarbelised s\u00f5idukid<\/li>\n<\/ul>\n<h2>Settelen Ettev\u00f5tte profiil<\/h2>\n<p>Settelen AG asub Baselis, <a href=\"https:\/\/moverdb.com\/et\/moving-to-switzerland\/\" data-internallinksmanager029f6b8e52c=\"327\" title=\"Kolimine \u0160veitsi? 2023 elamiskulud ja kolimisn\u00f5uanded\">\u0160veits<\/a>. See eraomanduses olev ettev\u00f5te asutati 1883. aastal. Ettev\u00f5tte p\u00f5hitegevusala on transport ja logistika, mille k\u00f5rvalharudeks on s\u00f5idukite rentimine, bussis\u00f5it ning mootors\u00f5idukite hooldus- ja remonditeenused.<\/p>\n<p>Settelen korraldab rahvusvahelisi, kaug- ja kohalikke kolimisi eraisikutele ja ettev\u00f5tetele.<\/p>\n<p>Settelenil on j\u00e4rgmised akrediteeringud ja sidemed:<\/p>\n<ul>\n<li> <a href=\"https:\/\/moverdb.com\/et\/fidi-faim\/\">Rahvusvaheliste kolimisfirmade liit<\/a> (<a href=\"https:\/\/moverdb.com\/et\/fidi-faim\/\" data-internallinksmanager029f6b8e52c=\"16\" title=\"FIDI &amp; FAIM (FIDI akrediteeritud rahvusvaheline kolija) selgitatud\">FIDI<\/a>)<\/li>\n<li> \u0160veitsi maanteetranspordi assotsiatsioon (ASTAG)<\/li>\n<li> AGVS<\/li>\n<\/ul>\n<h2>Settelen Company Arvamused<\/h2>\n<p>Hetkel ei ole Setteleni kohta internetis \u00fchtegi ingliskeelset arvustust, kuigi Google'i \u00fclevaadetes on see saanud 4,1 t\u00e4rni.<\/p>\n<div itemprop=\"review\" itemscope itemtype=\"http:\/\/schema.org\/Review\">\n<span itemprop=\"author\" itemscope=\"\" itemtype=\"http:\/\/schema.org\/Organization\"><span itemprop=\"name\">MoverDB.com<\/span><\/span> Veebilehe \u00fclevaatus veebisaidi jaoks <span itemprop=\"itemreviewed\" itemscope=\"\" itemtype=\"http:\/\/schema.org\/Brand\"><span itemprop=\"name\">Settelen<\/span><\/span>:<\/p>\n<ol>\n<li> Selged kontaktandmed veebisaidil (sh telefoninumber): <strong>Jah<\/strong><\/li>\n<li> Lihtne saada <a href=\"https:\/\/moverdb.com\/et\/tsitaadid\/\">rahvusvahelised liikuvad hinnapakkumised<\/a>? (veebip\u00f5hine hinnangu taotluse vorm): <strong>Jah<\/strong><\/li>\n<li> Selge teave veebilehel: <strong>Piiratud<\/strong> veebisaidil on loetletud teenused, kuid selle k\u00f5rval ei pakuta palju \u00fcksikasju.<\/li>\n<li> Liikmelisus rahvusvahelistes tunnustatud liikumisorganisatsioonides: <strong>Jah<\/strong>, (vt eespool)<\/li>\n<li> Klientide ja\/v\u00f5i varasemate klientide soovitused: <strong>Ei,<\/strong> ja nende kohta on mujal saadaval vaid piiratud hulk teavet.<\/li>\n<\/ol>\n<div itemprop=\"reviewRating\" itemscope itemtype=\"http:\/\/schema.org\/Rating\"><meta itemprop=\"worstRating\" content = \"0\" \/><meta itemprop=\"bestRating\" content=\"5\" \/><meta itemprop=\"ratingValue\" content=\"4\"><\/div>\n<p><strong>\u00dcldine hinne: 4\/5<\/strong><br \/>\n<strong>L\u00e4bivaatamise kuup\u00e4ev:<\/strong> <span itemprop=\"datePublished\" content=\"2017-02-23\">23\/02\/2017<\/span>\n<\/div>\n<p>Loe l\u00e4hemalt <a href=\"https:\/\/moverdb.com\/et\/kolimisfirmad\/\">rahvusvahelised kolimisfirmad<\/a> ja meie <a href=\"https:\/\/moverdb.com\/et\/arvustused\/\">l\u00e4bivaatamisprotsess<\/a>.<\/p>\n<p><strong>Veebilehed:<\/strong> <a href=\"http:\/\/www.settelen.ch\/\" target=\"_blank\" rel=\"noopener\">http:\/\/www.settelen.ch\/<\/a><\/p>","protected":false},"excerpt":{"rendered":"<p>Settelen is Swiss company based in Basel. It offers its customers a range of moving services which are listed below, together with a company profile and reviews. International Moving &#038; Removals Dedicated move coordinator Door to door Full packing service, fragile items only or DIY packing Disassembly and reassembly of furniture etc Customised crates Removal [&hellip;]<\/p>\n","protected":false},"author":1,"featured_media":0,"parent":0,"menu_order":0,"comment_status":"closed","ping_status":"closed","template":"","meta":{"_genesis_hide_title":false,"_genesis_hide_breadcrumbs":false,"_genesis_hide_singular_image":false,"_genesis_hide_footer_widgets":false,"_genesis_custom_body_class":"","_genesis_custom_post_class":"","_genesis_layout":"","footnotes":""},"class_list":{"0":"post-1538","1":"page","2":"type-page","3":"status-publish","5":"entry"},"_links":{"self":[{"href":"https:\/\/moverdb.com\/et\/wp-json\/wp\/v2\/pages\/1538","targetHints":{"allow":["GET"]}}],"collection":[{"href":"https:\/\/moverdb.com\/et\/wp-json\/wp\/v2\/pages"}],"about":[{"href":"https:\/\/moverdb.com\/et\/wp-json\/wp\/v2\/types\/page"}],"author":[{"embeddable":true,"href":"https:\/\/moverdb.com\/et\/wp-json\/wp\/v2\/users\/1"}],"replies":[{"embeddable":true,"href":"https:\/\/moverdb.com\/et\/wp-json\/wp\/v2\/comments?post=1538"}],"version-history":[{"count":3,"href":"https:\/\/moverdb.com\/et\/wp-json\/wp\/v2\/pages\/1538\/revisions"}],"predecessor-version":[{"id":6236,"href":"https:\/\/moverdb.com\/et\/wp-json\/wp\/v2\/pages\/1538\/revisions\/6236"}],"wp:attachment":[{"href":"https:\/\/moverdb.com\/et\/wp-json\/wp\/v2\/media?parent=1538"}],"curies":[{"name":"wp","href":"https:\/\/api.w.org\/{rel}","templated":true}]}}