{"id":1536,"date":"2017-07-10T10:48:14","date_gmt":"2017-07-10T10:48:14","guid":{"rendered":"http:\/\/moverdb.com\/?page_id=1536"},"modified":"2026-01-08T15:20:49","modified_gmt":"2026-01-08T15:20:49","slug":"teletrans","status":"publish","type":"page","link":"https:\/\/moverdb.com\/et\/teletrans\/","title":{"rendered":"Teletrans - Rahvusvaheline \u00fcmberpaigutamine ja kolimine Arvamused"},"content":{"rendered":"<p>Teletrans asub Attikas <a href=\"https:\/\/moverdb.com\/et\/moving-to-greece\/\" data-internallinksmanager029f6b8e52c=\"353\" title=\"Kreekasse kolimine? 2023 elamiskulud ja kolimisn\u00f5uanded\">Kreeka<\/a>. Tegemist on kolimis- ja \u00fcmberpaigutamisfirmaga, mis pakub oma klientidele laia valikut teenuseid. Need on loetletud allpool koos ettev\u00f5tte profiili ja \u00fclevaatega.<\/p>\n<p><strong>Rahvusvahelised liikumised<\/strong><\/p>\n<ul>\n<li> Spetsiaalne kolimisjuht<\/li>\n<li> T\u00e4ielik pakkimine, osaline pakkimine v\u00f5i DIY pakkimine<\/li>\n<li> L\u00fchi- ja pikaajaline ladustamine<\/li>\n<li> M\u00f6\u00f6bli lahtiv\u00f5tmine ja kokkupanek<\/li>\n<li> Maismaa-, mere- v\u00f5i \u00f5hutransfeer<\/li>\n<li> Abi tolli ja dokumentidega<\/li>\n<li> Pakkimisteenus saadaval<\/li>\n<li> Prahi eemaldamine<\/li>\n<\/ul>\n<p><strong>\u00dcmberpaigutamise teenused<\/strong><\/p>\n<ul>\n<li> Reisi ajakava<\/li>\n<li> Piletite broneerimine ja hotellibroneerimine<\/li>\n<li> Teave sihtriiki viisa v\u00e4ljastamise korra kohta<\/li>\n<li> Teave koolide kohta<\/li>\n<li> Teave eluaseme kohta<\/li>\n<li> Teave lemmikloomade \u00fcleandmise kohta<\/li>\n<li> Ajutise elukoha m\u00e4\u00e4ramine<\/li>\n<li> Kohalike keelekursuste korraldamine<\/li>\n<li> Ettepanekud meelelahutuseks ja \"piirkonna tundma\u00f5ppimiseks\", n\u00e4iteks muuseumide ja vaatamisv\u00e4\u00e4rsuste k\u00fclastamine, kultuuri\u00fcritused, ekskursioonid jne.<\/li>\n<li>Abi kolimisteenustega (elektrik, torulukksepp, puhastusteenused jne)<\/li>\n<\/ul>\n<p><strong>Ettev\u00f5tte \u00fcmberpaigutamine<\/strong><\/p>\n<ul>\n<li>Kontrollimine ja planeerimine<\/li>\n<li>Pakkimine<\/li>\n<li>Ladustamine<\/li>\n<li>Vajaduse korral tollivormistus<\/li>\n<li>Kindlustus<\/li>\n<li>Kohaletoimetamine ja lahtipakkimine sihtkohas<\/li>\n<\/ul>\n<p><strong>Eriliigutused<\/strong><\/p>\n<ul>\n<li>S\u00f5javarustus ja s\u00f5idukid<\/li>\n<li>Rasked masinad<\/li>\n<li>\u00dclisuur ja \u00fcleliigne lasti<\/li>\n<li>Kunstiteosed eritellimusel valmistatud kastides<\/li>\n<li>Haridusasutused<\/li>\n<li>Spaad ja j\u00f5usaalid<\/li>\n<\/ul>\n<p><strong>N\u00e4itused<\/strong><\/p>\n<ul>\n<li>N\u00e4itusematerjalide pakendamine<\/li>\n<li>Ekspordidokumentide ettevalmistamine<\/li>\n<li>K\u00f5ige sobivama saatmisviisi kindlaksm\u00e4\u00e4ramine<\/li>\n<li>Kohaletoimetamine<\/li>\n<li>N\u00e4itusematerjalide paigaldamine<\/li>\n<li>materjali \u00fcmberpakendamine ja saatmine selle p\u00e4ritolukohta<\/li>\n<\/ul>\n<p><strong>Ladustamine<\/strong><\/p>\n<ul>\n<li>Pika- ja l\u00fchiajaline<\/li>\n<li>24\/7 j\u00e4relevalve<\/li>\n<li>Kliimakontrollitav saadaval<\/li>\n<\/ul>\n<h2>Teletrans Ettev\u00f5tte profiil<\/h2>\n<p>Teletrans alustas 1979. aastal Kreekas Attikas Ria Stergiopoulou, kelle esialgne eesm\u00e4rk oli inimeste ja kaupade vedu Kreekas. T\u00e4naseks on ettev\u00f5te \u00fcks Kreeka juhtivaid ettev\u00f5tteid inimeste, ettev\u00f5tete ja kunsti liikumises \u00fcle maailma.<\/p>\n<p>Teletransil on oma autopark, mida juhivad ettev\u00f5tte t\u00f6\u00f6tajad. Samuti on ettev\u00f5ttel Attikas kaasaegne ladustamisrajatis, mis on varustatud k\u00f5ige tundlikuma lasti ladustamiseks enne ja p\u00e4rast vedu. Teletransil on hoolikalt valitud agentide v\u00f5rgustik, kes abistavad neid saadetiste saatmisel Kreekasse ja Kreekast v\u00e4lja.<\/p>\n<p>Teletrans soovib v\u00e4hendada oma s\u00fcsinikujalaj\u00e4lge ja valib teadlikult ringlussev\u00f5etud pakkematerjale. Samuti kasutab ta v\u00f5imaluse korral p\u00e4ikeseenergiat. Ettev\u00f5te on n\u00fc\u00fcd avanud kontori Br\u00fcsselis, kus samuti rakendatakse keskkonnas\u00f5bralikke tavasid.<\/p>\n<p>Teletransil on j\u00e4rgmised akrediteeringud ja sidemed:<\/p>\n<ul>\n<li>EN ISO 9001:2008<\/li>\n<li><a href=\"https:\/\/moverdb.com\/et\/olen\/\" target=\"_blank\" rel=\"noopener\">Rahvusvaheline kolijate assotsiatsioon<\/a> (<a href=\"https:\/\/moverdb.com\/et\/iam\/\" data-internallinksmanager029f6b8e52c=\"23\" title=\"Rahvusvaheline kolijate assotsiatsioon (IAM) Selgitatud\">IAM<\/a>)<\/li>\n<li><a href=\"https:\/\/moverdb.com\/et\/fedemac\/\" target=\"_blank\" rel=\"noopener\">Euroopa Kolijate F\u00f6deratsioon<\/a> (<a href=\"https:\/\/moverdb.com\/et\/fedemac\/\" data-internallinksmanager029f6b8e52c=\"15\" title=\"Euroopa Kolijate F\u00f6deratsiooni (FEDEMAC) selgitused\">FEDEMAC<\/a>)<\/li>\n<li>Kreeka ekspedeerimis- ja logistikaettev\u00f5tete liit (SYNDDEL)<\/li>\n<\/ul>\n<h2>Teletrans kommentaare<\/h2>\n<p>Kirjutamise ajal ei leidnud me \u00fchtegi positiivset ega negatiivset arvustust Teletrans'i kohta internetis inglise keeles. <\/p>\n<div itemprop=\"review\" itemscope itemtype=\"http:\/\/schema.org\/Review\">\n<span itemprop=\"author\" itemscope=\"\" itemtype=\"http:\/\/schema.org\/Organization\"><span itemprop=\"name\">MoverDB.com<\/span><\/span> Veebilehe \u00fclevaatus veebisaidi jaoks <span itemprop=\"itemreviewed\" itemscope=\"\" itemtype=\"http:\/\/schema.org\/Brand\"><span itemprop=\"name\">Teletrans<\/span><\/span>:<\/p>\n<ol>\n<li> Selged kontaktandmed veebisaidil (sh telefoninumber): <strong>Jah<\/strong><\/li>\n<li> Lihtne saada <a href=\"https:\/\/moverdb.com\/et\/tsitaadid\/\">rahvusvahelised liikuvad hinnapakkumised<\/a>? (veebip\u00f5hine hinnangu taotluse vorm): <strong>Jah<\/strong><\/li>\n<li> Selge teave veebilehel: <strong>Jah,<\/strong> Veebisait on selgelt kujundatud ja m\u00f5istlikult informatiivne.<\/li>\n<li> Liikmelisus rahvusvahelistes tunnustatud liikumisorganisatsioonides: <strong>Jah<\/strong>, (vt eespool)<\/li>\n<li> Klientide ja\/v\u00f5i varasemate klientide soovitused. <strong>Ei,<\/strong>, on olemas klientide nimekiri, kuid puuduvad klientide iseloomustused v\u00f5i arvustused.<\/li>\n<\/ol>\n<div itemprop=\"reviewRating\" itemscope itemtype=\"http:\/\/schema.org\/Rating\"><meta itemprop=\"worstRating\" content = \"0\" \/><meta itemprop=\"bestRating\" content=\"5\" \/><meta itemprop=\"ratingValue\" content=\"4.5\"><\/div>\n<p><strong>\u00dcldine hinne: 4.5\/5<\/strong><br \/>\n<strong>L\u00e4bivaatamise kuup\u00e4ev:<\/strong> <span itemprop=\"datePublished\" content=\"2017-07-10\">10\/07\/2017<\/span>\n<\/div>\n<p>Loe l\u00e4hemalt <a href=\"https:\/\/moverdb.com\/et\/kolimisfirmad\/\">rahvusvahelised kolimisfirmad<\/a> ja meie <a href=\"https:\/\/moverdb.com\/et\/arvustused\/\">l\u00e4bivaatamisprotsessi selgitamine<\/a>.<\/p>\n<p><strong>Veebileht:<\/strong> <a href=\"http:\/\/www.teletranseu.com\/\" target=\"_blank\" rel=\"noopener\">http:\/\/www.teletranseu.com\/<\/a><\/p>","protected":false},"excerpt":{"rendered":"<p>Teletrans is located in Attica Greece. It is a moving and relocation company that offers its clients a wide range of services. These are listed below, together with a company profile and reviews. International Moves Dedicated move manager Full service packing, partial packing or DIY packing Short and long term storage available Disassembly and reassembly [&hellip;]<\/p>\n","protected":false},"author":1,"featured_media":0,"parent":0,"menu_order":0,"comment_status":"closed","ping_status":"closed","template":"","meta":{"_genesis_hide_title":false,"_genesis_hide_breadcrumbs":false,"_genesis_hide_singular_image":false,"_genesis_hide_footer_widgets":false,"_genesis_custom_body_class":"","_genesis_custom_post_class":"","_genesis_layout":"","footnotes":""},"class_list":{"0":"post-1536","1":"page","2":"type-page","3":"status-publish","5":"entry"},"_links":{"self":[{"href":"https:\/\/moverdb.com\/et\/wp-json\/wp\/v2\/pages\/1536","targetHints":{"allow":["GET"]}}],"collection":[{"href":"https:\/\/moverdb.com\/et\/wp-json\/wp\/v2\/pages"}],"about":[{"href":"https:\/\/moverdb.com\/et\/wp-json\/wp\/v2\/types\/page"}],"author":[{"embeddable":true,"href":"https:\/\/moverdb.com\/et\/wp-json\/wp\/v2\/users\/1"}],"replies":[{"embeddable":true,"href":"https:\/\/moverdb.com\/et\/wp-json\/wp\/v2\/comments?post=1536"}],"version-history":[{"count":4,"href":"https:\/\/moverdb.com\/et\/wp-json\/wp\/v2\/pages\/1536\/revisions"}],"predecessor-version":[{"id":6244,"href":"https:\/\/moverdb.com\/et\/wp-json\/wp\/v2\/pages\/1536\/revisions\/6244"}],"wp:attachment":[{"href":"https:\/\/moverdb.com\/et\/wp-json\/wp\/v2\/media?parent=1536"}],"curies":[{"name":"wp","href":"https:\/\/api.w.org\/{rel}","templated":true}]}}