{"id":15073,"date":"2023-11-30T14:48:34","date_gmt":"2023-11-30T14:48:34","guid":{"rendered":"https:\/\/moverdb.com\/?page_id=15073"},"modified":"2026-01-08T15:05:52","modified_gmt":"2026-01-08T15:05:52","slug":"moving-to-gibraltar-from-the-uk","status":"publish","type":"page","link":"https:\/\/moverdb.com\/et\/moving-to-gibraltar\/moving-to-gibraltar-from-the-uk\/","title":{"rendered":"\u00dchendkuningriigist Gibraltarile kolimine"},"content":{"rendered":"<p><span style=\"font-weight: 400;\"><img loading=\"lazy\" decoding=\"async\" class=\"alignnone size-full wp-image-14577\" src=\"https:\/\/moverdb.com\/wp-content\/uploads\/moving-to-gibraltar-1.jpg\" alt=\"\" width=\"1000\" height=\"667\" srcset=\"https:\/\/moverdb.com\/wp-content\/uploads\/moving-to-gibraltar-1.jpg 1000w, https:\/\/moverdb.com\/wp-content\/uploads\/moving-to-gibraltar-1-300x200.jpg 300w, https:\/\/moverdb.com\/wp-content\/uploads\/moving-to-gibraltar-1-18x12.jpg 18w\" sizes=\"auto, (max-width: 1000px) 100vw, 1000px\" \/><\/span><\/p>\n<p><span style=\"font-weight: 400;\">Kui te kaalute \u00fcleminekut <a href=\"https:\/\/moverdb.com\/et\/moving-to-the-uk\/\" data-internallinksmanager029f6b8e52c=\"93\" title=\"Kolimine \u00dchendkuningriiki? 2022 Elamiskulud ja kolimisn\u00f5uanded\">\u00dchendkuningriik<\/a> aadressile <a href=\"https:\/\/moverdb.com\/et\/moving-to-gibraltar\/\" data-internallinksmanager029f6b8e52c=\"431\" title=\"Kolimine Gibraltarile? 2023 elamiskulud ja kolimisn\u00f5uanded\">Gibraltar<\/a>Selles juhendis leiate k\u00f5ik, mida peate teadma - alates viisan\u00f5uetest kuni elukalliduse erinevusteni, tervishoiu n\u00f5uannetest kuni lemmikloomadega kolimise reegliteni -, mis aitab teil tunda end v\u00f5imekana, kui tuleb aeg teha suur kolimine.<\/span><\/p>\n<p><b>Kiired Gibraltari faktid:<\/b><\/p>\n<ol>\n<li style=\"font-weight: 400;\" aria-level=\"1\"><b>Rahvastik: <\/b><span style=\"font-weight: 400;\">32 669 (hinnanguliselt 2021)<\/span><\/li>\n<li style=\"font-weight: 400;\" aria-level=\"1\"><b>Ametlik keel:<\/b><span style=\"font-weight: 400;\"> Inglise keeles (<\/span><i><span style=\"font-weight: 400;\">de facto<\/span><\/i><span style=\"font-weight: 400;\">)\u00a0<\/span><\/li>\n<li style=\"font-weight: 400;\" aria-level=\"1\"><b>SKP elaniku kohta:<\/b><span style=\"font-weight: 400;\"> $70,248 USD (hinnanguliselt 2021)<\/span><\/li>\n<li style=\"font-weight: 400;\" aria-level=\"1\"><b>Juhuslik fakt: <\/b><span style=\"font-weight: 400;\">Gibraltaril elab kogu Euroopa ainus metsloomade populatsioon.<\/span><\/li>\n<li style=\"font-weight: 400;\" aria-level=\"1\"><b>Valuuta: <\/b><span style=\"font-weight: 400;\">Inglise nael (\u00a3) ja Gibraltari nael. Alates 2023. aasta l\u00f5pust on 1 \u00a3 = $1,25, 1 \u20ac = 1,15 \u00a3, $1 CAD = $1,72, $1 AUD = $1,91.<\/span><span style=\"font-weight: 400;\"><br \/>\n<\/span><\/li>\n<\/ol>\n<div id=\"ez-toc-container\" class=\"ez-toc-v2_0_83 ez-toc-wrap-left counter-hierarchy ez-toc-counter ez-toc-transparent ez-toc-container-direction\">\n<div class=\"ez-toc-title-container\">\n<p class=\"ez-toc-title\" style=\"cursor:inherit\">Jaotised<\/p>\n<span class=\"ez-toc-title-toggle\"><a href=\"#\" class=\"ez-toc-pull-right ez-toc-btn ez-toc-btn-xs ez-toc-btn-default ez-toc-toggle\" aria-label=\"Sisukorra vaheldumine\"><span class=\"ez-toc-js-icon-con\"><span class=\"\"><span class=\"eztoc-hide\" style=\"display:none;\">Toggle<\/span><span class=\"ez-toc-icon-toggle-span\"><svg style=\"fill: #999;color:#999\" xmlns=\"http:\/\/www.w3.org\/2000\/svg\" class=\"list-377408\" width=\"20px\" height=\"20px\" viewbox=\"0 0 24 24\" fill=\"none\"><path d=\"M6 6H4v2h2V6zm14 0H8v2h12V6zM4 11h2v2H4v-2zm16 0H8v2h12v-2zM4 16h2v2H4v-2zm16 0H8v2h12v-2z\" fill=\"currentColor\"><\/path><\/svg><svg style=\"fill: #999;color:#999\" class=\"arrow-unsorted-368013\" xmlns=\"http:\/\/www.w3.org\/2000\/svg\" width=\"10px\" height=\"10px\" viewbox=\"0 0 24 24\" version=\"1.2\" baseprofile=\"tiny\"><path d=\"M18.2 9.3l-6.2-6.3-6.2 6.3c-.2.2-.3.4-.3.7s.1.5.3.7c.2.2.4.3.7.3h11c.3 0 .5-.1.7-.3.2-.2.3-.5.3-.7s-.1-.5-.3-.7zM5.8 14.7l6.2 6.3 6.2-6.3c.2-.2.3-.5.3-.7s-.1-.5-.3-.7c-.2-.2-.4-.3-.7-.3h-11c-.3 0-.5.1-.7.3-.2.2-.3.5-.3.7s.1.5.3.7z\"\/><\/svg><\/span><\/span><\/span><\/a><\/span><\/div>\n<nav><ul class='ez-toc-list ez-toc-list-level-1 eztoc-toggle-hide-by-default' ><li class='ez-toc-page-1 ez-toc-heading-level-2'><a class=\"ez-toc-link ez-toc-heading-1\" href=\"https:\/\/moverdb.com\/et\/moving-to-gibraltar\/moving-to-gibraltar-from-the-uk\/#1_Moving_Costs_to_Gibraltar_From_The_UK\" >1. Kolimiskulud Gibraltarile \u00dchendkuningriigist<\/a><\/li><li class='ez-toc-page-1 ez-toc-heading-level-2'><a class=\"ez-toc-link ez-toc-heading-2\" href=\"https:\/\/moverdb.com\/et\/moving-to-gibraltar\/moving-to-gibraltar-from-the-uk\/#2_How_Long_Does_It_Take_To_Move_to_Gibraltar_from_the_United_Kingdom\" >2. Kui kaua v\u00f5tab aega \u00dchendkuningriigist Gibraltarile kolimine?<\/a><\/li><li class='ez-toc-page-1 ez-toc-heading-level-2'><a class=\"ez-toc-link ez-toc-heading-3\" href=\"https:\/\/moverdb.com\/et\/moving-to-gibraltar\/moving-to-gibraltar-from-the-uk\/#3_Moving_Restrictions_to_Gibraltar_from_the_UK\" >3. Piirangud Gibraltarile liikumiseks \u00dchendkuningriigist\u00a0<\/a><\/li><li class='ez-toc-page-1 ez-toc-heading-level-2'><a class=\"ez-toc-link ez-toc-heading-4\" href=\"https:\/\/moverdb.com\/et\/moving-to-gibraltar\/moving-to-gibraltar-from-the-uk\/#4_Visa_Requirements_to_Gibraltar_from_the_UK\" >4. Viisan\u00f5uded Gibraltarile \u00dchendkuningriigist<\/a><\/li><li class='ez-toc-page-1 ez-toc-heading-level-2'><a class=\"ez-toc-link ez-toc-heading-5\" href=\"https:\/\/moverdb.com\/et\/moving-to-gibraltar\/moving-to-gibraltar-from-the-uk\/#5_Cost_of_Living_Differences_in_Gibraltar\" >5. Elamiskulude erinevused Gibraltaril<\/a><\/li><li class='ez-toc-page-1 ez-toc-heading-level-2'><a class=\"ez-toc-link ez-toc-heading-6\" href=\"https:\/\/moverdb.com\/et\/moving-to-gibraltar\/moving-to-gibraltar-from-the-uk\/#6_Tax_Treaties_in_Gibraltar\" >6. Gibraltari maksulepingud<\/a><\/li><li class='ez-toc-page-1 ez-toc-heading-level-2'><a class=\"ez-toc-link ez-toc-heading-7\" href=\"https:\/\/moverdb.com\/et\/moving-to-gibraltar\/moving-to-gibraltar-from-the-uk\/#7_Working_Rules_in_Gibraltar\" >7. T\u00f6\u00f6reeglid Gibraltaril<\/a><\/li><li class='ez-toc-page-1 ez-toc-heading-level-2'><a class=\"ez-toc-link ez-toc-heading-8\" href=\"https:\/\/moverdb.com\/et\/moving-to-gibraltar\/moving-to-gibraltar-from-the-uk\/#8_Healthcare_in_Gibraltar\" >8. Tervishoid Gibraltaril<\/a><\/li><li class='ez-toc-page-1 ez-toc-heading-level-2'><a class=\"ez-toc-link ez-toc-heading-9\" href=\"https:\/\/moverdb.com\/et\/moving-to-gibraltar\/moving-to-gibraltar-from-the-uk\/#9_Rules_Around_Moving_With_Pets_in_Gibraltar\" >9. Lemmikloomadega Gibraltarile kolimise reeglid<\/a><\/li><li class='ez-toc-page-1 ez-toc-heading-level-2'><a class=\"ez-toc-link ez-toc-heading-10\" href=\"https:\/\/moverdb.com\/et\/moving-to-gibraltar\/moving-to-gibraltar-from-the-uk\/#10_Similar_Cities\" >10. Sarnased linnad<\/a><\/li><li class='ez-toc-page-1 ez-toc-heading-level-2'><a class=\"ez-toc-link ez-toc-heading-11\" href=\"https:\/\/moverdb.com\/et\/moving-to-gibraltar\/moving-to-gibraltar-from-the-uk\/#11_Pros_and_Cons_of_Moving_to_Gibraltar_from_the_UK\" >11. \u00dchendkuningriigist Gibraltarile kolimise plussid ja miinused<\/a><\/li><\/ul><\/nav><\/div>\n<h2><span class=\"ez-toc-section\" id=\"1_Moving_Costs_to_Gibraltar_From_The_UK\"><\/span><b>1. Kolimiskulud Gibraltarile \u00dchendkuningriigist<\/b><span class=\"ez-toc-section-end\"><\/span><\/h2>\n<p>M\u00f5ned n\u00e4idised <a href=\"https:\/\/moverdb.com\/et\/moving-costs\/\" data-internallinksmanager029f6b8e52c=\"25\" title=\"Rahvusvahelised kolimiskulud: 9 asja, mida ei saa eirata\">kolimiskulud<\/a> suurematest \u00dchendkuningriigi linnadest.<\/p>\n<table id=\"moving_costs_gbp_gibraltar\" class=\"dataframe table table-striped\" style=\"border-spacing: 10px; border-collapse: separate;\" border=\"0\">\n<thead>\n<tr style=\"text-align: left;\">\n<th><\/th>\n<th>London<\/th>\n<th><a href=\"\" data-internallinksmanager029f6b8e52c=\"52\" title=\"Manchester\">Manchester<\/a><\/th>\n<th><a href=\"\" data-internallinksmanager029f6b8e52c=\"34\" title=\"Birmingham\">Birmingham<\/a><\/th>\n<th><a href=\"\" data-internallinksmanager029f6b8e52c=\"49\" title=\"Liverpool\">Liverpool<\/a><\/th>\n<\/tr>\n<tr>\n<th>Alates \/ kuni<\/th>\n<th><\/th>\n<th><\/th>\n<th><\/th>\n<th><\/th>\n<\/tr>\n<\/thead>\n<tbody>\n<tr>\n<th>Gibraltar<\/th>\n<td>\u00a3960.00<\/td>\n<td>\u00a31080.00<\/td>\n<td>\u00a31016.00<\/td>\n<td>\u00a31040.00<\/td>\n<\/tr>\n<\/tbody>\n<\/table>\n<h2><span class=\"ez-toc-section\" id=\"2_How_Long_Does_It_Take_To_Move_to_Gibraltar_from_the_United_Kingdom\"><\/span><b>2. Kui kaua v\u00f5tab aega \u00dchendkuningriigist Gibraltarile kolimine?<\/b><span class=\"ez-toc-section-end\"><\/span><\/h2>\n<p><span style=\"font-weight: 400;\">N\u00fc\u00fcd, kui meil on arusaam Gibraltarile kolimisega seotud kuludest, vaatame m\u00f5ningaid hinnangulisi lennuaegu, et anda teile ettekujutus reisimisest.<\/span><\/p>\n<ul>\n<li style=\"font-weight: 400;\" aria-level=\"1\"><span style=\"font-weight: 400;\">London Heathrow-st Gibraltarile - 2 tundi, 50 minutit - \u00a3100<\/span><\/li>\n<li style=\"font-weight: 400;\" aria-level=\"1\"><span style=\"font-weight: 400;\">London Gatwickist Gibraltarile - 2 tundi, 50 minutit - \u00a365<\/span><\/li>\n<li style=\"font-weight: 400;\" aria-level=\"1\"><span style=\"font-weight: 400;\"><a href=\"\" data-internallinksmanager029f6b8e52c=\"44\" title=\"Edinburgh\">Edinburgh<\/a> Gibraltarile - 6 tundi, 5 minutit (j\u00e4tkulend) - 115 GBP<\/span><span style=\"font-weight: 400;\"><br \/>\n<\/span><\/li>\n<\/ul>\n<p><span style=\"font-weight: 400;\">See kestus h\u00f5lmab ainult lennuaega, nii et lisaaega tuleb lisada, et teid terminalist l\u00f5ppsihtkohta toimetada.<\/span><b><\/b><\/p>\n<h2><span class=\"ez-toc-section\" id=\"3_Moving_Restrictions_to_Gibraltar_from_the_UK\"><\/span><b>3. Piirangud Gibraltarile liikumiseks \u00dchendkuningriigist\u00a0<\/b><span class=\"ez-toc-section-end\"><\/span><\/h2>\n<p><span style=\"font-weight: 400;\">\u00dchest riigist teise elama asumiseks on seotud mitmesuguste piirangutega - eelk\u00f5ige on see seotud viisan\u00f5uetega, mida k\u00e4sitleme j\u00e4rgmises punktis.\u00a0<\/span><\/p>\n<p><span style=\"font-weight: 400;\">Teie pass peab kehtima Gibraltaril viibimise ajal. Briti kodanikud ei vaja Gibraltarile \u00f5ppimiseks, k\u00fclastamiseks v\u00f5i t\u00f6\u00f6tamiseks viisat, vastavalt <\/span><a href=\"https:\/\/www.gov.uk\/foreign-travel-advice\/gibraltar\/entry-requirements\" target=\"_blank\" rel=\"noopener\"><span style=\"font-weight: 400;\">Gov.uk<\/span><\/a><span style=\"font-weight: 400;\">.<\/span><\/p>\n<p><span style=\"font-weight: 400;\">Nagu arvata v\u00f5ite, kehtivad tollieeskirjad, mis keelavad teatavate esemete vedamise - k\u00f5ik, mida peetakse keelatuks v\u00f5i mille suhtes kohaldatakse makse v\u00f5i tollimaksu, tuleb deklareerida. Lisateavet selle kohta, mis on lubatud ja mis mitte, leiate aadressilt <\/span><a href=\"https:\/\/www.gibraltar.gov.gi\/public-services\/hm-customs\" target=\"_blank\" rel=\"noopener\"><span style=\"font-weight: 400;\">Gibraltar.gov.gi<\/span><\/a><span style=\"font-weight: 400;\">.\u00a0\u00a0<\/span><\/p>\n<p><span style=\"font-weight: 400;\">Praegu ei ole COVID-19 reisipiiranguid, kuid on soovitatav, et hoiaksite end kursis mis tahes arengutega, et tagada, et j\u00e4rgite reisi ajal k\u00f5ige v\u00e4rskemat teavet.<\/span><\/p>\n<h2><span class=\"ez-toc-section\" id=\"4_Visa_Requirements_to_Gibraltar_from_the_UK\"><\/span><b>4. Viisan\u00f5uded Gibraltarile \u00dchendkuningriigist<\/b><span class=\"ez-toc-section-end\"><\/span><\/h2>\n<p><span style=\"font-weight: 400;\">Gibraltarile sisenemiseks on vaja kehtivat passi, mis kehtib kogu riigis viibimise ajal. Viisa ei ole vajalik, kui kavatsete reisida k\u00fclastuse, \u00f5ppimise v\u00f5i t\u00f6\u00f6tamise eesm\u00e4rgil, <\/span><a href=\"https:\/\/www.gov.uk\/foreign-travel-advice\/gibraltar\/entry-requirements\" target=\"_blank\" rel=\"noopener\"><span style=\"font-weight: 400;\">Gov.uk<\/span><\/a><span style=\"font-weight: 400;\"> riigid.<\/span><\/p>\n<p><span style=\"font-weight: 400;\">Igal juhul peate r\u00e4\u00e4kima viisaspetsialistiga, kes annab teile n\u00f5u teie individuaalsete asjaolude kohta, ja olema alati kursis eeskirjade viimaste muudatustega.<\/span><b><\/b><\/p>\n<h2><span class=\"ez-toc-section\" id=\"5_Cost_of_Living_Differences_in_Gibraltar\"><\/span><b>5. Elamiskulude erinevused Gibraltaril<\/b><span class=\"ez-toc-section-end\"><\/span><\/h2>\n<p><img loading=\"lazy\" decoding=\"async\" class=\"alignnone size-full wp-image-14578\" src=\"https:\/\/moverdb.com\/wp-content\/uploads\/moving-to-gibraltar-2.jpg\" alt=\"\" width=\"1000\" height=\"667\" srcset=\"https:\/\/moverdb.com\/wp-content\/uploads\/moving-to-gibraltar-2.jpg 1000w, https:\/\/moverdb.com\/wp-content\/uploads\/moving-to-gibraltar-2-300x200.jpg 300w, https:\/\/moverdb.com\/wp-content\/uploads\/moving-to-gibraltar-2-18x12.jpg 18w\" sizes=\"auto, (max-width: 1000px) 100vw, 1000px\" \/><span style=\"font-weight: 400;\">Kuigi see artikkel h\u00f5lmab Gibraltarit tervikuna, on majade hinnad piirkonniti erinevad, kuid allpool esitatud arvud annavad teile \u00fclevaate sellest, mis on saadaval millise hinnaga.<\/span><\/p>\n<p><span style=\"font-weight: 400;\">\u00dcldiselt v\u00f5ib \u00f6elda, et elamiskulud Gibraltaril on hinnanguliselt 25,8% madalamad kui \u00dchendkuningriigis, kusjuures \u00fc\u00fcr on umbes 30,6% madalam.<\/span><\/p>\n<p><b>Igakuised rendihinnad Gibraltaril:<\/b><\/p>\n<ul>\n<li style=\"font-weight: 400;\" aria-level=\"1\"><span style=\"font-weight: 400;\">1 magamistoaga korter kesklinnas:<\/span><b> \u00a31,325+<\/b><\/li>\n<li style=\"font-weight: 400;\" aria-level=\"1\"><span style=\"font-weight: 400;\">1 magamistoaga korter v\u00e4ljaspool kesklinna: <\/span><b>\u00a31,250+<\/b><\/li>\n<li style=\"font-weight: 400;\" aria-level=\"1\"><span style=\"font-weight: 400;\">3 magamistoaga korter kesklinnas: <\/span><b>\u00a32,500+<\/b><\/li>\n<li style=\"font-weight: 400;\" aria-level=\"1\"><span style=\"font-weight: 400;\">3 magamistoaga korter v\u00e4ljaspool kesklinna: <\/span><b>\u00a32,300+<\/b><\/li>\n<\/ul>\n<p><b>Gibraltari kodu ostuhinnad:<\/b><\/p>\n<ul>\n<li style=\"font-weight: 400;\" aria-level=\"1\"><span style=\"font-weight: 400;\">Ruutmeetri hind kesklinnas ostmiseks: <\/span><b>\u00a37,600+<\/b><\/li>\n<li style=\"font-weight: 400;\" aria-level=\"1\"><span style=\"font-weight: 400;\">Hind ruutmeetri kohta v\u00e4ljaspool linna ostmiseks: <\/span><b>\u00a36,800+<\/b><\/li>\n<\/ul>\n<p><b><i>Allikas: <\/i><\/b><a href=\"https:\/\/www.numbeo.com\/cost-of-living\/in\/Gibraltar\" target=\"_blank\" rel=\"noopener\"><i><span style=\"font-weight: 400;\">Numbeo<\/span><\/i><\/a><\/p>\n<h2><span class=\"ez-toc-section\" id=\"6_Tax_Treaties_in_Gibraltar\"><\/span><b>6. Gibraltari maksulepingud<\/b><span class=\"ez-toc-section-end\"><\/span><\/h2>\n<p><span style=\"font-weight: 400;\">Gibraltar on tuntud \"soodsa\" maksukeskkonna poolest. See t\u00e4hendab, et Gibraltaril ei ole:<\/span><\/p>\n<ul>\n<li style=\"font-weight: 400;\" aria-level=\"1\"><span style=\"font-weight: 400;\">K\u00c4IBEMAKSU<\/span><\/li>\n<li style=\"font-weight: 400;\" aria-level=\"1\"><span style=\"font-weight: 400;\">Varamaks<\/span><\/li>\n<li style=\"font-weight: 400;\" aria-level=\"1\"><span style=\"font-weight: 400;\">Kapitalitulu maksustamine<\/span><\/li>\n<\/ul>\n<p><span style=\"font-weight: 400;\">\u00dcksikisiku tulumaksu ei ole, kuid \u00fcksikisikud maksavad siiski isiklikku maksu, mis arvutatakse nende \"maksustatavast tulust\", mida arvestatakse Gibraltarilt saadud sissetulekust. On olemas sotsiaalkindlustusmaksed.<\/span><\/p>\n<p><span style=\"font-weight: 400;\">Need v\u00e4\u00e4rtused v\u00f5ivad muutuda, seega on oluline olla kursis muudatustega, kui need toimuvad, kui te t\u00f6\u00f6tate v\u00f5i elate riigis, et tagada seaduslik koost\u00f6\u00f6 maksustamise osas.\u00a0<\/span><b><\/b><\/p>\n<h2><span class=\"ez-toc-section\" id=\"7_Working_Rules_in_Gibraltar\"><\/span><b>7. T\u00f6\u00f6reeglid Gibraltaril<\/b><span class=\"ez-toc-section-end\"><\/span><\/h2>\n<p><a href=\"https:\/\/www.recruitgibraltar.com\/WorkResidencePermitsinGibraltar.asp#:~:text=As%20a%20rule%20if%20you,Employment%20Training%20Board%20(ETB).\" target=\"_blank\" rel=\"noopener\"><span style=\"font-weight: 400;\">Gibraltari t\u00f6\u00f6lev\u00f5tmine<\/span><\/a><span style=\"font-weight: 400;\"> \u00fctleb, et kui teil on ELi v\u00f5i EMP riigi pass, siis v\u00f5ite t\u00f6\u00f6tada Gibraltaril. ELi mittekuuluvatest riikidest p\u00e4rit isikud peavad taotlema t\u00f6\u00f6luba Gibraltari kaudu. <\/span><a href=\"https:\/\/www.gibraltar.gov.gi\/department-employment\" target=\"_blank\" rel=\"noopener\"><span style=\"font-weight: 400;\">T\u00f6\u00f6h\u00f5iveamet (ETB)<\/span><\/a><span style=\"font-weight: 400;\">.<\/span><\/p>\n<p><span style=\"font-weight: 400;\">See h\u00f5lmab ka \u00dchendkuningriiki, mis t\u00e4hendab, et \u00dchendkuningriigi kodanikud ei vaja riigis t\u00f6\u00f6tamiseks t\u00f6\u00f6luba.\u00a0<\/span><\/p>\n<p><span style=\"font-weight: 400;\">S\u00f5ltumata teie t\u00f6\u00f6tamise olukorrast on oluline, et enne riiki sisenemist saaksite vajaduse korral oma viisa korda, et tagada sujuv \u00fcleminek. Samuti on oluline tutvuda maksude ja mis tahes soodsate programmidega, n\u00e4iteks tervishoius\u00fcsteemidega, et te oleksite oma \u00f5igustest t\u00e4ielikult kursis.<\/span><b><\/b><\/p>\n<h2><span class=\"ez-toc-section\" id=\"8_Healthcare_in_Gibraltar\"><\/span><b>8. Tervishoid Gibraltaril<\/b><span class=\"ez-toc-section-end\"><\/span><\/h2>\n<p><span style=\"font-weight: 400;\">Kui \u00dchendkuningriigis on palju haiglaid, siis Gibraltaril on vaid \u00fcks - St Bernard's. <\/span><a href=\"https:\/\/www.gov.uk\/foreign-travel-advice\/gibraltar\/health\" target=\"_blank\" rel=\"noopener\"><span style=\"font-weight: 400;\">Gov.uk \u00fctleb<\/span><\/a><span style=\"font-weight: 400;\"> et Briti kodanikud v\u00f5ivad saada erakorralist ravi riigis, kui nad esitavad oma Briti passi, kuid m\u00f5ne spetsiifilisema ravi jaoks v\u00f5ib olla vajalik, et teid viiakse \u00fcle <a href=\"https:\/\/moverdb.com\/et\/moving-to-spain\/\" data-internallinksmanager029f6b8e52c=\"266\" title=\"Kolimine Hispaaniasse? 2023 elamiskulud ja kolimisn\u00f5uanded\">Hispaania<\/a>, mis v\u00f5ib kaasa tuua tasusid.<\/span><\/p>\n<p><span style=\"font-weight: 400;\">Enne reisi on soovitatav omada \u00fclemaailmset tervisekindlustuskaarti (GHIC), et tagada reisil reisimise ajal vajaduse korral juurdep\u00e4\u00e4s vajalikule ravile.\u00a0<\/span><\/p>\n<p><span style=\"font-weight: 400;\">Nagu iga reisi puhul, peate s\u00f5lmima asjakohase tervisekindlustuse, et hoida end kindlustatuna, sest Euroopa ravikindlustus v\u00f5i GHIC \u00fcksi ei kata k\u00f5iki juhtumeid. Kaardid katavad riiklikku, mitte eratervishoiuteenust.<\/span><\/p>\n<p><span style=\"font-weight: 400;\">Te v\u00f5ite reisida ravimitega Gibraltarile, kuid peate enne seda kontrollima, kas see on lubatud. Seda saab kontrollida <\/span><a href=\"https:\/\/www.gibraltar.gov.gi\/public-services\/hm-customs\" target=\"_blank\" rel=\"noopener\"><span style=\"font-weight: 400;\">HM Gibraltari tolliameti veebisait<\/span><\/a><span style=\"font-weight: 400;\">.<\/span><b><\/b><\/p>\n<h2><span class=\"ez-toc-section\" id=\"9_Rules_Around_Moving_With_Pets_in_Gibraltar\"><\/span><b>9. Lemmikloomadega Gibraltarile kolimise reeglid<\/b><span class=\"ez-toc-section-end\"><\/span><\/h2>\n<p><span style=\"font-weight: 400;\">Kolimine h\u00f5lmab palju kastide kaupa - kuid see v\u00f5ib h\u00f5lmata ka m\u00f5nda eriti olulist karvast s\u00f5pra! Kui teil on vaja kolida Gibraltarile koos lemmikloomaga, siis on siinkohal kirjas, mida peate teadma.<\/span><\/p>\n<p><a href=\"https:\/\/www.environmental-agency.gi\/importation-of-pets\/#:~:text=1%20%2D%20Animals%20must%20bbe%20identifiable,days%20prior%20to%20entering%20Gibraltar.\" target=\"_blank\" rel=\"noopener\"><span style=\"font-weight: 400;\">Gibraltari Keskkonnaagentuur<\/span><\/a><span style=\"font-weight: 400;\"> on s\u00e4testatud, et kassid, koerad ja valgetuhkrud, kes reisivad EList ja loetletud kolmandatest riikidest, mille hulka kuulub ka \u00dchendkuningriik, peavad olema sertifitseeritud:<\/span><\/p>\n<ul>\n<li style=\"font-weight: 400;\" aria-level=\"1\"><span style=\"font-weight: 400;\">on mikrokiibid<\/span><\/li>\n<li style=\"font-weight: 400;\" aria-level=\"1\"><span style=\"font-weight: 400;\">olla vaktsineeritud marutaudi vastu\u00a0<\/span><\/li>\n<li style=\"font-weight: 400;\" aria-level=\"1\"><span style=\"font-weight: 400;\">omab lemmiklooma passi<\/span><\/li>\n<\/ul>\n<p><span style=\"font-weight: 400;\">Oluline on kontrollida viimast teavet reisimise ajal, et tagada, et te olete m\u00e4rgistanud k\u00f5ik teie ja teie lemmiklooma jaoks n\u00f5utavad kastid.\u00a0<\/span><b><\/b><\/p>\n<h2><span class=\"ez-toc-section\" id=\"10_Similar_Cities\"><\/span><b>10. Sarnased linnad<\/b><span class=\"ez-toc-section-end\"><\/span><\/h2>\n<p><img loading=\"lazy\" decoding=\"async\" class=\"alignnone size-full wp-image-14579\" src=\"https:\/\/moverdb.com\/wp-content\/uploads\/moving-to-gibraltar-3.jpg\" alt=\"\" width=\"1000\" height=\"653\" srcset=\"https:\/\/moverdb.com\/wp-content\/uploads\/moving-to-gibraltar-3.jpg 1000w, https:\/\/moverdb.com\/wp-content\/uploads\/moving-to-gibraltar-3-300x196.jpg 300w, https:\/\/moverdb.com\/wp-content\/uploads\/moving-to-gibraltar-3-18x12.jpg 18w\" sizes=\"auto, (max-width: 1000px) 100vw, 1000px\" \/><span style=\"font-weight: 400;\">Gibraltar on Briti \u00fclemereterritoorium, kus elab umbes 30 000 elanikku. Riigi ja Kanalisaarte vahel v\u00f5ib t\u00f5mmata sarnasusi nende sarnase v\u00e4iksuse t\u00f5ttu.<\/span><\/p>\n<p><span style=\"font-weight: 400;\">Erinevalt Kanalisaartest, mis on t\u00e4ielikult omaette saare\u00fcksused, on Gibraltar seotud Hispaaniaga, kuid omab siiski merepiiri. Samamoodi, <a href=\"https:\/\/moverdb.com\/et\/moving-to-monaco\/\" data-internallinksmanager029f6b8e52c=\"351\" title=\"Kolimine Monacosse? 2023 elamiskulud ja kolimisn\u00f5uanded\">Monaco<\/a> on v\u00e4ike territoorium, millel on Gibraltariga v\u00f5rreldav \"strateegiline\" asukoht, mis annab h\u00e4id reisimisv\u00f5imalusi riiki ja riigist v\u00e4lja.\u00a0<\/span><\/p>\n<p><span style=\"font-weight: 400;\">Nii Gibraltaril kui ka Monacol on hea turismimajandus, seda nii ajalooliste kui ka ostuv\u00f5imaluste t\u00f5ttu. M\u00f5lemad riigid eelistavad madalat v\u00f5i \u00fcldse mitte maksustamist, mis v\u00f5ib olla atraktiivne nii ettev\u00f5tjatele kui ka eraisikutele.\u00a0<\/span><b><\/b><\/p>\n<h2><span class=\"ez-toc-section\" id=\"11_Pros_and_Cons_of_Moving_to_Gibraltar_from_the_UK\"><\/span><b>11. \u00dchendkuningriigist Gibraltarile kolimise plussid ja miinused<\/b><span class=\"ez-toc-section-end\"><\/span><\/h2>\n<p><span style=\"font-weight: 400;\">V\u00f5ib-olla kolite uue t\u00f6\u00f6v\u00f5imaluse t\u00f5ttu v\u00f5i soovite lihtsalt proovida t\u00e4iesti teistsugust riiki ja kliimat - mis iganes on teie p\u00f5hjus, miks te soovite \u00dchendkuningriigist Gibraltarile kolida, vaadakem m\u00f5ningaid peamisi kolimisega seotud plusse ja miinuseid.<\/span><\/p>\n\n<table id=\"tablepress-439\" class=\"tablepress tablepress-id-439\">\n<thead>\n<tr class=\"row-1\">\n\t<th class=\"column-1\">\u00dchendkuningriigist Gibraltarile kolimise eelised<\/th><th class=\"column-2\">\u00dchendkuningriigist Gibraltarile kolimise puudused<\/th>\n<\/tr>\n<\/thead>\n<tbody class=\"row-striping row-hover\">\n<tr class=\"row-2\">\n\t<td class=\"column-1\">Maksusoodustused: Gibraltar on tuntud oma soodsa maksukeskkonna poolest, mis pakub elanikele v\u00f5imalikke finantseeliseid.<\/td><td class=\"column-2\">Piiratud elamispind: Gibraltar on v\u00e4ike territoorium ja piiratud elamispinna t\u00f5ttu v\u00f5ib sobiva eluaseme leidmine olla keeruline.<\/td>\n<\/tr>\n<tr class=\"row-3\">\n\t<td class=\"column-1\">Kultuuriline segu: Kultuurikeskkond Gibraltaril on mitmekesine, peegeldades Briti, Hispaania ja Vahemere piirkonna kultuuride m\u00f5jutusi.<\/td><td class=\"column-2\">K\u00f5rged elamiskulud: Kuigi Gibraltaril on maksusoodustused, v\u00f5ivad \u00fcldised elamiskulud, sealhulgas eluasemed ja kaubad, olla suhteliselt k\u00f5rged.<\/td>\n<\/tr>\n<tr class=\"row-4\">\n\t<td class=\"column-1\">Leebe kliima: Gibraltaril valitseb maheda talve ja sooja suvega vahemereline kliima.<\/td><td class=\"column-2\">Pendelr\u00e4nne v\u00e4ljakutsed: Piiri \u00fcletamine Hispaaniasse ja Hispaaniast t\u00f6\u00f6le v\u00f5i muudeks tegevusteks v\u00f5ib p\u00f5hjustada viivitusi ja probleeme pendelr\u00e4ndega.<\/td>\n<\/tr>\n<tr class=\"row-5\">\n\t<td class=\"column-1\">Turvalisus: Gibraltarit peetakse ohutuks ja turvaliseks territooriumiks, kus kuritegevuse m\u00e4\u00e4r on madal.<\/td><td class=\"column-2\">Piiratud t\u00f6\u00f6turg: Gibraltari kui v\u00e4ikese territooriumi t\u00f6\u00f6turg v\u00f5ib olla konkurentsitihe ja t\u00f6\u00f6v\u00f5imaluste leidmine v\u00f5ib olla piiratud.<\/td>\n<\/tr>\n<\/tbody>\n<\/table>\n<!-- #tablepress-439 from cache -->\n<p><span style=\"font-weight: 400;\">Mida iganes te ka ei otsustaksite, peate m\u00f5istma oma kolimist m\u00f5jutavaid \u00f5iguslikke tegureid - kontrollige kindlasti, kas <\/span><a href=\"https:\/\/www.gov.uk\/world\/living-in-gibraltar\" target=\"_blank\" rel=\"noopener\"><span style=\"font-weight: 400;\">Gov.uk<\/span><\/a><span style=\"font-weight: 400;\"> kogu vajalikku teavet.<\/span><\/p>","protected":false},"excerpt":{"rendered":"<p>If you are considering making the move from the United Kingdom to Gibraltar, this guide will tell you everything you need to know &#8211; from visa requirements to cost of living differences; healthcare top tips to rules about moving country with your pets &#8211; helping you to feel empowered when the time comes to make [&hellip;]<\/p>\n","protected":false},"author":5,"featured_media":14577,"parent":7821,"menu_order":0,"comment_status":"closed","ping_status":"closed","template":"","meta":{"_genesis_hide_title":false,"_genesis_hide_breadcrumbs":false,"_genesis_hide_singular_image":false,"_genesis_hide_footer_widgets":false,"_genesis_custom_body_class":"","_genesis_custom_post_class":"","_genesis_layout":"","footnotes":""},"class_list":{"0":"post-15073","1":"page","2":"type-page","3":"status-publish","4":"has-post-thumbnail","6":"entry"},"_links":{"self":[{"href":"https:\/\/moverdb.com\/et\/wp-json\/wp\/v2\/pages\/15073","targetHints":{"allow":["GET"]}}],"collection":[{"href":"https:\/\/moverdb.com\/et\/wp-json\/wp\/v2\/pages"}],"about":[{"href":"https:\/\/moverdb.com\/et\/wp-json\/wp\/v2\/types\/page"}],"author":[{"embeddable":true,"href":"https:\/\/moverdb.com\/et\/wp-json\/wp\/v2\/users\/5"}],"replies":[{"embeddable":true,"href":"https:\/\/moverdb.com\/et\/wp-json\/wp\/v2\/comments?post=15073"}],"version-history":[{"count":7,"href":"https:\/\/moverdb.com\/et\/wp-json\/wp\/v2\/pages\/15073\/revisions"}],"predecessor-version":[{"id":15174,"href":"https:\/\/moverdb.com\/et\/wp-json\/wp\/v2\/pages\/15073\/revisions\/15174"}],"up":[{"embeddable":true,"href":"https:\/\/moverdb.com\/et\/wp-json\/wp\/v2\/pages\/7821"}],"wp:featuredmedia":[{"embeddable":true,"href":"https:\/\/moverdb.com\/et\/wp-json\/wp\/v2\/media\/14577"}],"wp:attachment":[{"href":"https:\/\/moverdb.com\/et\/wp-json\/wp\/v2\/media?parent=15073"}],"curies":[{"name":"wp","href":"https:\/\/api.w.org\/{rel}","templated":true}]}}