{"id":14416,"date":"2023-11-08T15:56:48","date_gmt":"2023-11-08T15:56:48","guid":{"rendered":"https:\/\/moverdb.com\/freight-forwarder\/freight-forwarding-uk\/hertford-freight-forwarder\/"},"modified":"2026-01-08T14:51:42","modified_gmt":"2026-01-08T14:51:42","slug":"hertford-freight-forwarder","status":"publish","type":"page","link":"https:\/\/moverdb.com\/et\/freight-forwarder\/freight-forwarding-uk\/hertford-freight-forwarder\/","title":{"rendered":"1 Parimad Hertfordi ekspedeerimisfirmad (2024)"},"content":{"rendered":"<p>J\u00e4rgnevalt vaatleme 1 <em>\"parim\"<\/em> Ekspedeerimisfirmad Hertfordis 2-st.<\/p>\n<p>Lisateavet selle kohta, kuidas me valisime parimad, leiate meie KKK-osa l\u00f5pust.<\/p>\n<p><em>Pange t\u00e4hele, et j\u00e4rgmised nimekirjad ei ole konkreetses j\u00e4rjekorras ja me ei anna soovitusi \u00fchegi konkreetse ettev\u00f5tte kohta.<\/em><\/p>\n<h2>MATTHEWS HAULAGE LTD<\/h2>\n<p><img decoding=\"async\" src=\"https:\/\/moverdb.com\/wp-content\/uploads\/AF1QipPwh_X9ZHgiMWLtp7OUwS2ViaYQBJWPuuf2ncbHw408-h306-k-no.jpg\" alt='MATTHEWS HAULAGE LTD' class=\"aligncenter\"><\/p>\n<p><strong>Ettev\u00f5tte kirjeldus: <\/strong>Kui olete Hertfordshire'is asuv ja \u00fcleriigiliselt tooteid turustav B2B-toodete ettev\u00f5te, mis soovib parandada klienditeenindust, varude k\u00e4ivet ja kasumlikkust, kuid on praegu rahulolematu.<\/p>\n<p> V\u00f5ite arvestada <a href=\"https:\/\/moverdb.com\/et\/moving-to-the-united-states\/\" data-internallinksmanager029f6b8e52c=\"94\" title=\"Kolimine Ameerika \u00dchendriikidesse? 2022 Elamiskulud ja kolimisn\u00f5uanded\">us<\/a>.<\/p>\n<p>Matthews Haulage Ltd asutati 1975. aastal ja asub Hertfordis alates 1977. aastast.<\/p>\n<p>Matthews Haulage Ltd on hoolikalt kasvanud selliseks \"Rolls Royce\" ettev\u00f5tteks, nagu ta t\u00e4na on.<\/p>\n<p> Me oleme uhked, et teeme k\u00f5ik endast oleneva (ilma s\u00f5nam\u00e4nguta), et tagada k\u00f5igi meie v\u00e4ikeste ja suurte klientide rahulolu.<\/p>\n<p> Pakume esmaklassilist teenust konkurentsiv\u00f5imelise hinnaga, kasutades kaasaegset, nutikat autoparki ja nutikaid, kohusetundlikke autojuhte.<\/p>\n<p> Meil on k\u00f5rgelt motiveeritud juhtkond, kes aitab teid k\u00f5igis teie vajadustes, te vaevalt peate ise m\u00f5tlema!<\/p>\n<p><strong>T\u00e4iendavad teenused:<\/strong><\/p>\n<p>Ei ole loetletud<\/p>\n<p><strong>Aadress:<\/strong> Mead Ln, Hertford SG13 7AX<\/p>\n<p><a href=\"http:\/\/www.matthewshaulage.co.uk\/\" target=\"_new\" rel=\"noopener\">MATTHEWS HAULAGE LTD veebisait<\/a><\/p>\n<p><strong>L\u00e4bivaatamise tulemus: <\/strong>4.9<br \/> <strong>Arvamuste arv:<\/strong> 10<br \/><a href=\"https:\/\/www.google.co.uk\/maps?cid=15518358092684340918&#038;hl=en&#038;gl=GB\" target=\"_new\" rel=\"noopener\">Loe kommentaare<\/a><\/p>\n<h2>Kuidas me valisime parimad Hertfordi ekspedeerimisfirmad<\/h2>\n<p>Alustasime 2 Hertfordi ekspedeerimisfirma andmestikust, mille leidsime Google Mapsi kaudu, ja kitsendasime selle 1 parimaks.<\/p>\n<p>Selleks eemaldasime k\u00f5ik ettev\u00f5tted, mis:<\/p>\n<ul>\n<li> Ei olnud veebilehte<\/li>\n<li> Ei olnud kommentaare<\/li>\n<li> Keskmine hinde oli alla 2,0<\/li>\n<\/ul>\n<p>Sel hetkel, kui meil oli 17 v\u00f5i v\u00e4hem ekspediitorit, loetlesime nad k\u00f5ik \u00fcles.<\/p>\n<p>Linnade puhul, kus meil j\u00e4i \u00fcle 17 saatja, tegime edasisi muudatusi, suurendades kas n\u00f5utavat hindamist (nt t\u00f5stes minimaalse hinde 2,0-lt 4,0-le) ja\/v\u00f5i suurendades n\u00f5utavate hindamiste minimaalset arvu (nt t\u00f5stes v\u00e4hemalt 1 hindamiselt v\u00e4hemalt 10-le).<\/p>\n<p>Pange t\u00e4hele, et me kasutasime ainult Google Maps'i \u00fclevaatuste andmeid, mitte muid kolmandate osapoolte veebisaite.<\/p>\n<p>Rohkem linnu:<\/p>\n<p><a href=\"https:\/\/moverdb.com\/et\/ekspediitor\/freight-forwarding-uk\/edenbridge-freight-forwarder\/\">Edenbridge'i ekspediitor<\/a><br \/><a href=\"https:\/\/moverdb.com\/et\/ekspediitor\/freight-forwarding-uk\/towcester-freight-forwarder\/\">Towcester ekspediitor<\/a><br \/><a href=\"https:\/\/moverdb.com\/et\/ekspediitor\/freight-forwarding-uk\/pulborough-freight-forwarder\/\">Pulborough ekspediitor<\/a><br \/><a href=\"https:\/\/moverdb.com\/et\/ekspediitor\/freight-forwarding-uk\/upminster-freight-forwarder\/\">Upminsteri ekspediitor<\/a><br \/><a href=\"https:\/\/moverdb.com\/et\/ekspediitor\/freight-forwarding-uk\/bala-freight-forwarder\/\">Bala ekspediitor<\/a><\/p>","protected":false},"excerpt":{"rendered":"<p>Below we look at the 1 &#8220;best&#8221; Freight Forwarding companies in Hertford out of 2. To learn more about how we chose the best please consult our FAQ section at the end. Please not the following listings are in no particular order and we are not making any recommendations for any particular company. MATTHEWS HAULAGE [&hellip;]<\/p>\n","protected":false},"author":1,"featured_media":0,"parent":13427,"menu_order":0,"comment_status":"open","ping_status":"open","template":"","meta":{"_genesis_hide_title":false,"_genesis_hide_breadcrumbs":false,"_genesis_hide_singular_image":false,"_genesis_hide_footer_widgets":false,"_genesis_custom_body_class":"","_genesis_custom_post_class":"","_genesis_layout":"","footnotes":""},"class_list":{"0":"post-14416","1":"page","2":"type-page","3":"status-publish","5":"entry"},"_links":{"self":[{"href":"https:\/\/moverdb.com\/et\/wp-json\/wp\/v2\/pages\/14416","targetHints":{"allow":["GET"]}}],"collection":[{"href":"https:\/\/moverdb.com\/et\/wp-json\/wp\/v2\/pages"}],"about":[{"href":"https:\/\/moverdb.com\/et\/wp-json\/wp\/v2\/types\/page"}],"author":[{"embeddable":true,"href":"https:\/\/moverdb.com\/et\/wp-json\/wp\/v2\/users\/1"}],"replies":[{"embeddable":true,"href":"https:\/\/moverdb.com\/et\/wp-json\/wp\/v2\/comments?post=14416"}],"version-history":[{"count":1,"href":"https:\/\/moverdb.com\/et\/wp-json\/wp\/v2\/pages\/14416\/revisions"}],"predecessor-version":[{"id":15586,"href":"https:\/\/moverdb.com\/et\/wp-json\/wp\/v2\/pages\/14416\/revisions\/15586"}],"up":[{"embeddable":true,"href":"https:\/\/moverdb.com\/et\/wp-json\/wp\/v2\/pages\/13427"}],"wp:attachment":[{"href":"https:\/\/moverdb.com\/et\/wp-json\/wp\/v2\/media?parent=14416"}],"curies":[{"name":"wp","href":"https:\/\/api.w.org\/{rel}","templated":true}]}}