{"id":14366,"date":"2023-11-08T15:56:30","date_gmt":"2023-11-08T15:56:30","guid":{"rendered":"https:\/\/moverdb.com\/freight-forwarder\/freight-forwarding-uk\/oakham-freight-forwarder\/"},"modified":"2026-01-08T14:52:12","modified_gmt":"2026-01-08T14:52:12","slug":"oakham-freight-forwarder","status":"publish","type":"page","link":"https:\/\/moverdb.com\/et\/freight-forwarder\/freight-forwarding-uk\/oakham-freight-forwarder\/","title":{"rendered":"1 Parimad Oakhami ekspedeerimisfirmad (2024)"},"content":{"rendered":"<p>J\u00e4rgnevalt vaatleme 1 <em>\"parim\"<\/em> Ekspedeerimisfirmad Oakhamis 3-st.<\/p>\n<p>Lisateavet selle kohta, kuidas me valisime parimad, leiate meie KKK-osa l\u00f5pust.<\/p>\n<p><em>Pange t\u00e4hele, et j\u00e4rgmised nimekirjad ei ole konkreetses j\u00e4rjekorras ja me ei anna soovitusi \u00fchegi konkreetse ettev\u00f5tte kohta.<\/em><\/p>\n<h2>Rutland Worldwide Freight Ltd<\/h2>\n<p><img decoding=\"async\" src=\"https:\/\/moverdb.com\/wp-content\/uploads\/thumbnailpanoidbtDt0MYTFCH9VoIQv4fspwcb_clientsearch.gws-prod.gpsw408h240yaw10.jpg\" alt='Rutland Worldwide Freight Ltd' class=\"aligncenter\"><\/p>\n<p><strong>Ettev\u00f5tte kirjeldus: <\/strong>Rutland Worldwide Freight Ltd.<\/p>\n<p> loodi algselt 1994. aastal, et teenindada meie sidusettev\u00f5tete olemasolevate klientide s\u00fcvamere- ja Euroopa laevanduse vajadusi.<\/p>\n<p>Meie v\u00f5rgustiku kaudu <a href=\"https:\/\/moverdb.com\/et\/moving-to-the-uk\/\" data-internallinksmanager029f6b8e52c=\"93\" title=\"Kolimine \u00dchendkuningriiki? 2022 Elamiskulud ja kolimisn\u00f5uanded\">UK<\/a> ja v\u00e4lismaiste kontaktide kaudu saame pakkuda individuaalseid logistilisi lahendusi igasuguste kaubavedude jaoks.<\/p>\n<p>Olgu selleks siis paanilised kullerteenused, \u00fclemaailmsed \u00f5hu- ja mereveo ekspordi- ja imporditeenused v\u00f5i Euroopa haagiste liikumine.<\/p>\n<p>Me arutame teie individuaalseid n\u00f5udeid ja pakume konkurentsiv\u00f5imelisi v\u00f5imalusi, et tagada teie kaupade \u00f5igeaegne tarnimine.<\/p>\n<p><strong>T\u00e4iendavad teenused:<\/strong><\/p>\n<p>Ei ole loetletud<\/p>\n<p><strong>Aadress:<\/strong> Wireless Hill, South Luffenham, Oakham LE15 8NF<\/p>\n<p><a href=\"https:\/\/www.rutlandworldwide.co.uk\/\" target=\"_new\" rel=\"noopener\">Rutland Worldwide Freight Ltd veebisait<\/a><\/p>\n<p><strong>L\u00e4bivaatamise tulemus: <\/strong>5<br \/> <strong>Arvamuste arv:<\/strong> 2<br \/><a href=\"https:\/\/www.google.co.uk\/maps?cid=11712235677964960116&#038;hl=en&#038;gl=GB\" target=\"_new\" rel=\"noopener\">Loe kommentaare<\/a><\/p>\n<h2>Kuidas me valisime parimad Oakhami ekspedeerimisfirmad<\/h2>\n<p>Alustasime 3 Oakhami ekspedeerimisfirma andmestikust, mille leidsime Google Mapsi kaudu, ja kitsendasime selle 1 parimaks.<\/p>\n<p>Selleks eemaldasime k\u00f5ik ettev\u00f5tted, mis:<\/p>\n<ul>\n<li> Ei olnud veebilehte<\/li>\n<li> Ei olnud kommentaare<\/li>\n<li> Keskmine hinde oli alla 2,0<\/li>\n<\/ul>\n<p>Sel hetkel, kui meil oli 17 v\u00f5i v\u00e4hem ekspediitorit, loetlesime nad k\u00f5ik \u00fcles.<\/p>\n<p>Linnade puhul, kus meil j\u00e4i \u00fcle 17 saatja, tegime edasisi muudatusi, suurendades kas n\u00f5utavat hindamist (nt t\u00f5stes minimaalse hinde 2,0-lt 4,0-le) ja\/v\u00f5i suurendades n\u00f5utavate hindamiste minimaalset arvu (nt t\u00f5stes v\u00e4hemalt 1 hindamiselt v\u00e4hemalt 10-le).<\/p>\n<p>Pange t\u00e4hele, et me kasutasime ainult Google Maps'i \u00fclevaatuste andmeid, mitte muid kolmandate osapoolte veebisaite.<\/p>\n<p>Rohkem linnu:<\/p>\n<p><a href=\"https:\/\/moverdb.com\/et\/ekspediitor\/freight-forwarding-uk\/bedford-freight-forwarder\/\">Bedfordi ekspediitor<\/a><br \/><a href=\"https:\/\/moverdb.com\/et\/ekspediitor\/freight-forwarding-uk\/doncaster-freight-forwarder\/\">Doncasteri ekspediitor<\/a><br \/><a href=\"https:\/\/moverdb.com\/et\/ekspediitor\/freight-forwarding-uk\/camberley-freight-forwarder\/\">Camberley ekspediitor<\/a><br \/><a href=\"https:\/\/moverdb.com\/et\/ekspediitor\/freight-forwarding-uk\/oldham-freight-forwarder\/\">Oldhami ekspediitor<\/a><br \/><a href=\"https:\/\/moverdb.com\/et\/ekspediitor\/freight-forwarding-uk\/halesowen-freight-forwarder\/\">Halesoweni ekspediitor<\/a><\/p>","protected":false},"excerpt":{"rendered":"<p>Below we look at the 1 &#8220;best&#8221; Freight Forwarding companies in Oakham out of 3. To learn more about how we chose the best please consult our FAQ section at the end. Please not the following listings are in no particular order and we are not making any recommendations for any particular company. Rutland Worldwide [&hellip;]<\/p>\n","protected":false},"author":1,"featured_media":0,"parent":13427,"menu_order":0,"comment_status":"open","ping_status":"open","template":"","meta":{"_genesis_hide_title":false,"_genesis_hide_breadcrumbs":false,"_genesis_hide_singular_image":false,"_genesis_hide_footer_widgets":false,"_genesis_custom_body_class":"","_genesis_custom_post_class":"","_genesis_layout":"","footnotes":""},"class_list":{"0":"post-14366","1":"page","2":"type-page","3":"status-publish","5":"entry"},"_links":{"self":[{"href":"https:\/\/moverdb.com\/et\/wp-json\/wp\/v2\/pages\/14366","targetHints":{"allow":["GET"]}}],"collection":[{"href":"https:\/\/moverdb.com\/et\/wp-json\/wp\/v2\/pages"}],"about":[{"href":"https:\/\/moverdb.com\/et\/wp-json\/wp\/v2\/types\/page"}],"author":[{"embeddable":true,"href":"https:\/\/moverdb.com\/et\/wp-json\/wp\/v2\/users\/1"}],"replies":[{"embeddable":true,"href":"https:\/\/moverdb.com\/et\/wp-json\/wp\/v2\/comments?post=14366"}],"version-history":[{"count":1,"href":"https:\/\/moverdb.com\/et\/wp-json\/wp\/v2\/pages\/14366\/revisions"}],"predecessor-version":[{"id":15614,"href":"https:\/\/moverdb.com\/et\/wp-json\/wp\/v2\/pages\/14366\/revisions\/15614"}],"up":[{"embeddable":true,"href":"https:\/\/moverdb.com\/et\/wp-json\/wp\/v2\/pages\/13427"}],"wp:attachment":[{"href":"https:\/\/moverdb.com\/et\/wp-json\/wp\/v2\/media?parent=14366"}],"curies":[{"name":"wp","href":"https:\/\/api.w.org\/{rel}","templated":true}]}}