{"id":14329,"date":"2023-11-08T15:56:13","date_gmt":"2023-11-08T15:56:13","guid":{"rendered":"https:\/\/moverdb.com\/freight-forwarder\/freight-forwarding-uk\/wythenshawe-freight-forwarder\/"},"modified":"2026-01-08T14:55:23","modified_gmt":"2026-01-08T14:55:23","slug":"wythenshawe-freight-forwarder","status":"publish","type":"page","link":"https:\/\/moverdb.com\/et\/freight-forwarder\/freight-forwarding-uk\/wythenshawe-freight-forwarder\/","title":{"rendered":"1 Parim Wythenshawe, ekspedeerimisfirmad (2024)"},"content":{"rendered":"<p>J\u00e4rgnevalt vaatleme 1 <em>\"parim\"<\/em> Ekspedeerimisettev\u00f5tete Wythenshawe, v\u00e4lja 1.<\/p>\n<p>Lisateavet selle kohta, kuidas me valisime parimad, leiate meie KKK-osa l\u00f5pust.<\/p>\n<p><em>Pange t\u00e4hele, et j\u00e4rgmised nimekirjad ei ole konkreetses j\u00e4rjekorras ja me ei anna soovitusi \u00fchegi konkreetse ettev\u00f5tte kohta.<\/em><\/p>\n<h2>Concordia International Forwarding Ltd<\/h2>\n<p><img decoding=\"async\" src=\"https:\/\/moverdb.com\/wp-content\/uploads\/thumbnailpanoidh1ZPbiJ5ttFsAxWRhuPyUwcb_clientsearch.gws-prod.gpsw408h240yaw333.jpg\" alt='Concordia International Forwarding Ltd' class=\"aligncenter\"><\/p>\n<p><strong>Ettev\u00f5tte kirjeldus: <\/strong>Ei ole ette n\u00e4htud<\/p>\n<p><strong>T\u00e4iendavad teenused:<\/strong><\/p>\n<p>Tarnefirma<\/p>\n<p><strong>Aadress:<\/strong> Caldey Rd, Unit J2, Roundthorn Industrial Estate, Wythenshawe, M23 9GE<\/p>\n<p><a href=\"http:\/\/www.concordiafreight.com\/\" target=\"_new\" rel=\"noopener\">Concordia International Forwarding Ltd veebisait<\/a><\/p>\n<p><strong>L\u00e4bivaatamise tulemus: <\/strong>5<br \/> <strong>Arvamuste arv:<\/strong> 3<br \/><a href=\"https:\/\/www.google.co.uk\/maps?cid=8099804361324819988&#038;hl=en&#038;gl=GB\" target=\"_new\" rel=\"noopener\">Loe kommentaare<\/a><\/p>\n<h2>Kuidas me valisime parimad Wythenshawe, Ekspedeerimisfirmad<\/h2>\n<p>Alustasime 1 Wythenshawe'i kaubaveoettev\u00f5tte andmestikust, mille leidsime Google Maps'i kaudu, ja kitsendasime selle 1 parimaks.<\/p>\n<p>Selleks eemaldasime k\u00f5ik ettev\u00f5tted, mis:<\/p>\n<ul>\n<li> Ei olnud veebilehte<\/li>\n<li> Ei olnud kommentaare<\/li>\n<li> Keskmine hinde oli alla 2,0<\/li>\n<\/ul>\n<p>Sel hetkel, kui meil oli 17 v\u00f5i v\u00e4hem ekspediitorit, loetlesime nad k\u00f5ik \u00fcles.<\/p>\n<p>Linnade puhul, kus meil j\u00e4i \u00fcle 17 saatja, tegime edasisi muudatusi, suurendades kas n\u00f5utavat hindamist (nt t\u00f5stes minimaalse hinde 2,0-lt 4,0-le) ja\/v\u00f5i suurendades n\u00f5utavate hindamiste minimaalset arvu (nt t\u00f5stes v\u00e4hemalt 1 hindamiselt v\u00e4hemalt 10-le).<\/p>\n<p>Pange t\u00e4hele, et me kasutasime ainult Google Maps'i \u00fclevaatuste andmeid, mitte muid kolmandate osapoolte veebisaite.<\/p>\n<p>Rohkem linnu:<\/p>\n<p><a href=\"https:\/\/moverdb.com\/et\/ekspediitor\/freight-forwarding-uk\/bishop%26\/#039;s-stortford-freight-forwarder\/\">Bishop's Stortfordi ekspedeerija<\/a><br \/><a href=\"https:\/\/moverdb.com\/et\/ekspediitor\/freight-forwarding-uk\/saint-neots-freight-forwarder\/\">Saint Neots ekspediitor<\/a><br \/><a href=\"https:\/\/moverdb.com\/et\/ekspediitor\/freight-forwarding-uk\/blackburn-freight-forwarder\/\">Blackburni ekspediitor<\/a><br \/><a href=\"https:\/\/moverdb.com\/et\/ekspediitor\/freight-forwarding-uk\/fordingbridge-freight-forwarder\/\">Fordingbridge'i ekspediitor<\/a><br \/><a href=\"https:\/\/moverdb.com\/et\/ekspediitor\/freight-forwarding-uk\/daventry-freight-forwarder\/\">Daventry ekspediitor<\/a><\/p>","protected":false},"excerpt":{"rendered":"<p>Below we look at the 1 &#8220;best&#8221; Freight Forwarding companies in Wythenshawe, out of 1. To learn more about how we chose the best please consult our FAQ section at the end. Please not the following listings are in no particular order and we are not making any recommendations for any particular company. Concordia International [&hellip;]<\/p>\n","protected":false},"author":1,"featured_media":0,"parent":13427,"menu_order":0,"comment_status":"open","ping_status":"open","template":"","meta":{"_genesis_hide_title":false,"_genesis_hide_breadcrumbs":false,"_genesis_hide_singular_image":false,"_genesis_hide_footer_widgets":false,"_genesis_custom_body_class":"","_genesis_custom_post_class":"","_genesis_layout":"","footnotes":""},"class_list":{"0":"post-14329","1":"page","2":"type-page","3":"status-publish","5":"entry"},"_links":{"self":[{"href":"https:\/\/moverdb.com\/et\/wp-json\/wp\/v2\/pages\/14329","targetHints":{"allow":["GET"]}}],"collection":[{"href":"https:\/\/moverdb.com\/et\/wp-json\/wp\/v2\/pages"}],"about":[{"href":"https:\/\/moverdb.com\/et\/wp-json\/wp\/v2\/types\/page"}],"author":[{"embeddable":true,"href":"https:\/\/moverdb.com\/et\/wp-json\/wp\/v2\/users\/1"}],"replies":[{"embeddable":true,"href":"https:\/\/moverdb.com\/et\/wp-json\/wp\/v2\/comments?post=14329"}],"version-history":[{"count":1,"href":"https:\/\/moverdb.com\/et\/wp-json\/wp\/v2\/pages\/14329\/revisions"}],"predecessor-version":[{"id":15677,"href":"https:\/\/moverdb.com\/et\/wp-json\/wp\/v2\/pages\/14329\/revisions\/15677"}],"up":[{"embeddable":true,"href":"https:\/\/moverdb.com\/et\/wp-json\/wp\/v2\/pages\/13427"}],"wp:attachment":[{"href":"https:\/\/moverdb.com\/et\/wp-json\/wp\/v2\/media?parent=14329"}],"curies":[{"name":"wp","href":"https:\/\/api.w.org\/{rel}","templated":true}]}}