{"id":14274,"date":"2023-11-08T15:55:37","date_gmt":"2023-11-08T15:55:37","guid":{"rendered":"https:\/\/moverdb.com\/freight-forwarder\/freight-forwarding-uk\/lutterworth-freight-forwarder\/"},"modified":"2026-01-08T14:52:03","modified_gmt":"2026-01-08T14:52:03","slug":"lutterworth-freight-forwarder","status":"publish","type":"page","link":"https:\/\/moverdb.com\/et\/freight-forwarder\/freight-forwarding-uk\/lutterworth-freight-forwarder\/","title":{"rendered":"1 Parimad Lutterworthi ekspedeerimisfirmad (2024)"},"content":{"rendered":"<p>J\u00e4rgnevalt vaatleme 1 <em>\"parim\"<\/em> Ekspedeerimisfirmad Lutterworthis 2-st.<\/p>\n<p>Lisateavet selle kohta, kuidas me valisime parimad, leiate meie KKK-osa l\u00f5pust.<\/p>\n<p><em>Pange t\u00e4hele, et j\u00e4rgmised nimekirjad ei ole konkreetses j\u00e4rjekorras ja me ei anna soovitusi \u00fchegi konkreetse ettev\u00f5tte kohta.<\/em><\/p>\n<h2>BSM Global Logistics Limited<\/h2>\n<p><img decoding=\"async\" src=\"https:\/\/moverdb.com\/wp-content\/uploads\/AF1QipOCfsnh6ZxvP9deGpJ9mHwbSaGCx2ALsAip9O_9w408-h306-k-no.jpg\" alt='BSM Global Logistics Limited' class=\"aligncenter\"><\/p>\n<p><strong>Ettev\u00f5tte kirjeldus: <\/strong>BSM Global Logistics Limited on Midlands &amp; Leicestershire'is asuv logistikaettev\u00f5te, <a href=\"https:\/\/moverdb.com\/et\/moving-to-the-uk\/\" data-internallinksmanager029f6b8e52c=\"93\" title=\"Kolimine \u00dchendkuningriiki? 2022 Elamiskulud ja kolimisn\u00f5uanded\">\u00dchendkuningriik<\/a>.<\/p>\n<p> Meie teenused h\u00f5lmavad logistikat, laojagamist ja ekspedeerimist kogu maailmas.<\/p>\n<p>Meie eesm\u00e4rk on koguda 30-90 minuti jooksul p\u00e4rast broneeringu tegemist, kusjuures tarne on saadaval k\u00f5ikjale \u00dchendkuningriigis.<\/p>\n<p>Pakume samal p\u00e4eval, j\u00e4rgmisel p\u00e4eval, \u00fcle\u00f6\u00f6 ja 48(+) tunni kullerteenust, mis on kohandatud vastavalt teie \u00e4rivajadustele.<\/p>\n<p> Meie s\u00f5idukipargid ulatuvad v\u00e4ikestest kaubikutest, keskmise suurusega kaubikutest, pika teljevahega kaubikutest, lutoni suurusega kaubikutest ja 7.<\/p>\n<p>5t katusealused.<\/p>\n<p>Juhid Tracked &amp; POD kohe saadaval<\/p>\n<p>Helista <a href=\"https:\/\/moverdb.com\/et\/moving-to-the-united-states\/\" data-internallinksmanager029f6b8e52c=\"94\" title=\"Kolimine Ameerika \u00dchendriikidesse? 2022 Elamiskulud ja kolimisn\u00f5uanded\">Meie<\/a> N\u00fc\u00fcd ** 02475122304 **<\/p>\n<p><strong>T\u00e4iendavad teenused:<\/strong><\/p>\n<p>Ei ole loetletud<\/p>\n<p><strong>Aadress:<\/strong> Unit 3, Clarke Commercial Properties, Bilton Wy., Lutterworth LE17 4HJ<\/p>\n<p><a href=\"https:\/\/www.bsm-global.com\/\" target=\"_new\" rel=\"noopener\">BSM Global Logistics Limited veebisait<\/a><\/p>\n<p><strong>L\u00e4bivaatamise tulemus: <\/strong>4<br \/> <strong>Arvamuste arv:<\/strong> 4<br \/><a href=\"https:\/\/www.google.co.uk\/maps?cid=10195010699382953874&#038;hl=en&#038;gl=GB\" target=\"_new\" rel=\"noopener\">Loe kommentaare<\/a><\/p>\n<h2>Kuidas me valisime parimad Lutterworthi ekspedeerimisfirmad<\/h2>\n<p>Alustasime 2 Lutterworthi ekspedeerimisfirma andmestikust, mille leidsime Google Mapsi kaudu, ja kitsendasime selle 1 parimaks.<\/p>\n<p>Selleks eemaldasime k\u00f5ik ettev\u00f5tted, mis:<\/p>\n<ul>\n<li> Ei olnud veebilehte<\/li>\n<li> Ei olnud kommentaare<\/li>\n<li> Keskmine hinde oli alla 2,0<\/li>\n<\/ul>\n<p>Sel hetkel, kui meil oli 17 v\u00f5i v\u00e4hem ekspediitorit, loetlesime nad k\u00f5ik \u00fcles.<\/p>\n<p>Linnade puhul, kus meil j\u00e4i \u00fcle 17 saatja, tegime edasisi muudatusi, suurendades kas n\u00f5utavat hindamist (nt t\u00f5stes minimaalse hinde 2,0-lt 4,0-le) ja\/v\u00f5i suurendades n\u00f5utavate hindamiste minimaalset arvu (nt t\u00f5stes v\u00e4hemalt 1 hindamiselt v\u00e4hemalt 10-le).<\/p>\n<p>Pange t\u00e4hele, et me kasutasime ainult Google Maps'i \u00fclevaatuste andmeid, mitte muid kolmandate osapoolte veebisaite.<\/p>\n<p>Rohkem linnu:<\/p>\n<p><a href=\"https:\/\/moverdb.com\/et\/ekspediitor\/freight-forwarding-uk\/stallingborough-freight-forwarder\/\">Stallingborough ekspediitor<\/a><br \/><a href=\"https:\/\/moverdb.com\/et\/ekspediitor\/freight-forwarding-uk\/macclesfield-freight-forwarder\/\">Macclesfieldi ekspediitor<\/a><br \/><a href=\"https:\/\/moverdb.com\/et\/ekspediitor\/freight-forwarding-uk\/halifax-freight-forwarder\/\">Halifaxi ekspediitor<\/a><br \/><a href=\"https:\/\/moverdb.com\/et\/ekspediitor\/freight-forwarding-uk\/maidenhead-freight-forwarder\/\">Maidenheadi ekspediitor<\/a><br \/><a href=\"https:\/\/moverdb.com\/et\/ekspediitor\/freight-forwarding-uk\/stonehouse-freight-forwarder\/\">Stonehouse ekspediitor<\/a><\/p>","protected":false},"excerpt":{"rendered":"<p>Below we look at the 1 &#8220;best&#8221; Freight Forwarding companies in Lutterworth out of 2. To learn more about how we chose the best please consult our FAQ section at the end. Please not the following listings are in no particular order and we are not making any recommendations for any particular company. BSM Global [&hellip;]<\/p>\n","protected":false},"author":1,"featured_media":0,"parent":13427,"menu_order":0,"comment_status":"open","ping_status":"open","template":"","meta":{"_genesis_hide_title":false,"_genesis_hide_breadcrumbs":false,"_genesis_hide_singular_image":false,"_genesis_hide_footer_widgets":false,"_genesis_custom_body_class":"","_genesis_custom_post_class":"","_genesis_layout":"","footnotes":""},"class_list":{"0":"post-14274","1":"page","2":"type-page","3":"status-publish","5":"entry"},"_links":{"self":[{"href":"https:\/\/moverdb.com\/et\/wp-json\/wp\/v2\/pages\/14274","targetHints":{"allow":["GET"]}}],"collection":[{"href":"https:\/\/moverdb.com\/et\/wp-json\/wp\/v2\/pages"}],"about":[{"href":"https:\/\/moverdb.com\/et\/wp-json\/wp\/v2\/types\/page"}],"author":[{"embeddable":true,"href":"https:\/\/moverdb.com\/et\/wp-json\/wp\/v2\/users\/1"}],"replies":[{"embeddable":true,"href":"https:\/\/moverdb.com\/et\/wp-json\/wp\/v2\/comments?post=14274"}],"version-history":[{"count":1,"href":"https:\/\/moverdb.com\/et\/wp-json\/wp\/v2\/pages\/14274\/revisions"}],"predecessor-version":[{"id":15604,"href":"https:\/\/moverdb.com\/et\/wp-json\/wp\/v2\/pages\/14274\/revisions\/15604"}],"up":[{"embeddable":true,"href":"https:\/\/moverdb.com\/et\/wp-json\/wp\/v2\/pages\/13427"}],"wp:attachment":[{"href":"https:\/\/moverdb.com\/et\/wp-json\/wp\/v2\/media?parent=14274"}],"curies":[{"name":"wp","href":"https:\/\/api.w.org\/{rel}","templated":true}]}}