{"id":14232,"date":"2023-11-08T15:55:21","date_gmt":"2023-11-08T15:55:21","guid":{"rendered":"https:\/\/moverdb.com\/freight-forwarder\/freight-forwarding-uk\/swadlincote-freight-forwarder\/"},"modified":"2026-01-08T14:54:54","modified_gmt":"2026-01-08T14:54:54","slug":"swadlincote-freight-forwarder","status":"publish","type":"page","link":"https:\/\/moverdb.com\/et\/freight-forwarder\/freight-forwarding-uk\/swadlincote-freight-forwarder\/","title":{"rendered":"1 Parimad Swadlincote'i ekspedeerimisfirmad (2024)"},"content":{"rendered":"<p>J\u00e4rgnevalt vaatleme 1 <em>\"parim\"<\/em> Ekspedeerimisfirmad Swadlincote'is 1-st.<\/p>\n<p>Lisateavet selle kohta, kuidas me valisime parimad, leiate meie KKK-osa l\u00f5pust.<\/p>\n<p><em>Pange t\u00e4hele, et j\u00e4rgmised nimekirjad ei ole konkreetses j\u00e4rjekorras ja me ei anna soovitusi \u00fchegi konkreetse ettev\u00f5tte kohta.<\/em><\/p>\n<h2>NTG Road UK Ltd.<\/h2>\n<p><img decoding=\"async\" src=\"https:\/\/moverdb.com\/wp-content\/uploads\/AF1QipOehRPim1y4rmjlolgkOEZp4s3tlLJQVoHeje_ew531-h240-k-no.jpg\" alt='NTG Road UK Ltd.' class=\"aligncenter\"><\/p>\n<p><strong>Ettev\u00f5tte kirjeldus: <\/strong>Meie eesm\u00e4rk on luua teie jaoks v\u00e4\u00e4rtust, kasutades \u00f5igeid transpordilahendusi, seega pakume p\u00e4devat sparringut t\u00e4nu meie aastatepikkusele t\u00f6\u00f6stuskogemusele.<\/p>\n<p>Meie edu v\u00f5tmeks on meie kogenud operaatorite meeskonnad, kellest iga meeskond omab unikaalseid teadmisi ekspedeerimis- ja logistikatoimingutest.<\/p>\n<p> Meeskonnad on entusiastlikud ja l\u00e4htuvad \"saab teha\" l\u00e4henemisviisist, mis tagab suurep\u00e4rase ja usaldusv\u00e4\u00e4rse teenuse.<\/p>\n<p>Pakume oma teenuseid suure ja mitmekesise autopargi ning usaldusv\u00e4\u00e4rsete allt\u00f6\u00f6v\u00f5tjate abil.<\/p>\n<p> P\u00fc\u00fcame s\u00e4ilitada pikaajalisi partnerlussuhteid, seega hooldame tarnijasuhteid ja tegutseme vastastikuse austusega.<\/p>\n<p>NTG kliendina tunnete end mugavalt, teades, et k\u00f5igest on hoolt kantud.<\/p>\n<p><strong>T\u00e4iendavad teenused:<\/strong><\/p>\n<p>Ei ole loetletud<\/p>\n<p><strong>Aadress:<\/strong> Oaktree Business Park, Unit 1a &amp; 2a, Cadley Hill Rd, Swadlincote DE11 9DJ<\/p>\n<p><a href=\"http:\/\/ntgroad.co.uk\/\" target=\"_new\" rel=\"noopener\">NTG Road UK Ltd. veebisait<\/a><\/p>\n<p><strong>L\u00e4bivaatamise tulemus: <\/strong>2.3<br \/> <strong>Arvamuste arv:<\/strong> 3<br \/><a href=\"https:\/\/www.google.co.uk\/maps?cid=15706330275124395423&#038;hl=en&#038;gl=GB\" target=\"_new\" rel=\"noopener\">Loe kommentaare<\/a><\/p>\n<h2>Kuidas me valisime parimad Swadlincote'i ekspedeerimisfirmad<\/h2>\n<p>Alustasime 1 Swadlincote'i ekspedeerimisfirma andmestikust, mille leidsime Google Mapsi kaudu, ja kitsendasime selle 1 parimaks.<\/p>\n<p>Selleks eemaldasime k\u00f5ik ettev\u00f5tted, mis:<\/p>\n<ul>\n<li> Ei olnud veebilehte<\/li>\n<li> Ei olnud kommentaare<\/li>\n<li> Keskmine hinde oli alla 2,0<\/li>\n<\/ul>\n<p>Sel hetkel, kui meil oli 17 v\u00f5i v\u00e4hem ekspediitorit, loetlesime nad k\u00f5ik \u00fcles.<\/p>\n<p>Linnade puhul, kus meil j\u00e4i \u00fcle 17 saatja, tegime edasisi muudatusi, suurendades kas n\u00f5utavat hindamist (nt t\u00f5stes minimaalse hinde 2,0-lt 4,0-le) ja\/v\u00f5i suurendades n\u00f5utavate hindamiste minimaalset arvu (nt t\u00f5stes v\u00e4hemalt 1 hindamiselt v\u00e4hemalt 10-le).<\/p>\n<p>Pange t\u00e4hele, et me kasutasime ainult Google Maps'i \u00fclevaatuste andmeid, mitte muid kolmandate osapoolte veebisaite.<\/p>\n<p>Rohkem linnu:<\/p>\n<p><a href=\"https:\/\/moverdb.com\/et\/ekspediitor\/freight-forwarding-uk\/coggeshall,-essex-freight-forwarder\/\">Coggeshall, Essex ekspediitorid<\/a><br \/><a href=\"https:\/\/moverdb.com\/et\/ekspediitor\/freight-forwarding-uk\/tonbridge-freight-forwarder\/\">Tonbridge'i ekspediitor<\/a><br \/><a href=\"https:\/\/moverdb.com\/et\/ekspediitor\/freight-forwarding-uk\/billingshurst-freight-forwarder\/\">Billingshursti ekspediitor<\/a><br \/><a href=\"https:\/\/moverdb.com\/et\/ekspediitor\/freight-forwarding-uk\/antrim-freight-forwarder\/\">Antrim ekspediitor<\/a><br \/><a href=\"https:\/\/moverdb.com\/et\/ekspediitor\/freight-forwarding-uk\/littlehampton-freight-forwarder\/\">Littlehamptoni ekspediitor<\/a><\/p>","protected":false},"excerpt":{"rendered":"<p>Below we look at the 1 &#8220;best&#8221; Freight Forwarding companies in Swadlincote out of 1. To learn more about how we chose the best please consult our FAQ section at the end. Please not the following listings are in no particular order and we are not making any recommendations for any particular company. NTG Road [&hellip;]<\/p>\n","protected":false},"author":1,"featured_media":0,"parent":13427,"menu_order":0,"comment_status":"open","ping_status":"open","template":"","meta":{"_genesis_hide_title":false,"_genesis_hide_breadcrumbs":false,"_genesis_hide_singular_image":false,"_genesis_hide_footer_widgets":false,"_genesis_custom_body_class":"","_genesis_custom_post_class":"","_genesis_layout":"","footnotes":""},"class_list":{"0":"post-14232","1":"page","2":"type-page","3":"status-publish","5":"entry"},"_links":{"self":[{"href":"https:\/\/moverdb.com\/et\/wp-json\/wp\/v2\/pages\/14232","targetHints":{"allow":["GET"]}}],"collection":[{"href":"https:\/\/moverdb.com\/et\/wp-json\/wp\/v2\/pages"}],"about":[{"href":"https:\/\/moverdb.com\/et\/wp-json\/wp\/v2\/types\/page"}],"author":[{"embeddable":true,"href":"https:\/\/moverdb.com\/et\/wp-json\/wp\/v2\/users\/1"}],"replies":[{"embeddable":true,"href":"https:\/\/moverdb.com\/et\/wp-json\/wp\/v2\/comments?post=14232"}],"version-history":[{"count":1,"href":"https:\/\/moverdb.com\/et\/wp-json\/wp\/v2\/pages\/14232\/revisions"}],"predecessor-version":[{"id":15650,"href":"https:\/\/moverdb.com\/et\/wp-json\/wp\/v2\/pages\/14232\/revisions\/15650"}],"up":[{"embeddable":true,"href":"https:\/\/moverdb.com\/et\/wp-json\/wp\/v2\/pages\/13427"}],"wp:attachment":[{"href":"https:\/\/moverdb.com\/et\/wp-json\/wp\/v2\/media?parent=14232"}],"curies":[{"name":"wp","href":"https:\/\/api.w.org\/{rel}","templated":true}]}}