{"id":14165,"date":"2023-11-08T15:55:01","date_gmt":"2023-11-08T15:55:01","guid":{"rendered":"https:\/\/moverdb.com\/freight-forwarder\/freight-forwarding-uk\/widnes-freight-forwarder\/"},"modified":"2026-01-08T14:58:44","modified_gmt":"2026-01-08T14:58:44","slug":"widnes-freight-forwarder","status":"publish","type":"page","link":"https:\/\/moverdb.com\/et\/freight-forwarder\/freight-forwarding-uk\/widnes-freight-forwarder\/","title":{"rendered":"2 Parimad Widnesi ekspedeerimisfirmad (2024)"},"content":{"rendered":"<p>J\u00e4rgnevalt vaatleme 2 <em>\"parim\"<\/em> Ekspedeerimisfirmad Widnesis 3-st.<\/p>\n<p>Lisateavet selle kohta, kuidas me valisime parimad, leiate meie KKK-osa l\u00f5pust.<\/p>\n<p><em>Pange t\u00e4hele, et j\u00e4rgmised nimekirjad ei ole konkreetses j\u00e4rjekorras ja me ei anna soovitusi \u00fchegi konkreetse ettev\u00f5tte kohta.<\/em><\/p>\n<h2>Karl Schmidt UK Ltd<\/h2>\n<p><img decoding=\"async\" src=\"https:\/\/moverdb.com\/wp-content\/uploads\/AF1QipPUkvBvpcLEOcDqeeu02zsv64jFbNwGzY-7BTAmw408-h272-k-no.jpg\" alt='Karl Schmidt UK Ltd' class=\"aligncenter\"><\/p>\n<p><strong>Ettev\u00f5tte kirjeldus: <\/strong>SCHMIDTi pereettev\u00f5ttest on kujunenud juhtiv pakendilogistika teenusepakkuja kogu Euroopas.<\/p>\n<p> 2 500 t\u00f6\u00f6tajat 49 asukohas \u00fcle maailma pakuvad meie klientidele ja klientidele puistekauba vedamisel, ladustamisel ja k\u00e4itlemisel ulatuslikku teenust \u00fchest kohast.<\/p>\n<p> Lisaks sellele tegeleb SCHMIDT Group vabalt voolavate puistekaupade logistikarajatiste ehitamisega.<\/p>\n<p>SCHMIDT Group t\u00f6\u00f6tleb iga p\u00e4ev \u00fcle 1000 veotellimuse.<\/p>\n<p> Lisaks laotellimused ja kliendispetsiifilised eritellimused.<\/p>\n<p> Meie enda moodne tipptasemel kaubaveotarkvara toetab erinevate osalevate valdkondade kasutajaid.<\/p>\n<p><strong>T\u00e4iendavad teenused:<\/strong><\/p>\n<p>Ladu<\/p>\n<p><strong>Aadress:<\/strong> Suite B3 Simms Cross Business Hub, Widnes Rd, Widnes WA8 6AX<\/p>\n<p><a href=\"https:\/\/www.schmidt-heilbronn.de\/en\/\" target=\"_new\" rel=\"noopener\">Karl Schmidt UK Ltd veebileht<\/a><\/p>\n<p><strong>L\u00e4bivaatamise tulemus: <\/strong>5<br \/> <strong>Arvamuste arv:<\/strong> 5<br \/><a href=\"https:\/\/www.google.co.uk\/maps?cid=14068972481427444696&#038;hl=en&#038;gl=GB\" target=\"_new\" rel=\"noopener\">Loe kommentaare<\/a><\/p>\n<h2>Hales Freight Widnes<\/h2>\n<p><img decoding=\"async\" src=\"https:\/\/moverdb.com\/wp-content\/uploads\/AF1QipNCEv__6AbTqebw_YX-A0nbPAg7smXwxvelC8aPw408-h331-k-no.jpg\" alt='Hales Freight Widnes' class=\"aligncenter\"><\/p>\n<p><strong>Ettev\u00f5tte kirjeldus: <\/strong>Rohkem kui 40-aastase kogemusega kaubaveo, logistika ja kaubaaluste tarnimise valdkonnas, mis h\u00f5lmab <a href=\"https:\/\/moverdb.com\/et\/moving-to-the-uk\/\" data-internallinksmanager029f6b8e52c=\"93\" title=\"Kolimine \u00dchendkuningriiki? 2022 Elamiskulud ja kolimisn\u00f5uanded\">UK<\/a>, <a href=\"https:\/\/moverdb.com\/et\/moving-to-ireland\/\" data-internallinksmanager029f6b8e52c=\"320\" title=\"Kolimine Iirimaale? 2023 elamiskulud ja kolimisn\u00f5uanded\">Iirimaa<\/a> ja viimasel ajal ka Euroopas, meie t\u00f6\u00f6tajad ja teenindus ei saa kiiruse, teeninduse ja usaldusv\u00e4\u00e4rsuse poolest l\u00fc\u00fca.<\/p>\n<p><strong>T\u00e4iendavad teenused:<\/strong><\/p>\n<p>Logistikateenus<\/p>\n<p>Transporditeenus<\/p>\n<p><strong>Aadress:<\/strong> Gorsey Industrial Estate, Johnson's Ln, Widnes WA8 0SJ<\/p>\n<p><a href=\"http:\/\/www.halesfreight.com\/\" target=\"_new\" rel=\"noopener\">Hales Freight Widnes'i veebisait<\/a><\/p>\n<p><strong>L\u00e4bivaatamise tulemus: <\/strong>4.6<br \/> <strong>Arvamuste arv:<\/strong> 13<br \/><a href=\"https:\/\/www.google.co.uk\/maps?cid=244323813118790683&#038;hl=en&#038;gl=GB\" target=\"_new\" rel=\"noopener\">Loe kommentaare<\/a><\/p>\n<h2>Kuidas me valisime parimad Widnesi ekspedeerimisfirmad<\/h2>\n<p>Alustasime 3 Widnesi ekspedeerimisfirma andmestikust, mille leidsime Google Mapsi kaudu, ja kitsendasime need 2 parimaks.<\/p>\n<p>Selleks eemaldasime k\u00f5ik ettev\u00f5tted, mis:<\/p>\n<ul>\n<li> Ei olnud veebilehte<\/li>\n<li> Ei olnud kommentaare<\/li>\n<li> Keskmine hinde oli alla 2,0<\/li>\n<\/ul>\n<p>Sel hetkel, kui meil oli 17 v\u00f5i v\u00e4hem ekspediitorit, loetlesime nad k\u00f5ik \u00fcles.<\/p>\n<p>Linnade puhul, kus meil j\u00e4i \u00fcle 17 saatja, tegime edasisi muudatusi, suurendades kas n\u00f5utavat hindamist (nt t\u00f5stes minimaalse hinde 2,0-lt 4,0-le) ja\/v\u00f5i suurendades n\u00f5utavate hindamiste minimaalset arvu (nt t\u00f5stes v\u00e4hemalt 1 hindamiselt v\u00e4hemalt 10-le).<\/p>\n<p>Pange t\u00e4hele, et me kasutasime ainult Google Maps'i \u00fclevaatuste andmeid, mitte muid kolmandate osapoolte veebisaite.<\/p>\n<p>Rohkem linnu:<\/p>\n<p><a href=\"https:\/\/moverdb.com\/et\/ekspediitor\/freight-forwarding-uk\/runcorn-freight-forwarder\/\">Runcorni ekspediitor<\/a><br \/><a href=\"https:\/\/moverdb.com\/et\/ekspediitor\/freight-forwarding-uk\/manningtree-freight-forwarder\/\">Manningtree ekspediitor<\/a><br \/><a href=\"https:\/\/moverdb.com\/et\/ekspediitor\/freight-forwarding-uk\/sale-freight-forwarder\/\">M\u00fc\u00fck Ekspedeerija<\/a><br \/><a href=\"https:\/\/moverdb.com\/et\/ekspediitor\/freight-forwarding-uk\/salford-freight-forwarder\/\">Salfordi ekspediitor<\/a><br \/><a href=\"https:\/\/moverdb.com\/et\/ekspediitor\/freight-forwarding-uk\/lichfield-freight-forwarder\/\">Lichfieldi ekspediitor<\/a><\/p>","protected":false},"excerpt":{"rendered":"<p>Below we look at the 2 &#8220;best&#8221; Freight Forwarding companies in Widnes out of 3. To learn more about how we chose the best please consult our FAQ section at the end. Please not the following listings are in no particular order and we are not making any recommendations for any particular company. Karl Schmidt [&hellip;]<\/p>\n","protected":false},"author":1,"featured_media":0,"parent":13427,"menu_order":0,"comment_status":"open","ping_status":"open","template":"","meta":{"_genesis_hide_title":false,"_genesis_hide_breadcrumbs":false,"_genesis_hide_singular_image":false,"_genesis_hide_footer_widgets":false,"_genesis_custom_body_class":"","_genesis_custom_post_class":"","_genesis_layout":"","footnotes":""},"class_list":{"0":"post-14165","1":"page","2":"type-page","3":"status-publish","5":"entry"},"_links":{"self":[{"href":"https:\/\/moverdb.com\/et\/wp-json\/wp\/v2\/pages\/14165","targetHints":{"allow":["GET"]}}],"collection":[{"href":"https:\/\/moverdb.com\/et\/wp-json\/wp\/v2\/pages"}],"about":[{"href":"https:\/\/moverdb.com\/et\/wp-json\/wp\/v2\/types\/page"}],"author":[{"embeddable":true,"href":"https:\/\/moverdb.com\/et\/wp-json\/wp\/v2\/users\/1"}],"replies":[{"embeddable":true,"href":"https:\/\/moverdb.com\/et\/wp-json\/wp\/v2\/comments?post=14165"}],"version-history":[{"count":1,"href":"https:\/\/moverdb.com\/et\/wp-json\/wp\/v2\/pages\/14165\/revisions"}],"predecessor-version":[{"id":15757,"href":"https:\/\/moverdb.com\/et\/wp-json\/wp\/v2\/pages\/14165\/revisions\/15757"}],"up":[{"embeddable":true,"href":"https:\/\/moverdb.com\/et\/wp-json\/wp\/v2\/pages\/13427"}],"wp:attachment":[{"href":"https:\/\/moverdb.com\/et\/wp-json\/wp\/v2\/media?parent=14165"}],"curies":[{"name":"wp","href":"https:\/\/api.w.org\/{rel}","templated":true}]}}