{"id":14148,"date":"2023-11-08T15:54:40","date_gmt":"2023-11-08T15:54:40","guid":{"rendered":"https:\/\/moverdb.com\/freight-forwarder\/freight-forwarding-uk\/waltham-abbey-freight-forwarder\/"},"modified":"2026-01-08T14:58:41","modified_gmt":"2026-01-08T14:58:41","slug":"waltham-abbey-freight-forwarder","status":"publish","type":"page","link":"https:\/\/moverdb.com\/et\/freight-forwarder\/freight-forwarding-uk\/waltham-abbey-freight-forwarder\/","title":{"rendered":"2 Parimad Waltham Abbey ekspedeerimisfirmad (2024)"},"content":{"rendered":"<p>J\u00e4rgnevalt vaatleme 2 <em>\"parim\"<\/em> Ekspedeerimisfirmad Waltham Abbey 2-st.<\/p>\n<p>Lisateavet selle kohta, kuidas me valisime parimad, leiate meie KKK-osa l\u00f5pust.<\/p>\n<p><em>Pange t\u00e4hele, et j\u00e4rgmised nimekirjad ei ole konkreetses j\u00e4rjekorras ja me ei anna soovitusi \u00fchegi konkreetse ettev\u00f5tte kohta.<\/em><\/p>\n<h2>Senu Traders Limited<\/h2>\n<p><img decoding=\"async\" src=\"https:\/\/moverdb.com\/wp-content\/uploads\/thumbnailpanoid-Mmr1nTprydMwg_NsaLxQgcb_clientsearch.gws-prod.gpsw408h240yaw77.jpg\" alt='Senu Traders Limited' class=\"aligncenter\"><\/p>\n<p><strong>Ettev\u00f5tte kirjeldus: <\/strong>Me oleme juhtiv kaubaveoteenuse pakkuja Sri Lankale ja Aasiasse.<\/p>\n<p> \u00d5ige kullerteenuse leidmine v\u00f5ib olla segadust tekitav, eriti kui teie pakk sisaldab unikaalset v\u00f5i tundlikku eset.<\/p>\n<p>Alates meie k\u00e4ivitamisest 2010. aastal, et pakkuda k\u00f5rge v\u00e4\u00e4rtusega paketti.<\/p>\n<p> V\u00f5ite kindel olla, et teie pakk on heades k\u00e4tes, mis tagavad, et teie paki j\u00f5uab sihtkohta turvaliselt ja ohutult.<\/p>\n<p><strong>T\u00e4iendavad teenused:<\/strong><\/p>\n<p>Ei ole loetletud<\/p>\n<p><strong>Aadress:<\/strong> 40-45 Cartersfield Rd, London, Waltham Abbey EN9 1JD<\/p>\n<p><a href=\"https:\/\/senushipping.co.uk\/\" target=\"_new\" rel=\"noopener\">Senu Traders Limited veebileht<\/a><\/p>\n<p><strong>L\u00e4bivaatamise tulemus: <\/strong>3.9<br \/> <strong>Arvamuste arv:<\/strong> 75<br \/><a href=\"https:\/\/www.google.co.uk\/maps?cid=14408853306269278432&#038;hl=en&#038;gl=GB\" target=\"_new\" rel=\"noopener\">Loe kommentaare<\/a><\/p>\n<h2>Hales Freight Harlow<\/h2>\n<p><img decoding=\"async\" src=\"https:\/\/moverdb.com\/wp-content\/uploads\/AF1QipPfBoT7WAXCSsswtzdDFYJ36Vr2NTDv2wvBsSSew408-h306-k-no.jpg\" alt='Hales Freight Harlow' class=\"aligncenter\"><\/p>\n<p><strong>Ettev\u00f5tte kirjeldus: <\/strong>Rohkem kui 40-aastase kogemusega kaubaveo, logistika ja kaubaaluste tarnimise valdkonnas, mis h\u00f5lmab <a href=\"https:\/\/moverdb.com\/et\/moving-to-the-uk\/\" data-internallinksmanager029f6b8e52c=\"93\" title=\"Kolimine \u00dchendkuningriiki? 2022 Elamiskulud ja kolimisn\u00f5uanded\">UK<\/a>, <a href=\"https:\/\/moverdb.com\/et\/moving-to-ireland\/\" data-internallinksmanager029f6b8e52c=\"320\" title=\"Kolimine Iirimaale? 2023 elamiskulud ja kolimisn\u00f5uanded\">Iirimaa<\/a> ja viimasel ajal ka Euroopas, meie t\u00f6\u00f6tajad ja teenindus ei saa kiiruse, teeninduse ja usaldusv\u00e4\u00e4rsuse poolest l\u00fc\u00fca.<\/p>\n<p><strong>T\u00e4iendavad teenused:<\/strong><\/p>\n<p>Logistikateenus<\/p>\n<p>Transporditeenus<\/p>\n<p><strong>Aadress:<\/strong> Peartree Farm, Holyfield Rd, Holyfield, Waltham Abbey EN9 2EW<\/p>\n<p><a href=\"http:\/\/www.halesfreight.com\/\" target=\"_new\" rel=\"noopener\">Hales Freight Harlow veebisait<\/a><\/p>\n<p><strong>L\u00e4bivaatamise tulemus: <\/strong>3.4<br \/> <strong>Arvamuste arv:<\/strong> 24<br \/><a href=\"https:\/\/www.google.co.uk\/maps?cid=12479012159934005895&#038;hl=en&#038;gl=GB\" target=\"_new\" rel=\"noopener\">Loe kommentaare<\/a><\/p>\n<h2>Kuidas me valisime parimad Waltham Abbey ekspedeerimisfirmad<\/h2>\n<p>Alustasime 2 Waltham Abbey ekspedeerimisfirma andmestikust, mille leidsime Google Mapsi kaudu, ja kitsendasime selle 2 parima peale.<\/p>\n<p>Selleks eemaldasime k\u00f5ik ettev\u00f5tted, mis:<\/p>\n<ul>\n<li> Ei olnud veebilehte<\/li>\n<li> Ei olnud kommentaare<\/li>\n<li> Keskmine hinde oli alla 2,0<\/li>\n<\/ul>\n<p>Sel hetkel, kui meil oli 17 v\u00f5i v\u00e4hem ekspediitorit, loetlesime nad k\u00f5ik \u00fcles.<\/p>\n<p>Linnade puhul, kus meil j\u00e4i \u00fcle 17 saatja, tegime edasisi muudatusi, suurendades kas n\u00f5utavat hindamist (nt t\u00f5stes minimaalse hinde 2,0-lt 4,0-le) ja\/v\u00f5i suurendades n\u00f5utavate hindamiste minimaalset arvu (nt t\u00f5stes v\u00e4hemalt 1 hindamiselt v\u00e4hemalt 10-le).<\/p>\n<p>Pange t\u00e4hele, et me kasutasime ainult Google Maps'i \u00fclevaatuste andmeid, mitte muid kolmandate osapoolte veebisaite.<\/p>\n<p>Rohkem linnu:<\/p>\n<p><a href=\"https:\/\/moverdb.com\/et\/ekspediitor\/freight-forwarding-uk\/rochester-freight-forwarder\/\">Rochester ekspediitor<\/a><br \/><a href=\"https:\/\/moverdb.com\/et\/ekspediitor\/freight-forwarding-uk\/watford-freight-forwarder\/\">Watfordi ekspediitor<\/a><br \/><a href=\"https:\/\/moverdb.com\/et\/ekspediitor\/freight-forwarding-uk\/romford-freight-forwarder\/\">Romfordi ekspediitor<\/a><br \/><a href=\"https:\/\/moverdb.com\/et\/ekspediitor\/freight-forwarding-uk\/chelmsford-freight-forwarder\/\">Chelmsfordi ekspediitor<\/a><br \/><a href=\"https:\/\/moverdb.com\/et\/ekspediitor\/freight-forwarding-uk\/brentford-freight-forwarder\/\">Brentfordi ekspediitor<\/a><\/p>","protected":false},"excerpt":{"rendered":"<p>Below we look at the 2 &#8220;best&#8221; Freight Forwarding companies in Waltham Abbey out of 2. To learn more about how we chose the best please consult our FAQ section at the end. Please not the following listings are in no particular order and we are not making any recommendations for any particular company. Senu [&hellip;]<\/p>\n","protected":false},"author":1,"featured_media":0,"parent":13427,"menu_order":0,"comment_status":"open","ping_status":"open","template":"","meta":{"_genesis_hide_title":false,"_genesis_hide_breadcrumbs":false,"_genesis_hide_singular_image":false,"_genesis_hide_footer_widgets":false,"_genesis_custom_body_class":"","_genesis_custom_post_class":"","_genesis_layout":"","footnotes":""},"class_list":{"0":"post-14148","1":"page","2":"type-page","3":"status-publish","5":"entry"},"_links":{"self":[{"href":"https:\/\/moverdb.com\/et\/wp-json\/wp\/v2\/pages\/14148","targetHints":{"allow":["GET"]}}],"collection":[{"href":"https:\/\/moverdb.com\/et\/wp-json\/wp\/v2\/pages"}],"about":[{"href":"https:\/\/moverdb.com\/et\/wp-json\/wp\/v2\/types\/page"}],"author":[{"embeddable":true,"href":"https:\/\/moverdb.com\/et\/wp-json\/wp\/v2\/users\/1"}],"replies":[{"embeddable":true,"href":"https:\/\/moverdb.com\/et\/wp-json\/wp\/v2\/comments?post=14148"}],"version-history":[{"count":1,"href":"https:\/\/moverdb.com\/et\/wp-json\/wp\/v2\/pages\/14148\/revisions"}],"predecessor-version":[{"id":15754,"href":"https:\/\/moverdb.com\/et\/wp-json\/wp\/v2\/pages\/14148\/revisions\/15754"}],"up":[{"embeddable":true,"href":"https:\/\/moverdb.com\/et\/wp-json\/wp\/v2\/pages\/13427"}],"wp:attachment":[{"href":"https:\/\/moverdb.com\/et\/wp-json\/wp\/v2\/media?parent=14148"}],"curies":[{"name":"wp","href":"https:\/\/api.w.org\/{rel}","templated":true}]}}